{"id":24644,"date":"2022-05-19T13:29:25","date_gmt":"2022-05-19T11:29:25","guid":{"rendered":"https:\/\/reusable-molds.com\/returns-policy\/"},"modified":"2026-04-24T13:59:42","modified_gmt":"2026-04-24T11:59:42","slug":"returns-policy","status":"publish","type":"page","link":"https:\/\/reusable-molds.com\/da\/returns-policy\/","title":{"rendered":"Returpolitik"},"content":{"rendered":"\t\t<div data-elementor-type=\"wp-page\" data-elementor-id=\"24644\" class=\"elementor elementor-24644 elementor-4329\" data-elementor-post-type=\"page\">\n\t\t\t\t\t\t<section class=\"elementor-section elementor-top-section elementor-element elementor-element-15cb8b3 elementor-section-boxed elementor-section-height-default elementor-section-height-default\" data-id=\"15cb8b3\" data-element_type=\"section\" data-e-type=\"section\">\n\t\t\t\t\t\t<div class=\"elementor-container elementor-column-gap-default\">\n\t\t\t\t\t<div class=\"elementor-column elementor-col-100 elementor-top-column elementor-element elementor-element-49f6dffe\" data-id=\"49f6dffe\" data-element_type=\"column\" data-e-type=\"column\">\n\t\t\t<div class=\"elementor-widget-wrap elementor-element-populated\">\n\t\t\t\t\t\t<div class=\"elementor-element elementor-element-12f6f02a elementor-widget elementor-widget-heading\" data-id=\"12f6f02a\" data-element_type=\"widget\" data-e-type=\"widget\" data-widget_type=\"heading.default\">\n\t\t\t\t<div class=\"elementor-widget-container\">\n\t\t\t\t\t<h1 class=\"elementor-heading-title elementor-size-default\">Returpolitik<\/h1>\t\t\t\t<\/div>\n\t\t\t\t<\/div>\n\t\t\t\t<div class=\"elementor-element elementor-element-2635247a elementor-widget elementor-widget-text-editor\" data-id=\"2635247a\" data-element_type=\"widget\" data-e-type=\"widget\" data-widget_type=\"text-editor.default\">\n\t\t\t\t<div class=\"elementor-widget-container\">\n\t\t\t\t\t\t\t\t\t<p><strong>Returpolitik<\/strong><\/p><p>Hos Reusable-Molds.com er vi forpligtet til at give den bedst mulige kundeoplevelse. Hvis du har brug for at returnere en ordre, er vi her for at g\u00f8re processen s\u00e5 ligetil som muligt. Hvis du har sp\u00f8rgsm\u00e5l, bedes du kontakte vores team p\u00e5 <a href=\"mailto:info@reusable-molds.com\">info@reusable-molds.com,<\/a> f\u00f8r du returnerer.  <\/p><p><strong>Skr\u00e6ddersyede produkter<\/strong><\/p><p>Produkter, der er specialfremstillet til dine specifikke behov, kan ikke returneres eller ombyttes. Da disse produkter er lavet p\u00e5 bestilling, kan de ikke genbruges eller videres\u00e6lges. <\/p><p><strong>Standardprodukter (ikke skr\u00e6ddersyede)<\/strong><\/p><p>Alle standardprodukter kan returneres inden for <strong>30 dage efter k\u00f8bet<\/strong> mod fuld tilbagebetaling eller ombytning, forudsat at de er i deres oprindelige stand og emballage.<\/p><p>Returforsendelse er <strong>gratis<\/strong>. N\u00e5r du har kontaktet os, sender vi dig en forudbetalt returlabel via e-mail. <\/p><p><strong>S\u00e5dan indleder du en returnering<\/strong><\/p><ol><li>Send en e-mail til <a href=\"mailto:info@reusable-molds.com\">info@reusable-molds.com<\/a> med dit ordrenummer og \u00e5rsagen til returneringen.<\/li><li>Vi svarer inden for 2 arbejdsdage med din forudbetalte returlabel og returadresse.<\/li><li>Pak varerne forsvarligt ind i den originale emballage<\/li><li>S\u00e6t den forudbetalte label p\u00e5, og aflever den hos din n\u00e6rmeste godkendte transport\u00f8r.<\/li><\/ol><p><strong>Adresse for returnering:<\/strong> Kontakt os for at f\u00e5 oplyst returadressen, som bestemmes af dit leveringssted. Vi oplyser den mest praktiske returadresse for din region, n\u00e5r vi udsteder din forudbetalte returlabel. <\/p><p><strong>Tilbagebetaling<\/strong><\/p><p>N\u00e5r din returnering er modtaget og inspiceret, behandles tilbagebetalinger inden for <strong>5 arbejdsdage<\/strong> til din oprindelige betalingsmetode.<\/p><p><strong>Dine juridiske rettigheder<\/strong><\/p><p>Dine rettigheder er beskyttet af EU&#8217;s fjernsalgsdirektiv. For mere information bes\u00f8g <a href=\"https:\/\/e-justice.europa.eu\/604\/EN\/text_of_the_directive?SPAIN&amp;member=1\">https:\/\/e-justice.europa.eu\/604\/EN\/text_of_the_directive?SPAIN&amp;member=1<\/a> <\/p>\t\t\t\t\t\t\t\t<\/div>\n\t\t\t\t<\/div>\n\t\t\t\t\t<\/div>\n\t\t<\/div>\n\t\t\t\t\t<\/div>\n\t\t<\/section>\n\t\t\t\t<\/div>\n\t\t","protected":false},"excerpt":{"rendered":"<p>Returpolitik Returpolitik Hos Reusable-Molds.com er vi forpligtet til at give den bedst mulige kundeoplevelse. Hvis du har brug for at returnere en ordre, er vi her for at g\u00f8re processen s\u00e5 ligetil som muligt. Hvis du har sp\u00f8rgsm\u00e5l, bedes du kontakte vores team p\u00e5 info@reusable-molds.com, f\u00f8r du returnerer. Skr\u00e6ddersyede produkter Produkter, der er specialfremstillet til [&hellip;]<\/p>\n","protected":false},"author":3,"featured_media":0,"parent":0,"menu_order":0,"comment_status":"closed","ping_status":"closed","template":"","meta":{"site-sidebar-layout":"no-sidebar","site-content-layout":"page-builder","ast-site-content-layout":"default","site-content-style":"default","site-sidebar-style":"default","ast-global-header-display":"","ast-banner-title-visibility":"","ast-main-header-display":"","ast-hfb-above-header-display":"","ast-hfb-below-header-display":"","ast-hfb-mobile-header-display":"","site-post-title":"disabled","ast-breadcrumbs-content":"","ast-featured-img":"disabled","footer-sml-layout":"","ast-disable-related-posts":"","theme-transparent-header-meta":"","adv-header-id-meta":"","stick-header-meta":"","header-above-stick-meta":"","header-main-stick-meta":"","header-below-stick-meta":"","astra-migrate-meta-layouts":"default","ast-page-background-enabled":"default","ast-page-background-meta":{"desktop":{"background-color":"var(--ast-global-color-4)","background-image":"","background-repeat":"repeat","background-position":"center center","background-size":"auto","background-attachment":"scroll","background-type":"","background-media":"","overlay-type":"","overlay-color":"","overlay-opacity":"","overlay-gradient":""},"tablet":{"background-color":"","background-image":"","background-repeat":"repeat","background-position":"center center","background-size":"auto","background-attachment":"scroll","background-type":"","background-media":"","overlay-type":"","overlay-color":"","overlay-opacity":"","overlay-gradient":""},"mobile":{"background-color":"","background-image":"","background-repeat":"repeat","background-position":"center center","background-size":"auto","background-attachment":"scroll","background-type":"","background-media":"","overlay-type":"","overlay-color":"","overlay-opacity":"","overlay-gradient":""}},"ast-content-background-meta":{"desktop":{"background-color":"var(--ast-global-color-5)","background-image":"","background-repeat":"repeat","background-position":"center center","background-size":"auto","background-attachment":"scroll","background-type":"","background-media":"","overlay-type":"","overlay-color":"","overlay-opacity":"","overlay-gradient":""},"tablet":{"background-color":"var(--ast-global-color-5)","background-image":"","background-repeat":"repeat","background-position":"center center","background-size":"auto","background-attachment":"scroll","background-type":"","background-media":"","overlay-type":"","overlay-color":"","overlay-opacity":"","overlay-gradient":""},"mobile":{"background-color":"var(--ast-global-color-5)","background-image":"","background-repeat":"repeat","background-position":"center center","background-size":"auto","background-attachment":"scroll","background-type":"","background-media":"","overlay-type":"","overlay-color":"","overlay-opacity":"","overlay-gradient":""}},"footnotes":""},"class_list":["post-24644","page","type-page","status-publish","hentry"],"yoast_head":"<!-- This site is optimized with the Yoast SEO Premium plugin v27.5 (Yoast SEO v27.5) - https:\/\/yoast.com\/product\/yoast-seo-premium-wordpress\/ -->\n<title>Returpolitik | Reusable-Molds<\/title>\n<meta name=\"robots\" content=\"noindex, follow\" \/>\n<meta property=\"og:locale\" content=\"da_DK\" \/>\n<meta property=\"og:type\" content=\"article\" \/>\n<meta property=\"og:title\" content=\"Returpolitik\" \/>\n<meta property=\"og:description\" content=\"Returpolitik Returpolitik Hos Reusable-Molds.com er vi forpligtet til at give den bedst mulige kundeoplevelse. Hvis du har brug for at returnere en ordre, er vi her for at g\u00f8re processen s\u00e5 ligetil som muligt. Hvis du har sp\u00f8rgsm\u00e5l, bedes du kontakte vores team p\u00e5 info@reusable-molds.com, f\u00f8r du returnerer. Skr\u00e6ddersyede produkter Produkter, der er specialfremstillet til [&hellip;]\" \/>\n<meta property=\"og:url\" content=\"https:\/\/reusable-molds.com\/da\/returns-policy\/\" \/>\n<meta property=\"og:site_name\" content=\"Reusable-Molds\" \/>\n<meta property=\"article:publisher\" content=\"https:\/\/m.facebook.com\/River-tableses-100870435264214\/?ref=bookmarks\" \/>\n<meta property=\"article:modified_time\" content=\"2026-04-24T11:59:42+00:00\" \/>\n<meta name=\"twitter:card\" content=\"summary_large_image\" \/>\n<meta name=\"twitter:label1\" content=\"Estimeret l\u00e6setid\" \/>\n\t<meta name=\"twitter:data1\" content=\"2 minut\" \/>\n<script type=\"application\/ld+json\" class=\"yoast-schema-graph\">{\"@context\":\"https:\\\/\\\/schema.org\",\"@graph\":[{\"@type\":\"WebPage\",\"@id\":\"https:\\\/\\\/reusable-molds.com\\\/da\\\/returns-policy\\\/\",\"url\":\"https:\\\/\\\/reusable-molds.com\\\/da\\\/returns-policy\\\/\",\"name\":\"Returpolitik | Reusable-Molds\",\"isPartOf\":{\"@id\":\"https:\\\/\\\/reusable-molds.com\\\/da\\\/#website\"},\"datePublished\":\"2022-05-19T11:29:25+00:00\",\"dateModified\":\"2026-04-24T11:59:42+00:00\",\"breadcrumb\":{\"@id\":\"https:\\\/\\\/reusable-molds.com\\\/da\\\/returns-policy\\\/#breadcrumb\"},\"inLanguage\":\"da-DK\",\"potentialAction\":[{\"@type\":\"ReadAction\",\"target\":[\"https:\\\/\\\/reusable-molds.com\\\/da\\\/returns-policy\\\/\"]}]},{\"@type\":\"BreadcrumbList\",\"@id\":\"https:\\\/\\\/reusable-molds.com\\\/da\\\/returns-policy\\\/#breadcrumb\",\"itemListElement\":[{\"@type\":\"ListItem\",\"position\":1,\"name\":\"Home\",\"item\":\"https:\\\/\\\/reusable-molds.com\\\/da\\\/\"},{\"@type\":\"ListItem\",\"position\":2,\"name\":\"Returpolitik\"}]},{\"@type\":\"WebSite\",\"@id\":\"https:\\\/\\\/reusable-molds.com\\\/da\\\/#website\",\"url\":\"https:\\\/\\\/reusable-molds.com\\\/da\\\/\",\"name\":\"Reusable-Molds.com\",\"description\":\"Reusable-Molds.com\",\"publisher\":{\"@id\":\"https:\\\/\\\/reusable-molds.com\\\/da\\\/#organization\"},\"potentialAction\":[{\"@type\":\"SearchAction\",\"target\":{\"@type\":\"EntryPoint\",\"urlTemplate\":\"https:\\\/\\\/reusable-molds.com\\\/da\\\/?s={search_term_string}\"},\"query-input\":{\"@type\":\"PropertyValueSpecification\",\"valueRequired\":true,\"valueName\":\"search_term_string\"}}],\"inLanguage\":\"da-DK\"},{\"@type\":\"Organization\",\"@id\":\"https:\\\/\\\/reusable-molds.com\\\/da\\\/#organization\",\"name\":\"reusable-molds.com\",\"url\":\"https:\\\/\\\/reusable-molds.com\\\/da\\\/\",\"logo\":{\"@type\":\"ImageObject\",\"inLanguage\":\"da-DK\",\"@id\":\"https:\\\/\\\/reusable-molds.com\\\/da\\\/#\\\/schema\\\/logo\\\/image\\\/\",\"url\":\"https:\\\/\\\/reusable-molds.com\\\/wp-content\\\/uploads\\\/2025\\\/03\\\/ReusableMolds-LOGO-NEW-1000-x-1000.jpg\",\"contentUrl\":\"https:\\\/\\\/reusable-molds.com\\\/wp-content\\\/uploads\\\/2025\\\/03\\\/ReusableMolds-LOGO-NEW-1000-x-1000.jpg\",\"width\":1000,\"height\":1000,\"caption\":\"reusable-molds.com\"},\"image\":{\"@id\":\"https:\\\/\\\/reusable-molds.com\\\/da\\\/#\\\/schema\\\/logo\\\/image\\\/\"},\"sameAs\":[\"https:\\\/\\\/m.facebook.com\\\/River-tableses-100870435264214\\\/?ref=bookmarks\",\"https:\\\/\\\/www.instagram.com\\\/reusable-molds.com\\\/\",\"https:\\\/\\\/www.youtube.com\\\/channel\\\/UCZ5_4JQkGQ0jsz-ROdC9v1g\"]}]}<\/script>\n<!-- \/ Yoast SEO Premium plugin. -->","yoast_head_json":{"title":"Returpolitik | Reusable-Molds","robots":{"index":"noindex","follow":"follow"},"og_locale":"da_DK","og_type":"article","og_title":"Returpolitik","og_description":"Returpolitik Returpolitik Hos Reusable-Molds.com er vi forpligtet til at give den bedst mulige kundeoplevelse. Hvis du har brug for at returnere en ordre, er vi her for at g\u00f8re processen s\u00e5 ligetil som muligt. Hvis du har sp\u00f8rgsm\u00e5l, bedes du kontakte vores team p\u00e5 info@reusable-molds.com, f\u00f8r du returnerer. Skr\u00e6ddersyede produkter Produkter, der er specialfremstillet til [&hellip;]","og_url":"https:\/\/reusable-molds.com\/da\/returns-policy\/","og_site_name":"Reusable-Molds","article_publisher":"https:\/\/m.facebook.com\/River-tableses-100870435264214\/?ref=bookmarks","article_modified_time":"2026-04-24T11:59:42+00:00","twitter_card":"summary_large_image","twitter_misc":{"Estimeret l\u00e6setid":"2 minut"},"schema":{"@context":"https:\/\/schema.org","@graph":[{"@type":"WebPage","@id":"https:\/\/reusable-molds.com\/da\/returns-policy\/","url":"https:\/\/reusable-molds.com\/da\/returns-policy\/","name":"Returpolitik | Reusable-Molds","isPartOf":{"@id":"https:\/\/reusable-molds.com\/da\/#website"},"datePublished":"2022-05-19T11:29:25+00:00","dateModified":"2026-04-24T11:59:42+00:00","breadcrumb":{"@id":"https:\/\/reusable-molds.com\/da\/returns-policy\/#breadcrumb"},"inLanguage":"da-DK","potentialAction":[{"@type":"ReadAction","target":["https:\/\/reusable-molds.com\/da\/returns-policy\/"]}]},{"@type":"BreadcrumbList","@id":"https:\/\/reusable-molds.com\/da\/returns-policy\/#breadcrumb","itemListElement":[{"@type":"ListItem","position":1,"name":"Home","item":"https:\/\/reusable-molds.com\/da\/"},{"@type":"ListItem","position":2,"name":"Returpolitik"}]},{"@type":"WebSite","@id":"https:\/\/reusable-molds.com\/da\/#website","url":"https:\/\/reusable-molds.com\/da\/","name":"Reusable-Molds.com","description":"Reusable-Molds.com","publisher":{"@id":"https:\/\/reusable-molds.com\/da\/#organization"},"potentialAction":[{"@type":"SearchAction","target":{"@type":"EntryPoint","urlTemplate":"https:\/\/reusable-molds.com\/da\/?s={search_term_string}"},"query-input":{"@type":"PropertyValueSpecification","valueRequired":true,"valueName":"search_term_string"}}],"inLanguage":"da-DK"},{"@type":"Organization","@id":"https:\/\/reusable-molds.com\/da\/#organization","name":"reusable-molds.com","url":"https:\/\/reusable-molds.com\/da\/","logo":{"@type":"ImageObject","inLanguage":"da-DK","@id":"https:\/\/reusable-molds.com\/da\/#\/schema\/logo\/image\/","url":"https:\/\/reusable-molds.com\/wp-content\/uploads\/2025\/03\/ReusableMolds-LOGO-NEW-1000-x-1000.jpg","contentUrl":"https:\/\/reusable-molds.com\/wp-content\/uploads\/2025\/03\/ReusableMolds-LOGO-NEW-1000-x-1000.jpg","width":1000,"height":1000,"caption":"reusable-molds.com"},"image":{"@id":"https:\/\/reusable-molds.com\/da\/#\/schema\/logo\/image\/"},"sameAs":["https:\/\/m.facebook.com\/River-tableses-100870435264214\/?ref=bookmarks","https:\/\/www.instagram.com\/reusable-molds.com\/","https:\/\/www.youtube.com\/channel\/UCZ5_4JQkGQ0jsz-ROdC9v1g"]}]}},"_links":{"self":[{"href":"https:\/\/reusable-molds.com\/da\/wp-json\/wp\/v2\/pages\/24644","targetHints":{"allow":["GET"]}}],"collection":[{"href":"https:\/\/reusable-molds.com\/da\/wp-json\/wp\/v2\/pages"}],"about":[{"href":"https:\/\/reusable-molds.com\/da\/wp-json\/wp\/v2\/types\/page"}],"author":[{"embeddable":true,"href":"https:\/\/reusable-molds.com\/da\/wp-json\/wp\/v2\/users\/3"}],"replies":[{"embeddable":true,"href":"https:\/\/reusable-molds.com\/da\/wp-json\/wp\/v2\/comments?post=24644"}],"version-history":[{"count":3,"href":"https:\/\/reusable-molds.com\/da\/wp-json\/wp\/v2\/pages\/24644\/revisions"}],"predecessor-version":[{"id":32824,"href":"https:\/\/reusable-molds.com\/da\/wp-json\/wp\/v2\/pages\/24644\/revisions\/32824"}],"wp:attachment":[{"href":"https:\/\/reusable-molds.com\/da\/wp-json\/wp\/v2\/media?parent=24644"}],"curies":[{"name":"wp","href":"https:\/\/api.w.org\/{rel}","templated":true}]}}