{"id":24676,"date":"2022-05-25T08:46:16","date_gmt":"2022-05-25T06:46:16","guid":{"rendered":"https:\/\/reusable-molds.com\/shipping-policy\/"},"modified":"2026-03-24T08:11:08","modified_gmt":"2026-03-24T06:11:08","slug":"privatlivspolitik","status":"publish","type":"page","link":"https:\/\/reusable-molds.com\/da\/privatlivspolitik\/","title":{"rendered":"Forsendelsespolitik"},"content":{"rendered":"\t\t<div data-elementor-type=\"wp-page\" data-elementor-id=\"24676\" class=\"elementor elementor-24676 elementor-4625\" data-elementor-post-type=\"page\">\n\t\t\t\t\t\t<section class=\"elementor-section elementor-top-section elementor-element elementor-element-73fbf360 elementor-section-boxed elementor-section-height-default elementor-section-height-default\" data-id=\"73fbf360\" data-element_type=\"section\" data-e-type=\"section\">\n\t\t\t\t\t\t<div class=\"elementor-container elementor-column-gap-default\">\n\t\t\t\t\t<div class=\"elementor-column elementor-col-100 elementor-top-column elementor-element elementor-element-21564ff8\" data-id=\"21564ff8\" data-element_type=\"column\" data-e-type=\"column\">\n\t\t\t<div class=\"elementor-widget-wrap elementor-element-populated\">\n\t\t\t\t\t\t<div class=\"elementor-element elementor-element-7b783070 elementor-widget elementor-widget-heading\" data-id=\"7b783070\" data-element_type=\"widget\" data-e-type=\"widget\" data-widget_type=\"heading.default\">\n\t\t\t\t<div class=\"elementor-widget-container\">\n\t\t\t\t\t<h1 class=\"elementor-heading-title elementor-size-default\">Forsendelsespolitik<\/h1>\t\t\t\t<\/div>\n\t\t\t\t<\/div>\n\t\t\t\t<div class=\"elementor-element elementor-element-60fd5175 elementor-widget elementor-widget-text-editor\" data-id=\"60fd5175\" data-element_type=\"widget\" data-e-type=\"widget\" data-widget_type=\"text-editor.default\">\n\t\t\t\t<div class=\"elementor-widget-container\">\n\t\t\t\t\t\t\t\t\t<p>Vores forsendelsespolitik blev sidst opdateret den 20. maj 2022.<\/p>\n<p>Alle ordrer behandles inden for 3-5 arbejdsdage. Ordrer sendes ikke i weekender eller p\u00e5 helligdage.<\/p>\n<p>Alle bestillinger modtaget efter kl. 14.00 fra mandag til torsdag vil blive betragtet som bestilt den f\u00f8lgende dag. Alle bestillinger, der modtages efter kl. 14.00 om fredagen, betragtes som bestilt den f\u00f8lgende mandag.<\/p>\n<p>Hvis vi oplever et h\u00f8jt antal ordrer, kan forsendelser blive forsinket med et par dage. Venligst tillad ekstra dage under transporten til levering. Hvis der er en betydelig forsinkelse i forsendelsen af din ordre, kontakter vi dig via e-mail eller telefon.<\/p>\n<h2>Fragtpriser<\/h2>\n<p>Alle ordrer inden for Spanien (fastlandet) leveres gratis.<\/p>\n<p>Alle andre fragtpriser kan findes p\u00e5 checkout-siden p\u00e5 vores hjemmeside, n\u00e5r en vare er valgt, og leveringsadressen er indtastet.<\/p>\n<p>Du vil modtage en bekr\u00e6ftelses-e-mail, n\u00e5r din ordre er sendt, med dit (dine) sporingsnummer(e). Sporingsnummeret vil v\u00e6re aktivt inden for 24 timer.<\/p>\n<h2>Told, Afgifter og Skatter<\/h2>\n<p>Reusable-molds.com er ikke ansvarlig for eventuelle told- og importafgifter, der p\u00e5l\u00e6gges din ordre. Alle gebyrer p\u00e5lagt under eller efter forsendelse er kundens ansvar (afgifter, skatter).<\/p>\n<p>Salgsskat (MOMS) opl\u00e6gges i henhold til den provins eller territorium, hvortil varen sendes.<\/p>\n<h2>Skader<\/h2>\n<p>Hvis du modtager din ordre beskadiget, bedes du gemme alt emballagemateriale og de beskadigede varer og kontakte os straks.<\/p>\n<h2>Kontakt os<\/h2>\n<p>Hvis du har sp\u00f8rgsm\u00e5l til denne Fragtpolitik, kan du kontakte os:<\/p>\n<p>Ved at bes\u00f8ge denne side p\u00e5 vores hjemmeside: www.reusable-molds.com<\/p>\n<p>Ved at sende os en e-mail p\u00e5: info@reusable-molds.com<\/p>\n<h3>1. Generel Information<\/h3>\n<p>Alle ordrer er underlagt produktets tilg\u00e6ngelighed. Hvis en vare ikke er p\u00e5 lager p\u00e5 det tidspunkt, hvor du afgiver din ordre, vil vi underrette dig og aftale en revideret tidsramme for afsendelse af din ordre eller refundere dig det samlede bel\u00f8b for din ordre ved hj\u00e6lp af den oprindelige betalingsmetode.&nbsp;<\/p>\n<h3>2. Leveringstid<\/h3>\n<p>Leveringsdatoen kan variere afh\u00e6ngigt af transport\u00f8rens forsendelsespraksis, leveringssted, leveringsmetode og de bestilte varer. Produkterne kan ogs\u00e5 leveres i separate forsendelser.<\/p>\n<p>Vi kan ikke p\u00e5tage os ansvaret for forsinkelser for\u00e5rsaget af kureren.<\/p>\n<h3>3. Leveringsinstruktioner<\/h3>\n<p>Du kan give s\u00e6rlige leveringsinstruktioner p\u00e5 betalingssiden p\u00e5 vores hjemmeside.<\/p>\n<h3>4. Sp\u00f8rgsm\u00e5l<\/h3>\n<p>Hvis du har sp\u00f8rgsm\u00e5l om levering og forsendelse eller din ordre, bedes du kontakte os p\u00e5:&nbsp;&nbsp;&nbsp;&nbsp;<\/p>\n<p>info@reusable-molds.com<\/p>\n<h3>6. FORKERTE ELLER UFULDT ADRESSE<\/h3>\n<p>Hvis din pakke returneres til os p\u00e5 grund af en forkert eller ufuldst\u00e6ndig adresse, skal du betale alle leveringsomkostninger for at levere din ordre til den korrekte adresse. Vi er ikke ansvarlige for tab af din ordre, hvis adressen, der er angivet ved kassen, er ufuldst\u00e6ndig eller forkert.<\/p>\t\t\t\t\t\t\t\t<\/div>\n\t\t\t\t<\/div>\n\t\t\t\t\t<\/div>\n\t\t<\/div>\n\t\t\t\t\t<\/div>\n\t\t<\/section>\n\t\t\t\t<\/div>\n\t\t","protected":false},"excerpt":{"rendered":"<p>Forsendelsespolitik Vores forsendelsespolitik blev sidst opdateret den 20. maj 2022. Alle ordrer behandles inden for 3-5 arbejdsdage. Ordrer sendes ikke i weekender eller p\u00e5 helligdage. Alle bestillinger modtaget efter kl. 14.00 fra mandag til torsdag vil blive betragtet som bestilt den f\u00f8lgende dag. Alle bestillinger, der modtages efter kl. 14.00 om fredagen, betragtes som bestilt [&hellip;]<\/p>\n","protected":false},"author":3,"featured_media":0,"parent":0,"menu_order":0,"comment_status":"closed","ping_status":"closed","template":"","meta":{"site-sidebar-layout":"no-sidebar","site-content-layout":"page-builder","ast-site-content-layout":"default","site-content-style":"default","site-sidebar-style":"default","ast-global-header-display":"","ast-banner-title-visibility":"","ast-main-header-display":"","ast-hfb-above-header-display":"","ast-hfb-below-header-display":"","ast-hfb-mobile-header-display":"","site-post-title":"disabled","ast-breadcrumbs-content":"","ast-featured-img":"disabled","footer-sml-layout":"","ast-disable-related-posts":"","theme-transparent-header-meta":"","adv-header-id-meta":"","stick-header-meta":"","header-above-stick-meta":"","header-main-stick-meta":"","header-below-stick-meta":"","astra-migrate-meta-layouts":"set","ast-page-background-enabled":"default","ast-page-background-meta":{"desktop":{"background-color":"var(--ast-global-color-4)","background-image":"","background-repeat":"repeat","background-position":"center center","background-size":"auto","background-attachment":"scroll","background-type":"","background-media":"","overlay-type":"","overlay-color":"","overlay-opacity":"","overlay-gradient":""},"tablet":{"background-color":"","background-image":"","background-repeat":"repeat","background-position":"center center","background-size":"auto","background-attachment":"scroll","background-type":"","background-media":"","overlay-type":"","overlay-color":"","overlay-opacity":"","overlay-gradient":""},"mobile":{"background-color":"","background-image":"","background-repeat":"repeat","background-position":"center center","background-size":"auto","background-attachment":"scroll","background-type":"","background-media":"","overlay-type":"","overlay-color":"","overlay-opacity":"","overlay-gradient":""}},"ast-content-background-meta":{"desktop":{"background-color":"var(--ast-global-color-5)","background-image":"","background-repeat":"repeat","background-position":"center center","background-size":"auto","background-attachment":"scroll","background-type":"","background-media":"","overlay-type":"","overlay-color":"","overlay-opacity":"","overlay-gradient":""},"tablet":{"background-color":"var(--ast-global-color-5)","background-image":"","background-repeat":"repeat","background-position":"center center","background-size":"auto","background-attachment":"scroll","background-type":"","background-media":"","overlay-type":"","overlay-color":"","overlay-opacity":"","overlay-gradient":""},"mobile":{"background-color":"var(--ast-global-color-5)","background-image":"","background-repeat":"repeat","background-position":"center center","background-size":"auto","background-attachment":"scroll","background-type":"","background-media":"","overlay-type":"","overlay-color":"","overlay-opacity":"","overlay-gradient":""}},"footnotes":""},"class_list":["post-24676","page","type-page","status-publish","hentry"],"yoast_head":"<!-- This site is optimized with the Yoast SEO Premium plugin v27.5 (Yoast SEO v27.5) - https:\/\/yoast.com\/product\/yoast-seo-premium-wordpress\/ -->\n<title>Forsendelsespolitik | Reusable-Molds<\/title>\n<meta name=\"robots\" content=\"index, follow, max-snippet:-1, max-image-preview:large, max-video-preview:-1\" \/>\n<link rel=\"canonical\" href=\"https:\/\/reusable-molds.com\/da\/privatlivspolitik\/\" \/>\n<meta property=\"og:locale\" content=\"da_DK\" \/>\n<meta property=\"og:type\" content=\"article\" \/>\n<meta property=\"og:title\" content=\"Forsendelsespolitik\" \/>\n<meta property=\"og:description\" content=\"Forsendelsespolitik Vores forsendelsespolitik blev sidst opdateret den 20. maj 2022. Alle ordrer behandles inden for 3-5 arbejdsdage. Ordrer sendes ikke i weekender eller p\u00e5 helligdage. Alle bestillinger modtaget efter kl. 14.00 fra mandag til torsdag vil blive betragtet som bestilt den f\u00f8lgende dag. Alle bestillinger, der modtages efter kl. 14.00 om fredagen, betragtes som bestilt [&hellip;]\" \/>\n<meta property=\"og:url\" content=\"https:\/\/reusable-molds.com\/da\/privatlivspolitik\/\" \/>\n<meta property=\"og:site_name\" content=\"Reusable-Molds\" \/>\n<meta property=\"article:publisher\" content=\"https:\/\/m.facebook.com\/River-tableses-100870435264214\/?ref=bookmarks\" \/>\n<meta property=\"article:modified_time\" content=\"2026-03-24T06:11:08+00:00\" \/>\n<meta name=\"twitter:card\" content=\"summary_large_image\" \/>\n<meta name=\"twitter:label1\" content=\"Estimeret l\u00e6setid\" \/>\n\t<meta name=\"twitter:data1\" content=\"2 minut\" \/>\n<script type=\"application\/ld+json\" class=\"yoast-schema-graph\">{\"@context\":\"https:\\\/\\\/schema.org\",\"@graph\":[{\"@type\":\"WebPage\",\"@id\":\"https:\\\/\\\/reusable-molds.com\\\/da\\\/privatlivspolitik\\\/\",\"url\":\"https:\\\/\\\/reusable-molds.com\\\/da\\\/privatlivspolitik\\\/\",\"name\":\"Forsendelsespolitik | Reusable-Molds\",\"isPartOf\":{\"@id\":\"https:\\\/\\\/reusable-molds.com\\\/da\\\/#website\"},\"datePublished\":\"2022-05-25T06:46:16+00:00\",\"dateModified\":\"2026-03-24T06:11:08+00:00\",\"breadcrumb\":{\"@id\":\"https:\\\/\\\/reusable-molds.com\\\/da\\\/privatlivspolitik\\\/#breadcrumb\"},\"inLanguage\":\"da-DK\",\"potentialAction\":[{\"@type\":\"ReadAction\",\"target\":[\"https:\\\/\\\/reusable-molds.com\\\/da\\\/privatlivspolitik\\\/\"]}]},{\"@type\":\"BreadcrumbList\",\"@id\":\"https:\\\/\\\/reusable-molds.com\\\/da\\\/privatlivspolitik\\\/#breadcrumb\",\"itemListElement\":[{\"@type\":\"ListItem\",\"position\":1,\"name\":\"Home\",\"item\":\"https:\\\/\\\/reusable-molds.com\\\/da\\\/\"},{\"@type\":\"ListItem\",\"position\":2,\"name\":\"Forsendelsespolitik\"}]},{\"@type\":\"WebSite\",\"@id\":\"https:\\\/\\\/reusable-molds.com\\\/da\\\/#website\",\"url\":\"https:\\\/\\\/reusable-molds.com\\\/da\\\/\",\"name\":\"Reusable-Molds.com\",\"description\":\"Reusable-Molds.com\",\"publisher\":{\"@id\":\"https:\\\/\\\/reusable-molds.com\\\/da\\\/#organization\"},\"potentialAction\":[{\"@type\":\"SearchAction\",\"target\":{\"@type\":\"EntryPoint\",\"urlTemplate\":\"https:\\\/\\\/reusable-molds.com\\\/da\\\/?s={search_term_string}\"},\"query-input\":{\"@type\":\"PropertyValueSpecification\",\"valueRequired\":true,\"valueName\":\"search_term_string\"}}],\"inLanguage\":\"da-DK\"},{\"@type\":\"Organization\",\"@id\":\"https:\\\/\\\/reusable-molds.com\\\/da\\\/#organization\",\"name\":\"reusable-molds.com\",\"url\":\"https:\\\/\\\/reusable-molds.com\\\/da\\\/\",\"logo\":{\"@type\":\"ImageObject\",\"inLanguage\":\"da-DK\",\"@id\":\"https:\\\/\\\/reusable-molds.com\\\/da\\\/#\\\/schema\\\/logo\\\/image\\\/\",\"url\":\"https:\\\/\\\/reusable-molds.com\\\/wp-content\\\/uploads\\\/2025\\\/03\\\/ReusableMolds-LOGO-NEW-1000-x-1000.jpg\",\"contentUrl\":\"https:\\\/\\\/reusable-molds.com\\\/wp-content\\\/uploads\\\/2025\\\/03\\\/ReusableMolds-LOGO-NEW-1000-x-1000.jpg\",\"width\":1000,\"height\":1000,\"caption\":\"reusable-molds.com\"},\"image\":{\"@id\":\"https:\\\/\\\/reusable-molds.com\\\/da\\\/#\\\/schema\\\/logo\\\/image\\\/\"},\"sameAs\":[\"https:\\\/\\\/m.facebook.com\\\/River-tableses-100870435264214\\\/?ref=bookmarks\",\"https:\\\/\\\/www.instagram.com\\\/reusable-molds.com\\\/\",\"https:\\\/\\\/www.youtube.com\\\/channel\\\/UCZ5_4JQkGQ0jsz-ROdC9v1g\"]}]}<\/script>\n<!-- \/ Yoast SEO Premium plugin. -->","yoast_head_json":{"title":"Forsendelsespolitik | Reusable-Molds","robots":{"index":"index","follow":"follow","max-snippet":"max-snippet:-1","max-image-preview":"max-image-preview:large","max-video-preview":"max-video-preview:-1"},"canonical":"https:\/\/reusable-molds.com\/da\/privatlivspolitik\/","og_locale":"da_DK","og_type":"article","og_title":"Forsendelsespolitik","og_description":"Forsendelsespolitik Vores forsendelsespolitik blev sidst opdateret den 20. maj 2022. Alle ordrer behandles inden for 3-5 arbejdsdage. Ordrer sendes ikke i weekender eller p\u00e5 helligdage. Alle bestillinger modtaget efter kl. 14.00 fra mandag til torsdag vil blive betragtet som bestilt den f\u00f8lgende dag. Alle bestillinger, der modtages efter kl. 14.00 om fredagen, betragtes som bestilt [&hellip;]","og_url":"https:\/\/reusable-molds.com\/da\/privatlivspolitik\/","og_site_name":"Reusable-Molds","article_publisher":"https:\/\/m.facebook.com\/River-tableses-100870435264214\/?ref=bookmarks","article_modified_time":"2026-03-24T06:11:08+00:00","twitter_card":"summary_large_image","twitter_misc":{"Estimeret l\u00e6setid":"2 minut"},"schema":{"@context":"https:\/\/schema.org","@graph":[{"@type":"WebPage","@id":"https:\/\/reusable-molds.com\/da\/privatlivspolitik\/","url":"https:\/\/reusable-molds.com\/da\/privatlivspolitik\/","name":"Forsendelsespolitik | Reusable-Molds","isPartOf":{"@id":"https:\/\/reusable-molds.com\/da\/#website"},"datePublished":"2022-05-25T06:46:16+00:00","dateModified":"2026-03-24T06:11:08+00:00","breadcrumb":{"@id":"https:\/\/reusable-molds.com\/da\/privatlivspolitik\/#breadcrumb"},"inLanguage":"da-DK","potentialAction":[{"@type":"ReadAction","target":["https:\/\/reusable-molds.com\/da\/privatlivspolitik\/"]}]},{"@type":"BreadcrumbList","@id":"https:\/\/reusable-molds.com\/da\/privatlivspolitik\/#breadcrumb","itemListElement":[{"@type":"ListItem","position":1,"name":"Home","item":"https:\/\/reusable-molds.com\/da\/"},{"@type":"ListItem","position":2,"name":"Forsendelsespolitik"}]},{"@type":"WebSite","@id":"https:\/\/reusable-molds.com\/da\/#website","url":"https:\/\/reusable-molds.com\/da\/","name":"Reusable-Molds.com","description":"Reusable-Molds.com","publisher":{"@id":"https:\/\/reusable-molds.com\/da\/#organization"},"potentialAction":[{"@type":"SearchAction","target":{"@type":"EntryPoint","urlTemplate":"https:\/\/reusable-molds.com\/da\/?s={search_term_string}"},"query-input":{"@type":"PropertyValueSpecification","valueRequired":true,"valueName":"search_term_string"}}],"inLanguage":"da-DK"},{"@type":"Organization","@id":"https:\/\/reusable-molds.com\/da\/#organization","name":"reusable-molds.com","url":"https:\/\/reusable-molds.com\/da\/","logo":{"@type":"ImageObject","inLanguage":"da-DK","@id":"https:\/\/reusable-molds.com\/da\/#\/schema\/logo\/image\/","url":"https:\/\/reusable-molds.com\/wp-content\/uploads\/2025\/03\/ReusableMolds-LOGO-NEW-1000-x-1000.jpg","contentUrl":"https:\/\/reusable-molds.com\/wp-content\/uploads\/2025\/03\/ReusableMolds-LOGO-NEW-1000-x-1000.jpg","width":1000,"height":1000,"caption":"reusable-molds.com"},"image":{"@id":"https:\/\/reusable-molds.com\/da\/#\/schema\/logo\/image\/"},"sameAs":["https:\/\/m.facebook.com\/River-tableses-100870435264214\/?ref=bookmarks","https:\/\/www.instagram.com\/reusable-molds.com\/","https:\/\/www.youtube.com\/channel\/UCZ5_4JQkGQ0jsz-ROdC9v1g"]}]}},"_links":{"self":[{"href":"https:\/\/reusable-molds.com\/da\/wp-json\/wp\/v2\/pages\/24676","targetHints":{"allow":["GET"]}}],"collection":[{"href":"https:\/\/reusable-molds.com\/da\/wp-json\/wp\/v2\/pages"}],"about":[{"href":"https:\/\/reusable-molds.com\/da\/wp-json\/wp\/v2\/types\/page"}],"author":[{"embeddable":true,"href":"https:\/\/reusable-molds.com\/da\/wp-json\/wp\/v2\/users\/3"}],"replies":[{"embeddable":true,"href":"https:\/\/reusable-molds.com\/da\/wp-json\/wp\/v2\/comments?post=24676"}],"version-history":[{"count":1,"href":"https:\/\/reusable-molds.com\/da\/wp-json\/wp\/v2\/pages\/24676\/revisions"}],"predecessor-version":[{"id":31134,"href":"https:\/\/reusable-molds.com\/da\/wp-json\/wp\/v2\/pages\/24676\/revisions\/31134"}],"wp:attachment":[{"href":"https:\/\/reusable-molds.com\/da\/wp-json\/wp\/v2\/media?parent=24676"}],"curies":[{"name":"wp","href":"https:\/\/api.w.org\/{rel}","templated":true}]}}