{"id":30263,"date":"2026-03-10T15:44:38","date_gmt":"2026-03-10T13:44:38","guid":{"rendered":"https:\/\/reusable-molds.com\/epoxy-harpiksforme\/"},"modified":"2026-03-10T15:53:55","modified_gmt":"2026-03-10T13:53:55","slug":"epoxy-harpiksforme","status":"publish","type":"page","link":"https:\/\/reusable-molds.com\/da\/epoxy-harpiksforme\/","title":{"rendered":"Epoxy-harpiksforme"},"content":{"rendered":"\t\t<div data-elementor-type=\"wp-page\" data-elementor-id=\"30263\" class=\"elementor elementor-30263 elementor-30235\" data-elementor-post-type=\"page\">\n\t\t\t\t\t\t<section class=\"elementor-section elementor-top-section elementor-element elementor-element-54124c9 elementor-section-boxed elementor-section-height-default elementor-section-height-default\" data-id=\"54124c9\" data-element_type=\"section\" data-e-type=\"section\">\n\t\t\t\t\t\t<div class=\"elementor-container elementor-column-gap-default\">\n\t\t\t\t\t<div class=\"elementor-column elementor-col-100 elementor-top-column elementor-element elementor-element-319ff9d\" data-id=\"319ff9d\" data-element_type=\"column\" data-e-type=\"column\">\n\t\t\t<div class=\"elementor-widget-wrap elementor-element-populated\">\n\t\t\t\t\t\t<div class=\"elementor-element elementor-element-c67e948 elementor-widget elementor-widget-heading\" data-id=\"c67e948\" data-element_type=\"widget\" data-e-type=\"widget\" data-widget_type=\"heading.default\">\n\t\t\t\t<div class=\"elementor-widget-container\">\n\t\t\t\t\t<h1 class=\"elementor-heading-title elementor-size-default\">St\u00f8beforme af epoxyharpiks<\/h1>\t\t\t\t<\/div>\n\t\t\t\t<\/div>\n\t\t\t\t\t<\/div>\n\t\t<\/div>\n\t\t\t\t\t<\/div>\n\t\t<\/section>\n\t\t\t\t<section class=\"elementor-section elementor-top-section elementor-element elementor-element-ff8efbb elementor-section-boxed elementor-section-height-default elementor-section-height-default\" data-id=\"ff8efbb\" data-element_type=\"section\" data-e-type=\"section\">\n\t\t\t\t\t\t<div class=\"elementor-container elementor-column-gap-default\">\n\t\t\t\t\t<div class=\"elementor-column elementor-col-100 elementor-top-column elementor-element elementor-element-69fc135\" data-id=\"69fc135\" data-element_type=\"column\" data-e-type=\"column\">\n\t\t\t<div class=\"elementor-widget-wrap elementor-element-populated\">\n\t\t\t\t\t\t<div class=\"elementor-element elementor-element-19bd375 elementor-widget elementor-widget-text-editor\" data-id=\"19bd375\" data-element_type=\"widget\" data-e-type=\"widget\" data-widget_type=\"text-editor.default\">\n\t\t\t\t<div class=\"elementor-widget-container\">\n\t\t\t\t\t\t\t\t\t<p>Epoxyharpiksforme er afg\u00f8rende for at producere flodborde, harpiksplader og professionelle st\u00f8begods af h\u00f8j kvalitet. At v\u00e6lge det rigtige formsystem p\u00e5virker h\u00e6ldningsn\u00f8jagtigheden, overfladefinishen og v\u00e6rkstedets effektivitet p\u00e5 lang sigt. <\/p><p>Denne guide forklarer de vigtigste aspekter af epoxyharpiksformsystemer, herunder genanvendelige formmaterialer, afformningsteknikker, vedligeholdelse af forme, og hvordan man konstruerer store flodbordsforme. Den forklarer ogs\u00e5 forskellene mellem engangsforme og genbrugsforme, og hvordan professionelle v\u00e6rksteder skalerer produktionen af harpiksborde. <\/p>\t\t\t\t\t\t\t\t<\/div>\n\t\t\t\t<\/div>\n\t\t\t\t\t<\/div>\n\t\t<\/div>\n\t\t\t\t\t<\/div>\n\t\t<\/section>\n\t\t\t\t<section class=\"elementor-section elementor-top-section elementor-element elementor-element-cba10d6 elementor-section-boxed elementor-section-height-default elementor-section-height-default\" data-id=\"cba10d6\" data-element_type=\"section\" data-e-type=\"section\">\n\t\t\t\t\t\t<div class=\"elementor-container elementor-column-gap-default\">\n\t\t\t\t\t<div class=\"elementor-column elementor-col-100 elementor-top-column elementor-element elementor-element-82490ca\" data-id=\"82490ca\" data-element_type=\"column\" data-e-type=\"column\">\n\t\t\t<div class=\"elementor-widget-wrap elementor-element-populated\">\n\t\t\t\t\t\t<div class=\"elementor-element elementor-element-10116b0 elementor-widget elementor-widget-text-editor\" data-id=\"10116b0\" data-element_type=\"widget\" data-e-type=\"widget\" data-widget_type=\"text-editor.default\">\n\t\t\t\t<div class=\"elementor-widget-container\">\n\t\t\t\t\t\t\t\t\t<h2>Vejledninger til epoxyharpiksforme<\/h2><p><a href=\"https:\/\/reusable-molds.com\/da\/guide-til-vedligeholdelse-og-langtidspleje-af-epoxyharpiksskimmelsvamp\/\"><strong>Guide til vedligeholdelse af epoxyharpiksforme<\/strong><\/a><\/p><p><a href=\"https:\/\/reusable-molds.com\/da\/skalering-af-en-harpiksbordforretning-med-genanvendelige-forme\/\"><strong>Skalering af en Resin Table-forretning<\/strong><\/a><\/p><p><a href=\"https:\/\/reusable-molds.com\/da\/saadan-bygger-du-en-flodbordsform-og-hvorfor-de-fleste-goer-det-selv-former-mislykkes\/\"><strong>S\u00e5dan bygger du en flodbordsform<\/strong><\/a><\/p><p><a href=\"https:\/\/reusable-molds.com\/da\/bedste-materiale-til-bordforme-af-epoxyharpiks-komplet-sammenligning\/\"><strong>Bedste materiale til epoxyharpiksforme<\/strong><\/a><\/p><p><a href=\"https:\/\/reusable-molds.com\/da\/epoxy-sidder-fast-i-formen-problemer-med-afformning-forklaret\/\"><strong>Problemer med afformning af epoxyharpiks<\/strong><\/a><\/p><p><a href=\"https:\/\/reusable-molds.com\/da\/genanvendelige-vs-engangsforme-af-harpiks-hvad-professionelle-bruger\/\"><strong>Genanvendelige vs. engangsforme af harpiks<\/strong><\/a><\/p>\t\t\t\t\t\t\t\t<\/div>\n\t\t\t\t<\/div>\n\t\t\t\t\t<\/div>\n\t\t<\/div>\n\t\t\t\t\t<\/div>\n\t\t<\/section>\n\t\t\t\t<section class=\"elementor-section elementor-top-section elementor-element elementor-element-f06140e elementor-section-boxed elementor-section-height-default elementor-section-height-default\" data-id=\"f06140e\" data-element_type=\"section\" data-e-type=\"section\">\n\t\t\t\t\t\t<div class=\"elementor-container elementor-column-gap-default\">\n\t\t\t\t\t<div class=\"elementor-column elementor-col-100 elementor-top-column elementor-element elementor-element-d0f5e62\" data-id=\"d0f5e62\" data-element_type=\"column\" data-e-type=\"column\">\n\t\t\t<div class=\"elementor-widget-wrap elementor-element-populated\">\n\t\t\t\t\t\t<div class=\"elementor-element elementor-element-dfd43db elementor-widget elementor-widget-text-editor\" data-id=\"dfd43db\" data-element_type=\"widget\" data-e-type=\"widget\" data-widget_type=\"text-editor.default\">\n\t\t\t\t<div class=\"elementor-widget-container\">\n\t\t\t\t\t\t\t\t\t<h2>Professionelle bordforme af epoxyharpiks<\/h2><p>Hvis du er p\u00e5 udkig efter holdbare systemer, der er designet til gentagne h\u00e6ldninger, skal du udforske vores professionelle <a href=\"https:\/\/reusable-molds.com\/da\/hdpe-epoxyharpiks-forme\/\"><strong>epoxyharpiks-bordforme<\/strong><\/a>. Disse genanvendelige HDPE-formsystemer er bygget til flodborde, resinplader og v\u00e6rkstedsproduktion i store m\u00e6ngder. <\/p>\t\t\t\t\t\t\t\t<\/div>\n\t\t\t\t<\/div>\n\t\t\t\t\t<\/div>\n\t\t<\/div>\n\t\t\t\t\t<\/div>\n\t\t<\/section>\n\t\t\t\t<\/div>\n\t\t","protected":false},"excerpt":{"rendered":"<p>St\u00f8beforme af epoxyharpiks Epoxyharpiksforme er afg\u00f8rende for at producere flodborde, harpiksplader og professionelle st\u00f8begods af h\u00f8j kvalitet. At v\u00e6lge det rigtige formsystem p\u00e5virker h\u00e6ldningsn\u00f8jagtigheden, overfladefinishen og v\u00e6rkstedets effektivitet p\u00e5 lang sigt. Denne guide forklarer de vigtigste aspekter af epoxyharpiksformsystemer, herunder genanvendelige formmaterialer, afformningsteknikker, vedligeholdelse af forme, og hvordan man konstruerer store flodbordsforme. Den forklarer ogs\u00e5 [&hellip;]<\/p>\n","protected":false},"author":3,"featured_media":23924,"parent":0,"menu_order":0,"comment_status":"closed","ping_status":"closed","template":"elementor_header_footer","meta":{"site-sidebar-layout":"no-sidebar","site-content-layout":"page-builder","ast-site-content-layout":"full-width-container","site-content-style":"default","site-sidebar-style":"default","ast-global-header-display":"","ast-banner-title-visibility":"","ast-main-header-display":"","ast-hfb-above-header-display":"","ast-hfb-below-header-display":"","ast-hfb-mobile-header-display":"","site-post-title":"","ast-breadcrumbs-content":"","ast-featured-img":"disabled","footer-sml-layout":"","ast-disable-related-posts":"","theme-transparent-header-meta":"","adv-header-id-meta":"","stick-header-meta":"","header-above-stick-meta":"","header-main-stick-meta":"","header-below-stick-meta":"","astra-migrate-meta-layouts":"default","ast-page-background-enabled":"default","ast-page-background-meta":{"desktop":{"background-color":"var(--ast-global-color-4)","background-image":"","background-repeat":"repeat","background-position":"center center","background-size":"auto","background-attachment":"scroll","background-type":"","background-media":"","overlay-type":"","overlay-color":"","overlay-opacity":"","overlay-gradient":""},"tablet":{"background-color":"","background-image":"","background-repeat":"repeat","background-position":"center center","background-size":"auto","background-attachment":"scroll","background-type":"","background-media":"","overlay-type":"","overlay-color":"","overlay-opacity":"","overlay-gradient":""},"mobile":{"background-color":"","background-image":"","background-repeat":"repeat","background-position":"center center","background-size":"auto","background-attachment":"scroll","background-type":"","background-media":"","overlay-type":"","overlay-color":"","overlay-opacity":"","overlay-gradient":""}},"ast-content-background-meta":{"desktop":{"background-color":"var(--ast-global-color-5)","background-image":"","background-repeat":"repeat","background-position":"center center","background-size":"auto","background-attachment":"scroll","background-type":"","background-media":"","overlay-type":"","overlay-color":"","overlay-opacity":"","overlay-gradient":""},"tablet":{"background-color":"var(--ast-global-color-5)","background-image":"","background-repeat":"repeat","background-position":"center center","background-size":"auto","background-attachment":"scroll","background-type":"","background-media":"","overlay-type":"","overlay-color":"","overlay-opacity":"","overlay-gradient":""},"mobile":{"background-color":"var(--ast-global-color-5)","background-image":"","background-repeat":"repeat","background-position":"center center","background-size":"auto","background-attachment":"scroll","background-type":"","background-media":"","overlay-type":"","overlay-color":"","overlay-opacity":"","overlay-gradient":""}},"footnotes":""},"class_list":["post-30263","page","type-page","status-publish","has-post-thumbnail","hentry"],"yoast_head":"<!-- This site is optimized with the Yoast SEO Premium plugin v27.5 (Yoast SEO v27.5) - https:\/\/yoast.com\/product\/yoast-seo-premium-wordpress\/ -->\n<title>Guide til epoxyharpiksforme til flodborde | genanvendelige systemer<\/title>\n<meta name=\"description\" content=\"L\u00e6r, hvordan epoxyharpiksforme fungerer til flodborde og harpiksst\u00f8bning. Sammenlign genanvendelige formsystemer, materialer, afformningsmetoder og professionelt formdesign.\" \/>\n<meta name=\"robots\" content=\"index, follow, max-snippet:-1, max-image-preview:large, max-video-preview:-1\" \/>\n<link rel=\"canonical\" href=\"https:\/\/reusable-molds.com\/da\/epoxy-harpiksforme\/\" \/>\n<meta property=\"og:locale\" content=\"da_DK\" \/>\n<meta property=\"og:type\" content=\"article\" \/>\n<meta property=\"og:title\" content=\"Epoxy-harpiksforme\" \/>\n<meta property=\"og:description\" content=\"L\u00e6r, hvordan epoxyharpiksforme fungerer til flodborde og harpiksst\u00f8bning. Sammenlign genanvendelige formsystemer, materialer, afformningsmetoder og professionelt formdesign.\" \/>\n<meta property=\"og:url\" content=\"https:\/\/reusable-molds.com\/da\/epoxy-harpiksforme\/\" \/>\n<meta property=\"og:site_name\" content=\"Reusable-Molds\" \/>\n<meta property=\"article:publisher\" content=\"https:\/\/m.facebook.com\/River-tableses-100870435264214\/?ref=bookmarks\" \/>\n<meta property=\"article:modified_time\" content=\"2026-03-10T13:53:55+00:00\" \/>\n<meta name=\"twitter:card\" content=\"summary_large_image\" \/>\n<meta name=\"twitter:label1\" content=\"Estimeret l\u00e6setid\" \/>\n\t<meta name=\"twitter:data1\" content=\"1 minut\" \/>\n<script type=\"application\/ld+json\" class=\"yoast-schema-graph\">{\"@context\":\"https:\\\/\\\/schema.org\",\"@graph\":[{\"@type\":\"WebPage\",\"@id\":\"https:\\\/\\\/reusable-molds.com\\\/da\\\/epoxy-harpiksforme\\\/\",\"url\":\"https:\\\/\\\/reusable-molds.com\\\/da\\\/epoxy-harpiksforme\\\/\",\"name\":\"Guide til epoxyharpiksforme til flodborde | genanvendelige systemer\",\"isPartOf\":{\"@id\":\"https:\\\/\\\/reusable-molds.com\\\/da\\\/#website\"},\"primaryImageOfPage\":{\"@id\":\"https:\\\/\\\/reusable-molds.com\\\/da\\\/epoxy-harpiksforme\\\/#primaryimage\"},\"image\":{\"@id\":\"https:\\\/\\\/reusable-molds.com\\\/da\\\/epoxy-harpiksforme\\\/#primaryimage\"},\"thumbnailUrl\":\"https:\\\/\\\/reusable-molds.com\\\/wp-content\\\/uploads\\\/2021\\\/11\\\/Complete-L1-Epoxy-Resin-Mold-Epoxidharz-Form-Molde-de-resina-epoxica-Moule-en-resine-epoxy-Stampo-in-resina-epossidica-Epoxyhars-mal-Molde-de-resina-epoxi-scaled.jpg\",\"datePublished\":\"2026-03-10T13:44:38+00:00\",\"dateModified\":\"2026-03-10T13:53:55+00:00\",\"description\":\"L\u00e6r, hvordan epoxyharpiksforme fungerer til flodborde og harpiksst\u00f8bning. Sammenlign genanvendelige formsystemer, materialer, afformningsmetoder og professionelt formdesign.\",\"breadcrumb\":{\"@id\":\"https:\\\/\\\/reusable-molds.com\\\/da\\\/epoxy-harpiksforme\\\/#breadcrumb\"},\"inLanguage\":\"da-DK\",\"potentialAction\":[{\"@type\":\"ReadAction\",\"target\":[\"https:\\\/\\\/reusable-molds.com\\\/da\\\/epoxy-harpiksforme\\\/\"]}]},{\"@type\":\"ImageObject\",\"inLanguage\":\"da-DK\",\"@id\":\"https:\\\/\\\/reusable-molds.com\\\/da\\\/epoxy-harpiksforme\\\/#primaryimage\",\"url\":\"https:\\\/\\\/reusable-molds.com\\\/wp-content\\\/uploads\\\/2021\\\/11\\\/Complete-L1-Epoxy-Resin-Mold-Epoxidharz-Form-Molde-de-resina-epoxica-Moule-en-resine-epoxy-Stampo-in-resina-epossidica-Epoxyhars-mal-Molde-de-resina-epoxi-scaled.jpg\",\"contentUrl\":\"https:\\\/\\\/reusable-molds.com\\\/wp-content\\\/uploads\\\/2021\\\/11\\\/Complete-L1-Epoxy-Resin-Mold-Epoxidharz-Form-Molde-de-resina-epoxica-Moule-en-resine-epoxy-Stampo-in-resina-epossidica-Epoxyhars-mal-Molde-de-resina-epoxi-scaled.jpg\",\"width\":2560,\"height\":2560,\"caption\":\"Komplet formsystem til st\u00f8bning af flodborde og store resinprojekter\"},{\"@type\":\"BreadcrumbList\",\"@id\":\"https:\\\/\\\/reusable-molds.com\\\/da\\\/epoxy-harpiksforme\\\/#breadcrumb\",\"itemListElement\":[{\"@type\":\"ListItem\",\"position\":1,\"name\":\"Home\",\"item\":\"https:\\\/\\\/reusable-molds.com\\\/da\\\/\"},{\"@type\":\"ListItem\",\"position\":2,\"name\":\"Epoxy-harpiksforme\"}]},{\"@type\":\"WebSite\",\"@id\":\"https:\\\/\\\/reusable-molds.com\\\/da\\\/#website\",\"url\":\"https:\\\/\\\/reusable-molds.com\\\/da\\\/\",\"name\":\"Reusable-Molds.com\",\"description\":\"Reusable-Molds.com\",\"publisher\":{\"@id\":\"https:\\\/\\\/reusable-molds.com\\\/da\\\/#organization\"},\"potentialAction\":[{\"@type\":\"SearchAction\",\"target\":{\"@type\":\"EntryPoint\",\"urlTemplate\":\"https:\\\/\\\/reusable-molds.com\\\/da\\\/?s={search_term_string}\"},\"query-input\":{\"@type\":\"PropertyValueSpecification\",\"valueRequired\":true,\"valueName\":\"search_term_string\"}}],\"inLanguage\":\"da-DK\"},{\"@type\":\"Organization\",\"@id\":\"https:\\\/\\\/reusable-molds.com\\\/da\\\/#organization\",\"name\":\"reusable-molds.com\",\"url\":\"https:\\\/\\\/reusable-molds.com\\\/da\\\/\",\"logo\":{\"@type\":\"ImageObject\",\"inLanguage\":\"da-DK\",\"@id\":\"https:\\\/\\\/reusable-molds.com\\\/da\\\/#\\\/schema\\\/logo\\\/image\\\/\",\"url\":\"https:\\\/\\\/reusable-molds.com\\\/wp-content\\\/uploads\\\/2025\\\/03\\\/ReusableMolds-LOGO-NEW-1000-x-1000.jpg\",\"contentUrl\":\"https:\\\/\\\/reusable-molds.com\\\/wp-content\\\/uploads\\\/2025\\\/03\\\/ReusableMolds-LOGO-NEW-1000-x-1000.jpg\",\"width\":1000,\"height\":1000,\"caption\":\"reusable-molds.com\"},\"image\":{\"@id\":\"https:\\\/\\\/reusable-molds.com\\\/da\\\/#\\\/schema\\\/logo\\\/image\\\/\"},\"sameAs\":[\"https:\\\/\\\/m.facebook.com\\\/River-tableses-100870435264214\\\/?ref=bookmarks\",\"https:\\\/\\\/www.instagram.com\\\/reusable-molds.com\\\/\",\"https:\\\/\\\/www.youtube.com\\\/channel\\\/UCZ5_4JQkGQ0jsz-ROdC9v1g\"]}]}<\/script>\n<!-- \/ Yoast SEO Premium plugin. -->","yoast_head_json":{"title":"Guide til epoxyharpiksforme til flodborde | genanvendelige systemer","description":"L\u00e6r, hvordan epoxyharpiksforme fungerer til flodborde og harpiksst\u00f8bning. Sammenlign genanvendelige formsystemer, materialer, afformningsmetoder og professionelt formdesign.","robots":{"index":"index","follow":"follow","max-snippet":"max-snippet:-1","max-image-preview":"max-image-preview:large","max-video-preview":"max-video-preview:-1"},"canonical":"https:\/\/reusable-molds.com\/da\/epoxy-harpiksforme\/","og_locale":"da_DK","og_type":"article","og_title":"Epoxy-harpiksforme","og_description":"L\u00e6r, hvordan epoxyharpiksforme fungerer til flodborde og harpiksst\u00f8bning. Sammenlign genanvendelige formsystemer, materialer, afformningsmetoder og professionelt formdesign.","og_url":"https:\/\/reusable-molds.com\/da\/epoxy-harpiksforme\/","og_site_name":"Reusable-Molds","article_publisher":"https:\/\/m.facebook.com\/River-tableses-100870435264214\/?ref=bookmarks","article_modified_time":"2026-03-10T13:53:55+00:00","twitter_card":"summary_large_image","twitter_misc":{"Estimeret l\u00e6setid":"1 minut"},"schema":{"@context":"https:\/\/schema.org","@graph":[{"@type":"WebPage","@id":"https:\/\/reusable-molds.com\/da\/epoxy-harpiksforme\/","url":"https:\/\/reusable-molds.com\/da\/epoxy-harpiksforme\/","name":"Guide til epoxyharpiksforme til flodborde | genanvendelige systemer","isPartOf":{"@id":"https:\/\/reusable-molds.com\/da\/#website"},"primaryImageOfPage":{"@id":"https:\/\/reusable-molds.com\/da\/epoxy-harpiksforme\/#primaryimage"},"image":{"@id":"https:\/\/reusable-molds.com\/da\/epoxy-harpiksforme\/#primaryimage"},"thumbnailUrl":"https:\/\/reusable-molds.com\/wp-content\/uploads\/2021\/11\/Complete-L1-Epoxy-Resin-Mold-Epoxidharz-Form-Molde-de-resina-epoxica-Moule-en-resine-epoxy-Stampo-in-resina-epossidica-Epoxyhars-mal-Molde-de-resina-epoxi-scaled.jpg","datePublished":"2026-03-10T13:44:38+00:00","dateModified":"2026-03-10T13:53:55+00:00","description":"L\u00e6r, hvordan epoxyharpiksforme fungerer til flodborde og harpiksst\u00f8bning. Sammenlign genanvendelige formsystemer, materialer, afformningsmetoder og professionelt formdesign.","breadcrumb":{"@id":"https:\/\/reusable-molds.com\/da\/epoxy-harpiksforme\/#breadcrumb"},"inLanguage":"da-DK","potentialAction":[{"@type":"ReadAction","target":["https:\/\/reusable-molds.com\/da\/epoxy-harpiksforme\/"]}]},{"@type":"ImageObject","inLanguage":"da-DK","@id":"https:\/\/reusable-molds.com\/da\/epoxy-harpiksforme\/#primaryimage","url":"https:\/\/reusable-molds.com\/wp-content\/uploads\/2021\/11\/Complete-L1-Epoxy-Resin-Mold-Epoxidharz-Form-Molde-de-resina-epoxica-Moule-en-resine-epoxy-Stampo-in-resina-epossidica-Epoxyhars-mal-Molde-de-resina-epoxi-scaled.jpg","contentUrl":"https:\/\/reusable-molds.com\/wp-content\/uploads\/2021\/11\/Complete-L1-Epoxy-Resin-Mold-Epoxidharz-Form-Molde-de-resina-epoxica-Moule-en-resine-epoxy-Stampo-in-resina-epossidica-Epoxyhars-mal-Molde-de-resina-epoxi-scaled.jpg","width":2560,"height":2560,"caption":"Komplet formsystem til st\u00f8bning af flodborde og store resinprojekter"},{"@type":"BreadcrumbList","@id":"https:\/\/reusable-molds.com\/da\/epoxy-harpiksforme\/#breadcrumb","itemListElement":[{"@type":"ListItem","position":1,"name":"Home","item":"https:\/\/reusable-molds.com\/da\/"},{"@type":"ListItem","position":2,"name":"Epoxy-harpiksforme"}]},{"@type":"WebSite","@id":"https:\/\/reusable-molds.com\/da\/#website","url":"https:\/\/reusable-molds.com\/da\/","name":"Reusable-Molds.com","description":"Reusable-Molds.com","publisher":{"@id":"https:\/\/reusable-molds.com\/da\/#organization"},"potentialAction":[{"@type":"SearchAction","target":{"@type":"EntryPoint","urlTemplate":"https:\/\/reusable-molds.com\/da\/?s={search_term_string}"},"query-input":{"@type":"PropertyValueSpecification","valueRequired":true,"valueName":"search_term_string"}}],"inLanguage":"da-DK"},{"@type":"Organization","@id":"https:\/\/reusable-molds.com\/da\/#organization","name":"reusable-molds.com","url":"https:\/\/reusable-molds.com\/da\/","logo":{"@type":"ImageObject","inLanguage":"da-DK","@id":"https:\/\/reusable-molds.com\/da\/#\/schema\/logo\/image\/","url":"https:\/\/reusable-molds.com\/wp-content\/uploads\/2025\/03\/ReusableMolds-LOGO-NEW-1000-x-1000.jpg","contentUrl":"https:\/\/reusable-molds.com\/wp-content\/uploads\/2025\/03\/ReusableMolds-LOGO-NEW-1000-x-1000.jpg","width":1000,"height":1000,"caption":"reusable-molds.com"},"image":{"@id":"https:\/\/reusable-molds.com\/da\/#\/schema\/logo\/image\/"},"sameAs":["https:\/\/m.facebook.com\/River-tableses-100870435264214\/?ref=bookmarks","https:\/\/www.instagram.com\/reusable-molds.com\/","https:\/\/www.youtube.com\/channel\/UCZ5_4JQkGQ0jsz-ROdC9v1g"]}]}},"_links":{"self":[{"href":"https:\/\/reusable-molds.com\/da\/wp-json\/wp\/v2\/pages\/30263","targetHints":{"allow":["GET"]}}],"collection":[{"href":"https:\/\/reusable-molds.com\/da\/wp-json\/wp\/v2\/pages"}],"about":[{"href":"https:\/\/reusable-molds.com\/da\/wp-json\/wp\/v2\/types\/page"}],"author":[{"embeddable":true,"href":"https:\/\/reusable-molds.com\/da\/wp-json\/wp\/v2\/users\/3"}],"replies":[{"embeddable":true,"href":"https:\/\/reusable-molds.com\/da\/wp-json\/wp\/v2\/comments?post=30263"}],"version-history":[{"count":4,"href":"https:\/\/reusable-molds.com\/da\/wp-json\/wp\/v2\/pages\/30263\/revisions"}],"predecessor-version":[{"id":30284,"href":"https:\/\/reusable-molds.com\/da\/wp-json\/wp\/v2\/pages\/30263\/revisions\/30284"}],"wp:featuredmedia":[{"embeddable":true,"href":"https:\/\/reusable-molds.com\/da\/wp-json\/wp\/v2\/media\/23924"}],"wp:attachment":[{"href":"https:\/\/reusable-molds.com\/da\/wp-json\/wp\/v2\/media?parent=30263"}],"curies":[{"name":"wp","href":"https:\/\/api.w.org\/{rel}","templated":true}]}}