{"id":24601,"date":"2022-05-19T11:29:43","date_gmt":"2022-05-19T09:29:43","guid":{"rendered":"https:\/\/reusable-molds.com\/legal-warning\/"},"modified":"2026-03-15T05:38:59","modified_gmt":"2026-03-15T03:38:59","slug":"legal-warning","status":"publish","type":"page","link":"https:\/\/reusable-molds.com\/de\/legal-warning\/","title":{"rendered":"Rechtliche Warnung"},"content":{"rendered":"\t\t<div data-elementor-type=\"wp-page\" data-elementor-id=\"24601\" class=\"elementor elementor-24601 elementor-4303\" data-elementor-post-type=\"page\">\n\t\t\t\t\t\t<section class=\"elementor-section elementor-top-section elementor-element elementor-element-77a741e5 elementor-section-boxed elementor-section-height-default elementor-section-height-default\" data-id=\"77a741e5\" data-element_type=\"section\" data-e-type=\"section\">\n\t\t\t\t\t\t<div class=\"elementor-container elementor-column-gap-default\">\n\t\t\t\t\t<div class=\"elementor-column elementor-col-100 elementor-top-column elementor-element elementor-element-73ecbf0b\" data-id=\"73ecbf0b\" data-element_type=\"column\" data-e-type=\"column\">\n\t\t\t<div class=\"elementor-widget-wrap elementor-element-populated\">\n\t\t\t\t\t\t<div class=\"elementor-element elementor-element-7951c62 elementor-widget elementor-widget-heading\" data-id=\"7951c62\" data-element_type=\"widget\" data-e-type=\"widget\" data-widget_type=\"heading.default\">\n\t\t\t\t<div class=\"elementor-widget-container\">\n\t\t\t\t\t<h1 class=\"elementor-heading-title elementor-size-default\">Rechtliche Warnung<\/h1>\t\t\t\t<\/div>\n\t\t\t\t<\/div>\n\t\t\t\t<div class=\"elementor-element elementor-element-183fcaaa elementor-widget elementor-widget-text-editor\" data-id=\"183fcaaa\" data-element_type=\"widget\" data-e-type=\"widget\" data-widget_type=\"text-editor.default\">\n\t\t\t\t<div class=\"elementor-widget-container\">\n\t\t\t\t\t\t\t\t\t<p>Unter bestimmten Umst\u00e4nden haben Sie nach den Datenschutzgesetzen Rechte in Bezug auf Ihre pers\u00f6nlichen Daten. Sie haben das Recht dazu:<\/p>\n<ul>\n<li>Zugang zu Ihren pers\u00f6nlichen Daten beantragen (allgemein bekannt als &#8222;Antrag auf Zugang zu den Daten&#8220;). Auf diese Weise k\u00f6nnen Sie eine Kopie der pers\u00f6nlichen Daten erhalten, die wir \u00fcber Sie gespeichert haben, und \u00fcberpr\u00fcfen, ob wir sie rechtm\u00e4\u00dfig verarbeiten.<\/li>\n<li>die Korrektur der pers\u00f6nlichen Daten, die wir \u00fcber Sie gespeichert haben, verlangen. Auf diese Weise k\u00f6nnen Sie unvollst\u00e4ndige oder unrichtige Daten, die wir \u00fcber Sie gespeichert haben, korrigieren lassen, auch wenn wir die Richtigkeit der neuen Daten, die Sie uns zur Verf\u00fcgung stellen, \u00fcberpr\u00fcfen m\u00fcssen.<\/li>\n<li>Die L\u00f6schung Ihrer pers\u00f6nlichen Daten beantragen. Auf diese Weise k\u00f6nnen Sie uns auffordern, personenbezogene Daten zu l\u00f6schen oder zu entfernen, wenn es keinen triftigen Grund gibt, sie weiter zu verarbeiten. Sie haben auch das Recht, von uns die L\u00f6schung oder Entfernung Ihrer personenbezogenen Daten zu verlangen, wenn Sie Ihr Recht auf Widerspruch gegen die Verarbeitung (siehe unten) erfolgreich ausge\u00fcbt haben, wenn wir Ihre Daten m\u00f6glicherweise unrechtm\u00e4\u00dfig verarbeitet haben oder wenn wir zur L\u00f6schung Ihrer personenbezogenen Daten verpflichtet sind, um lokale Gesetze einzuhalten. Beachten Sie jedoch, dass wir aus bestimmten rechtlichen Gr\u00fcnden, die Ihnen gegebenenfalls zum Zeitpunkt Ihrer Anfrage mitgeteilt werden, nicht immer in der Lage sind, Ihrer Bitte um L\u00f6schung nachzukommen.<\/li>\n<li>Einspruch gegen die Verarbeitung Ihrer personenbezogenen Daten, wenn wir uns auf ein berechtigtes Interesse (oder das eines Dritten) berufen und es etwas an Ihrer besonderen Situation gibt, das Sie dazu veranlasst, der Verarbeitung aus diesem Grund zu widersprechen, da Sie der Meinung sind, dass diese Ihre Grundrechte und -freiheiten beeintr\u00e4chtigt. Sie haben auch das Recht, Widerspruch einzulegen, wenn wir Ihre personenbezogenen Daten f\u00fcr Direktmarketingzwecke verarbeiten. In einigen F\u00e4llen k\u00f6nnen wir nachweisen, dass wir zwingende legitime Gr\u00fcnde f\u00fcr die Verarbeitung Ihrer Daten haben, die Vorrang vor Ihren Rechten und Freiheiten haben.<\/li>\n<li>die Einschr\u00e4nkung der Verarbeitung Ihrer pers\u00f6nlichen Daten verlangen. Damit k\u00f6nnen Sie uns bitten, die Verarbeitung Ihrer personenbezogenen Daten in den folgenden F\u00e4llen auszusetzen: (a) wenn Sie m\u00f6chten, dass wir die Richtigkeit der Daten \u00fcberpr\u00fcfen; (b) wenn die Verwendung der Daten durch uns unrechtm\u00e4\u00dfig ist, Sie aber nicht m\u00f6chten, dass wir die Daten l\u00f6schen; (c) wenn Sie die Daten ben\u00f6tigen, auch wenn wir sie nicht mehr ben\u00f6tigen, da Sie sie zur Begr\u00fcndung, Aus\u00fcbung oder Verteidigung von Rechtsanspr\u00fcchen ben\u00f6tigen; oder (d) Sie haben der Verwendung Ihrer Daten durch uns widersprochen, aber wir m\u00fcssen pr\u00fcfen, ob wir zwingende legitime Gr\u00fcnde f\u00fcr die Verwendung der Daten haben.<\/li>\n<li>die \u00dcbermittlung Ihrer pers\u00f6nlichen Daten an Sie oder an einen Dritten verlangen. Wir stellen Ihnen oder einem von Ihnen gew\u00e4hlten Dritten Ihre pers\u00f6nlichen Daten in einem strukturierten, allgemein verwendeten, maschinenlesbaren Format zur Verf\u00fcgung. Bitte beachten Sie, dass dieses Recht nur f\u00fcr automatisierte Informationen gilt, deren Verwendung Sie urspr\u00fcnglich zugestimmt haben, oder wenn wir die Informationen zur Erf\u00fcllung eines Vertrags mit Ihnen verwendet haben.<\/li>\n<li>Sie k\u00f6nnen Ihre Zustimmung jederzeit widerrufen, wenn wir uns auf die Zustimmung zur Verarbeitung Ihrer pers\u00f6nlichen Daten verlassen. Dies hat jedoch keinen Einfluss auf die Rechtm\u00e4\u00dfigkeit der Verarbeitung, die vor dem Widerruf Ihrer Einwilligung erfolgt ist. Wenn Sie Ihre Zustimmung zur\u00fcckziehen, k\u00f6nnen wir Ihnen m\u00f6glicherweise bestimmte Produkte oder Dienstleistungen nicht mehr anbieten. Wir werden Sie dar\u00fcber informieren, wenn dies der Fall ist, wenn Sie Ihre Zustimmung zur\u00fcckziehen. Wenn Sie eines der oben genannten Rechte aus\u00fcben m\u00f6chten, wenden Sie sich bitte an unser DPT, indem Sie die Kontaktdaten in Absatz 4 oben verwenden.<\/li>\n<\/ul>\n<p><strong>Normalerweise keine Geb\u00fchr erforderlich<\/strong><\/p>\n<p>F\u00fcr den Zugriff auf Ihre pers\u00f6nlichen Daten (oder die Aus\u00fcbung anderer Rechte) m\u00fcssen Sie keine Geb\u00fchr bezahlen.<\/p>\n<p>Wir k\u00f6nnen jedoch eine angemessene Geb\u00fchr erheben, wenn Ihre Anfrage offensichtlich unbegr\u00fcndet, wiederholend oder \u00fcberzogen ist. Alternativ k\u00f6nnen wir uns unter diesen Umst\u00e4nden auch weigern, Ihrer Anfrage nachzukommen.<\/p>\n<p><strong>Was wir von Ihnen brauchen k\u00f6nnten&nbsp;<\/strong><\/p>\n<p>Es kann sein, dass wir bestimmte Informationen von Ihnen anfordern m\u00fcssen, um Ihre Identit\u00e4t zu best\u00e4tigen und Ihr Recht auf Zugang zu Ihren pers\u00f6nlichen Daten (oder die Aus\u00fcbung Ihrer anderen Rechte) zu gew\u00e4hrleisten. Dies ist eine Sicherheitsma\u00dfnahme, um sicherzustellen, dass personenbezogene Daten nicht an Personen weitergegeben werden, die kein Recht haben, sie zu erhalten. Wir k\u00f6nnen uns auch mit Ihnen in Verbindung setzen, um Sie um weitere Informationen in Bezug auf Ihre Anfrage zu bitten, damit wir schneller reagieren k\u00f6nnen.<\/p>\n<p><strong>Frist f\u00fcr die Antwort<\/strong><\/p>\n<p>Wir versuchen, alle legitimen Anfragen innerhalb eines Monats zu beantworten. Gelegentlich kann es vorkommen, dass wir l\u00e4nger als einen Monat brauchen, wenn Ihre Anfrage besonders komplex ist oder Sie eine Reihe von Anfragen gestellt haben. In diesem Fall werden wir Sie benachrichtigen und Sie auf dem Laufenden halten.<\/p>\n<p><strong>Glossar<\/strong><\/p>\n<h2><strong>GESETZLICHE GRUNDLAGE<\/strong><\/h2>\n<p>Legitimes Interesse bedeutet das Interesse unseres Unternehmens an der Durchf\u00fchrung und Verwaltung unseres Gesch\u00e4fts, damit wir Ihnen den besten Service\/das beste Produkt und die beste und sicherste Erfahrung bieten k\u00f6nnen. Wir stellen sicher, dass wir alle potenziellen Auswirkungen auf Sie (sowohl positive als auch negative) und Ihre Rechte ber\u00fccksichtigen und abw\u00e4gen, bevor wir Ihre personenbezogenen Daten f\u00fcr unsere berechtigten Interessen verarbeiten. Wir verwenden Ihre personenbezogenen Daten nicht f\u00fcr Aktivit\u00e4ten, bei denen die Auswirkungen auf Sie unsere Interessen \u00fcberwiegen (es sei denn, wir haben Ihre Zustimmung oder sind anderweitig gesetzlich dazu verpflichtet oder berechtigt). Weitere Informationen dar\u00fcber, wie wir unsere berechtigten Interessen gegen m\u00f6gliche Auswirkungen auf Sie in Bezug auf bestimmte Aktivit\u00e4ten abw\u00e4gen, erhalten Sie, wenn Sie uns kontaktieren. Vertragserf\u00fcllung bedeutet, dass Ihre personenbezogenen Daten verarbeitet werden, wenn dies f\u00fcr die Erf\u00fcllung eines Vertrags, dessen Vertragspartei Sie sind, oder f\u00fcr die Durchf\u00fchrung von Ma\u00dfnahmen, die auf Ihren Wunsch hin vor Abschluss eines solchen Vertrags erfolgen, erforderlich ist. Erf\u00fcllung einer gesetzlichen oder beh\u00f6rdlichen Verpflichtung bedeutet, dass wir Ihre personenbezogenen Daten verarbeiten, wenn dies zur Erf\u00fcllung einer gesetzlichen oder beh\u00f6rdlichen Verpflichtung, der wir unterliegen, erforderlich ist.<\/p>\n<h2><strong>DRITTE PARTEIEN<\/strong><\/h2>\n<p><strong>Externe Drittparteien<\/strong><\/p>\n<p>Dritte, die nicht unsere internen Dritten sind. Zum Beispiel unsere IT-Dienstleister, professionelle Berater (einschlie\u00dflich Anw\u00e4lte, Banker, Wirtschaftspr\u00fcfer und Versicherer), Kreditauskunfteien, Regulierungsbeh\u00f6rden und andere Beh\u00f6rden sowie unsere Marketingagenturen.<\/p>\t\t\t\t\t\t\t\t<\/div>\n\t\t\t\t<\/div>\n\t\t\t\t\t<\/div>\n\t\t<\/div>\n\t\t\t\t\t<\/div>\n\t\t<\/section>\n\t\t\t\t<\/div>\n\t\t","protected":false},"excerpt":{"rendered":"<p>Rechtliche Warnung Unter bestimmten Umst\u00e4nden haben Sie nach den Datenschutzgesetzen Rechte in Bezug auf Ihre pers\u00f6nlichen Daten. Sie haben das Recht dazu: Zugang zu Ihren pers\u00f6nlichen Daten beantragen (allgemein bekannt als &#8222;Antrag auf Zugang zu den Daten&#8220;). Auf diese Weise k\u00f6nnen Sie eine Kopie der pers\u00f6nlichen Daten erhalten, die wir \u00fcber Sie gespeichert haben, und [&hellip;]<\/p>\n","protected":false},"author":3,"featured_media":0,"parent":0,"menu_order":0,"comment_status":"closed","ping_status":"closed","template":"","meta":{"site-sidebar-layout":"no-sidebar","site-content-layout":"page-builder","ast-site-content-layout":"default","site-content-style":"default","site-sidebar-style":"default","ast-global-header-display":"","ast-banner-title-visibility":"","ast-main-header-display":"","ast-hfb-above-header-display":"","ast-hfb-below-header-display":"","ast-hfb-mobile-header-display":"","site-post-title":"disabled","ast-breadcrumbs-content":"","ast-featured-img":"disabled","footer-sml-layout":"","ast-disable-related-posts":"","theme-transparent-header-meta":"default","adv-header-id-meta":"","stick-header-meta":"default","header-above-stick-meta":"","header-main-stick-meta":"","header-below-stick-meta":"","astra-migrate-meta-layouts":"default","ast-page-background-enabled":"default","ast-page-background-meta":{"desktop":{"background-color":"var(--ast-global-color-4)","background-image":"","background-repeat":"repeat","background-position":"center center","background-size":"auto","background-attachment":"scroll","background-type":"","background-media":"","overlay-type":"","overlay-color":"","overlay-opacity":"","overlay-gradient":""},"tablet":{"background-color":"","background-image":"","background-repeat":"repeat","background-position":"center center","background-size":"auto","background-attachment":"scroll","background-type":"","background-media":"","overlay-type":"","overlay-color":"","overlay-opacity":"","overlay-gradient":""},"mobile":{"background-color":"","background-image":"","background-repeat":"repeat","background-position":"center center","background-size":"auto","background-attachment":"scroll","background-type":"","background-media":"","overlay-type":"","overlay-color":"","overlay-opacity":"","overlay-gradient":""}},"ast-content-background-meta":{"desktop":{"background-color":"var(--ast-global-color-5)","background-image":"","background-repeat":"repeat","background-position":"center center","background-size":"auto","background-attachment":"scroll","background-type":"","background-media":"","overlay-type":"","overlay-color":"","overlay-opacity":"","overlay-gradient":""},"tablet":{"background-color":"var(--ast-global-color-5)","background-image":"","background-repeat":"repeat","background-position":"center center","background-size":"auto","background-attachment":"scroll","background-type":"","background-media":"","overlay-type":"","overlay-color":"","overlay-opacity":"","overlay-gradient":""},"mobile":{"background-color":"var(--ast-global-color-5)","background-image":"","background-repeat":"repeat","background-position":"center center","background-size":"auto","background-attachment":"scroll","background-type":"","background-media":"","overlay-type":"","overlay-color":"","overlay-opacity":"","overlay-gradient":""}},"footnotes":""},"class_list":["post-24601","page","type-page","status-publish","hentry"],"yoast_head":"<!-- This site is optimized with the Yoast SEO Premium plugin v27.5 (Yoast SEO v27.5) - https:\/\/yoast.com\/product\/yoast-seo-premium-wordpress\/ -->\n<title>Rechtliche Warnung | Reusable-Molds<\/title>\n<meta name=\"robots\" content=\"index, follow, max-snippet:-1, max-image-preview:large, max-video-preview:-1\" \/>\n<link rel=\"canonical\" href=\"https:\/\/reusable-molds.com\/de\/legal-warning\/\" \/>\n<meta property=\"og:locale\" content=\"de_DE\" \/>\n<meta property=\"og:type\" content=\"article\" \/>\n<meta property=\"og:title\" content=\"Rechtliche Warnung\" \/>\n<meta property=\"og:description\" content=\"Rechtliche Warnung Unter bestimmten Umst\u00e4nden haben Sie nach den Datenschutzgesetzen Rechte in Bezug auf Ihre pers\u00f6nlichen Daten. Sie haben das Recht dazu: Zugang zu Ihren pers\u00f6nlichen Daten beantragen (allgemein bekannt als &#8222;Antrag auf Zugang zu den Daten&#8220;). Auf diese Weise k\u00f6nnen Sie eine Kopie der pers\u00f6nlichen Daten erhalten, die wir \u00fcber Sie gespeichert haben, und [&hellip;]\" \/>\n<meta property=\"og:url\" content=\"https:\/\/reusable-molds.com\/de\/legal-warning\/\" \/>\n<meta property=\"og:site_name\" content=\"Reusable-Molds\" \/>\n<meta property=\"article:publisher\" content=\"https:\/\/m.facebook.com\/River-tableses-100870435264214\/?ref=bookmarks\" \/>\n<meta property=\"article:modified_time\" content=\"2026-03-15T03:38:59+00:00\" \/>\n<meta name=\"twitter:card\" content=\"summary_large_image\" \/>\n<meta name=\"twitter:label1\" content=\"Gesch\u00e4tzte Lesezeit\" \/>\n\t<meta name=\"twitter:data1\" content=\"5\u00a0Minute\" \/>\n<script type=\"application\/ld+json\" class=\"yoast-schema-graph\">{\"@context\":\"https:\\\/\\\/schema.org\",\"@graph\":[{\"@type\":\"WebPage\",\"@id\":\"https:\\\/\\\/reusable-molds.com\\\/de\\\/legal-warning\\\/\",\"url\":\"https:\\\/\\\/reusable-molds.com\\\/de\\\/legal-warning\\\/\",\"name\":\"Rechtliche Warnung | Reusable-Molds\",\"isPartOf\":{\"@id\":\"https:\\\/\\\/reusable-molds.com\\\/de\\\/#website\"},\"datePublished\":\"2022-05-19T09:29:43+00:00\",\"dateModified\":\"2026-03-15T03:38:59+00:00\",\"breadcrumb\":{\"@id\":\"https:\\\/\\\/reusable-molds.com\\\/de\\\/legal-warning\\\/#breadcrumb\"},\"inLanguage\":\"de\",\"potentialAction\":[{\"@type\":\"ReadAction\",\"target\":[\"https:\\\/\\\/reusable-molds.com\\\/de\\\/legal-warning\\\/\"]}]},{\"@type\":\"BreadcrumbList\",\"@id\":\"https:\\\/\\\/reusable-molds.com\\\/de\\\/legal-warning\\\/#breadcrumb\",\"itemListElement\":[{\"@type\":\"ListItem\",\"position\":1,\"name\":\"Home\",\"item\":\"https:\\\/\\\/reusable-molds.com\\\/de\\\/\"},{\"@type\":\"ListItem\",\"position\":2,\"name\":\"Rechtliche Warnung\"}]},{\"@type\":\"WebSite\",\"@id\":\"https:\\\/\\\/reusable-molds.com\\\/de\\\/#website\",\"url\":\"https:\\\/\\\/reusable-molds.com\\\/de\\\/\",\"name\":\"Reusable-Molds.com\",\"description\":\"Reusable-Molds.com\",\"publisher\":{\"@id\":\"https:\\\/\\\/reusable-molds.com\\\/de\\\/#organization\"},\"potentialAction\":[{\"@type\":\"SearchAction\",\"target\":{\"@type\":\"EntryPoint\",\"urlTemplate\":\"https:\\\/\\\/reusable-molds.com\\\/de\\\/?s={search_term_string}\"},\"query-input\":{\"@type\":\"PropertyValueSpecification\",\"valueRequired\":true,\"valueName\":\"search_term_string\"}}],\"inLanguage\":\"de\"},{\"@type\":\"Organization\",\"@id\":\"https:\\\/\\\/reusable-molds.com\\\/de\\\/#organization\",\"name\":\"reusable-molds.com\",\"url\":\"https:\\\/\\\/reusable-molds.com\\\/de\\\/\",\"logo\":{\"@type\":\"ImageObject\",\"inLanguage\":\"de\",\"@id\":\"https:\\\/\\\/reusable-molds.com\\\/de\\\/#\\\/schema\\\/logo\\\/image\\\/\",\"url\":\"https:\\\/\\\/reusable-molds.com\\\/wp-content\\\/uploads\\\/2025\\\/03\\\/ReusableMolds-LOGO-NEW-1000-x-1000.jpg\",\"contentUrl\":\"https:\\\/\\\/reusable-molds.com\\\/wp-content\\\/uploads\\\/2025\\\/03\\\/ReusableMolds-LOGO-NEW-1000-x-1000.jpg\",\"width\":1000,\"height\":1000,\"caption\":\"reusable-molds.com\"},\"image\":{\"@id\":\"https:\\\/\\\/reusable-molds.com\\\/de\\\/#\\\/schema\\\/logo\\\/image\\\/\"},\"sameAs\":[\"https:\\\/\\\/m.facebook.com\\\/River-tableses-100870435264214\\\/?ref=bookmarks\",\"https:\\\/\\\/www.instagram.com\\\/reusable-molds.com\\\/\",\"https:\\\/\\\/www.youtube.com\\\/channel\\\/UCZ5_4JQkGQ0jsz-ROdC9v1g\"]}]}<\/script>\n<!-- \/ Yoast SEO Premium plugin. -->","yoast_head_json":{"title":"Rechtliche Warnung | Reusable-Molds","robots":{"index":"index","follow":"follow","max-snippet":"max-snippet:-1","max-image-preview":"max-image-preview:large","max-video-preview":"max-video-preview:-1"},"canonical":"https:\/\/reusable-molds.com\/de\/legal-warning\/","og_locale":"de_DE","og_type":"article","og_title":"Rechtliche Warnung","og_description":"Rechtliche Warnung Unter bestimmten Umst\u00e4nden haben Sie nach den Datenschutzgesetzen Rechte in Bezug auf Ihre pers\u00f6nlichen Daten. Sie haben das Recht dazu: Zugang zu Ihren pers\u00f6nlichen Daten beantragen (allgemein bekannt als &#8222;Antrag auf Zugang zu den Daten&#8220;). Auf diese Weise k\u00f6nnen Sie eine Kopie der pers\u00f6nlichen Daten erhalten, die wir \u00fcber Sie gespeichert haben, und [&hellip;]","og_url":"https:\/\/reusable-molds.com\/de\/legal-warning\/","og_site_name":"Reusable-Molds","article_publisher":"https:\/\/m.facebook.com\/River-tableses-100870435264214\/?ref=bookmarks","article_modified_time":"2026-03-15T03:38:59+00:00","twitter_card":"summary_large_image","twitter_misc":{"Gesch\u00e4tzte Lesezeit":"5\u00a0Minute"},"schema":{"@context":"https:\/\/schema.org","@graph":[{"@type":"WebPage","@id":"https:\/\/reusable-molds.com\/de\/legal-warning\/","url":"https:\/\/reusable-molds.com\/de\/legal-warning\/","name":"Rechtliche Warnung | Reusable-Molds","isPartOf":{"@id":"https:\/\/reusable-molds.com\/de\/#website"},"datePublished":"2022-05-19T09:29:43+00:00","dateModified":"2026-03-15T03:38:59+00:00","breadcrumb":{"@id":"https:\/\/reusable-molds.com\/de\/legal-warning\/#breadcrumb"},"inLanguage":"de","potentialAction":[{"@type":"ReadAction","target":["https:\/\/reusable-molds.com\/de\/legal-warning\/"]}]},{"@type":"BreadcrumbList","@id":"https:\/\/reusable-molds.com\/de\/legal-warning\/#breadcrumb","itemListElement":[{"@type":"ListItem","position":1,"name":"Home","item":"https:\/\/reusable-molds.com\/de\/"},{"@type":"ListItem","position":2,"name":"Rechtliche Warnung"}]},{"@type":"WebSite","@id":"https:\/\/reusable-molds.com\/de\/#website","url":"https:\/\/reusable-molds.com\/de\/","name":"Reusable-Molds.com","description":"Reusable-Molds.com","publisher":{"@id":"https:\/\/reusable-molds.com\/de\/#organization"},"potentialAction":[{"@type":"SearchAction","target":{"@type":"EntryPoint","urlTemplate":"https:\/\/reusable-molds.com\/de\/?s={search_term_string}"},"query-input":{"@type":"PropertyValueSpecification","valueRequired":true,"valueName":"search_term_string"}}],"inLanguage":"de"},{"@type":"Organization","@id":"https:\/\/reusable-molds.com\/de\/#organization","name":"reusable-molds.com","url":"https:\/\/reusable-molds.com\/de\/","logo":{"@type":"ImageObject","inLanguage":"de","@id":"https:\/\/reusable-molds.com\/de\/#\/schema\/logo\/image\/","url":"https:\/\/reusable-molds.com\/wp-content\/uploads\/2025\/03\/ReusableMolds-LOGO-NEW-1000-x-1000.jpg","contentUrl":"https:\/\/reusable-molds.com\/wp-content\/uploads\/2025\/03\/ReusableMolds-LOGO-NEW-1000-x-1000.jpg","width":1000,"height":1000,"caption":"reusable-molds.com"},"image":{"@id":"https:\/\/reusable-molds.com\/de\/#\/schema\/logo\/image\/"},"sameAs":["https:\/\/m.facebook.com\/River-tableses-100870435264214\/?ref=bookmarks","https:\/\/www.instagram.com\/reusable-molds.com\/","https:\/\/www.youtube.com\/channel\/UCZ5_4JQkGQ0jsz-ROdC9v1g"]}]}},"_links":{"self":[{"href":"https:\/\/reusable-molds.com\/de\/wp-json\/wp\/v2\/pages\/24601","targetHints":{"allow":["GET"]}}],"collection":[{"href":"https:\/\/reusable-molds.com\/de\/wp-json\/wp\/v2\/pages"}],"about":[{"href":"https:\/\/reusable-molds.com\/de\/wp-json\/wp\/v2\/types\/page"}],"author":[{"embeddable":true,"href":"https:\/\/reusable-molds.com\/de\/wp-json\/wp\/v2\/users\/3"}],"replies":[{"embeddable":true,"href":"https:\/\/reusable-molds.com\/de\/wp-json\/wp\/v2\/comments?post=24601"}],"version-history":[{"count":2,"href":"https:\/\/reusable-molds.com\/de\/wp-json\/wp\/v2\/pages\/24601\/revisions"}],"predecessor-version":[{"id":31047,"href":"https:\/\/reusable-molds.com\/de\/wp-json\/wp\/v2\/pages\/24601\/revisions\/31047"}],"wp:attachment":[{"href":"https:\/\/reusable-molds.com\/de\/wp-json\/wp\/v2\/media?parent=24601"}],"curies":[{"name":"wp","href":"https:\/\/api.w.org\/{rel}","templated":true}]}}