{"id":24647,"date":"2022-05-19T13:29:25","date_gmt":"2022-05-19T11:29:25","guid":{"rendered":"https:\/\/reusable-molds.com\/returns-policy\/"},"modified":"2026-04-24T13:59:46","modified_gmt":"2026-04-24T11:59:46","slug":"returns-policy","status":"publish","type":"page","link":"https:\/\/reusable-molds.com\/de\/returns-policy\/","title":{"rendered":"R\u00fcckgaberecht"},"content":{"rendered":"\t\t<div data-elementor-type=\"wp-page\" data-elementor-id=\"24647\" class=\"elementor elementor-24647 elementor-4329\" data-elementor-post-type=\"page\">\n\t\t\t\t\t\t<section class=\"elementor-section elementor-top-section elementor-element elementor-element-15cb8b3 elementor-section-boxed elementor-section-height-default elementor-section-height-default\" data-id=\"15cb8b3\" data-element_type=\"section\" data-e-type=\"section\">\n\t\t\t\t\t\t<div class=\"elementor-container elementor-column-gap-default\">\n\t\t\t\t\t<div class=\"elementor-column elementor-col-100 elementor-top-column elementor-element elementor-element-49f6dffe\" data-id=\"49f6dffe\" data-element_type=\"column\" data-e-type=\"column\">\n\t\t\t<div class=\"elementor-widget-wrap elementor-element-populated\">\n\t\t\t\t\t\t<div class=\"elementor-element elementor-element-12f6f02a elementor-widget elementor-widget-heading\" data-id=\"12f6f02a\" data-element_type=\"widget\" data-e-type=\"widget\" data-widget_type=\"heading.default\">\n\t\t\t\t<div class=\"elementor-widget-container\">\n\t\t\t\t\t<h1 class=\"elementor-heading-title elementor-size-default\">R\u00fcckgaberecht<\/h1>\t\t\t\t<\/div>\n\t\t\t\t<\/div>\n\t\t\t\t<div class=\"elementor-element elementor-element-2635247a elementor-widget elementor-widget-text-editor\" data-id=\"2635247a\" data-element_type=\"widget\" data-e-type=\"widget\" data-widget_type=\"text-editor.default\">\n\t\t\t\t<div class=\"elementor-widget-container\">\n\t\t\t\t\t\t\t\t\t<p><strong>R\u00fcckgaberecht<\/strong><\/p><p>Wir bei Reusable-Molds.com sind bestrebt, unseren Kunden den bestm\u00f6glichen Service zu bieten. Wenn Sie eine Bestellung zur\u00fcckgeben m\u00fcssen, sind wir hier, um diesen Prozess so einfach wie m\u00f6glich zu gestalten. Wenn Sie Fragen haben, wenden Sie sich bitte an unser Team unter <a href=\"mailto:info@reusable-molds.com\">info@reusable-molds.com<\/a>, bevor Sie eine R\u00fccksendung vornehmen.  <\/p><p><strong>Ma\u00dfgeschneiderte Produkte<\/strong><\/p><p>Produkte, die nach Ihren speziellen W\u00fcnschen angefertigt wurden, sind von der R\u00fcckgabe oder dem Umtausch ausgeschlossen. Da diese Produkte auf Bestellung gefertigt werden, k\u00f6nnen sie nicht wiederverwendet oder weiterverkauft werden. <\/p><p><strong>Standardprodukte (nicht ma\u00dfgeschneidert)<\/strong><\/p><p>Alle Standardprodukte k\u00f6nnen innerhalb von <strong>30 Tagen nach dem Kauf<\/strong> gegen volle R\u00fcckerstattung oder Umtausch zur\u00fcckgegeben werden, vorausgesetzt, sie befinden sich im Originalzustand und in der Originalverpackung.<\/p><p>Die R\u00fccksendung ist f\u00fcr Sie <strong>kostenlos<\/strong>. Sobald Sie sich mit uns in Verbindung gesetzt haben, stellen wir Ihnen per E-Mail ein vorausbezahltes R\u00fccksendeetikett aus. <\/p><p><strong>Wie Sie eine R\u00fcckgabe einleiten<\/strong><\/p><ol><li>Senden Sie eine E-Mail an <a href=\"mailto:info@reusable-molds.com\">info@reusable-molds.com<\/a> mit Ihrer Bestellnummer und dem Grund f\u00fcr die R\u00fcckgabe<\/li><li>Wir werden Ihnen innerhalb von 2 Werktagen ein vorausbezahltes R\u00fccksendeetikett und eine R\u00fccksendeadresse zukommen lassen.<\/li><li>Verpacken Sie die Waren sicher in der Originalverpackung<\/li><li>Bringen Sie das vorausbezahlte Etikett an und geben Sie es bei einem zugelassenen Spediteur in Ihrer N\u00e4he ab.<\/li><\/ol><p><strong>R\u00fccksendeadresse:<\/strong> Bitte setzen Sie sich mit uns in Verbindung, um die R\u00fccksendeadresse zu erfahren, die sich nach Ihrem Versandort richtet. Wir teilen Ihnen die f\u00fcr Ihre Region g\u00fcnstigste R\u00fccksendeadresse mit, wenn wir Ihren vorausbezahlten R\u00fccksendeaufkleber ausstellen. <\/p><p><strong>Erstattungen<\/strong><\/p><p>Sobald Ihre R\u00fccksendung eingegangen ist und gepr\u00fcft wurde, wird die R\u00fcckerstattung innerhalb von <strong>5 Werktagen<\/strong> auf Ihre urspr\u00fcngliche Zahlungsmethode vorgenommen.<\/p><p><strong>Ihre gesetzlichen Rechte<\/strong><\/p><p>Ihre Rechte sind durch die EU-Fernabsatzrichtlinie gesch\u00fctzt. F\u00fcr weitere Informationen besuchen Sie <a href=\"https:\/\/e-justice.europa.eu\/604\/EN\/text_of_the_directive?SPAIN&amp;member=1\">https:\/\/e-justice.europa.eu\/604\/EN\/text_of_the_directive?SPAIN&amp;member=1<\/a> <\/p>\t\t\t\t\t\t\t\t<\/div>\n\t\t\t\t<\/div>\n\t\t\t\t\t<\/div>\n\t\t<\/div>\n\t\t\t\t\t<\/div>\n\t\t<\/section>\n\t\t\t\t<\/div>\n\t\t","protected":false},"excerpt":{"rendered":"<p>R\u00fcckgaberecht R\u00fcckgaberecht Wir bei Reusable-Molds.com sind bestrebt, unseren Kunden den bestm\u00f6glichen Service zu bieten. Wenn Sie eine Bestellung zur\u00fcckgeben m\u00fcssen, sind wir hier, um diesen Prozess so einfach wie m\u00f6glich zu gestalten. Wenn Sie Fragen haben, wenden Sie sich bitte an unser Team unter info@reusable-molds.com, bevor Sie eine R\u00fccksendung vornehmen. Ma\u00dfgeschneiderte Produkte Produkte, die nach [&hellip;]<\/p>\n","protected":false},"author":3,"featured_media":0,"parent":0,"menu_order":0,"comment_status":"closed","ping_status":"closed","template":"","meta":{"site-sidebar-layout":"no-sidebar","site-content-layout":"page-builder","ast-site-content-layout":"default","site-content-style":"default","site-sidebar-style":"default","ast-global-header-display":"","ast-banner-title-visibility":"","ast-main-header-display":"","ast-hfb-above-header-display":"","ast-hfb-below-header-display":"","ast-hfb-mobile-header-display":"","site-post-title":"disabled","ast-breadcrumbs-content":"","ast-featured-img":"disabled","footer-sml-layout":"","ast-disable-related-posts":"","theme-transparent-header-meta":"","adv-header-id-meta":"","stick-header-meta":"","header-above-stick-meta":"","header-main-stick-meta":"","header-below-stick-meta":"","astra-migrate-meta-layouts":"default","ast-page-background-enabled":"default","ast-page-background-meta":{"desktop":{"background-color":"var(--ast-global-color-4)","background-image":"","background-repeat":"repeat","background-position":"center center","background-size":"auto","background-attachment":"scroll","background-type":"","background-media":"","overlay-type":"","overlay-color":"","overlay-opacity":"","overlay-gradient":""},"tablet":{"background-color":"","background-image":"","background-repeat":"repeat","background-position":"center center","background-size":"auto","background-attachment":"scroll","background-type":"","background-media":"","overlay-type":"","overlay-color":"","overlay-opacity":"","overlay-gradient":""},"mobile":{"background-color":"","background-image":"","background-repeat":"repeat","background-position":"center center","background-size":"auto","background-attachment":"scroll","background-type":"","background-media":"","overlay-type":"","overlay-color":"","overlay-opacity":"","overlay-gradient":""}},"ast-content-background-meta":{"desktop":{"background-color":"var(--ast-global-color-5)","background-image":"","background-repeat":"repeat","background-position":"center center","background-size":"auto","background-attachment":"scroll","background-type":"","background-media":"","overlay-type":"","overlay-color":"","overlay-opacity":"","overlay-gradient":""},"tablet":{"background-color":"var(--ast-global-color-5)","background-image":"","background-repeat":"repeat","background-position":"center center","background-size":"auto","background-attachment":"scroll","background-type":"","background-media":"","overlay-type":"","overlay-color":"","overlay-opacity":"","overlay-gradient":""},"mobile":{"background-color":"var(--ast-global-color-5)","background-image":"","background-repeat":"repeat","background-position":"center center","background-size":"auto","background-attachment":"scroll","background-type":"","background-media":"","overlay-type":"","overlay-color":"","overlay-opacity":"","overlay-gradient":""}},"footnotes":""},"class_list":["post-24647","page","type-page","status-publish","hentry"],"yoast_head":"<!-- This site is optimized with the Yoast SEO Premium plugin v27.5 (Yoast SEO v27.5) - https:\/\/yoast.com\/product\/yoast-seo-premium-wordpress\/ -->\n<title>R\u00fcckgaberecht | Reusable-Molds<\/title>\n<meta name=\"robots\" content=\"noindex, follow\" \/>\n<meta property=\"og:locale\" content=\"de_DE\" \/>\n<meta property=\"og:type\" content=\"article\" \/>\n<meta property=\"og:title\" content=\"R\u00fcckgaberecht\" \/>\n<meta property=\"og:description\" content=\"R\u00fcckgaberecht R\u00fcckgaberecht Wir bei Reusable-Molds.com sind bestrebt, unseren Kunden den bestm\u00f6glichen Service zu bieten. Wenn Sie eine Bestellung zur\u00fcckgeben m\u00fcssen, sind wir hier, um diesen Prozess so einfach wie m\u00f6glich zu gestalten. Wenn Sie Fragen haben, wenden Sie sich bitte an unser Team unter info@reusable-molds.com, bevor Sie eine R\u00fccksendung vornehmen. Ma\u00dfgeschneiderte Produkte Produkte, die nach [&hellip;]\" \/>\n<meta property=\"og:url\" content=\"https:\/\/reusable-molds.com\/de\/returns-policy\/\" \/>\n<meta property=\"og:site_name\" content=\"Reusable-Molds\" \/>\n<meta property=\"article:publisher\" content=\"https:\/\/m.facebook.com\/River-tableses-100870435264214\/?ref=bookmarks\" \/>\n<meta property=\"article:modified_time\" content=\"2026-04-24T11:59:46+00:00\" \/>\n<meta name=\"twitter:card\" content=\"summary_large_image\" \/>\n<meta name=\"twitter:label1\" content=\"Gesch\u00e4tzte Lesezeit\" \/>\n\t<meta name=\"twitter:data1\" content=\"2\u00a0Minute\" \/>\n<script type=\"application\/ld+json\" class=\"yoast-schema-graph\">{\"@context\":\"https:\\\/\\\/schema.org\",\"@graph\":[{\"@type\":\"WebPage\",\"@id\":\"https:\\\/\\\/reusable-molds.com\\\/de\\\/returns-policy\\\/\",\"url\":\"https:\\\/\\\/reusable-molds.com\\\/de\\\/returns-policy\\\/\",\"name\":\"R\u00fcckgaberecht | Reusable-Molds\",\"isPartOf\":{\"@id\":\"https:\\\/\\\/reusable-molds.com\\\/de\\\/#website\"},\"datePublished\":\"2022-05-19T11:29:25+00:00\",\"dateModified\":\"2026-04-24T11:59:46+00:00\",\"breadcrumb\":{\"@id\":\"https:\\\/\\\/reusable-molds.com\\\/de\\\/returns-policy\\\/#breadcrumb\"},\"inLanguage\":\"de\",\"potentialAction\":[{\"@type\":\"ReadAction\",\"target\":[\"https:\\\/\\\/reusable-molds.com\\\/de\\\/returns-policy\\\/\"]}]},{\"@type\":\"BreadcrumbList\",\"@id\":\"https:\\\/\\\/reusable-molds.com\\\/de\\\/returns-policy\\\/#breadcrumb\",\"itemListElement\":[{\"@type\":\"ListItem\",\"position\":1,\"name\":\"Home\",\"item\":\"https:\\\/\\\/reusable-molds.com\\\/de\\\/\"},{\"@type\":\"ListItem\",\"position\":2,\"name\":\"R\u00fcckgaberecht\"}]},{\"@type\":\"WebSite\",\"@id\":\"https:\\\/\\\/reusable-molds.com\\\/de\\\/#website\",\"url\":\"https:\\\/\\\/reusable-molds.com\\\/de\\\/\",\"name\":\"Reusable-Molds.com\",\"description\":\"Reusable-Molds.com\",\"publisher\":{\"@id\":\"https:\\\/\\\/reusable-molds.com\\\/de\\\/#organization\"},\"potentialAction\":[{\"@type\":\"SearchAction\",\"target\":{\"@type\":\"EntryPoint\",\"urlTemplate\":\"https:\\\/\\\/reusable-molds.com\\\/de\\\/?s={search_term_string}\"},\"query-input\":{\"@type\":\"PropertyValueSpecification\",\"valueRequired\":true,\"valueName\":\"search_term_string\"}}],\"inLanguage\":\"de\"},{\"@type\":\"Organization\",\"@id\":\"https:\\\/\\\/reusable-molds.com\\\/de\\\/#organization\",\"name\":\"reusable-molds.com\",\"url\":\"https:\\\/\\\/reusable-molds.com\\\/de\\\/\",\"logo\":{\"@type\":\"ImageObject\",\"inLanguage\":\"de\",\"@id\":\"https:\\\/\\\/reusable-molds.com\\\/de\\\/#\\\/schema\\\/logo\\\/image\\\/\",\"url\":\"https:\\\/\\\/reusable-molds.com\\\/wp-content\\\/uploads\\\/2025\\\/03\\\/ReusableMolds-LOGO-NEW-1000-x-1000.jpg\",\"contentUrl\":\"https:\\\/\\\/reusable-molds.com\\\/wp-content\\\/uploads\\\/2025\\\/03\\\/ReusableMolds-LOGO-NEW-1000-x-1000.jpg\",\"width\":1000,\"height\":1000,\"caption\":\"reusable-molds.com\"},\"image\":{\"@id\":\"https:\\\/\\\/reusable-molds.com\\\/de\\\/#\\\/schema\\\/logo\\\/image\\\/\"},\"sameAs\":[\"https:\\\/\\\/m.facebook.com\\\/River-tableses-100870435264214\\\/?ref=bookmarks\",\"https:\\\/\\\/www.instagram.com\\\/reusable-molds.com\\\/\",\"https:\\\/\\\/www.youtube.com\\\/channel\\\/UCZ5_4JQkGQ0jsz-ROdC9v1g\"]}]}<\/script>\n<!-- \/ Yoast SEO Premium plugin. -->","yoast_head_json":{"title":"R\u00fcckgaberecht | Reusable-Molds","robots":{"index":"noindex","follow":"follow"},"og_locale":"de_DE","og_type":"article","og_title":"R\u00fcckgaberecht","og_description":"R\u00fcckgaberecht R\u00fcckgaberecht Wir bei Reusable-Molds.com sind bestrebt, unseren Kunden den bestm\u00f6glichen Service zu bieten. Wenn Sie eine Bestellung zur\u00fcckgeben m\u00fcssen, sind wir hier, um diesen Prozess so einfach wie m\u00f6glich zu gestalten. Wenn Sie Fragen haben, wenden Sie sich bitte an unser Team unter info@reusable-molds.com, bevor Sie eine R\u00fccksendung vornehmen. Ma\u00dfgeschneiderte Produkte Produkte, die nach [&hellip;]","og_url":"https:\/\/reusable-molds.com\/de\/returns-policy\/","og_site_name":"Reusable-Molds","article_publisher":"https:\/\/m.facebook.com\/River-tableses-100870435264214\/?ref=bookmarks","article_modified_time":"2026-04-24T11:59:46+00:00","twitter_card":"summary_large_image","twitter_misc":{"Gesch\u00e4tzte Lesezeit":"2\u00a0Minute"},"schema":{"@context":"https:\/\/schema.org","@graph":[{"@type":"WebPage","@id":"https:\/\/reusable-molds.com\/de\/returns-policy\/","url":"https:\/\/reusable-molds.com\/de\/returns-policy\/","name":"R\u00fcckgaberecht | Reusable-Molds","isPartOf":{"@id":"https:\/\/reusable-molds.com\/de\/#website"},"datePublished":"2022-05-19T11:29:25+00:00","dateModified":"2026-04-24T11:59:46+00:00","breadcrumb":{"@id":"https:\/\/reusable-molds.com\/de\/returns-policy\/#breadcrumb"},"inLanguage":"de","potentialAction":[{"@type":"ReadAction","target":["https:\/\/reusable-molds.com\/de\/returns-policy\/"]}]},{"@type":"BreadcrumbList","@id":"https:\/\/reusable-molds.com\/de\/returns-policy\/#breadcrumb","itemListElement":[{"@type":"ListItem","position":1,"name":"Home","item":"https:\/\/reusable-molds.com\/de\/"},{"@type":"ListItem","position":2,"name":"R\u00fcckgaberecht"}]},{"@type":"WebSite","@id":"https:\/\/reusable-molds.com\/de\/#website","url":"https:\/\/reusable-molds.com\/de\/","name":"Reusable-Molds.com","description":"Reusable-Molds.com","publisher":{"@id":"https:\/\/reusable-molds.com\/de\/#organization"},"potentialAction":[{"@type":"SearchAction","target":{"@type":"EntryPoint","urlTemplate":"https:\/\/reusable-molds.com\/de\/?s={search_term_string}"},"query-input":{"@type":"PropertyValueSpecification","valueRequired":true,"valueName":"search_term_string"}}],"inLanguage":"de"},{"@type":"Organization","@id":"https:\/\/reusable-molds.com\/de\/#organization","name":"reusable-molds.com","url":"https:\/\/reusable-molds.com\/de\/","logo":{"@type":"ImageObject","inLanguage":"de","@id":"https:\/\/reusable-molds.com\/de\/#\/schema\/logo\/image\/","url":"https:\/\/reusable-molds.com\/wp-content\/uploads\/2025\/03\/ReusableMolds-LOGO-NEW-1000-x-1000.jpg","contentUrl":"https:\/\/reusable-molds.com\/wp-content\/uploads\/2025\/03\/ReusableMolds-LOGO-NEW-1000-x-1000.jpg","width":1000,"height":1000,"caption":"reusable-molds.com"},"image":{"@id":"https:\/\/reusable-molds.com\/de\/#\/schema\/logo\/image\/"},"sameAs":["https:\/\/m.facebook.com\/River-tableses-100870435264214\/?ref=bookmarks","https:\/\/www.instagram.com\/reusable-molds.com\/","https:\/\/www.youtube.com\/channel\/UCZ5_4JQkGQ0jsz-ROdC9v1g"]}]}},"_links":{"self":[{"href":"https:\/\/reusable-molds.com\/de\/wp-json\/wp\/v2\/pages\/24647","targetHints":{"allow":["GET"]}}],"collection":[{"href":"https:\/\/reusable-molds.com\/de\/wp-json\/wp\/v2\/pages"}],"about":[{"href":"https:\/\/reusable-molds.com\/de\/wp-json\/wp\/v2\/types\/page"}],"author":[{"embeddable":true,"href":"https:\/\/reusable-molds.com\/de\/wp-json\/wp\/v2\/users\/3"}],"replies":[{"embeddable":true,"href":"https:\/\/reusable-molds.com\/de\/wp-json\/wp\/v2\/comments?post=24647"}],"version-history":[{"count":5,"href":"https:\/\/reusable-molds.com\/de\/wp-json\/wp\/v2\/pages\/24647\/revisions"}],"predecessor-version":[{"id":32827,"href":"https:\/\/reusable-molds.com\/de\/wp-json\/wp\/v2\/pages\/24647\/revisions\/32827"}],"wp:attachment":[{"href":"https:\/\/reusable-molds.com\/de\/wp-json\/wp\/v2\/media?parent=24647"}],"curies":[{"name":"wp","href":"https:\/\/api.w.org\/{rel}","templated":true}]}}