{"id":24679,"date":"2022-05-25T08:46:16","date_gmt":"2022-05-25T06:46:16","guid":{"rendered":"https:\/\/reusable-molds.com\/shipping-policy\/"},"modified":"2025-02-11T17:49:05","modified_gmt":"2025-02-11T15:49:05","slug":"shipping-policy","status":"publish","type":"page","link":"https:\/\/reusable-molds.com\/de\/shipping-policy\/","title":{"rendered":"Versandbedingungen"},"content":{"rendered":"\t\t<div data-elementor-type=\"wp-page\" data-elementor-id=\"24679\" class=\"elementor elementor-24679 elementor-4625\" data-elementor-post-type=\"page\">\n\t\t\t\t\t\t<section class=\"elementor-section elementor-top-section elementor-element elementor-element-73fbf360 elementor-section-boxed elementor-section-height-default elementor-section-height-default\" data-id=\"73fbf360\" data-element_type=\"section\" data-e-type=\"section\">\n\t\t\t\t\t\t<div class=\"elementor-container elementor-column-gap-default\">\n\t\t\t\t\t<div class=\"elementor-column elementor-col-100 elementor-top-column elementor-element elementor-element-21564ff8\" data-id=\"21564ff8\" data-element_type=\"column\" data-e-type=\"column\">\n\t\t\t<div class=\"elementor-widget-wrap elementor-element-populated\">\n\t\t\t\t\t\t<div class=\"elementor-element elementor-element-7b783070 elementor-widget elementor-widget-heading\" data-id=\"7b783070\" data-element_type=\"widget\" data-e-type=\"widget\" data-widget_type=\"heading.default\">\n\t\t\t\t<div class=\"elementor-widget-container\">\n\t\t\t\t\t<h1 class=\"elementor-heading-title elementor-size-default\">Versandbedingungen<\/h1>\t\t\t\t<\/div>\n\t\t\t\t<\/div>\n\t\t\t\t<div class=\"elementor-element elementor-element-60fd5175 elementor-widget elementor-widget-text-editor\" data-id=\"60fd5175\" data-element_type=\"widget\" data-e-type=\"widget\" data-widget_type=\"text-editor.default\">\n\t\t\t\t<div class=\"elementor-widget-container\">\n\t\t\t\t\t\t\t\t\t<p>Unsere Versandrichtlinien wurden zuletzt am 20. Mai 2022 aktualisiert.<\/p>\n<p>Alle Bestellungen werden innerhalb von 3 bis 5 Werktagen bearbeitet. Bestellungen werden an Wochenenden oder Feiertagen nicht versendet.<\/p>\n<p>Alle Bestellungen, die von Montag bis Donnerstag nach 14 Uhr eingehen, gelten als am folgenden Tag aufgegeben. Alle Bestellungen, die nach 14 Uhr am Freitag eingehen, gelten als am folgenden Montag aufgegeben.<\/p>\n<p>Wenn wir ein hohes Auftragsvolumen haben, k\u00f6nnen sich die Sendungen um ein paar Tage verz\u00f6gern. Bitte rechnen Sie mit zus\u00e4tzlichen Tagen f\u00fcr die Lieferung. Wenn es zu einer erheblichen Verz\u00f6gerung beim Versand Ihrer Bestellung kommt, werden wir Sie per E-Mail oder Telefon kontaktieren.<\/p>\n<h2>Versandtarife<\/h2>\n<p>Alle Bestellungen innerhalb Spaniens (Festland) werden kostenlos geliefert.<\/p>\n<p>Alle anderen Versandtarife finden Sie auf der Checkout-Seite unserer Website, nachdem ein Artikel ausgew\u00e4hlt und die Lieferadresse eingegeben wurde.<\/p>\n<p>Sie erhalten eine Versandbest\u00e4tigung per E-Mail, sobald Ihre Bestellung versendet wurde, einschlie\u00dflich Ihrer(n) Sendungsverfolgungsnummer(n). Die Sendungsverfolgungsnummer wird innerhalb von 24 Stunden aktiv sein.<\/p>\n<h2>Zoll, Abgaben und Steuern<\/h2>\n<p>Reusable-molds.com ist nicht verantwortlich f\u00fcr Zoll- und Einfuhrsteuern, die auf Ihre Bestellung erhoben werden. Alle Geb\u00fchren, die w\u00e4hrend oder nach dem Versand erhoben werden, sind die Verantwortung des Kunden (Z\u00f6lle, Steuern).<\/p>\n<p>Die Verkaufssteuer (USt) wird gem\u00e4\u00df der Provinz oder dem Gebiet, in das der Artikel versendet wird, erhoben.<\/p>\n<h2>Sch\u00e4den<\/h2>\n<p>Falls Sie Ihre Bestellung besch\u00e4digt erhalten, bewahren Sie bitte alle Verpackungsmaterialien und besch\u00e4digten Waren auf und kontaktieren Sie uns umgehend.<\/p>\n<h2>Kontaktieren Sie uns<\/h2>\n<p>Wenn Sie Fragen zu dieser Versandrichtlinie haben, k\u00f6nnen Sie uns kontaktieren:<\/p>\n<p>Indem Sie diese Seite auf unserer Website besuchen: www.reusable-molds.com<\/p>\n<p>Indem Sie uns eine E-Mail senden an: info@reusable-molds.com<\/p>\n<h3>1. Allgemeine Informationen<\/h3>\n<p>Alle Bestellungen unterliegen der Verf\u00fcgbarkeit des Produkts. Wenn ein Artikel zum Zeitpunkt Ihrer Bestellung nicht auf Lager ist, werden wir Sie benachrichtigen und einen neuen Versandtermin f\u00fcr Ihre Bestellung vereinbaren oder Ihnen den Gesamtbetrag Ihrer Bestellung mit der urspr\u00fcnglichen Zahlungsmethode zur\u00fcckerstatten.&nbsp;<\/p>\n<h3>2. Lieferzeit<\/h3>\n<p>Das Lieferdatum kann aufgrund der Versandpraktiken des Spediteurs, des Lieferorts, der Liefermethode und der bestellten Artikel variieren. Produkte k\u00f6nnen auch in separaten Sendungen geliefert werden.<\/p>\n<p>Wir k\u00f6nnen keine Verantwortung f\u00fcr Verz\u00f6gerungen \u00fcbernehmen, die durch den Kurier verursacht werden.<\/p>\n<h3>3. Lieferanweisungen<\/h3>\n<p>Sie k\u00f6nnen spezielle Lieferanweisungen auf der Checkout-Seite unserer Website angeben.<\/p>\n<h3>4. Fragen<\/h3>\n<p>Wenn Sie Fragen zur Lieferung und Versand oder zu Ihrer Bestellung haben, kontaktieren Sie uns bitte unter:&nbsp;&nbsp;&nbsp;&nbsp;<\/p>\n<p>info@reusable-molds.com<\/p>\n<h3>6. FALSCHE ODER UNVOLLST\u00c4NDIGE ADRESSE:<\/h3>\n<p>Wenn Ihr Paket aufgrund einer falschen oder unvollst\u00e4ndigen Adresse an uns zur\u00fcckgeschickt wird, m\u00fcssen Sie alle Lieferkosten f\u00fcr die erneute Lieferung Ihrer Bestellung an die korrigierte Adresse bezahlen. Wir sind nicht verantwortlich f\u00fcr den Verlust Ihrer Bestellung, wenn die beim Checkout angegebene Adresse unvollst\u00e4ndig oder falsch ist.<\/p>\t\t\t\t\t\t\t\t<\/div>\n\t\t\t\t<\/div>\n\t\t\t\t\t<\/div>\n\t\t<\/div>\n\t\t\t\t\t<\/div>\n\t\t<\/section>\n\t\t\t\t<\/div>\n\t\t","protected":false},"excerpt":{"rendered":"<p>Versandbedingungen Unsere Versandrichtlinien wurden zuletzt am 20. Mai 2022 aktualisiert. Alle Bestellungen werden innerhalb von 3 bis 5 Werktagen bearbeitet. Bestellungen werden an Wochenenden oder Feiertagen nicht versendet. Alle Bestellungen, die von Montag bis Donnerstag nach 14 Uhr eingehen, gelten als am folgenden Tag aufgegeben. Alle Bestellungen, die nach 14 Uhr am Freitag eingehen, gelten [&hellip;]<\/p>\n","protected":false},"author":3,"featured_media":0,"parent":0,"menu_order":0,"comment_status":"closed","ping_status":"closed","template":"","meta":{"site-sidebar-layout":"no-sidebar","site-content-layout":"page-builder","ast-site-content-layout":"default","site-content-style":"default","site-sidebar-style":"default","ast-global-header-display":"","ast-banner-title-visibility":"","ast-main-header-display":"","ast-hfb-above-header-display":"","ast-hfb-below-header-display":"","ast-hfb-mobile-header-display":"","site-post-title":"disabled","ast-breadcrumbs-content":"","ast-featured-img":"disabled","footer-sml-layout":"","ast-disable-related-posts":"","theme-transparent-header-meta":"","adv-header-id-meta":"","stick-header-meta":"","header-above-stick-meta":"","header-main-stick-meta":"","header-below-stick-meta":"","astra-migrate-meta-layouts":"default","ast-page-background-enabled":"default","ast-page-background-meta":{"desktop":{"background-color":"var(--ast-global-color-4)","background-image":"","background-repeat":"repeat","background-position":"center center","background-size":"auto","background-attachment":"scroll","background-type":"","background-media":"","overlay-type":"","overlay-color":"","overlay-opacity":"","overlay-gradient":""},"tablet":{"background-color":"","background-image":"","background-repeat":"repeat","background-position":"center center","background-size":"auto","background-attachment":"scroll","background-type":"","background-media":"","overlay-type":"","overlay-color":"","overlay-opacity":"","overlay-gradient":""},"mobile":{"background-color":"","background-image":"","background-repeat":"repeat","background-position":"center center","background-size":"auto","background-attachment":"scroll","background-type":"","background-media":"","overlay-type":"","overlay-color":"","overlay-opacity":"","overlay-gradient":""}},"ast-content-background-meta":{"desktop":{"background-color":"var(--ast-global-color-5)","background-image":"","background-repeat":"repeat","background-position":"center center","background-size":"auto","background-attachment":"scroll","background-type":"","background-media":"","overlay-type":"","overlay-color":"","overlay-opacity":"","overlay-gradient":""},"tablet":{"background-color":"var(--ast-global-color-5)","background-image":"","background-repeat":"repeat","background-position":"center center","background-size":"auto","background-attachment":"scroll","background-type":"","background-media":"","overlay-type":"","overlay-color":"","overlay-opacity":"","overlay-gradient":""},"mobile":{"background-color":"var(--ast-global-color-5)","background-image":"","background-repeat":"repeat","background-position":"center center","background-size":"auto","background-attachment":"scroll","background-type":"","background-media":"","overlay-type":"","overlay-color":"","overlay-opacity":"","overlay-gradient":""}},"footnotes":""},"class_list":["post-24679","page","type-page","status-publish","hentry"],"yoast_head":"<!-- This site is optimized with the Yoast SEO Premium plugin v27.5 (Yoast SEO v27.5) - https:\/\/yoast.com\/product\/yoast-seo-premium-wordpress\/ -->\n<title>Versandbedingungen | Reusable-Molds<\/title>\n<meta name=\"robots\" content=\"index, follow, max-snippet:-1, max-image-preview:large, max-video-preview:-1\" \/>\n<link rel=\"canonical\" href=\"https:\/\/reusable-molds.com\/de\/shipping-policy\/\" \/>\n<meta property=\"og:locale\" content=\"de_DE\" \/>\n<meta property=\"og:type\" content=\"article\" \/>\n<meta property=\"og:title\" content=\"Versandbedingungen\" \/>\n<meta property=\"og:description\" content=\"Versandbedingungen Unsere Versandrichtlinien wurden zuletzt am 20. Mai 2022 aktualisiert. Alle Bestellungen werden innerhalb von 3 bis 5 Werktagen bearbeitet. Bestellungen werden an Wochenenden oder Feiertagen nicht versendet. Alle Bestellungen, die von Montag bis Donnerstag nach 14 Uhr eingehen, gelten als am folgenden Tag aufgegeben. Alle Bestellungen, die nach 14 Uhr am Freitag eingehen, gelten [&hellip;]\" \/>\n<meta property=\"og:url\" content=\"https:\/\/reusable-molds.com\/de\/shipping-policy\/\" \/>\n<meta property=\"og:site_name\" content=\"Reusable-Molds\" \/>\n<meta property=\"article:publisher\" content=\"https:\/\/m.facebook.com\/River-tableses-100870435264214\/?ref=bookmarks\" \/>\n<meta property=\"article:modified_time\" content=\"2025-02-11T15:49:05+00:00\" \/>\n<meta name=\"twitter:card\" content=\"summary_large_image\" \/>\n<meta name=\"twitter:label1\" content=\"Gesch\u00e4tzte Lesezeit\" \/>\n\t<meta name=\"twitter:data1\" content=\"2\u00a0Minute\" \/>\n<script type=\"application\/ld+json\" class=\"yoast-schema-graph\">{\"@context\":\"https:\\\/\\\/schema.org\",\"@graph\":[{\"@type\":\"WebPage\",\"@id\":\"https:\\\/\\\/reusable-molds.com\\\/de\\\/shipping-policy\\\/\",\"url\":\"https:\\\/\\\/reusable-molds.com\\\/de\\\/shipping-policy\\\/\",\"name\":\"Versandbedingungen | Reusable-Molds\",\"isPartOf\":{\"@id\":\"https:\\\/\\\/reusable-molds.com\\\/de\\\/#website\"},\"datePublished\":\"2022-05-25T06:46:16+00:00\",\"dateModified\":\"2025-02-11T15:49:05+00:00\",\"breadcrumb\":{\"@id\":\"https:\\\/\\\/reusable-molds.com\\\/de\\\/shipping-policy\\\/#breadcrumb\"},\"inLanguage\":\"de\",\"potentialAction\":[{\"@type\":\"ReadAction\",\"target\":[\"https:\\\/\\\/reusable-molds.com\\\/de\\\/shipping-policy\\\/\"]}]},{\"@type\":\"BreadcrumbList\",\"@id\":\"https:\\\/\\\/reusable-molds.com\\\/de\\\/shipping-policy\\\/#breadcrumb\",\"itemListElement\":[{\"@type\":\"ListItem\",\"position\":1,\"name\":\"Home\",\"item\":\"https:\\\/\\\/reusable-molds.com\\\/de\\\/\"},{\"@type\":\"ListItem\",\"position\":2,\"name\":\"Versandbedingungen\"}]},{\"@type\":\"WebSite\",\"@id\":\"https:\\\/\\\/reusable-molds.com\\\/de\\\/#website\",\"url\":\"https:\\\/\\\/reusable-molds.com\\\/de\\\/\",\"name\":\"Reusable-Molds.com\",\"description\":\"Reusable-Molds.com\",\"publisher\":{\"@id\":\"https:\\\/\\\/reusable-molds.com\\\/de\\\/#organization\"},\"potentialAction\":[{\"@type\":\"SearchAction\",\"target\":{\"@type\":\"EntryPoint\",\"urlTemplate\":\"https:\\\/\\\/reusable-molds.com\\\/de\\\/?s={search_term_string}\"},\"query-input\":{\"@type\":\"PropertyValueSpecification\",\"valueRequired\":true,\"valueName\":\"search_term_string\"}}],\"inLanguage\":\"de\"},{\"@type\":\"Organization\",\"@id\":\"https:\\\/\\\/reusable-molds.com\\\/de\\\/#organization\",\"name\":\"reusable-molds.com\",\"url\":\"https:\\\/\\\/reusable-molds.com\\\/de\\\/\",\"logo\":{\"@type\":\"ImageObject\",\"inLanguage\":\"de\",\"@id\":\"https:\\\/\\\/reusable-molds.com\\\/de\\\/#\\\/schema\\\/logo\\\/image\\\/\",\"url\":\"https:\\\/\\\/reusable-molds.com\\\/wp-content\\\/uploads\\\/2025\\\/03\\\/ReusableMolds-LOGO-NEW-1000-x-1000.jpg\",\"contentUrl\":\"https:\\\/\\\/reusable-molds.com\\\/wp-content\\\/uploads\\\/2025\\\/03\\\/ReusableMolds-LOGO-NEW-1000-x-1000.jpg\",\"width\":1000,\"height\":1000,\"caption\":\"reusable-molds.com\"},\"image\":{\"@id\":\"https:\\\/\\\/reusable-molds.com\\\/de\\\/#\\\/schema\\\/logo\\\/image\\\/\"},\"sameAs\":[\"https:\\\/\\\/m.facebook.com\\\/River-tableses-100870435264214\\\/?ref=bookmarks\",\"https:\\\/\\\/www.instagram.com\\\/reusable-molds.com\\\/\",\"https:\\\/\\\/www.youtube.com\\\/channel\\\/UCZ5_4JQkGQ0jsz-ROdC9v1g\"]}]}<\/script>\n<!-- \/ Yoast SEO Premium plugin. -->","yoast_head_json":{"title":"Versandbedingungen | Reusable-Molds","robots":{"index":"index","follow":"follow","max-snippet":"max-snippet:-1","max-image-preview":"max-image-preview:large","max-video-preview":"max-video-preview:-1"},"canonical":"https:\/\/reusable-molds.com\/de\/shipping-policy\/","og_locale":"de_DE","og_type":"article","og_title":"Versandbedingungen","og_description":"Versandbedingungen Unsere Versandrichtlinien wurden zuletzt am 20. Mai 2022 aktualisiert. Alle Bestellungen werden innerhalb von 3 bis 5 Werktagen bearbeitet. Bestellungen werden an Wochenenden oder Feiertagen nicht versendet. Alle Bestellungen, die von Montag bis Donnerstag nach 14 Uhr eingehen, gelten als am folgenden Tag aufgegeben. Alle Bestellungen, die nach 14 Uhr am Freitag eingehen, gelten [&hellip;]","og_url":"https:\/\/reusable-molds.com\/de\/shipping-policy\/","og_site_name":"Reusable-Molds","article_publisher":"https:\/\/m.facebook.com\/River-tableses-100870435264214\/?ref=bookmarks","article_modified_time":"2025-02-11T15:49:05+00:00","twitter_card":"summary_large_image","twitter_misc":{"Gesch\u00e4tzte Lesezeit":"2\u00a0Minute"},"schema":{"@context":"https:\/\/schema.org","@graph":[{"@type":"WebPage","@id":"https:\/\/reusable-molds.com\/de\/shipping-policy\/","url":"https:\/\/reusable-molds.com\/de\/shipping-policy\/","name":"Versandbedingungen | Reusable-Molds","isPartOf":{"@id":"https:\/\/reusable-molds.com\/de\/#website"},"datePublished":"2022-05-25T06:46:16+00:00","dateModified":"2025-02-11T15:49:05+00:00","breadcrumb":{"@id":"https:\/\/reusable-molds.com\/de\/shipping-policy\/#breadcrumb"},"inLanguage":"de","potentialAction":[{"@type":"ReadAction","target":["https:\/\/reusable-molds.com\/de\/shipping-policy\/"]}]},{"@type":"BreadcrumbList","@id":"https:\/\/reusable-molds.com\/de\/shipping-policy\/#breadcrumb","itemListElement":[{"@type":"ListItem","position":1,"name":"Home","item":"https:\/\/reusable-molds.com\/de\/"},{"@type":"ListItem","position":2,"name":"Versandbedingungen"}]},{"@type":"WebSite","@id":"https:\/\/reusable-molds.com\/de\/#website","url":"https:\/\/reusable-molds.com\/de\/","name":"Reusable-Molds.com","description":"Reusable-Molds.com","publisher":{"@id":"https:\/\/reusable-molds.com\/de\/#organization"},"potentialAction":[{"@type":"SearchAction","target":{"@type":"EntryPoint","urlTemplate":"https:\/\/reusable-molds.com\/de\/?s={search_term_string}"},"query-input":{"@type":"PropertyValueSpecification","valueRequired":true,"valueName":"search_term_string"}}],"inLanguage":"de"},{"@type":"Organization","@id":"https:\/\/reusable-molds.com\/de\/#organization","name":"reusable-molds.com","url":"https:\/\/reusable-molds.com\/de\/","logo":{"@type":"ImageObject","inLanguage":"de","@id":"https:\/\/reusable-molds.com\/de\/#\/schema\/logo\/image\/","url":"https:\/\/reusable-molds.com\/wp-content\/uploads\/2025\/03\/ReusableMolds-LOGO-NEW-1000-x-1000.jpg","contentUrl":"https:\/\/reusable-molds.com\/wp-content\/uploads\/2025\/03\/ReusableMolds-LOGO-NEW-1000-x-1000.jpg","width":1000,"height":1000,"caption":"reusable-molds.com"},"image":{"@id":"https:\/\/reusable-molds.com\/de\/#\/schema\/logo\/image\/"},"sameAs":["https:\/\/m.facebook.com\/River-tableses-100870435264214\/?ref=bookmarks","https:\/\/www.instagram.com\/reusable-molds.com\/","https:\/\/www.youtube.com\/channel\/UCZ5_4JQkGQ0jsz-ROdC9v1g"]}]}},"_links":{"self":[{"href":"https:\/\/reusable-molds.com\/de\/wp-json\/wp\/v2\/pages\/24679","targetHints":{"allow":["GET"]}}],"collection":[{"href":"https:\/\/reusable-molds.com\/de\/wp-json\/wp\/v2\/pages"}],"about":[{"href":"https:\/\/reusable-molds.com\/de\/wp-json\/wp\/v2\/types\/page"}],"author":[{"embeddable":true,"href":"https:\/\/reusable-molds.com\/de\/wp-json\/wp\/v2\/users\/3"}],"replies":[{"embeddable":true,"href":"https:\/\/reusable-molds.com\/de\/wp-json\/wp\/v2\/comments?post=24679"}],"version-history":[{"count":0,"href":"https:\/\/reusable-molds.com\/de\/wp-json\/wp\/v2\/pages\/24679\/revisions"}],"wp:attachment":[{"href":"https:\/\/reusable-molds.com\/de\/wp-json\/wp\/v2\/media?parent=24679"}],"curies":[{"name":"wp","href":"https:\/\/api.w.org\/{rel}","templated":true}]}}