{"id":24703,"date":"2022-05-19T13:31:27","date_gmt":"2022-05-19T11:31:27","guid":{"rendered":"https:\/\/reusable-molds.com\/terms-and-conditions\/"},"modified":"2026-03-15T06:29:17","modified_gmt":"2026-03-15T04:29:17","slug":"terms-and-conditions","status":"publish","type":"page","link":"https:\/\/reusable-molds.com\/de\/terms-and-conditions\/","title":{"rendered":"Bedingungen &amp; Konditionen"},"content":{"rendered":"\t\t<div data-elementor-type=\"wp-page\" data-elementor-id=\"24703\" class=\"elementor elementor-24703 elementor-4333\" data-elementor-post-type=\"page\">\n\t\t\t\t\t\t<section class=\"elementor-section elementor-top-section elementor-element elementor-element-5c2c10c elementor-section-boxed elementor-section-height-default elementor-section-height-default\" data-id=\"5c2c10c\" data-element_type=\"section\" data-e-type=\"section\">\n\t\t\t\t\t\t<div class=\"elementor-container elementor-column-gap-default\">\n\t\t\t\t\t<div class=\"elementor-column elementor-col-100 elementor-top-column elementor-element elementor-element-32cda1bb\" data-id=\"32cda1bb\" data-element_type=\"column\" data-e-type=\"column\">\n\t\t\t<div class=\"elementor-widget-wrap elementor-element-populated\">\n\t\t\t\t\t\t<div class=\"elementor-element elementor-element-352b96cf elementor-widget elementor-widget-heading\" data-id=\"352b96cf\" data-element_type=\"widget\" data-e-type=\"widget\" data-widget_type=\"heading.default\">\n\t\t\t\t<div class=\"elementor-widget-container\">\n\t\t\t\t\t<h1 class=\"elementor-heading-title elementor-size-default\"><h1 data-elementor-setting-key=\"title\" data-pen-placeholder=\"Type Here...\" style=\"font-size: 3.46667rem;font-style: normal\">Bedingungen &amp; Konditionen<\/h1><\/h1>\t\t\t\t<\/div>\n\t\t\t\t<\/div>\n\t\t\t\t<div class=\"elementor-element elementor-element-740216a9 elementor-widget elementor-widget-text-editor\" data-id=\"740216a9\" data-element_type=\"widget\" data-e-type=\"widget\" data-widget_type=\"text-editor.default\">\n\t\t\t\t<div class=\"elementor-widget-container\">\n\t\t\t\t\t\t\t\t\t<p>Die auf dieser Seite aufgef\u00fchrten Bedingungen und Konditionen gelten f\u00fcr die Nutzung dieser Website. Indem Sie auf diese Website zugreifen und\/oder eine Bestellung aufgeben, erkl\u00e4ren Sie sich mit diesen Bestimmungen und Bedingungen einverstanden. Wenn Sie mit diesen Bedingungen nicht einverstanden sind, d\u00fcrfen Sie diese Website nicht nutzen oder darauf zugreifen.  <\/p>\n<p>Unsere Kontaktinformationen:<\/p>\n<p>28 Risborough Road, Stoke Mandeville, Bucks. HP22 5UT <\/p>\n<p>Telefon: +44 7377 187 266<\/p>\n<p>E-Mail: <a href=\"mailto:tatiana@rivertables.es\" style=\"font-size: 1rem; background-color: rgb(255, 255, 255); color: rgb(139, 195, 74); outline: 0px;\">tatiana@rivertables.es<\/a><\/p>\n<p>Angaben zur Registrierung des Unternehmens:<\/p>\n<p>Wiederverwendbare-formen.de<\/p>\n<p>28 Risborough Road, Stoke Mandeville, Bucks. HP22 5UT <\/p>\n<p>Einkaufen<\/p>\n<p>Einkaufen k\u00f6nnte nicht einfacher sein. St\u00f6bern Sie einfach in unserem Shop und legen Sie alle Artikel, die Sie kaufen m\u00f6chten, in Ihren Einkaufskorb. Sobald Sie Ihre Auswahl getroffen haben, klicken Sie auf &#8222;Zur Kasse gehen&#8220;. Sie werden dann um einige Angaben gebeten, die wir ben\u00f6tigen, um die Bestellung abzuschlie\u00dfen.   <\/p>\n<p>Wir akzeptieren Zahlungen mit Kredit- und Debitkarten sowie PayPal. F\u00fcr einige internationale Sendungen gelten Beschr\u00e4nkungen. <\/p>\n<p>Wenn Sie eine Auftragsbest\u00e4tigung erhalten, bedeutet dies, dass wir Ihre Bestellung erhalten haben. Sie bedeutet nicht, dass ein Vertrag zwischen uns besteht. Wir werden die Annahme Ihrer Bestellung und damit einen Vertrag zwischen uns anzeigen, wenn wir Ihnen eine Rechnung schicken. Wir haben diese Klausel aufgenommen, um uns f\u00fcr den Fall zu sch\u00fctzen, dass uns ein Fehler bei der Preisgestaltung unterlaufen ist, wir versehentlich einen zu niedrigen Preis angesetzt haben oder wir ein bestimmtes Produkt aus irgendeinem Grund nicht liefern k\u00f6nnen. Im Falle einer Preis\u00e4nderung werden wir Sie immer zuerst kontaktieren, um sicherzustellen, dass der Preis akzeptabel ist.    <\/p>\n<p>Lieferung<\/p>\n<p>Wir haben unsere Lieferbedingungen hier separat aufgef\u00fchrt.<\/p>\n<p>Steuern und Abgaben<\/p>\n<p>Wir sind nicht verantwortlich f\u00fcr Einfuhrz\u00f6lle, die f\u00fcr L\u00e4nder au\u00dferhalb der EU gelten.<\/p>\n<p>Sicherheit der Kreditkarte<\/p>\n<p>Wenn Sie eine Bestellung auf unserer Website aufgeben, m\u00fcssen Sie mit einer Kredit- oder Debitkarte und Paypal bezahlen. Diese Transaktion ist sicher und erf\u00fcllt alle erforderlichen Vorschriften. Wir arbeiten mit Drittanbietern zusammen, um die bestm\u00f6gliche Sicherheit sowohl f\u00fcr Online- als auch f\u00fcr Telefonbestellungen zu gew\u00e4hrleisten. Wir werden Ihre Kartendaten zu keinem Zeitpunkt speichern.   <\/p>\n<p>Garantie<\/p>\n<p>Wir garantieren Ihre Zufriedenheit. Auf alle unsere Produkte gew\u00e4hren wir eine 30-Tage-Garantie ohne Reklamationen. <\/p>\n<p>Erreichen Sie uns<\/p>\n<p>Wenn Sie uns erreichen m\u00f6chten, verwenden Sie bitte eine der folgenden Methoden:<\/p>\n<p>E-Mail: <a href=\"mailto:tatiana@rivertables.es\" style=\"font-size: 1rem; background-color: rgb(255, 255, 255); color: rgb(139, 195, 74); outline: 0px;\">tatiana@rivertables.es<\/a><\/p>\n<p>Telefon: +44 7377 187 266<\/p>\n<p>Datenschutz-Bestimmungen<\/p>\n<p>Wir haben unsere Datenschutzbestimmungen hier separat aufgef\u00fchrt.<\/p>\n<p>R\u00fcckgaberecht<\/p>\n<p>Wir haben unsere R\u00fcckgabebedingungen hier separat aufgef\u00fchrt.<\/p>\t\t\t\t\t\t\t\t<\/div>\n\t\t\t\t<\/div>\n\t\t\t\t\t<\/div>\n\t\t<\/div>\n\t\t\t\t\t<\/div>\n\t\t<\/section>\n\t\t\t\t<section class=\"elementor-section elementor-top-section elementor-element elementor-element-2194964 elementor-section-boxed elementor-section-height-default elementor-section-height-default\" data-id=\"2194964\" data-element_type=\"section\" data-e-type=\"section\">\n\t\t\t\t\t\t<div class=\"elementor-container elementor-column-gap-default\">\n\t\t\t\t\t<div class=\"elementor-column elementor-col-100 elementor-top-column elementor-element elementor-element-d9c3b6b\" data-id=\"d9c3b6b\" data-element_type=\"column\" data-e-type=\"column\">\n\t\t\t<div class=\"elementor-widget-wrap elementor-element-populated\">\n\t\t\t\t\t\t\t<\/div>\n\t\t<\/div>\n\t\t\t\t\t<\/div>\n\t\t<\/section>\n\t\t\t\t<\/div>\n\t\t","protected":false},"excerpt":{"rendered":"<p>Bedingungen &amp; Konditionen Die auf dieser Seite aufgef\u00fchrten Bedingungen und Konditionen gelten f\u00fcr die Nutzung dieser Website. Indem Sie auf diese Website zugreifen und\/oder eine Bestellung aufgeben, erkl\u00e4ren Sie sich mit diesen Bestimmungen und Bedingungen einverstanden. Wenn Sie mit diesen Bedingungen nicht einverstanden sind, d\u00fcrfen Sie diese Website nicht nutzen oder darauf zugreifen. Unsere Kontaktinformationen: [&hellip;]<\/p>\n","protected":false},"author":3,"featured_media":0,"parent":0,"menu_order":0,"comment_status":"closed","ping_status":"closed","template":"","meta":{"site-sidebar-layout":"no-sidebar","site-content-layout":"page-builder","ast-site-content-layout":"default","site-content-style":"default","site-sidebar-style":"default","ast-global-header-display":"","ast-banner-title-visibility":"","ast-main-header-display":"","ast-hfb-above-header-display":"","ast-hfb-below-header-display":"","ast-hfb-mobile-header-display":"","site-post-title":"disabled","ast-breadcrumbs-content":"","ast-featured-img":"disabled","footer-sml-layout":"","ast-disable-related-posts":"","theme-transparent-header-meta":"default","adv-header-id-meta":"","stick-header-meta":"default","header-above-stick-meta":"","header-main-stick-meta":"","header-below-stick-meta":"","astra-migrate-meta-layouts":"default","ast-page-background-enabled":"default","ast-page-background-meta":{"desktop":{"background-color":"var(--ast-global-color-4)","background-image":"","background-repeat":"repeat","background-position":"center center","background-size":"auto","background-attachment":"scroll","background-type":"","background-media":"","overlay-type":"","overlay-color":"","overlay-opacity":"","overlay-gradient":""},"tablet":{"background-color":"","background-image":"","background-repeat":"repeat","background-position":"center center","background-size":"auto","background-attachment":"scroll","background-type":"","background-media":"","overlay-type":"","overlay-color":"","overlay-opacity":"","overlay-gradient":""},"mobile":{"background-color":"","background-image":"","background-repeat":"repeat","background-position":"center center","background-size":"auto","background-attachment":"scroll","background-type":"","background-media":"","overlay-type":"","overlay-color":"","overlay-opacity":"","overlay-gradient":""}},"ast-content-background-meta":{"desktop":{"background-color":"var(--ast-global-color-5)","background-image":"","background-repeat":"repeat","background-position":"center center","background-size":"auto","background-attachment":"scroll","background-type":"","background-media":"","overlay-type":"","overlay-color":"","overlay-opacity":"","overlay-gradient":""},"tablet":{"background-color":"var(--ast-global-color-5)","background-image":"","background-repeat":"repeat","background-position":"center center","background-size":"auto","background-attachment":"scroll","background-type":"","background-media":"","overlay-type":"","overlay-color":"","overlay-opacity":"","overlay-gradient":""},"mobile":{"background-color":"var(--ast-global-color-5)","background-image":"","background-repeat":"repeat","background-position":"center center","background-size":"auto","background-attachment":"scroll","background-type":"","background-media":"","overlay-type":"","overlay-color":"","overlay-opacity":"","overlay-gradient":""}},"footnotes":""},"class_list":["post-24703","page","type-page","status-publish","hentry"],"yoast_head":"<!-- This site is optimized with the Yoast SEO Premium plugin v27.5 (Yoast SEO v27.5) - https:\/\/yoast.com\/product\/yoast-seo-premium-wordpress\/ -->\n<title>Bedingungen &amp; Konditionen | Reusable-Molds<\/title>\n<meta name=\"robots\" content=\"noindex, follow\" \/>\n<meta property=\"og:locale\" content=\"de_DE\" \/>\n<meta property=\"og:type\" content=\"article\" \/>\n<meta property=\"og:title\" content=\"Bedingungen &amp; Konditionen\" \/>\n<meta property=\"og:description\" content=\"Bedingungen &amp; Konditionen Die auf dieser Seite aufgef\u00fchrten Bedingungen und Konditionen gelten f\u00fcr die Nutzung dieser Website. Indem Sie auf diese Website zugreifen und\/oder eine Bestellung aufgeben, erkl\u00e4ren Sie sich mit diesen Bestimmungen und Bedingungen einverstanden. Wenn Sie mit diesen Bedingungen nicht einverstanden sind, d\u00fcrfen Sie diese Website nicht nutzen oder darauf zugreifen. Unsere Kontaktinformationen: [&hellip;]\" \/>\n<meta property=\"og:url\" content=\"https:\/\/reusable-molds.com\/de\/terms-and-conditions\/\" \/>\n<meta property=\"og:site_name\" content=\"Reusable-Molds\" \/>\n<meta property=\"article:publisher\" content=\"https:\/\/m.facebook.com\/River-tableses-100870435264214\/?ref=bookmarks\" \/>\n<meta property=\"article:modified_time\" content=\"2026-03-15T04:29:17+00:00\" \/>\n<meta name=\"twitter:card\" content=\"summary_large_image\" \/>\n<meta name=\"twitter:label1\" content=\"Gesch\u00e4tzte Lesezeit\" \/>\n\t<meta name=\"twitter:data1\" content=\"2\u00a0Minute\" \/>\n<script type=\"application\/ld+json\" class=\"yoast-schema-graph\">{\"@context\":\"https:\\\/\\\/schema.org\",\"@graph\":[{\"@type\":\"WebPage\",\"@id\":\"https:\\\/\\\/reusable-molds.com\\\/de\\\/terms-and-conditions\\\/\",\"url\":\"https:\\\/\\\/reusable-molds.com\\\/de\\\/terms-and-conditions\\\/\",\"name\":\"Bedingungen &amp; Konditionen | Reusable-Molds\",\"isPartOf\":{\"@id\":\"https:\\\/\\\/reusable-molds.com\\\/de\\\/#website\"},\"datePublished\":\"2022-05-19T11:31:27+00:00\",\"dateModified\":\"2026-03-15T04:29:17+00:00\",\"breadcrumb\":{\"@id\":\"https:\\\/\\\/reusable-molds.com\\\/de\\\/terms-and-conditions\\\/#breadcrumb\"},\"inLanguage\":\"de\",\"potentialAction\":[{\"@type\":\"ReadAction\",\"target\":[\"https:\\\/\\\/reusable-molds.com\\\/de\\\/terms-and-conditions\\\/\"]}]},{\"@type\":\"BreadcrumbList\",\"@id\":\"https:\\\/\\\/reusable-molds.com\\\/de\\\/terms-and-conditions\\\/#breadcrumb\",\"itemListElement\":[{\"@type\":\"ListItem\",\"position\":1,\"name\":\"Home\",\"item\":\"https:\\\/\\\/reusable-molds.com\\\/de\\\/\"},{\"@type\":\"ListItem\",\"position\":2,\"name\":\"Bedingungen &amp; Konditionen\"}]},{\"@type\":\"WebSite\",\"@id\":\"https:\\\/\\\/reusable-molds.com\\\/de\\\/#website\",\"url\":\"https:\\\/\\\/reusable-molds.com\\\/de\\\/\",\"name\":\"Reusable-Molds.com\",\"description\":\"Reusable-Molds.com\",\"publisher\":{\"@id\":\"https:\\\/\\\/reusable-molds.com\\\/de\\\/#organization\"},\"potentialAction\":[{\"@type\":\"SearchAction\",\"target\":{\"@type\":\"EntryPoint\",\"urlTemplate\":\"https:\\\/\\\/reusable-molds.com\\\/de\\\/?s={search_term_string}\"},\"query-input\":{\"@type\":\"PropertyValueSpecification\",\"valueRequired\":true,\"valueName\":\"search_term_string\"}}],\"inLanguage\":\"de\"},{\"@type\":\"Organization\",\"@id\":\"https:\\\/\\\/reusable-molds.com\\\/de\\\/#organization\",\"name\":\"reusable-molds.com\",\"url\":\"https:\\\/\\\/reusable-molds.com\\\/de\\\/\",\"logo\":{\"@type\":\"ImageObject\",\"inLanguage\":\"de\",\"@id\":\"https:\\\/\\\/reusable-molds.com\\\/de\\\/#\\\/schema\\\/logo\\\/image\\\/\",\"url\":\"https:\\\/\\\/reusable-molds.com\\\/wp-content\\\/uploads\\\/2025\\\/03\\\/ReusableMolds-LOGO-NEW-1000-x-1000.jpg\",\"contentUrl\":\"https:\\\/\\\/reusable-molds.com\\\/wp-content\\\/uploads\\\/2025\\\/03\\\/ReusableMolds-LOGO-NEW-1000-x-1000.jpg\",\"width\":1000,\"height\":1000,\"caption\":\"reusable-molds.com\"},\"image\":{\"@id\":\"https:\\\/\\\/reusable-molds.com\\\/de\\\/#\\\/schema\\\/logo\\\/image\\\/\"},\"sameAs\":[\"https:\\\/\\\/m.facebook.com\\\/River-tableses-100870435264214\\\/?ref=bookmarks\",\"https:\\\/\\\/www.instagram.com\\\/reusable-molds.com\\\/\",\"https:\\\/\\\/www.youtube.com\\\/channel\\\/UCZ5_4JQkGQ0jsz-ROdC9v1g\"]}]}<\/script>\n<!-- \/ Yoast SEO Premium plugin. -->","yoast_head_json":{"title":"Bedingungen &amp; Konditionen | Reusable-Molds","robots":{"index":"noindex","follow":"follow"},"og_locale":"de_DE","og_type":"article","og_title":"Bedingungen &amp; Konditionen","og_description":"Bedingungen &amp; Konditionen Die auf dieser Seite aufgef\u00fchrten Bedingungen und Konditionen gelten f\u00fcr die Nutzung dieser Website. Indem Sie auf diese Website zugreifen und\/oder eine Bestellung aufgeben, erkl\u00e4ren Sie sich mit diesen Bestimmungen und Bedingungen einverstanden. Wenn Sie mit diesen Bedingungen nicht einverstanden sind, d\u00fcrfen Sie diese Website nicht nutzen oder darauf zugreifen. Unsere Kontaktinformationen: [&hellip;]","og_url":"https:\/\/reusable-molds.com\/de\/terms-and-conditions\/","og_site_name":"Reusable-Molds","article_publisher":"https:\/\/m.facebook.com\/River-tableses-100870435264214\/?ref=bookmarks","article_modified_time":"2026-03-15T04:29:17+00:00","twitter_card":"summary_large_image","twitter_misc":{"Gesch\u00e4tzte Lesezeit":"2\u00a0Minute"},"schema":{"@context":"https:\/\/schema.org","@graph":[{"@type":"WebPage","@id":"https:\/\/reusable-molds.com\/de\/terms-and-conditions\/","url":"https:\/\/reusable-molds.com\/de\/terms-and-conditions\/","name":"Bedingungen &amp; Konditionen | Reusable-Molds","isPartOf":{"@id":"https:\/\/reusable-molds.com\/de\/#website"},"datePublished":"2022-05-19T11:31:27+00:00","dateModified":"2026-03-15T04:29:17+00:00","breadcrumb":{"@id":"https:\/\/reusable-molds.com\/de\/terms-and-conditions\/#breadcrumb"},"inLanguage":"de","potentialAction":[{"@type":"ReadAction","target":["https:\/\/reusable-molds.com\/de\/terms-and-conditions\/"]}]},{"@type":"BreadcrumbList","@id":"https:\/\/reusable-molds.com\/de\/terms-and-conditions\/#breadcrumb","itemListElement":[{"@type":"ListItem","position":1,"name":"Home","item":"https:\/\/reusable-molds.com\/de\/"},{"@type":"ListItem","position":2,"name":"Bedingungen &amp; Konditionen"}]},{"@type":"WebSite","@id":"https:\/\/reusable-molds.com\/de\/#website","url":"https:\/\/reusable-molds.com\/de\/","name":"Reusable-Molds.com","description":"Reusable-Molds.com","publisher":{"@id":"https:\/\/reusable-molds.com\/de\/#organization"},"potentialAction":[{"@type":"SearchAction","target":{"@type":"EntryPoint","urlTemplate":"https:\/\/reusable-molds.com\/de\/?s={search_term_string}"},"query-input":{"@type":"PropertyValueSpecification","valueRequired":true,"valueName":"search_term_string"}}],"inLanguage":"de"},{"@type":"Organization","@id":"https:\/\/reusable-molds.com\/de\/#organization","name":"reusable-molds.com","url":"https:\/\/reusable-molds.com\/de\/","logo":{"@type":"ImageObject","inLanguage":"de","@id":"https:\/\/reusable-molds.com\/de\/#\/schema\/logo\/image\/","url":"https:\/\/reusable-molds.com\/wp-content\/uploads\/2025\/03\/ReusableMolds-LOGO-NEW-1000-x-1000.jpg","contentUrl":"https:\/\/reusable-molds.com\/wp-content\/uploads\/2025\/03\/ReusableMolds-LOGO-NEW-1000-x-1000.jpg","width":1000,"height":1000,"caption":"reusable-molds.com"},"image":{"@id":"https:\/\/reusable-molds.com\/de\/#\/schema\/logo\/image\/"},"sameAs":["https:\/\/m.facebook.com\/River-tableses-100870435264214\/?ref=bookmarks","https:\/\/www.instagram.com\/reusable-molds.com\/","https:\/\/www.youtube.com\/channel\/UCZ5_4JQkGQ0jsz-ROdC9v1g"]}]}},"_links":{"self":[{"href":"https:\/\/reusable-molds.com\/de\/wp-json\/wp\/v2\/pages\/24703","targetHints":{"allow":["GET"]}}],"collection":[{"href":"https:\/\/reusable-molds.com\/de\/wp-json\/wp\/v2\/pages"}],"about":[{"href":"https:\/\/reusable-molds.com\/de\/wp-json\/wp\/v2\/types\/page"}],"author":[{"embeddable":true,"href":"https:\/\/reusable-molds.com\/de\/wp-json\/wp\/v2\/users\/3"}],"replies":[{"embeddable":true,"href":"https:\/\/reusable-molds.com\/de\/wp-json\/wp\/v2\/comments?post=24703"}],"version-history":[{"count":2,"href":"https:\/\/reusable-molds.com\/de\/wp-json\/wp\/v2\/pages\/24703\/revisions"}],"predecessor-version":[{"id":31052,"href":"https:\/\/reusable-molds.com\/de\/wp-json\/wp\/v2\/pages\/24703\/revisions\/31052"}],"wp:attachment":[{"href":"https:\/\/reusable-molds.com\/de\/wp-json\/wp\/v2\/media?parent=24703"}],"curies":[{"name":"wp","href":"https:\/\/api.w.org\/{rel}","templated":true}]}}