{"id":30269,"date":"2026-03-10T15:46:58","date_gmt":"2026-03-10T13:46:58","guid":{"rendered":"https:\/\/reusable-molds.com\/epoxidharz-formen-2\/"},"modified":"2026-03-12T09:40:11","modified_gmt":"2026-03-12T07:40:11","slug":"epoxidharz-formen-2","status":"publish","type":"page","link":"https:\/\/reusable-molds.com\/de\/epoxidharz-formen-2\/","title":{"rendered":"Epoxidharz-Formen"},"content":{"rendered":"\t\t<div data-elementor-type=\"wp-page\" data-elementor-id=\"30269\" class=\"elementor elementor-30269 elementor-30235\" data-elementor-post-type=\"page\">\n\t\t\t\t\t\t<section class=\"elementor-section elementor-top-section elementor-element elementor-element-54124c9 elementor-section-boxed elementor-section-height-default elementor-section-height-default\" data-id=\"54124c9\" data-element_type=\"section\" data-e-type=\"section\">\n\t\t\t\t\t\t<div class=\"elementor-container elementor-column-gap-default\">\n\t\t\t\t\t<div class=\"elementor-column elementor-col-100 elementor-top-column elementor-element elementor-element-319ff9d\" data-id=\"319ff9d\" data-element_type=\"column\" data-e-type=\"column\">\n\t\t\t<div class=\"elementor-widget-wrap elementor-element-populated\">\n\t\t\t\t\t\t<div class=\"elementor-element elementor-element-c67e948 elementor-widget elementor-widget-heading\" data-id=\"c67e948\" data-element_type=\"widget\" data-e-type=\"widget\" data-widget_type=\"heading.default\">\n\t\t\t\t<div class=\"elementor-widget-container\">\n\t\t\t\t\t<h1 class=\"elementor-heading-title elementor-size-default\">Epoxidharz-Formen<\/h1>\t\t\t\t<\/div>\n\t\t\t\t<\/div>\n\t\t\t\t\t<\/div>\n\t\t<\/div>\n\t\t\t\t\t<\/div>\n\t\t<\/section>\n\t\t\t\t<section class=\"elementor-section elementor-top-section elementor-element elementor-element-ff8efbb elementor-section-boxed elementor-section-height-default elementor-section-height-default\" data-id=\"ff8efbb\" data-element_type=\"section\" data-e-type=\"section\">\n\t\t\t\t\t\t<div class=\"elementor-container elementor-column-gap-default\">\n\t\t\t\t\t<div class=\"elementor-column elementor-col-100 elementor-top-column elementor-element elementor-element-69fc135\" data-id=\"69fc135\" data-element_type=\"column\" data-e-type=\"column\">\n\t\t\t<div class=\"elementor-widget-wrap elementor-element-populated\">\n\t\t\t\t\t\t<div class=\"elementor-element elementor-element-19bd375 elementor-widget elementor-widget-text-editor\" data-id=\"19bd375\" data-element_type=\"widget\" data-e-type=\"widget\" data-widget_type=\"text-editor.default\">\n\t\t\t\t<div class=\"elementor-widget-container\">\n\t\t\t\t\t\t\t\t\t<p>Epoxidharzformen sind f\u00fcr die Herstellung hochwertiger Flusstische, Harzplatten und professioneller Gussteile unerl\u00e4sslich. Die Wahl des richtigen Formsystems beeinflusst die Gie\u00dfgenauigkeit, die Oberfl\u00e4chenbeschaffenheit und die langfristige Effizienz der Werkstatt. <\/p><p>Dieser Leitfaden erkl\u00e4rt die wichtigsten Aspekte von Epoxidharz-Formen, einschlie\u00dflich wiederverwendbarer Formenmaterialien, Entformungstechniken, Formenwartung und wie man gro\u00dfe Flusstischformen herstellt. Au\u00dferdem werden die Unterschiede zwischen Einweg- und wiederverwendbaren Formen erkl\u00e4rt und wie professionelle Werkst\u00e4tten die Produktion von Harztischen skalieren. <\/p>\t\t\t\t\t\t\t\t<\/div>\n\t\t\t\t<\/div>\n\t\t\t\t\t<\/div>\n\t\t<\/div>\n\t\t\t\t\t<\/div>\n\t\t<\/section>\n\t\t\t\t<section class=\"elementor-section elementor-top-section elementor-element elementor-element-cba10d6 elementor-section-boxed elementor-section-height-default elementor-section-height-default\" data-id=\"cba10d6\" data-element_type=\"section\" data-e-type=\"section\">\n\t\t\t\t\t\t<div class=\"elementor-container elementor-column-gap-default\">\n\t\t\t\t\t<div class=\"elementor-column elementor-col-100 elementor-top-column elementor-element elementor-element-82490ca\" data-id=\"82490ca\" data-element_type=\"column\" data-e-type=\"column\">\n\t\t\t<div class=\"elementor-widget-wrap elementor-element-populated\">\n\t\t\t\t\t\t<div class=\"elementor-element elementor-element-10116b0 elementor-widget elementor-widget-text-editor\" data-id=\"10116b0\" data-element_type=\"widget\" data-e-type=\"widget\" data-widget_type=\"text-editor.default\">\n\t\t\t\t<div class=\"elementor-widget-container\">\n\t\t\t\t\t\t\t\t\t<h2>Epoxidharz-Formenf\u00fchrer<\/h2><p><a href=\"https:\/\/reusable-molds.com\/de\/epoxidharz-schimmelpilzpflege-langzeitpflege-leitfaden\/\"><strong>Pflegeanleitung f\u00fcr Epoxidharzformen<\/strong><\/a><\/p><p><a href=\"https:\/\/reusable-molds.com\/de\/skalierung-eines-resin-tischgeschaefts-mit-wiederverwendbaren-gussformen\/\"><strong>Skalierung eines Harztischgesch\u00e4fts<\/strong><\/a><\/p><p><a href=\"https:\/\/reusable-molds.com\/de\/wie-man-eine-flusstischform-baut-und-warum-die-meisten-diy-formen-scheitern\/\"><strong>Wie man eine River Table Form baut<\/strong><\/a><\/p><p><a href=\"https:\/\/reusable-molds.com\/de\/bestes-material-fuer-epoxidharz-tischformen-kompletter-vergleich\/\"><strong>Bestes Material f\u00fcr Epoxidharzformen<\/strong><\/a><\/p><p><a href=\"https:\/\/reusable-molds.com\/de\/epoxidharz-in-der-form-stecken-geblieben-entformungsprobleme-erklaert\/\"><strong>Probleme bei der Entformung von Epoxidharzen<\/strong><\/a><\/p><p><a href=\"https:\/\/reusable-molds.com\/de\/wiederverwendbare-vs-einweg-harzformen-was-fachleute-verwenden\/\"><strong>Wiederverwendbare vs. Einweg-Harzformen<\/strong><\/a><\/p>\t\t\t\t\t\t\t\t<\/div>\n\t\t\t\t<\/div>\n\t\t\t\t\t<\/div>\n\t\t<\/div>\n\t\t\t\t\t<\/div>\n\t\t<\/section>\n\t\t\t\t<section class=\"elementor-section elementor-top-section elementor-element elementor-element-f06140e elementor-section-boxed elementor-section-height-default elementor-section-height-default\" data-id=\"f06140e\" data-element_type=\"section\" data-e-type=\"section\">\n\t\t\t\t\t\t<div class=\"elementor-container elementor-column-gap-default\">\n\t\t\t\t\t<div class=\"elementor-column elementor-col-100 elementor-top-column elementor-element elementor-element-d0f5e62\" data-id=\"d0f5e62\" data-element_type=\"column\" data-e-type=\"column\">\n\t\t\t<div class=\"elementor-widget-wrap elementor-element-populated\">\n\t\t\t\t\t\t<div class=\"elementor-element elementor-element-dfd43db elementor-widget elementor-widget-text-editor\" data-id=\"dfd43db\" data-element_type=\"widget\" data-e-type=\"widget\" data-widget_type=\"text-editor.default\">\n\t\t\t\t<div class=\"elementor-widget-container\">\n\t\t\t\t\t\t\t\t\t<h2>Professionelle Tischformen aus Epoxidharz<\/h2><p>Wenn Sie auf der Suche nach langlebigen Systemen sind, die f\u00fcr wiederholte Gie\u00dfvorg\u00e4nge ausgelegt sind, sollten Sie sich unsere professionellen <a href=\"https:\/\/reusable-molds.com\/de\/epoxidharz-formen\/\"><strong>Epoxidharz-Tischschalungen<\/strong><\/a>. Diese wiederverwendbaren HDPE-Formen sind f\u00fcr Flusstische, Harzplatten und die Produktion gro\u00dfer Mengen in Werkst\u00e4tten konzipiert. <\/p>\t\t\t\t\t\t\t\t<\/div>\n\t\t\t\t<\/div>\n\t\t\t\t\t<\/div>\n\t\t<\/div>\n\t\t\t\t\t<\/div>\n\t\t<\/section>\n\t\t\t\t<\/div>\n\t\t","protected":false},"excerpt":{"rendered":"<p>Epoxidharz-Formen Epoxidharzformen sind f\u00fcr die Herstellung hochwertiger Flusstische, Harzplatten und professioneller Gussteile unerl\u00e4sslich. Die Wahl des richtigen Formsystems beeinflusst die Gie\u00dfgenauigkeit, die Oberfl\u00e4chenbeschaffenheit und die langfristige Effizienz der Werkstatt. Dieser Leitfaden erkl\u00e4rt die wichtigsten Aspekte von Epoxidharz-Formen, einschlie\u00dflich wiederverwendbarer Formenmaterialien, Entformungstechniken, Formenwartung und wie man gro\u00dfe Flusstischformen herstellt. Au\u00dferdem werden die Unterschiede zwischen Einweg- und [&hellip;]<\/p>\n","protected":false},"author":3,"featured_media":23927,"parent":0,"menu_order":0,"comment_status":"closed","ping_status":"closed","template":"elementor_header_footer","meta":{"site-sidebar-layout":"no-sidebar","site-content-layout":"page-builder","ast-site-content-layout":"full-width-container","site-content-style":"default","site-sidebar-style":"default","ast-global-header-display":"","ast-banner-title-visibility":"","ast-main-header-display":"","ast-hfb-above-header-display":"","ast-hfb-below-header-display":"","ast-hfb-mobile-header-display":"","site-post-title":"","ast-breadcrumbs-content":"","ast-featured-img":"disabled","footer-sml-layout":"","ast-disable-related-posts":"","theme-transparent-header-meta":"","adv-header-id-meta":"","stick-header-meta":"","header-above-stick-meta":"","header-main-stick-meta":"","header-below-stick-meta":"","astra-migrate-meta-layouts":"set","ast-page-background-enabled":"default","ast-page-background-meta":{"desktop":{"background-color":"var(--ast-global-color-4)","background-image":"","background-repeat":"repeat","background-position":"center center","background-size":"auto","background-attachment":"scroll","background-type":"","background-media":"","overlay-type":"","overlay-color":"","overlay-opacity":"","overlay-gradient":""},"tablet":{"background-color":"","background-image":"","background-repeat":"repeat","background-position":"center center","background-size":"auto","background-attachment":"scroll","background-type":"","background-media":"","overlay-type":"","overlay-color":"","overlay-opacity":"","overlay-gradient":""},"mobile":{"background-color":"","background-image":"","background-repeat":"repeat","background-position":"center center","background-size":"auto","background-attachment":"scroll","background-type":"","background-media":"","overlay-type":"","overlay-color":"","overlay-opacity":"","overlay-gradient":""}},"ast-content-background-meta":{"desktop":{"background-color":"var(--ast-global-color-5)","background-image":"","background-repeat":"repeat","background-position":"center center","background-size":"auto","background-attachment":"scroll","background-type":"","background-media":"","overlay-type":"","overlay-color":"","overlay-opacity":"","overlay-gradient":""},"tablet":{"background-color":"var(--ast-global-color-5)","background-image":"","background-repeat":"repeat","background-position":"center center","background-size":"auto","background-attachment":"scroll","background-type":"","background-media":"","overlay-type":"","overlay-color":"","overlay-opacity":"","overlay-gradient":""},"mobile":{"background-color":"var(--ast-global-color-5)","background-image":"","background-repeat":"repeat","background-position":"center center","background-size":"auto","background-attachment":"scroll","background-type":"","background-media":"","overlay-type":"","overlay-color":"","overlay-opacity":"","overlay-gradient":""}},"footnotes":""},"class_list":["post-30269","page","type-page","status-publish","has-post-thumbnail","hentry"],"yoast_head":"<!-- This site is optimized with the Yoast SEO Premium plugin v27.5 (Yoast SEO v27.5) - https:\/\/yoast.com\/product\/yoast-seo-premium-wordpress\/ -->\n<title>Epoxidharzformen f\u00fcr River Tables | Wiederverwendbare Systeme<\/title>\n<meta name=\"description\" content=\"Erfahren Sie, wie Epoxidharzformen f\u00fcr Flusstische und Harzguss funktionieren. Vergleichen Sie wiederverwendbare Formsysteme, Materialien, Entformungsmethoden und professionelles Formdesign.\" \/>\n<meta name=\"robots\" content=\"index, follow, max-snippet:-1, max-image-preview:large, max-video-preview:-1\" \/>\n<link rel=\"canonical\" href=\"https:\/\/reusable-molds.com\/de\/epoxidharz-formen-2\/\" \/>\n<meta property=\"og:locale\" content=\"de_DE\" \/>\n<meta property=\"og:type\" content=\"article\" \/>\n<meta property=\"og:title\" content=\"Epoxidharz-Formen\" \/>\n<meta property=\"og:description\" content=\"Erfahren Sie, wie Epoxidharzformen f\u00fcr Flusstische und Harzguss funktionieren. Vergleichen Sie wiederverwendbare Formsysteme, Materialien, Entformungsmethoden und professionelles Formdesign.\" \/>\n<meta property=\"og:url\" content=\"https:\/\/reusable-molds.com\/de\/epoxidharz-formen-2\/\" \/>\n<meta property=\"og:site_name\" content=\"Reusable-Molds\" \/>\n<meta property=\"article:publisher\" content=\"https:\/\/m.facebook.com\/River-tableses-100870435264214\/?ref=bookmarks\" \/>\n<meta property=\"article:modified_time\" content=\"2026-03-12T07:40:11+00:00\" \/>\n<meta property=\"og:image\" content=\"https:\/\/reusable-molds.com\/wp-content\/uploads\/2021\/11\/Complete-L1-Epoxy-Resin-Mold-Epoxidharz-Form-Molde-de-resina-epoxica-Moule-en-resine-epoxy-Stampo-in-resina-epossidica-Epoxyhars-mal-Molde-de-resina-epoxi-scaled.jpg\" \/>\n\t<meta property=\"og:image:width\" content=\"2560\" \/>\n\t<meta property=\"og:image:height\" content=\"2560\" \/>\n\t<meta property=\"og:image:type\" content=\"image\/jpeg\" \/>\n<meta name=\"twitter:card\" content=\"summary_large_image\" \/>\n<meta name=\"twitter:label1\" content=\"Gesch\u00e4tzte Lesezeit\" \/>\n\t<meta name=\"twitter:data1\" content=\"1\u00a0Minute\" \/>\n<script type=\"application\/ld+json\" class=\"yoast-schema-graph\">{\"@context\":\"https:\\\/\\\/schema.org\",\"@graph\":[{\"@type\":\"WebPage\",\"@id\":\"https:\\\/\\\/reusable-molds.com\\\/de\\\/epoxidharz-formen-2\\\/\",\"url\":\"https:\\\/\\\/reusable-molds.com\\\/de\\\/epoxidharz-formen-2\\\/\",\"name\":\"Epoxidharzformen f\u00fcr River Tables | Wiederverwendbare Systeme\",\"isPartOf\":{\"@id\":\"https:\\\/\\\/reusable-molds.com\\\/de\\\/#website\"},\"primaryImageOfPage\":{\"@id\":\"https:\\\/\\\/reusable-molds.com\\\/de\\\/epoxidharz-formen-2\\\/#primaryimage\"},\"image\":{\"@id\":\"https:\\\/\\\/reusable-molds.com\\\/de\\\/epoxidharz-formen-2\\\/#primaryimage\"},\"thumbnailUrl\":\"https:\\\/\\\/reusable-molds.com\\\/wp-content\\\/uploads\\\/2021\\\/11\\\/Complete-L1-Epoxy-Resin-Mold-Epoxidharz-Form-Molde-de-resina-epoxica-Moule-en-resine-epoxy-Stampo-in-resina-epossidica-Epoxyhars-mal-Molde-de-resina-epoxi-scaled.jpg\",\"datePublished\":\"2026-03-10T13:46:58+00:00\",\"dateModified\":\"2026-03-12T07:40:11+00:00\",\"description\":\"Erfahren Sie, wie Epoxidharzformen f\u00fcr Flusstische und Harzguss funktionieren. Vergleichen Sie wiederverwendbare Formsysteme, Materialien, Entformungsmethoden und professionelles Formdesign.\",\"breadcrumb\":{\"@id\":\"https:\\\/\\\/reusable-molds.com\\\/de\\\/epoxidharz-formen-2\\\/#breadcrumb\"},\"inLanguage\":\"de\",\"potentialAction\":[{\"@type\":\"ReadAction\",\"target\":[\"https:\\\/\\\/reusable-molds.com\\\/de\\\/epoxidharz-formen-2\\\/\"]}]},{\"@type\":\"ImageObject\",\"inLanguage\":\"de\",\"@id\":\"https:\\\/\\\/reusable-molds.com\\\/de\\\/epoxidharz-formen-2\\\/#primaryimage\",\"url\":\"https:\\\/\\\/reusable-molds.com\\\/wp-content\\\/uploads\\\/2021\\\/11\\\/Complete-L1-Epoxy-Resin-Mold-Epoxidharz-Form-Molde-de-resina-epoxica-Moule-en-resine-epoxy-Stampo-in-resina-epossidica-Epoxyhars-mal-Molde-de-resina-epoxi-scaled.jpg\",\"contentUrl\":\"https:\\\/\\\/reusable-molds.com\\\/wp-content\\\/uploads\\\/2021\\\/11\\\/Complete-L1-Epoxy-Resin-Mold-Epoxidharz-Form-Molde-de-resina-epoxica-Moule-en-resine-epoxy-Stampo-in-resina-epossidica-Epoxyhars-mal-Molde-de-resina-epoxi-scaled.jpg\",\"width\":2560,\"height\":2560,\"caption\":\"Komplettes Formsystem zum Gie\u00dfen von Flusstischen und gro\u00dfen Harzprojekten\"},{\"@type\":\"BreadcrumbList\",\"@id\":\"https:\\\/\\\/reusable-molds.com\\\/de\\\/epoxidharz-formen-2\\\/#breadcrumb\",\"itemListElement\":[{\"@type\":\"ListItem\",\"position\":1,\"name\":\"Home\",\"item\":\"https:\\\/\\\/reusable-molds.com\\\/de\\\/\"},{\"@type\":\"ListItem\",\"position\":2,\"name\":\"Epoxidharz-Formen\"}]},{\"@type\":\"WebSite\",\"@id\":\"https:\\\/\\\/reusable-molds.com\\\/de\\\/#website\",\"url\":\"https:\\\/\\\/reusable-molds.com\\\/de\\\/\",\"name\":\"Reusable-Molds.com\",\"description\":\"Reusable-Molds.com\",\"publisher\":{\"@id\":\"https:\\\/\\\/reusable-molds.com\\\/de\\\/#organization\"},\"potentialAction\":[{\"@type\":\"SearchAction\",\"target\":{\"@type\":\"EntryPoint\",\"urlTemplate\":\"https:\\\/\\\/reusable-molds.com\\\/de\\\/?s={search_term_string}\"},\"query-input\":{\"@type\":\"PropertyValueSpecification\",\"valueRequired\":true,\"valueName\":\"search_term_string\"}}],\"inLanguage\":\"de\"},{\"@type\":\"Organization\",\"@id\":\"https:\\\/\\\/reusable-molds.com\\\/de\\\/#organization\",\"name\":\"reusable-molds.com\",\"url\":\"https:\\\/\\\/reusable-molds.com\\\/de\\\/\",\"logo\":{\"@type\":\"ImageObject\",\"inLanguage\":\"de\",\"@id\":\"https:\\\/\\\/reusable-molds.com\\\/de\\\/#\\\/schema\\\/logo\\\/image\\\/\",\"url\":\"https:\\\/\\\/reusable-molds.com\\\/wp-content\\\/uploads\\\/2025\\\/03\\\/ReusableMolds-LOGO-NEW-1000-x-1000.jpg\",\"contentUrl\":\"https:\\\/\\\/reusable-molds.com\\\/wp-content\\\/uploads\\\/2025\\\/03\\\/ReusableMolds-LOGO-NEW-1000-x-1000.jpg\",\"width\":1000,\"height\":1000,\"caption\":\"reusable-molds.com\"},\"image\":{\"@id\":\"https:\\\/\\\/reusable-molds.com\\\/de\\\/#\\\/schema\\\/logo\\\/image\\\/\"},\"sameAs\":[\"https:\\\/\\\/m.facebook.com\\\/River-tableses-100870435264214\\\/?ref=bookmarks\",\"https:\\\/\\\/www.instagram.com\\\/reusable-molds.com\\\/\",\"https:\\\/\\\/www.youtube.com\\\/channel\\\/UCZ5_4JQkGQ0jsz-ROdC9v1g\"]}]}<\/script>\n<!-- \/ Yoast SEO Premium plugin. -->","yoast_head_json":{"title":"Epoxidharzformen f\u00fcr River Tables | Wiederverwendbare Systeme","description":"Erfahren Sie, wie Epoxidharzformen f\u00fcr Flusstische und Harzguss funktionieren. Vergleichen Sie wiederverwendbare Formsysteme, Materialien, Entformungsmethoden und professionelles Formdesign.","robots":{"index":"index","follow":"follow","max-snippet":"max-snippet:-1","max-image-preview":"max-image-preview:large","max-video-preview":"max-video-preview:-1"},"canonical":"https:\/\/reusable-molds.com\/de\/epoxidharz-formen-2\/","og_locale":"de_DE","og_type":"article","og_title":"Epoxidharz-Formen","og_description":"Erfahren Sie, wie Epoxidharzformen f\u00fcr Flusstische und Harzguss funktionieren. Vergleichen Sie wiederverwendbare Formsysteme, Materialien, Entformungsmethoden und professionelles Formdesign.","og_url":"https:\/\/reusable-molds.com\/de\/epoxidharz-formen-2\/","og_site_name":"Reusable-Molds","article_publisher":"https:\/\/m.facebook.com\/River-tableses-100870435264214\/?ref=bookmarks","article_modified_time":"2026-03-12T07:40:11+00:00","og_image":[{"width":2560,"height":2560,"url":"https:\/\/reusable-molds.com\/wp-content\/uploads\/2021\/11\/Complete-L1-Epoxy-Resin-Mold-Epoxidharz-Form-Molde-de-resina-epoxica-Moule-en-resine-epoxy-Stampo-in-resina-epossidica-Epoxyhars-mal-Molde-de-resina-epoxi-scaled.jpg","type":"image\/jpeg"}],"twitter_card":"summary_large_image","twitter_misc":{"Gesch\u00e4tzte Lesezeit":"1\u00a0Minute"},"schema":{"@context":"https:\/\/schema.org","@graph":[{"@type":"WebPage","@id":"https:\/\/reusable-molds.com\/de\/epoxidharz-formen-2\/","url":"https:\/\/reusable-molds.com\/de\/epoxidharz-formen-2\/","name":"Epoxidharzformen f\u00fcr River Tables | Wiederverwendbare Systeme","isPartOf":{"@id":"https:\/\/reusable-molds.com\/de\/#website"},"primaryImageOfPage":{"@id":"https:\/\/reusable-molds.com\/de\/epoxidharz-formen-2\/#primaryimage"},"image":{"@id":"https:\/\/reusable-molds.com\/de\/epoxidharz-formen-2\/#primaryimage"},"thumbnailUrl":"https:\/\/reusable-molds.com\/wp-content\/uploads\/2021\/11\/Complete-L1-Epoxy-Resin-Mold-Epoxidharz-Form-Molde-de-resina-epoxica-Moule-en-resine-epoxy-Stampo-in-resina-epossidica-Epoxyhars-mal-Molde-de-resina-epoxi-scaled.jpg","datePublished":"2026-03-10T13:46:58+00:00","dateModified":"2026-03-12T07:40:11+00:00","description":"Erfahren Sie, wie Epoxidharzformen f\u00fcr Flusstische und Harzguss funktionieren. Vergleichen Sie wiederverwendbare Formsysteme, Materialien, Entformungsmethoden und professionelles Formdesign.","breadcrumb":{"@id":"https:\/\/reusable-molds.com\/de\/epoxidharz-formen-2\/#breadcrumb"},"inLanguage":"de","potentialAction":[{"@type":"ReadAction","target":["https:\/\/reusable-molds.com\/de\/epoxidharz-formen-2\/"]}]},{"@type":"ImageObject","inLanguage":"de","@id":"https:\/\/reusable-molds.com\/de\/epoxidharz-formen-2\/#primaryimage","url":"https:\/\/reusable-molds.com\/wp-content\/uploads\/2021\/11\/Complete-L1-Epoxy-Resin-Mold-Epoxidharz-Form-Molde-de-resina-epoxica-Moule-en-resine-epoxy-Stampo-in-resina-epossidica-Epoxyhars-mal-Molde-de-resina-epoxi-scaled.jpg","contentUrl":"https:\/\/reusable-molds.com\/wp-content\/uploads\/2021\/11\/Complete-L1-Epoxy-Resin-Mold-Epoxidharz-Form-Molde-de-resina-epoxica-Moule-en-resine-epoxy-Stampo-in-resina-epossidica-Epoxyhars-mal-Molde-de-resina-epoxi-scaled.jpg","width":2560,"height":2560,"caption":"Komplettes Formsystem zum Gie\u00dfen von Flusstischen und gro\u00dfen Harzprojekten"},{"@type":"BreadcrumbList","@id":"https:\/\/reusable-molds.com\/de\/epoxidharz-formen-2\/#breadcrumb","itemListElement":[{"@type":"ListItem","position":1,"name":"Home","item":"https:\/\/reusable-molds.com\/de\/"},{"@type":"ListItem","position":2,"name":"Epoxidharz-Formen"}]},{"@type":"WebSite","@id":"https:\/\/reusable-molds.com\/de\/#website","url":"https:\/\/reusable-molds.com\/de\/","name":"Reusable-Molds.com","description":"Reusable-Molds.com","publisher":{"@id":"https:\/\/reusable-molds.com\/de\/#organization"},"potentialAction":[{"@type":"SearchAction","target":{"@type":"EntryPoint","urlTemplate":"https:\/\/reusable-molds.com\/de\/?s={search_term_string}"},"query-input":{"@type":"PropertyValueSpecification","valueRequired":true,"valueName":"search_term_string"}}],"inLanguage":"de"},{"@type":"Organization","@id":"https:\/\/reusable-molds.com\/de\/#organization","name":"reusable-molds.com","url":"https:\/\/reusable-molds.com\/de\/","logo":{"@type":"ImageObject","inLanguage":"de","@id":"https:\/\/reusable-molds.com\/de\/#\/schema\/logo\/image\/","url":"https:\/\/reusable-molds.com\/wp-content\/uploads\/2025\/03\/ReusableMolds-LOGO-NEW-1000-x-1000.jpg","contentUrl":"https:\/\/reusable-molds.com\/wp-content\/uploads\/2025\/03\/ReusableMolds-LOGO-NEW-1000-x-1000.jpg","width":1000,"height":1000,"caption":"reusable-molds.com"},"image":{"@id":"https:\/\/reusable-molds.com\/de\/#\/schema\/logo\/image\/"},"sameAs":["https:\/\/m.facebook.com\/River-tableses-100870435264214\/?ref=bookmarks","https:\/\/www.instagram.com\/reusable-molds.com\/","https:\/\/www.youtube.com\/channel\/UCZ5_4JQkGQ0jsz-ROdC9v1g"]}]}},"_links":{"self":[{"href":"https:\/\/reusable-molds.com\/de\/wp-json\/wp\/v2\/pages\/30269","targetHints":{"allow":["GET"]}}],"collection":[{"href":"https:\/\/reusable-molds.com\/de\/wp-json\/wp\/v2\/pages"}],"about":[{"href":"https:\/\/reusable-molds.com\/de\/wp-json\/wp\/v2\/types\/page"}],"author":[{"embeddable":true,"href":"https:\/\/reusable-molds.com\/de\/wp-json\/wp\/v2\/users\/3"}],"replies":[{"embeddable":true,"href":"https:\/\/reusable-molds.com\/de\/wp-json\/wp\/v2\/comments?post=30269"}],"version-history":[{"count":8,"href":"https:\/\/reusable-molds.com\/de\/wp-json\/wp\/v2\/pages\/30269\/revisions"}],"predecessor-version":[{"id":30463,"href":"https:\/\/reusable-molds.com\/de\/wp-json\/wp\/v2\/pages\/30269\/revisions\/30463"}],"wp:featuredmedia":[{"embeddable":true,"href":"https:\/\/reusable-molds.com\/de\/wp-json\/wp\/v2\/media\/23927"}],"wp:attachment":[{"href":"https:\/\/reusable-molds.com\/de\/wp-json\/wp\/v2\/media?parent=30269"}],"curies":[{"name":"wp","href":"https:\/\/api.w.org\/{rel}","templated":true}]}}