{"id":28108,"date":"2021-11-19T12:53:08","date_gmt":"2021-11-19T10:53:08","guid":{"rendered":"https:\/\/reusable-molds.com\/product\/mehrzweck-hdpe-form-fuer-epoxidharz-projekte-100cm-x-60cm-39-x-23\/"},"modified":"2026-04-14T11:49:14","modified_gmt":"2026-04-14T09:49:14","slug":"epoxidharzform-100x60cm","status":"publish","type":"product","link":"https:\/\/reusable-molds.com\/de\/produkt\/epoxidharzform-100x60cm\/","title":{"rendered":"Mehrzweckform f\u00fcr Epoxidharz-Projekte. 100cm x 60cm x 6cm (39&#8243; x 23&#8243;)"},"content":{"rendered":"<h1>Mehrzweck-Epoxidharzform 100cm \u00d7 60cm x 6cm - Komplett-Set (39\u2033 \u00d7 23\u2033)<\/h1>\n<p>Alles, was Sie brauchen, um sofort mit dem Gie\u00dfen von Flusstischen zu beginnen. Dieser komplette Bausatz enth\u00e4lt das komplette 100 \u00d7 60 Formensystem - Boden, Seiten, Beschl\u00e4ge -, so dass Sie die Komponenten nicht einzeln kaufen m\u00fcssen. Es ist der schnellste Weg, ein professionelles, wiederverwendbares Formsystem in Ihre Werkstatt zu bekommen.  <\/p>\n<h2>Ein professionelles Schimmelpilzsystem schnell zum Laufen bringen<\/h2>\n<p>Die meisten Hersteller, die auf ein wiederverwendbares Formsystem umsteigen, tun dies nach einer zu vielen misslungenen DIY-Bauten. Eine Melaminbasis, die nicht ganz eben war. Seiten, die sich w\u00e4hrend des Aush\u00e4rtens bogen. Klebeband, das nicht gehalten hat. Harz, das \u00fcber Nacht ausgelaufen ist. Das sind keine Anf\u00e4ngerfehler - sie passieren auch erfahrenen Formenbauern, denn tempor\u00e4re Formen sind von Natur aus unzuverl\u00e4ssig.     <\/p>\n<p>Mit diesem Bausatz entf\u00e4llt all das. Sie erhalten ein komplettes, vorgeschnittenes, vorgebohrtes System. Die Montage ist ganz einfach: Schrauben Sie die Seiten zusammen, versiegeln Sie die Kanten mit Silikon, ebnen Sie die Oberfl\u00e4che, gie\u00dfen Sie. Das war&#8217;s. Kein Zuschneiden, kein Abmessen, keine Frage, ob die Fugen halten werden.    <\/p>\n<p>F\u00fcr Werkst\u00e4tten, die ihre Produktion hochfahren, oder f\u00fcr Hersteller, die einfach keine Zeit mehr mit der Vorbereitung der Formen verlieren wollen, ist dieses Set der richtige Ausgangspunkt.<\/p>\n<h2>Warum diese Gr\u00f6\u00dfe w\u00e4hlen<\/h2>\n<ul>\n<li>Kompletter Bausatz - keine separate Beschaffung von Komponenten erforderlich<\/li>\n<li>F\u00fcr die Herstellung von Formen unterschiedlicher Gr\u00f6\u00dfe werden Eins\u00e4tze mitgeliefert<\/li>\n<li>100 \u00d7 60 deckt den Gro\u00dfteil der Standardabmessungen von Flusstischplatten ab<\/li>\n<li>Das verschraubte System l\u00e4sst sich in Minutenschnelle und ohne Spezialwerkzeug zusammenbauen<\/li>\n<li>Konzipiert f\u00fcr den sofortigen Gebrauch - versiegeln, ausgleichen, ausgie\u00dfen<\/li>\n<li>Unbegrenzt wiederverwendbar - ein Kauf, laufender Produktionswert<\/li>\n<\/ul>\n<h2>Bauqualit\u00e4t<\/h2>\n<p>Jede Form wird pr\u00e4zise bearbeitet und mit Gewindeeins\u00e4tzen und Bolzen montiert. Die geraden Seiten - nicht wie bei geschwei\u00dften Alternativen verj\u00fcngt - halten ihre Form unter der Hitze und dem Druck gro\u00dfer Harzg\u00fcsse. Sie versiegeln die Kanten mit handels\u00fcblichem Silikon, stellen sie auf eine ebene Fl\u00e4che und die Form erledigt den Rest. Kein Trennspray erforderlich. F\u00fcr den n\u00e4chsten Guss l\u00e4sst sie sich in wenigen Minuten sauber zerlegen.    <\/p>\n<h2>Spezifikationen<\/h2>\n<p>100cm \u00d7 60cm (39\u2033 \u00d7 23\u2033) | Toleranz: \u00b12mm | Kompletter Bausatz mit Sockel, Seiten und Hardware<\/p>\n<p>Alle Ma\u00dfe sind \u00b12mm, wenn nicht anders angegeben.<\/p>\n<p><strong>Ben\u00f6tigen Sie eine andere Gr\u00f6\u00dfe?  <\/strong>Wir fertigen Sonderma\u00dfe f\u00fcr Ihre speziellen Projektanforderungen. Nehmen Sie Kontakt mit uns auf und lassen Sie uns wissen, was Sie brauchen. <\/p>\n<h2>Verwandte Anleitungen<\/h2>\n<ul style=\"padding-left: 20px; margin: 0;\">\n<li><a href=\"https:\/\/reusable-molds.com\/de\/wie-man-eine-flusstischform-baut-und-warum-die-meisten-diy-formen-scheitern\/\">Wie man eine Flusstischform baut<\/a><\/li>\n<li><a href=\"https:\/\/reusable-molds.com\/de\/wiederverwendbare-vs-einweg-harzformen-was-fachleute-verwenden\/\">Wiederverwendbare vs. Einwegformen<\/a><\/li>\n<li><a href=\"https:\/\/reusable-molds.com\/de\/bestes-material-fuer-epoxidharz-tischformen-kompletter-vergleich\/\">Bestes Material f\u00fcr Epoxidharzformen<\/a><\/li>\n<li><a href=\"https:\/\/reusable-molds.com\/de\/epoxidharz-schimmelpilzpflege-langzeitpflege-leitfaden\/\">Wartungsanleitung f\u00fcr Epoxidharzformen<\/a><\/li>\n<li><a href=\"https:\/\/reusable-molds.com\/de\/epoxidharz-in-der-form-stecken-geblieben-entformungsprobleme-erklaert\/\">Entformungsprobleme<\/a><\/li>\n<li><a href=\"https:\/\/reusable-molds.com\/de\/skalierung-eines-resin-tischgeschaefts-mit-wiederverwendbaren-gussformen\/\">Harztisch-Gesch\u00e4ft skalieren<\/a><\/li>\n<\/ul>\n","protected":false},"excerpt":{"rendered":"<p>Mehrzweck-Epoxidharzform 100cm \u00d7 60cm x 6cm - Komplett-Set (39\u2033 \u00d7 23\u2033) Alles, was Sie brauchen, um sofort mit dem Gie\u00dfen von Flusstischen zu beginnen. Dieser komplette Bausatz enth\u00e4lt das komplette 100 \u00d7 60 Formensystem - Boden, Seiten, Beschl\u00e4ge -, so dass Sie die Komponenten nicht einzeln kaufen m\u00fcssen. Es ist der schnellste Weg, ein professionelles, [&hellip;]<\/p>\n","protected":false},"featured_media":23899,"template":"","meta":{"site-sidebar-layout":"default","site-content-layout":"default","ast-site-content-layout":"default","site-content-style":"default","site-sidebar-style":"default","ast-global-header-display":"","ast-banner-title-visibility":"","ast-main-header-display":"","ast-hfb-above-header-display":"","ast-hfb-below-header-display":"","ast-hfb-mobile-header-display":"","site-post-title":"","ast-breadcrumbs-content":"","ast-featured-img":"","footer-sml-layout":"","ast-disable-related-posts":"","theme-transparent-header-meta":"default","adv-header-id-meta":"","stick-header-meta":"default","header-above-stick-meta":"","header-main-stick-meta":"","header-below-stick-meta":"","astra-migrate-meta-layouts":"set","ast-page-background-enabled":"default","ast-page-background-meta":{"desktop":{"background-color":"var(--ast-global-color-4)","background-image":"","background-repeat":"repeat","background-position":"center center","background-size":"auto","background-attachment":"scroll","background-type":"","background-media":"","overlay-type":"","overlay-color":"","overlay-opacity":"","overlay-gradient":""},"tablet":{"background-color":"","background-image":"","background-repeat":"repeat","background-position":"center center","background-size":"auto","background-attachment":"scroll","background-type":"","background-media":"","overlay-type":"","overlay-color":"","overlay-opacity":"","overlay-gradient":""},"mobile":{"background-color":"","background-image":"","background-repeat":"repeat","background-position":"center center","background-size":"auto","background-attachment":"scroll","background-type":"","background-media":"","overlay-type":"","overlay-color":"","overlay-opacity":"","overlay-gradient":""}},"ast-content-background-meta":{"desktop":{"background-color":"var(--ast-global-color-5)","background-image":"","background-repeat":"repeat","background-position":"center center","background-size":"auto","background-attachment":"scroll","background-type":"","background-media":"","overlay-type":"","overlay-color":"","overlay-opacity":"","overlay-gradient":""},"tablet":{"background-color":"var(--ast-global-color-5)","background-image":"","background-repeat":"repeat","background-position":"center center","background-size":"auto","background-attachment":"scroll","background-type":"","background-media":"","overlay-type":"","overlay-color":"","overlay-opacity":"","overlay-gradient":""},"mobile":{"background-color":"var(--ast-global-color-5)","background-image":"","background-repeat":"repeat","background-position":"center center","background-size":"auto","background-attachment":"scroll","background-type":"","background-media":"","overlay-type":"","overlay-color":"","overlay-opacity":"","overlay-gradient":""}}},"product_brand":[],"product_cat":[606],"product_tag":[],"class_list":{"0":"post-28108","1":"product","2":"type-product","3":"status-publish","4":"has-post-thumbnail","6":"product_cat-formen","7":"product_shipping_class-100-x-60-de","8":"desktop-align-left","9":"tablet-align-left","10":"mobile-align-left","11":"ast-product-gallery-layout-horizontal-slider","12":"ast-product-gallery-with-no-image","13":"ast-product-tabs-layout-horizontal","15":"first","16":"instock","17":"purchasable","18":"product-type-simple"},"yoast_head":"<!-- This site is optimized with the Yoast SEO Premium plugin v27.5 (Yoast SEO v27.5) - https:\/\/yoast.com\/product\/yoast-seo-premium-wordpress\/ -->\n<title>Epoxidharzform 100x60 cm | Mehrzweck<\/title>\n<meta name=\"description\" content=\"Mehrzweck Epoxidharzform 100x60 cm. Ideal f\u00fcr gro\u00dfe Projekte und professionelle Anwendungen. Schnelle Montage, sauberes Entformen, unbegrenzt nutzbar.\" \/>\n<meta name=\"robots\" content=\"index, follow, max-snippet:-1, max-image-preview:large, max-video-preview:-1\" \/>\n<link rel=\"canonical\" href=\"https:\/\/reusable-molds.com\/de\/produkt\/epoxidharzform-100x60cm\/\" \/>\n<meta property=\"og:locale\" content=\"de_DE\" \/>\n<meta property=\"og:type\" content=\"article\" \/>\n<meta property=\"og:title\" content=\"Mehrzweckform f\u00fcr Epoxidharz-Projekte. 100cm x 60cm x 6cm (39&quot; x 23&quot;)\" \/>\n<meta property=\"og:description\" content=\"Mehrzweck Epoxidharzform 100x60 cm. Ideal f\u00fcr gro\u00dfe Projekte und professionelle Anwendungen. Schnelle Montage, sauberes Entformen, unbegrenzt nutzbar.\" \/>\n<meta property=\"og:url\" content=\"https:\/\/reusable-molds.com\/de\/produkt\/epoxidharzform-100x60cm\/\" \/>\n<meta property=\"og:site_name\" content=\"Reusable-Molds\" \/>\n<meta property=\"article:publisher\" content=\"https:\/\/m.facebook.com\/River-tableses-100870435264214\/?ref=bookmarks\" \/>\n<meta property=\"article:modified_time\" content=\"2026-04-14T09:49:14+00:00\" \/>\n<meta property=\"og:image\" content=\"https:\/\/reusable-molds.com\/wp-content\/uploads\/2021\/11\/Multipurpose-Epoxy-Resin-Mold-Epoxidharz-Form-Molde-de-resina-epoxica-Moule-en-resine-epoxy-Stampo-in-resina-epossidica-Epoxyhars-mal-Molde-de-resina-epoxi.jpg\" \/>\n\t<meta property=\"og:image:width\" content=\"1000\" \/>\n\t<meta property=\"og:image:height\" content=\"1000\" \/>\n\t<meta property=\"og:image:type\" content=\"image\/jpeg\" \/>\n<meta name=\"twitter:card\" content=\"summary_large_image\" \/>\n<meta name=\"twitter:label1\" content=\"Preis\" \/>\n\t<meta name=\"twitter:data1\" content=\"&euro;253.80\" \/>\n\t<meta name=\"twitter:label2\" content=\"Verf\u00fcgbarkeit\" \/>\n\t<meta name=\"twitter:data2\" content=\"Auf Lager\" \/>\n<script type=\"application\/ld+json\" class=\"yoast-schema-graph\">{\"@context\":\"https:\\\/\\\/schema.org\",\"@graph\":[{\"@type\":\"WebPage\",\"@id\":\"https:\\\/\\\/reusable-molds.com\\\/de\\\/produkt\\\/epoxidharzform-100x60cm\\\/\",\"url\":\"https:\\\/\\\/reusable-molds.com\\\/de\\\/produkt\\\/epoxidharzform-100x60cm\\\/\",\"name\":\"Epoxidharzform 100x60 cm | Mehrzweck\",\"isPartOf\":{\"@id\":\"https:\\\/\\\/reusable-molds.com\\\/de\\\/#website\"},\"primaryImageOfPage\":{\"@id\":\"https:\\\/\\\/reusable-molds.com\\\/de\\\/produkt\\\/epoxidharzform-100x60cm\\\/#primaryimage\"},\"image\":{\"@id\":\"https:\\\/\\\/reusable-molds.com\\\/de\\\/produkt\\\/epoxidharzform-100x60cm\\\/#primaryimage\"},\"thumbnailUrl\":\"https:\\\/\\\/reusable-molds.com\\\/wp-content\\\/uploads\\\/2021\\\/11\\\/Multipurpose-Epoxy-Resin-Mold-Epoxidharz-Form-Molde-de-resina-epoxica-Moule-en-resine-epoxy-Stampo-in-resina-epossidica-Epoxyhars-mal-Molde-de-resina-epoxi.jpg\",\"datePublished\":\"2021-11-19T10:53:08+00:00\",\"dateModified\":\"2026-04-14T09:49:14+00:00\",\"description\":\"Mehrzweck Epoxidharzform 100x60 cm. Ideal f\u00fcr gro\u00dfe Projekte und professionelle Anwendungen. Schnelle Montage, sauberes Entformen, unbegrenzt nutzbar.\",\"breadcrumb\":{\"@id\":\"https:\\\/\\\/reusable-molds.com\\\/de\\\/produkt\\\/epoxidharzform-100x60cm\\\/#breadcrumb\"},\"inLanguage\":\"de\",\"potentialAction\":[{\"@type\":\"ReadAction\",\"target\":[\"https:\\\/\\\/reusable-molds.com\\\/de\\\/produkt\\\/epoxidharzform-100x60cm\\\/\"]}]},{\"@type\":\"ImageObject\",\"inLanguage\":\"de\",\"@id\":\"https:\\\/\\\/reusable-molds.com\\\/de\\\/produkt\\\/epoxidharzform-100x60cm\\\/#primaryimage\",\"url\":\"https:\\\/\\\/reusable-molds.com\\\/wp-content\\\/uploads\\\/2021\\\/11\\\/Multipurpose-Epoxy-Resin-Mold-Epoxidharz-Form-Molde-de-resina-epoxica-Moule-en-resine-epoxy-Stampo-in-resina-epossidica-Epoxyhars-mal-Molde-de-resina-epoxi.jpg\",\"contentUrl\":\"https:\\\/\\\/reusable-molds.com\\\/wp-content\\\/uploads\\\/2021\\\/11\\\/Multipurpose-Epoxy-Resin-Mold-Epoxidharz-Form-Molde-de-resina-epoxica-Moule-en-resine-epoxy-Stampo-in-resina-epossidica-Epoxyhars-mal-Molde-de-resina-epoxi.jpg\",\"width\":1000,\"height\":1000,\"caption\":\"Mehrzweck-Epoxidharz-Formenbau\"},{\"@type\":\"BreadcrumbList\",\"@id\":\"https:\\\/\\\/reusable-molds.com\\\/de\\\/produkt\\\/epoxidharzform-100x60cm\\\/#breadcrumb\",\"itemListElement\":[{\"@type\":\"ListItem\",\"position\":1,\"name\":\"Home\",\"item\":\"https:\\\/\\\/reusable-molds.com\\\/de\\\/\"},{\"@type\":\"ListItem\",\"position\":2,\"name\":\"Produkte\",\"item\":\"https:\\\/\\\/reusable-molds.com\\\/de\\\/shop\\\/\"},{\"@type\":\"ListItem\",\"position\":3,\"name\":\"Mehrzweckform f\u00fcr Epoxidharz-Projekte. 100cm x 60cm x 6cm (39&#8243; x 23&#8243;)\"}]},{\"@type\":\"WebSite\",\"@id\":\"https:\\\/\\\/reusable-molds.com\\\/de\\\/#website\",\"url\":\"https:\\\/\\\/reusable-molds.com\\\/de\\\/\",\"name\":\"Reusable-Molds.com\",\"description\":\"Reusable-Molds.com\",\"publisher\":{\"@id\":\"https:\\\/\\\/reusable-molds.com\\\/de\\\/#organization\"},\"potentialAction\":[{\"@type\":\"SearchAction\",\"target\":{\"@type\":\"EntryPoint\",\"urlTemplate\":\"https:\\\/\\\/reusable-molds.com\\\/de\\\/?s={search_term_string}\"},\"query-input\":{\"@type\":\"PropertyValueSpecification\",\"valueRequired\":true,\"valueName\":\"search_term_string\"}}],\"inLanguage\":\"de\"},{\"@type\":\"Organization\",\"@id\":\"https:\\\/\\\/reusable-molds.com\\\/de\\\/#organization\",\"name\":\"reusable-molds.com\",\"url\":\"https:\\\/\\\/reusable-molds.com\\\/de\\\/\",\"logo\":{\"@type\":\"ImageObject\",\"inLanguage\":\"de\",\"@id\":\"https:\\\/\\\/reusable-molds.com\\\/de\\\/#\\\/schema\\\/logo\\\/image\\\/\",\"url\":\"https:\\\/\\\/reusable-molds.com\\\/wp-content\\\/uploads\\\/2025\\\/03\\\/ReusableMolds-LOGO-NEW-1000-x-1000.jpg\",\"contentUrl\":\"https:\\\/\\\/reusable-molds.com\\\/wp-content\\\/uploads\\\/2025\\\/03\\\/ReusableMolds-LOGO-NEW-1000-x-1000.jpg\",\"width\":1000,\"height\":1000,\"caption\":\"reusable-molds.com\"},\"image\":{\"@id\":\"https:\\\/\\\/reusable-molds.com\\\/de\\\/#\\\/schema\\\/logo\\\/image\\\/\"},\"sameAs\":[\"https:\\\/\\\/m.facebook.com\\\/River-tableses-100870435264214\\\/?ref=bookmarks\",\"https:\\\/\\\/www.instagram.com\\\/reusable-molds.com\\\/\",\"https:\\\/\\\/www.youtube.com\\\/channel\\\/UCZ5_4JQkGQ0jsz-ROdC9v1g\"]}]}<\/script>\n<meta property=\"product:price:amount\" content=\"253.80\" \/>\n<meta property=\"product:price:currency\" content=\"EUR\" \/>\n<meta property=\"og:availability\" content=\"instock\" \/>\n<meta property=\"product:availability\" content=\"instock\" \/>\n<meta property=\"product:retailer_item_id\" content=\"RM-100X60\" \/>\n<meta property=\"product:condition\" content=\"new\" \/>\n<!-- \/ Yoast SEO Premium plugin. -->","yoast_head_json":{"title":"Epoxidharzform 100x60 cm | Mehrzweck","description":"Mehrzweck Epoxidharzform 100x60 cm. Ideal f\u00fcr gro\u00dfe Projekte und professionelle Anwendungen. Schnelle Montage, sauberes Entformen, unbegrenzt nutzbar.","robots":{"index":"index","follow":"follow","max-snippet":"max-snippet:-1","max-image-preview":"max-image-preview:large","max-video-preview":"max-video-preview:-1"},"canonical":"https:\/\/reusable-molds.com\/de\/produkt\/epoxidharzform-100x60cm\/","og_locale":"de_DE","og_type":"article","og_title":"Mehrzweckform f\u00fcr Epoxidharz-Projekte. 100cm x 60cm x 6cm (39\" x 23\")","og_description":"Mehrzweck Epoxidharzform 100x60 cm. Ideal f\u00fcr gro\u00dfe Projekte und professionelle Anwendungen. Schnelle Montage, sauberes Entformen, unbegrenzt nutzbar.","og_url":"https:\/\/reusable-molds.com\/de\/produkt\/epoxidharzform-100x60cm\/","og_site_name":"Reusable-Molds","article_publisher":"https:\/\/m.facebook.com\/River-tableses-100870435264214\/?ref=bookmarks","article_modified_time":"2026-04-14T09:49:14+00:00","og_image":[{"width":1000,"height":1000,"url":"https:\/\/reusable-molds.com\/wp-content\/uploads\/2021\/11\/Multipurpose-Epoxy-Resin-Mold-Epoxidharz-Form-Molde-de-resina-epoxica-Moule-en-resine-epoxy-Stampo-in-resina-epossidica-Epoxyhars-mal-Molde-de-resina-epoxi.jpg","type":"image\/jpeg"}],"twitter_card":"summary_large_image","twitter_misc":{"Preis":"&euro;253.80","Verf\u00fcgbarkeit":"Auf Lager"},"schema":{"@context":"https:\/\/schema.org","@graph":[{"@type":"WebPage","@id":"https:\/\/reusable-molds.com\/de\/produkt\/epoxidharzform-100x60cm\/","url":"https:\/\/reusable-molds.com\/de\/produkt\/epoxidharzform-100x60cm\/","name":"Epoxidharzform 100x60 cm | Mehrzweck","isPartOf":{"@id":"https:\/\/reusable-molds.com\/de\/#website"},"primaryImageOfPage":{"@id":"https:\/\/reusable-molds.com\/de\/produkt\/epoxidharzform-100x60cm\/#primaryimage"},"image":{"@id":"https:\/\/reusable-molds.com\/de\/produkt\/epoxidharzform-100x60cm\/#primaryimage"},"thumbnailUrl":"https:\/\/reusable-molds.com\/wp-content\/uploads\/2021\/11\/Multipurpose-Epoxy-Resin-Mold-Epoxidharz-Form-Molde-de-resina-epoxica-Moule-en-resine-epoxy-Stampo-in-resina-epossidica-Epoxyhars-mal-Molde-de-resina-epoxi.jpg","datePublished":"2021-11-19T10:53:08+00:00","dateModified":"2026-04-14T09:49:14+00:00","description":"Mehrzweck Epoxidharzform 100x60 cm. Ideal f\u00fcr gro\u00dfe Projekte und professionelle Anwendungen. Schnelle Montage, sauberes Entformen, unbegrenzt nutzbar.","breadcrumb":{"@id":"https:\/\/reusable-molds.com\/de\/produkt\/epoxidharzform-100x60cm\/#breadcrumb"},"inLanguage":"de","potentialAction":[{"@type":"ReadAction","target":["https:\/\/reusable-molds.com\/de\/produkt\/epoxidharzform-100x60cm\/"]}]},{"@type":"ImageObject","inLanguage":"de","@id":"https:\/\/reusable-molds.com\/de\/produkt\/epoxidharzform-100x60cm\/#primaryimage","url":"https:\/\/reusable-molds.com\/wp-content\/uploads\/2021\/11\/Multipurpose-Epoxy-Resin-Mold-Epoxidharz-Form-Molde-de-resina-epoxica-Moule-en-resine-epoxy-Stampo-in-resina-epossidica-Epoxyhars-mal-Molde-de-resina-epoxi.jpg","contentUrl":"https:\/\/reusable-molds.com\/wp-content\/uploads\/2021\/11\/Multipurpose-Epoxy-Resin-Mold-Epoxidharz-Form-Molde-de-resina-epoxica-Moule-en-resine-epoxy-Stampo-in-resina-epossidica-Epoxyhars-mal-Molde-de-resina-epoxi.jpg","width":1000,"height":1000,"caption":"Mehrzweck-Epoxidharz-Formenbau"},{"@type":"BreadcrumbList","@id":"https:\/\/reusable-molds.com\/de\/produkt\/epoxidharzform-100x60cm\/#breadcrumb","itemListElement":[{"@type":"ListItem","position":1,"name":"Home","item":"https:\/\/reusable-molds.com\/de\/"},{"@type":"ListItem","position":2,"name":"Produkte","item":"https:\/\/reusable-molds.com\/de\/shop\/"},{"@type":"ListItem","position":3,"name":"Mehrzweckform f\u00fcr Epoxidharz-Projekte. 100cm x 60cm x 6cm (39&#8243; x 23&#8243;)"}]},{"@type":"WebSite","@id":"https:\/\/reusable-molds.com\/de\/#website","url":"https:\/\/reusable-molds.com\/de\/","name":"Reusable-Molds.com","description":"Reusable-Molds.com","publisher":{"@id":"https:\/\/reusable-molds.com\/de\/#organization"},"potentialAction":[{"@type":"SearchAction","target":{"@type":"EntryPoint","urlTemplate":"https:\/\/reusable-molds.com\/de\/?s={search_term_string}"},"query-input":{"@type":"PropertyValueSpecification","valueRequired":true,"valueName":"search_term_string"}}],"inLanguage":"de"},{"@type":"Organization","@id":"https:\/\/reusable-molds.com\/de\/#organization","name":"reusable-molds.com","url":"https:\/\/reusable-molds.com\/de\/","logo":{"@type":"ImageObject","inLanguage":"de","@id":"https:\/\/reusable-molds.com\/de\/#\/schema\/logo\/image\/","url":"https:\/\/reusable-molds.com\/wp-content\/uploads\/2025\/03\/ReusableMolds-LOGO-NEW-1000-x-1000.jpg","contentUrl":"https:\/\/reusable-molds.com\/wp-content\/uploads\/2025\/03\/ReusableMolds-LOGO-NEW-1000-x-1000.jpg","width":1000,"height":1000,"caption":"reusable-molds.com"},"image":{"@id":"https:\/\/reusable-molds.com\/de\/#\/schema\/logo\/image\/"},"sameAs":["https:\/\/m.facebook.com\/River-tableses-100870435264214\/?ref=bookmarks","https:\/\/www.instagram.com\/reusable-molds.com\/","https:\/\/www.youtube.com\/channel\/UCZ5_4JQkGQ0jsz-ROdC9v1g"]}]},"product_price_amount":"253.80","product_price_currency":"EUR","og_availability":"instock","product_availability":"instock","product_retailer_item_id":"RM-100X60","product_condition":"new"},"_links":{"self":[{"href":"https:\/\/reusable-molds.com\/de\/wp-json\/wp\/v2\/product\/28108","targetHints":{"allow":["GET"]}}],"collection":[{"href":"https:\/\/reusable-molds.com\/de\/wp-json\/wp\/v2\/product"}],"about":[{"href":"https:\/\/reusable-molds.com\/de\/wp-json\/wp\/v2\/types\/product"}],"version-history":[{"count":2,"href":"https:\/\/reusable-molds.com\/de\/wp-json\/wp\/v2\/product\/28108\/revisions"}],"predecessor-version":[{"id":31365,"href":"https:\/\/reusable-molds.com\/de\/wp-json\/wp\/v2\/product\/28108\/revisions\/31365"}],"wp:featuredmedia":[{"embeddable":true,"href":"https:\/\/reusable-molds.com\/de\/wp-json\/wp\/v2\/media\/23899"}],"wp:attachment":[{"href":"https:\/\/reusable-molds.com\/de\/wp-json\/wp\/v2\/media?parent=28108"}],"wp:term":[{"taxonomy":"product_brand","embeddable":true,"href":"https:\/\/reusable-molds.com\/de\/wp-json\/wp\/v2\/product_brand?post=28108"},{"taxonomy":"product_cat","embeddable":true,"href":"https:\/\/reusable-molds.com\/de\/wp-json\/wp\/v2\/product_cat?post=28108"},{"taxonomy":"product_tag","embeddable":true,"href":"https:\/\/reusable-molds.com\/de\/wp-json\/wp\/v2\/product_tag?post=28108"}],"curies":[{"name":"wp","href":"https:\/\/api.w.org\/{rel}","templated":true}]}}