{"id":24604,"date":"2022-05-19T11:29:43","date_gmt":"2022-05-19T09:29:43","guid":{"rendered":"https:\/\/reusable-molds.com\/legal-warning\/"},"modified":"2026-03-15T06:34:28","modified_gmt":"2026-03-15T04:34:28","slug":"legal-warning","status":"publish","type":"page","link":"https:\/\/reusable-molds.com\/es\/legal-warning\/","title":{"rendered":"Aviso legal"},"content":{"rendered":"\t\t<div data-elementor-type=\"wp-page\" data-elementor-id=\"24604\" class=\"elementor elementor-24604 elementor-4303\" data-elementor-post-type=\"page\">\n\t\t\t\t\t\t<section class=\"elementor-section elementor-top-section elementor-element elementor-element-77a741e5 elementor-section-boxed elementor-section-height-default elementor-section-height-default\" data-id=\"77a741e5\" data-element_type=\"section\" data-e-type=\"section\">\n\t\t\t\t\t\t<div class=\"elementor-container elementor-column-gap-default\">\n\t\t\t\t\t<div class=\"elementor-column elementor-col-100 elementor-top-column elementor-element elementor-element-73ecbf0b\" data-id=\"73ecbf0b\" data-element_type=\"column\" data-e-type=\"column\">\n\t\t\t<div class=\"elementor-widget-wrap elementor-element-populated\">\n\t\t\t\t\t\t<div class=\"elementor-element elementor-element-7951c62 elementor-widget elementor-widget-heading\" data-id=\"7951c62\" data-element_type=\"widget\" data-e-type=\"widget\" data-widget_type=\"heading.default\">\n\t\t\t\t<div class=\"elementor-widget-container\">\n\t\t\t\t\t<h1 class=\"elementor-heading-title elementor-size-default\">Aviso legal<\/h1>\t\t\t\t<\/div>\n\t\t\t\t<\/div>\n\t\t\t\t<div class=\"elementor-element elementor-element-183fcaaa elementor-widget elementor-widget-text-editor\" data-id=\"183fcaaa\" data-element_type=\"widget\" data-e-type=\"widget\" data-widget_type=\"text-editor.default\">\n\t\t\t\t<div class=\"elementor-widget-container\">\n\t\t\t\t\t\t\t\t\t<p>En determinadas circunstancias, tienes derechos en virtud de las leyes de protecci\u00f3n de datos en relaci\u00f3n con tus datos personales. Tienes derecho a: <\/p>\n<ul>\n<li>Solicitar acceso a tus datos personales (lo que com\u00fanmente se conoce como \u00absolicitud de acceso del interesado\u00bb). Esto te permite recibir una copia de los datos personales que tenemos sobre ti y comprobar que los estamos procesando legalmente. <\/li>\n<li>Solicitar la correcci\u00f3n de los datos personales que tenemos sobre ti. Esto te permite corregir cualquier dato incompleto o inexacto que tengamos sobre ti, aunque puede que tengamos que verificar la exactitud de los nuevos datos que nos facilites. <\/li>\n<li>Solicitar la supresi\u00f3n de tus datos personales. Esto te permite pedirnos que borremos o eliminemos los datos personales cuando no haya una buena raz\u00f3n para que sigamos proces\u00e1ndolos. Tambi\u00e9n tienes derecho a pedirnos que borremos o eliminemos tus datos personales cuando hayas ejercido con \u00e9xito tu derecho a oponerte al tratamiento (v\u00e9ase m\u00e1s abajo), cuando podamos haber tratado tu informaci\u00f3n de forma ilegal o cuando estemos obligados a borrar tus datos personales para cumplir con la legislaci\u00f3n local. Ten en cuenta, sin embargo, que no siempre podremos atender tu solicitud de borrado por motivos legales espec\u00edficos que te ser\u00e1n notificados, si procede, en el momento de tu solicitud.   <\/li>\n<li>Oponerte al tratamiento de tus datos personales cuando nos basemos en un inter\u00e9s leg\u00edtimo (o en los de un tercero) y haya algo en tu situaci\u00f3n particular que te lleve a oponerte al tratamiento por este motivo, ya que consideras que afecta a tus derechos y libertades fundamentales. Tambi\u00e9n tienes derecho a oponerte cuando procesemos tus datos personales con fines de marketing directo. En algunos casos, podemos demostrar que tenemos motivos leg\u00edtimos imperiosos para procesar tu informaci\u00f3n que prevalecen sobre tus derechos y libertades.  <\/li>\n<li>Solicitar la restricci\u00f3n del tratamiento de tus datos personales. Esto te permite pedirnos que suspendamos el tratamiento de tus datos personales en los siguientes casos (a) si quieres que establezcamos la exactitud de los datos; (b) si el uso que hacemos de los datos es ilegal pero no quieres que los borremos; (c) si necesitas que conservemos los datos aunque ya no los necesitemos porque los necesitas para establecer, ejercer o defender reclamaciones legales; o (d) si te has opuesto a que utilicemos tus datos pero necesitamos verificar si tenemos motivos leg\u00edtimos imperiosos para utilizarlos.     <\/li>\n<li>Solicitar la transferencia de tus datos personales a ti o a un tercero. Te proporcionaremos a ti, o a un tercero que hayas elegido, tus datos personales en un formato estructurado, de uso com\u00fan y legible por m\u00e1quina. Ten en cuenta que este derecho s\u00f3lo se aplica a la informaci\u00f3n automatizada que inicialmente nos diste tu consentimiento para utilizar o cuando utilizamos la informaci\u00f3n para cumplir un contrato contigo.  <\/li>\n<li>Retirar el consentimiento en cualquier momento cuando nos basemos en el consentimiento para procesar tus datos personales. Sin embargo, esto no afectar\u00e1 a la legalidad de cualquier tratamiento realizado antes de que retires tu consentimiento. Si retiras tu consentimiento, es posible que no podamos ofrecerte determinados productos o servicios. Te informaremos de ello en el momento en que retires tu consentimiento. Si deseas ejercer alguno de los derechos expuestos anteriormente, ponte en contacto con nuestra DPT, utilizando los datos de contacto que figuran en el apartado 4 anterior.    <\/li>\n<\/ul>\n<p><strong>Normalmente no hay que pagar tasas<\/strong><\/p>\n<p>No tendr\u00e1s que pagar ninguna tasa para acceder a tus datos personales (ni para ejercer ninguno de los dem\u00e1s derechos).<\/p>\n<p>Sin embargo, podemos cobrar una tarifa razonable si tu solicitud es claramente infundada, repetitiva o excesiva. Alternativamente, podemos negarnos a atender tu solicitud en estas circunstancias. <\/p>\n<p><strong>Qu\u00e9 podemos necesitar de ti&nbsp;<\/strong><\/p>\n<p>Es posible que necesitemos solicitarte informaci\u00f3n espec\u00edfica para ayudarnos a confirmar tu identidad y garantizar tu derecho a acceder a tus datos personales (o a ejercer cualquiera de tus otros derechos). Se trata de una medida de seguridad para garantizar que los datos personales no se revelen a ninguna persona que no tenga derecho a recibirlos. Tambi\u00e9n podemos ponernos en contacto contigo para pedirte m\u00e1s informaci\u00f3n en relaci\u00f3n con tu solicitud, con el fin de agilizar nuestra respuesta.  <\/p>\n<p><strong>Plazo para responder<\/strong><\/p>\n<p>Intentamos responder a todas las solicitudes leg\u00edtimas en el plazo de un mes. Ocasionalmente podemos tardar m\u00e1s de un mes si tu solicitud es especialmente compleja o has hecho varias solicitudes. En este caso, te lo notificaremos y te mantendremos informado..  <\/p>\n<p><strong>Glosario<\/strong><\/p>\n<h2><strong>FUNDAMENTO JUR\u00cdDICO<\/strong><\/h2>\n<p>Inter\u00e9s leg\u00edtimo significa el inter\u00e9s de nuestra empresa en dirigir y gestionar nuestro negocio para permitirnos ofrecerte el mejor servicio\/producto y la mejor y m\u00e1s segura experiencia. Nos aseguramos de considerar y sopesar cualquier impacto potencial sobre ti (tanto positivo como negativo) y tus derechos antes de procesar tus datos personales para nuestros intereses leg\u00edtimos. No utilizamos tus datos personales para actividades en las que el impacto sobre ti prevalece sobre nuestros intereses (a menos que contemos con tu consentimiento o que la ley nos lo exija o permita). Puedes obtener m\u00e1s informaci\u00f3n sobre c\u00f3mo evaluamos nuestros intereses leg\u00edtimos frente a cualquier impacto potencial sobre ti con respecto a actividades espec\u00edficas poni\u00e9ndote en contacto con nosotros. Cumplimiento de un contrato significa tratar tus datos personales cuando sea necesario para el cumplimiento de un contrato del que eres parte o para tomar medidas a petici\u00f3n tuya antes de celebrar dicho contrato. Cumplir una obligaci\u00f3n legal o reglamentaria significa procesar tus datos personales cuando sea necesario para cumplir una obligaci\u00f3n legal o reglamentaria a la que estemos sujetos.     <\/p>\n<h2><strong>TERCEROS<\/strong><\/h2>\n<p><strong>Terceros externos<\/strong><\/p>\n<p>Terceros que no sean nuestros Terceros Internos. Por ejemplo, nuestros proveedores de servicios inform\u00e1ticos; asesores profesionales (incluidos abogados, banqueros, auditores y aseguradoras); agencias de referencia de cr\u00e9dito; reguladores y otras autoridades; y nuestras agencias de marketing. <\/p>\t\t\t\t\t\t\t\t<\/div>\n\t\t\t\t<\/div>\n\t\t\t\t\t<\/div>\n\t\t<\/div>\n\t\t\t\t\t<\/div>\n\t\t<\/section>\n\t\t\t\t<\/div>\n\t\t","protected":false},"excerpt":{"rendered":"<p>Aviso legal En determinadas circunstancias, tienes derechos en virtud de las leyes de protecci\u00f3n de datos en relaci\u00f3n con tus datos personales. Tienes derecho a: Solicitar acceso a tus datos personales (lo que com\u00fanmente se conoce como \u00absolicitud de acceso del interesado\u00bb). Esto te permite recibir una copia de los datos personales que tenemos sobre [&hellip;]<\/p>\n","protected":false},"author":3,"featured_media":0,"parent":0,"menu_order":0,"comment_status":"closed","ping_status":"closed","template":"","meta":{"site-sidebar-layout":"no-sidebar","site-content-layout":"page-builder","ast-site-content-layout":"default","site-content-style":"default","site-sidebar-style":"default","ast-global-header-display":"","ast-banner-title-visibility":"","ast-main-header-display":"","ast-hfb-above-header-display":"","ast-hfb-below-header-display":"","ast-hfb-mobile-header-display":"","site-post-title":"disabled","ast-breadcrumbs-content":"","ast-featured-img":"disabled","footer-sml-layout":"","ast-disable-related-posts":"","theme-transparent-header-meta":"default","adv-header-id-meta":"","stick-header-meta":"default","header-above-stick-meta":"","header-main-stick-meta":"","header-below-stick-meta":"","astra-migrate-meta-layouts":"default","ast-page-background-enabled":"default","ast-page-background-meta":{"desktop":{"background-color":"var(--ast-global-color-4)","background-image":"","background-repeat":"repeat","background-position":"center center","background-size":"auto","background-attachment":"scroll","background-type":"","background-media":"","overlay-type":"","overlay-color":"","overlay-opacity":"","overlay-gradient":""},"tablet":{"background-color":"","background-image":"","background-repeat":"repeat","background-position":"center center","background-size":"auto","background-attachment":"scroll","background-type":"","background-media":"","overlay-type":"","overlay-color":"","overlay-opacity":"","overlay-gradient":""},"mobile":{"background-color":"","background-image":"","background-repeat":"repeat","background-position":"center center","background-size":"auto","background-attachment":"scroll","background-type":"","background-media":"","overlay-type":"","overlay-color":"","overlay-opacity":"","overlay-gradient":""}},"ast-content-background-meta":{"desktop":{"background-color":"var(--ast-global-color-5)","background-image":"","background-repeat":"repeat","background-position":"center center","background-size":"auto","background-attachment":"scroll","background-type":"","background-media":"","overlay-type":"","overlay-color":"","overlay-opacity":"","overlay-gradient":""},"tablet":{"background-color":"var(--ast-global-color-5)","background-image":"","background-repeat":"repeat","background-position":"center center","background-size":"auto","background-attachment":"scroll","background-type":"","background-media":"","overlay-type":"","overlay-color":"","overlay-opacity":"","overlay-gradient":""},"mobile":{"background-color":"var(--ast-global-color-5)","background-image":"","background-repeat":"repeat","background-position":"center center","background-size":"auto","background-attachment":"scroll","background-type":"","background-media":"","overlay-type":"","overlay-color":"","overlay-opacity":"","overlay-gradient":""}},"footnotes":""},"class_list":["post-24604","page","type-page","status-publish","hentry"],"yoast_head":"<!-- This site is optimized with the Yoast SEO Premium plugin v27.5 (Yoast SEO v27.5) - https:\/\/yoast.com\/product\/yoast-seo-premium-wordpress\/ -->\n<title>Aviso legal | Reusable-Molds<\/title>\n<meta name=\"robots\" content=\"index, follow, max-snippet:-1, max-image-preview:large, max-video-preview:-1\" \/>\n<link rel=\"canonical\" href=\"https:\/\/reusable-molds.com\/es\/legal-warning\/\" \/>\n<meta property=\"og:locale\" content=\"es_ES\" \/>\n<meta property=\"og:type\" content=\"article\" \/>\n<meta property=\"og:title\" content=\"Aviso legal\" \/>\n<meta property=\"og:description\" content=\"Aviso legal En determinadas circunstancias, tienes derechos en virtud de las leyes de protecci\u00f3n de datos en relaci\u00f3n con tus datos personales. Tienes derecho a: Solicitar acceso a tus datos personales (lo que com\u00fanmente se conoce como \u00absolicitud de acceso del interesado\u00bb). Esto te permite recibir una copia de los datos personales que tenemos sobre [&hellip;]\" \/>\n<meta property=\"og:url\" content=\"https:\/\/reusable-molds.com\/es\/legal-warning\/\" \/>\n<meta property=\"og:site_name\" content=\"Reusable-Molds\" \/>\n<meta property=\"article:publisher\" content=\"https:\/\/m.facebook.com\/River-tableses-100870435264214\/?ref=bookmarks\" \/>\n<meta property=\"article:modified_time\" content=\"2026-03-15T04:34:28+00:00\" \/>\n<meta name=\"twitter:card\" content=\"summary_large_image\" \/>\n<meta name=\"twitter:label1\" content=\"Tiempo de lectura\" \/>\n\t<meta name=\"twitter:data1\" content=\"5 minuto\" \/>\n<script type=\"application\/ld+json\" class=\"yoast-schema-graph\">{\"@context\":\"https:\\\/\\\/schema.org\",\"@graph\":[{\"@type\":\"WebPage\",\"@id\":\"https:\\\/\\\/reusable-molds.com\\\/es\\\/legal-warning\\\/\",\"url\":\"https:\\\/\\\/reusable-molds.com\\\/es\\\/legal-warning\\\/\",\"name\":\"Aviso legal | Reusable-Molds\",\"isPartOf\":{\"@id\":\"https:\\\/\\\/reusable-molds.com\\\/es\\\/#website\"},\"datePublished\":\"2022-05-19T09:29:43+00:00\",\"dateModified\":\"2026-03-15T04:34:28+00:00\",\"breadcrumb\":{\"@id\":\"https:\\\/\\\/reusable-molds.com\\\/es\\\/legal-warning\\\/#breadcrumb\"},\"inLanguage\":\"es\",\"potentialAction\":[{\"@type\":\"ReadAction\",\"target\":[\"https:\\\/\\\/reusable-molds.com\\\/es\\\/legal-warning\\\/\"]}]},{\"@type\":\"BreadcrumbList\",\"@id\":\"https:\\\/\\\/reusable-molds.com\\\/es\\\/legal-warning\\\/#breadcrumb\",\"itemListElement\":[{\"@type\":\"ListItem\",\"position\":1,\"name\":\"Home\",\"item\":\"https:\\\/\\\/reusable-molds.com\\\/es\\\/\"},{\"@type\":\"ListItem\",\"position\":2,\"name\":\"Aviso legal\"}]},{\"@type\":\"WebSite\",\"@id\":\"https:\\\/\\\/reusable-molds.com\\\/es\\\/#website\",\"url\":\"https:\\\/\\\/reusable-molds.com\\\/es\\\/\",\"name\":\"Reusable-Molds.com\",\"description\":\"Reusable-Molds.com\",\"publisher\":{\"@id\":\"https:\\\/\\\/reusable-molds.com\\\/es\\\/#organization\"},\"potentialAction\":[{\"@type\":\"SearchAction\",\"target\":{\"@type\":\"EntryPoint\",\"urlTemplate\":\"https:\\\/\\\/reusable-molds.com\\\/es\\\/?s={search_term_string}\"},\"query-input\":{\"@type\":\"PropertyValueSpecification\",\"valueRequired\":true,\"valueName\":\"search_term_string\"}}],\"inLanguage\":\"es\"},{\"@type\":\"Organization\",\"@id\":\"https:\\\/\\\/reusable-molds.com\\\/es\\\/#organization\",\"name\":\"reusable-molds.com\",\"url\":\"https:\\\/\\\/reusable-molds.com\\\/es\\\/\",\"logo\":{\"@type\":\"ImageObject\",\"inLanguage\":\"es\",\"@id\":\"https:\\\/\\\/reusable-molds.com\\\/es\\\/#\\\/schema\\\/logo\\\/image\\\/\",\"url\":\"https:\\\/\\\/reusable-molds.com\\\/wp-content\\\/uploads\\\/2025\\\/03\\\/ReusableMolds-LOGO-NEW-1000-x-1000.jpg\",\"contentUrl\":\"https:\\\/\\\/reusable-molds.com\\\/wp-content\\\/uploads\\\/2025\\\/03\\\/ReusableMolds-LOGO-NEW-1000-x-1000.jpg\",\"width\":1000,\"height\":1000,\"caption\":\"reusable-molds.com\"},\"image\":{\"@id\":\"https:\\\/\\\/reusable-molds.com\\\/es\\\/#\\\/schema\\\/logo\\\/image\\\/\"},\"sameAs\":[\"https:\\\/\\\/m.facebook.com\\\/River-tableses-100870435264214\\\/?ref=bookmarks\",\"https:\\\/\\\/www.instagram.com\\\/reusable-molds.com\\\/\",\"https:\\\/\\\/www.youtube.com\\\/channel\\\/UCZ5_4JQkGQ0jsz-ROdC9v1g\"]}]}<\/script>\n<!-- \/ Yoast SEO Premium plugin. -->","yoast_head_json":{"title":"Aviso legal | Reusable-Molds","robots":{"index":"index","follow":"follow","max-snippet":"max-snippet:-1","max-image-preview":"max-image-preview:large","max-video-preview":"max-video-preview:-1"},"canonical":"https:\/\/reusable-molds.com\/es\/legal-warning\/","og_locale":"es_ES","og_type":"article","og_title":"Aviso legal","og_description":"Aviso legal En determinadas circunstancias, tienes derechos en virtud de las leyes de protecci\u00f3n de datos en relaci\u00f3n con tus datos personales. Tienes derecho a: Solicitar acceso a tus datos personales (lo que com\u00fanmente se conoce como \u00absolicitud de acceso del interesado\u00bb). Esto te permite recibir una copia de los datos personales que tenemos sobre [&hellip;]","og_url":"https:\/\/reusable-molds.com\/es\/legal-warning\/","og_site_name":"Reusable-Molds","article_publisher":"https:\/\/m.facebook.com\/River-tableses-100870435264214\/?ref=bookmarks","article_modified_time":"2026-03-15T04:34:28+00:00","twitter_card":"summary_large_image","twitter_misc":{"Tiempo de lectura":"5 minuto"},"schema":{"@context":"https:\/\/schema.org","@graph":[{"@type":"WebPage","@id":"https:\/\/reusable-molds.com\/es\/legal-warning\/","url":"https:\/\/reusable-molds.com\/es\/legal-warning\/","name":"Aviso legal | Reusable-Molds","isPartOf":{"@id":"https:\/\/reusable-molds.com\/es\/#website"},"datePublished":"2022-05-19T09:29:43+00:00","dateModified":"2026-03-15T04:34:28+00:00","breadcrumb":{"@id":"https:\/\/reusable-molds.com\/es\/legal-warning\/#breadcrumb"},"inLanguage":"es","potentialAction":[{"@type":"ReadAction","target":["https:\/\/reusable-molds.com\/es\/legal-warning\/"]}]},{"@type":"BreadcrumbList","@id":"https:\/\/reusable-molds.com\/es\/legal-warning\/#breadcrumb","itemListElement":[{"@type":"ListItem","position":1,"name":"Home","item":"https:\/\/reusable-molds.com\/es\/"},{"@type":"ListItem","position":2,"name":"Aviso legal"}]},{"@type":"WebSite","@id":"https:\/\/reusable-molds.com\/es\/#website","url":"https:\/\/reusable-molds.com\/es\/","name":"Reusable-Molds.com","description":"Reusable-Molds.com","publisher":{"@id":"https:\/\/reusable-molds.com\/es\/#organization"},"potentialAction":[{"@type":"SearchAction","target":{"@type":"EntryPoint","urlTemplate":"https:\/\/reusable-molds.com\/es\/?s={search_term_string}"},"query-input":{"@type":"PropertyValueSpecification","valueRequired":true,"valueName":"search_term_string"}}],"inLanguage":"es"},{"@type":"Organization","@id":"https:\/\/reusable-molds.com\/es\/#organization","name":"reusable-molds.com","url":"https:\/\/reusable-molds.com\/es\/","logo":{"@type":"ImageObject","inLanguage":"es","@id":"https:\/\/reusable-molds.com\/es\/#\/schema\/logo\/image\/","url":"https:\/\/reusable-molds.com\/wp-content\/uploads\/2025\/03\/ReusableMolds-LOGO-NEW-1000-x-1000.jpg","contentUrl":"https:\/\/reusable-molds.com\/wp-content\/uploads\/2025\/03\/ReusableMolds-LOGO-NEW-1000-x-1000.jpg","width":1000,"height":1000,"caption":"reusable-molds.com"},"image":{"@id":"https:\/\/reusable-molds.com\/es\/#\/schema\/logo\/image\/"},"sameAs":["https:\/\/m.facebook.com\/River-tableses-100870435264214\/?ref=bookmarks","https:\/\/www.instagram.com\/reusable-molds.com\/","https:\/\/www.youtube.com\/channel\/UCZ5_4JQkGQ0jsz-ROdC9v1g"]}]}},"_links":{"self":[{"href":"https:\/\/reusable-molds.com\/es\/wp-json\/wp\/v2\/pages\/24604","targetHints":{"allow":["GET"]}}],"collection":[{"href":"https:\/\/reusable-molds.com\/es\/wp-json\/wp\/v2\/pages"}],"about":[{"href":"https:\/\/reusable-molds.com\/es\/wp-json\/wp\/v2\/types\/page"}],"author":[{"embeddable":true,"href":"https:\/\/reusable-molds.com\/es\/wp-json\/wp\/v2\/users\/3"}],"replies":[{"embeddable":true,"href":"https:\/\/reusable-molds.com\/es\/wp-json\/wp\/v2\/comments?post=24604"}],"version-history":[{"count":2,"href":"https:\/\/reusable-molds.com\/es\/wp-json\/wp\/v2\/pages\/24604\/revisions"}],"predecessor-version":[{"id":31058,"href":"https:\/\/reusable-molds.com\/es\/wp-json\/wp\/v2\/pages\/24604\/revisions\/31058"}],"wp:attachment":[{"href":"https:\/\/reusable-molds.com\/es\/wp-json\/wp\/v2\/media?parent=24604"}],"curies":[{"name":"wp","href":"https:\/\/api.w.org\/{rel}","templated":true}]}}