{"id":24650,"date":"2022-05-19T13:29:25","date_gmt":"2022-05-19T11:29:25","guid":{"rendered":"https:\/\/reusable-molds.com\/returns-policy\/"},"modified":"2026-04-24T13:59:48","modified_gmt":"2026-04-24T11:59:48","slug":"returns-policy","status":"publish","type":"page","link":"https:\/\/reusable-molds.com\/es\/returns-policy\/","title":{"rendered":"Pol\u00edtica de devoluciones"},"content":{"rendered":"\t\t<div data-elementor-type=\"wp-page\" data-elementor-id=\"24650\" class=\"elementor elementor-24650 elementor-4329\" data-elementor-post-type=\"page\">\n\t\t\t\t\t\t<section class=\"elementor-section elementor-top-section elementor-element elementor-element-15cb8b3 elementor-section-boxed elementor-section-height-default elementor-section-height-default\" data-id=\"15cb8b3\" data-element_type=\"section\" data-e-type=\"section\">\n\t\t\t\t\t\t<div class=\"elementor-container elementor-column-gap-default\">\n\t\t\t\t\t<div class=\"elementor-column elementor-col-100 elementor-top-column elementor-element elementor-element-49f6dffe\" data-id=\"49f6dffe\" data-element_type=\"column\" data-e-type=\"column\">\n\t\t\t<div class=\"elementor-widget-wrap elementor-element-populated\">\n\t\t\t\t\t\t<div class=\"elementor-element elementor-element-12f6f02a elementor-widget elementor-widget-heading\" data-id=\"12f6f02a\" data-element_type=\"widget\" data-e-type=\"widget\" data-widget_type=\"heading.default\">\n\t\t\t\t<div class=\"elementor-widget-container\">\n\t\t\t\t\t<h1 class=\"elementor-heading-title elementor-size-default\">Pol\u00edtica de devoluciones<\/h1>\t\t\t\t<\/div>\n\t\t\t\t<\/div>\n\t\t\t\t<div class=\"elementor-element elementor-element-2635247a elementor-widget elementor-widget-text-editor\" data-id=\"2635247a\" data-element_type=\"widget\" data-e-type=\"widget\" data-widget_type=\"text-editor.default\">\n\t\t\t\t<div class=\"elementor-widget-container\">\n\t\t\t\t\t\t\t\t\t<p><strong>Pol\u00edtica de devoluciones<\/strong><\/p><p>En Reusable-Molds.com nos comprometemos a ofrecer la mejor experiencia posible al cliente. Si necesitas devolver un pedido, estamos aqu\u00ed para que ese proceso sea lo m\u00e1s sencillo posible. Si tienes alguna duda, ponte en contacto con nuestro equipo en <a href=\"mailto:info@reusable-molds.com\">info@reusable-molds.com<\/a> antes de realizar cualquier devoluci\u00f3n.  <\/p><p><strong>Productos a medida<\/strong><\/p><p>Los productos que se han fabricado a medida seg\u00fan tus requisitos espec\u00edficos no se pueden devolver ni cambiar. Dado que estos productos se fabrican por encargo, no pueden reutilizarse ni revenderse. <\/p><p><strong>Productos est\u00e1ndar (no a medida)<\/strong><\/p><p>Todos los productos est\u00e1ndar pueden devolverse en un plazo de <strong>30 d\u00edas a partir de la fecha de compra<\/strong> para obtener un reembolso completo o un cambio, siempre que est\u00e9n en su estado y embalaje originales.<\/p><p>El env\u00edo de devoluci\u00f3n es <strong>gratuito<\/strong>. Una vez que te hayas puesto en contacto con nosotros, te enviaremos una etiqueta de devoluci\u00f3n prepagada por correo electr\u00f3nico. <\/p><p><strong>C\u00f3mo iniciar una devoluci\u00f3n<\/strong><\/p><ol><li>Env\u00eda un correo electr\u00f3nico <a href=\"mailto:info@reusable-molds.com\">a info@reusable-molds.com<\/a> con tu n\u00famero de pedido y el motivo de la devoluci\u00f3n<\/li><li>Te responderemos en un plazo de 2 d\u00edas laborables con tu etiqueta de devoluci\u00f3n prepagada y la direcci\u00f3n de devoluci\u00f3n<\/li><li>Embala la mercanc\u00eda de forma segura en el embalaje original<\/li><li>Adjunta la etiqueta prepagada y entr\u00e9gala en el punto de entrega autorizado m\u00e1s cercano<\/li><\/ol><p><strong>Direcci\u00f3n de devoluciones:<\/strong> Ponte en contacto con nosotros para obtener la direcci\u00f3n de devoluci\u00f3n, que vendr\u00e1 determinada por tu lugar de env\u00edo. Te proporcionaremos la direcci\u00f3n de devoluci\u00f3n m\u00e1s conveniente para tu regi\u00f3n cuando emitamos tu etiqueta de devoluci\u00f3n prepagada. <\/p><p><strong>Devoluciones<\/strong><\/p><p>Una vez recibida e inspeccionada tu devoluci\u00f3n, los reembolsos se procesar\u00e1n en un plazo de <strong>5 d\u00edas laborables<\/strong> en tu m\u00e9todo de pago original.<\/p><p><strong>Tus derechos legales<\/strong><\/p><p>Tus derechos est\u00e1n protegidos por la Directiva de Venta a Distancia de la UE. Para m\u00e1s informaci\u00f3n, visita <a href=\"https:\/\/e-justice.europa.eu\/604\/EN\/text_of_the_directive?SPAIN&amp;member=1\">https:\/\/e-justice.europa.eu\/604\/EN\/text_of_the_directive?SPAIN&amp;member=1<\/a> <\/p>\t\t\t\t\t\t\t\t<\/div>\n\t\t\t\t<\/div>\n\t\t\t\t\t<\/div>\n\t\t<\/div>\n\t\t\t\t\t<\/div>\n\t\t<\/section>\n\t\t\t\t<\/div>\n\t\t","protected":false},"excerpt":{"rendered":"<p>Pol\u00edtica de devoluciones Pol\u00edtica de devoluciones En Reusable-Molds.com nos comprometemos a ofrecer la mejor experiencia posible al cliente. Si necesitas devolver un pedido, estamos aqu\u00ed para que ese proceso sea lo m\u00e1s sencillo posible. Si tienes alguna duda, ponte en contacto con nuestro equipo en info@reusable-molds.com antes de realizar cualquier devoluci\u00f3n. Productos a medida Los [&hellip;]<\/p>\n","protected":false},"author":3,"featured_media":0,"parent":0,"menu_order":0,"comment_status":"closed","ping_status":"closed","template":"","meta":{"site-sidebar-layout":"no-sidebar","site-content-layout":"page-builder","ast-site-content-layout":"default","site-content-style":"default","site-sidebar-style":"default","ast-global-header-display":"","ast-banner-title-visibility":"","ast-main-header-display":"","ast-hfb-above-header-display":"","ast-hfb-below-header-display":"","ast-hfb-mobile-header-display":"","site-post-title":"disabled","ast-breadcrumbs-content":"","ast-featured-img":"disabled","footer-sml-layout":"","ast-disable-related-posts":"","theme-transparent-header-meta":"","adv-header-id-meta":"","stick-header-meta":"","header-above-stick-meta":"","header-main-stick-meta":"","header-below-stick-meta":"","astra-migrate-meta-layouts":"default","ast-page-background-enabled":"default","ast-page-background-meta":{"desktop":{"background-color":"var(--ast-global-color-4)","background-image":"","background-repeat":"repeat","background-position":"center center","background-size":"auto","background-attachment":"scroll","background-type":"","background-media":"","overlay-type":"","overlay-color":"","overlay-opacity":"","overlay-gradient":""},"tablet":{"background-color":"","background-image":"","background-repeat":"repeat","background-position":"center center","background-size":"auto","background-attachment":"scroll","background-type":"","background-media":"","overlay-type":"","overlay-color":"","overlay-opacity":"","overlay-gradient":""},"mobile":{"background-color":"","background-image":"","background-repeat":"repeat","background-position":"center center","background-size":"auto","background-attachment":"scroll","background-type":"","background-media":"","overlay-type":"","overlay-color":"","overlay-opacity":"","overlay-gradient":""}},"ast-content-background-meta":{"desktop":{"background-color":"var(--ast-global-color-5)","background-image":"","background-repeat":"repeat","background-position":"center center","background-size":"auto","background-attachment":"scroll","background-type":"","background-media":"","overlay-type":"","overlay-color":"","overlay-opacity":"","overlay-gradient":""},"tablet":{"background-color":"var(--ast-global-color-5)","background-image":"","background-repeat":"repeat","background-position":"center center","background-size":"auto","background-attachment":"scroll","background-type":"","background-media":"","overlay-type":"","overlay-color":"","overlay-opacity":"","overlay-gradient":""},"mobile":{"background-color":"var(--ast-global-color-5)","background-image":"","background-repeat":"repeat","background-position":"center center","background-size":"auto","background-attachment":"scroll","background-type":"","background-media":"","overlay-type":"","overlay-color":"","overlay-opacity":"","overlay-gradient":""}},"footnotes":""},"class_list":["post-24650","page","type-page","status-publish","hentry"],"yoast_head":"<!-- This site is optimized with the Yoast SEO Premium plugin v27.5 (Yoast SEO v27.5) - https:\/\/yoast.com\/product\/yoast-seo-premium-wordpress\/ -->\n<title>Pol\u00edtica de devoluciones | Reusable-Molds<\/title>\n<meta name=\"robots\" content=\"noindex, follow\" \/>\n<meta property=\"og:locale\" content=\"es_ES\" \/>\n<meta property=\"og:type\" content=\"article\" \/>\n<meta property=\"og:title\" content=\"Pol\u00edtica de devoluciones\" \/>\n<meta property=\"og:description\" content=\"Pol\u00edtica de devoluciones Pol\u00edtica de devoluciones En Reusable-Molds.com nos comprometemos a ofrecer la mejor experiencia posible al cliente. Si necesitas devolver un pedido, estamos aqu\u00ed para que ese proceso sea lo m\u00e1s sencillo posible. Si tienes alguna duda, ponte en contacto con nuestro equipo en info@reusable-molds.com antes de realizar cualquier devoluci\u00f3n. Productos a medida Los [&hellip;]\" \/>\n<meta property=\"og:url\" content=\"https:\/\/reusable-molds.com\/es\/returns-policy\/\" \/>\n<meta property=\"og:site_name\" content=\"Reusable-Molds\" \/>\n<meta property=\"article:publisher\" content=\"https:\/\/m.facebook.com\/River-tableses-100870435264214\/?ref=bookmarks\" \/>\n<meta property=\"article:modified_time\" content=\"2026-04-24T11:59:48+00:00\" \/>\n<meta name=\"twitter:card\" content=\"summary_large_image\" \/>\n<meta name=\"twitter:label1\" content=\"Tiempo de lectura\" \/>\n\t<meta name=\"twitter:data1\" content=\"2 minuto\" \/>\n<script type=\"application\/ld+json\" class=\"yoast-schema-graph\">{\"@context\":\"https:\\\/\\\/schema.org\",\"@graph\":[{\"@type\":\"WebPage\",\"@id\":\"https:\\\/\\\/reusable-molds.com\\\/es\\\/returns-policy\\\/\",\"url\":\"https:\\\/\\\/reusable-molds.com\\\/es\\\/returns-policy\\\/\",\"name\":\"Pol\u00edtica de devoluciones | Reusable-Molds\",\"isPartOf\":{\"@id\":\"https:\\\/\\\/reusable-molds.com\\\/es\\\/#website\"},\"datePublished\":\"2022-05-19T11:29:25+00:00\",\"dateModified\":\"2026-04-24T11:59:48+00:00\",\"breadcrumb\":{\"@id\":\"https:\\\/\\\/reusable-molds.com\\\/es\\\/returns-policy\\\/#breadcrumb\"},\"inLanguage\":\"es\",\"potentialAction\":[{\"@type\":\"ReadAction\",\"target\":[\"https:\\\/\\\/reusable-molds.com\\\/es\\\/returns-policy\\\/\"]}]},{\"@type\":\"BreadcrumbList\",\"@id\":\"https:\\\/\\\/reusable-molds.com\\\/es\\\/returns-policy\\\/#breadcrumb\",\"itemListElement\":[{\"@type\":\"ListItem\",\"position\":1,\"name\":\"Home\",\"item\":\"https:\\\/\\\/reusable-molds.com\\\/es\\\/\"},{\"@type\":\"ListItem\",\"position\":2,\"name\":\"Pol\u00edtica de devoluciones\"}]},{\"@type\":\"WebSite\",\"@id\":\"https:\\\/\\\/reusable-molds.com\\\/es\\\/#website\",\"url\":\"https:\\\/\\\/reusable-molds.com\\\/es\\\/\",\"name\":\"Reusable-Molds.com\",\"description\":\"Reusable-Molds.com\",\"publisher\":{\"@id\":\"https:\\\/\\\/reusable-molds.com\\\/es\\\/#organization\"},\"potentialAction\":[{\"@type\":\"SearchAction\",\"target\":{\"@type\":\"EntryPoint\",\"urlTemplate\":\"https:\\\/\\\/reusable-molds.com\\\/es\\\/?s={search_term_string}\"},\"query-input\":{\"@type\":\"PropertyValueSpecification\",\"valueRequired\":true,\"valueName\":\"search_term_string\"}}],\"inLanguage\":\"es\"},{\"@type\":\"Organization\",\"@id\":\"https:\\\/\\\/reusable-molds.com\\\/es\\\/#organization\",\"name\":\"reusable-molds.com\",\"url\":\"https:\\\/\\\/reusable-molds.com\\\/es\\\/\",\"logo\":{\"@type\":\"ImageObject\",\"inLanguage\":\"es\",\"@id\":\"https:\\\/\\\/reusable-molds.com\\\/es\\\/#\\\/schema\\\/logo\\\/image\\\/\",\"url\":\"https:\\\/\\\/reusable-molds.com\\\/wp-content\\\/uploads\\\/2025\\\/03\\\/ReusableMolds-LOGO-NEW-1000-x-1000.jpg\",\"contentUrl\":\"https:\\\/\\\/reusable-molds.com\\\/wp-content\\\/uploads\\\/2025\\\/03\\\/ReusableMolds-LOGO-NEW-1000-x-1000.jpg\",\"width\":1000,\"height\":1000,\"caption\":\"reusable-molds.com\"},\"image\":{\"@id\":\"https:\\\/\\\/reusable-molds.com\\\/es\\\/#\\\/schema\\\/logo\\\/image\\\/\"},\"sameAs\":[\"https:\\\/\\\/m.facebook.com\\\/River-tableses-100870435264214\\\/?ref=bookmarks\",\"https:\\\/\\\/www.instagram.com\\\/reusable-molds.com\\\/\",\"https:\\\/\\\/www.youtube.com\\\/channel\\\/UCZ5_4JQkGQ0jsz-ROdC9v1g\"]}]}<\/script>\n<!-- \/ Yoast SEO Premium plugin. -->","yoast_head_json":{"title":"Pol\u00edtica de devoluciones | Reusable-Molds","robots":{"index":"noindex","follow":"follow"},"og_locale":"es_ES","og_type":"article","og_title":"Pol\u00edtica de devoluciones","og_description":"Pol\u00edtica de devoluciones Pol\u00edtica de devoluciones En Reusable-Molds.com nos comprometemos a ofrecer la mejor experiencia posible al cliente. Si necesitas devolver un pedido, estamos aqu\u00ed para que ese proceso sea lo m\u00e1s sencillo posible. Si tienes alguna duda, ponte en contacto con nuestro equipo en info@reusable-molds.com antes de realizar cualquier devoluci\u00f3n. Productos a medida Los [&hellip;]","og_url":"https:\/\/reusable-molds.com\/es\/returns-policy\/","og_site_name":"Reusable-Molds","article_publisher":"https:\/\/m.facebook.com\/River-tableses-100870435264214\/?ref=bookmarks","article_modified_time":"2026-04-24T11:59:48+00:00","twitter_card":"summary_large_image","twitter_misc":{"Tiempo de lectura":"2 minuto"},"schema":{"@context":"https:\/\/schema.org","@graph":[{"@type":"WebPage","@id":"https:\/\/reusable-molds.com\/es\/returns-policy\/","url":"https:\/\/reusable-molds.com\/es\/returns-policy\/","name":"Pol\u00edtica de devoluciones | Reusable-Molds","isPartOf":{"@id":"https:\/\/reusable-molds.com\/es\/#website"},"datePublished":"2022-05-19T11:29:25+00:00","dateModified":"2026-04-24T11:59:48+00:00","breadcrumb":{"@id":"https:\/\/reusable-molds.com\/es\/returns-policy\/#breadcrumb"},"inLanguage":"es","potentialAction":[{"@type":"ReadAction","target":["https:\/\/reusable-molds.com\/es\/returns-policy\/"]}]},{"@type":"BreadcrumbList","@id":"https:\/\/reusable-molds.com\/es\/returns-policy\/#breadcrumb","itemListElement":[{"@type":"ListItem","position":1,"name":"Home","item":"https:\/\/reusable-molds.com\/es\/"},{"@type":"ListItem","position":2,"name":"Pol\u00edtica de devoluciones"}]},{"@type":"WebSite","@id":"https:\/\/reusable-molds.com\/es\/#website","url":"https:\/\/reusable-molds.com\/es\/","name":"Reusable-Molds.com","description":"Reusable-Molds.com","publisher":{"@id":"https:\/\/reusable-molds.com\/es\/#organization"},"potentialAction":[{"@type":"SearchAction","target":{"@type":"EntryPoint","urlTemplate":"https:\/\/reusable-molds.com\/es\/?s={search_term_string}"},"query-input":{"@type":"PropertyValueSpecification","valueRequired":true,"valueName":"search_term_string"}}],"inLanguage":"es"},{"@type":"Organization","@id":"https:\/\/reusable-molds.com\/es\/#organization","name":"reusable-molds.com","url":"https:\/\/reusable-molds.com\/es\/","logo":{"@type":"ImageObject","inLanguage":"es","@id":"https:\/\/reusable-molds.com\/es\/#\/schema\/logo\/image\/","url":"https:\/\/reusable-molds.com\/wp-content\/uploads\/2025\/03\/ReusableMolds-LOGO-NEW-1000-x-1000.jpg","contentUrl":"https:\/\/reusable-molds.com\/wp-content\/uploads\/2025\/03\/ReusableMolds-LOGO-NEW-1000-x-1000.jpg","width":1000,"height":1000,"caption":"reusable-molds.com"},"image":{"@id":"https:\/\/reusable-molds.com\/es\/#\/schema\/logo\/image\/"},"sameAs":["https:\/\/m.facebook.com\/River-tableses-100870435264214\/?ref=bookmarks","https:\/\/www.instagram.com\/reusable-molds.com\/","https:\/\/www.youtube.com\/channel\/UCZ5_4JQkGQ0jsz-ROdC9v1g"]}]}},"_links":{"self":[{"href":"https:\/\/reusable-molds.com\/es\/wp-json\/wp\/v2\/pages\/24650","targetHints":{"allow":["GET"]}}],"collection":[{"href":"https:\/\/reusable-molds.com\/es\/wp-json\/wp\/v2\/pages"}],"about":[{"href":"https:\/\/reusable-molds.com\/es\/wp-json\/wp\/v2\/types\/page"}],"author":[{"embeddable":true,"href":"https:\/\/reusable-molds.com\/es\/wp-json\/wp\/v2\/users\/3"}],"replies":[{"embeddable":true,"href":"https:\/\/reusable-molds.com\/es\/wp-json\/wp\/v2\/comments?post=24650"}],"version-history":[{"count":3,"href":"https:\/\/reusable-molds.com\/es\/wp-json\/wp\/v2\/pages\/24650\/revisions"}],"predecessor-version":[{"id":32830,"href":"https:\/\/reusable-molds.com\/es\/wp-json\/wp\/v2\/pages\/24650\/revisions\/32830"}],"wp:attachment":[{"href":"https:\/\/reusable-molds.com\/es\/wp-json\/wp\/v2\/media?parent=24650"}],"curies":[{"name":"wp","href":"https:\/\/api.w.org\/{rel}","templated":true}]}}