{"id":24682,"date":"2022-05-25T08:46:16","date_gmt":"2022-05-25T06:46:16","guid":{"rendered":"https:\/\/reusable-molds.com\/shipping-policy\/"},"modified":"2025-02-11T17:55:45","modified_gmt":"2025-02-11T15:55:45","slug":"shipping-policy","status":"publish","type":"page","link":"https:\/\/reusable-molds.com\/es\/shipping-policy\/","title":{"rendered":"Politica de envios"},"content":{"rendered":"\t\t<div data-elementor-type=\"wp-page\" data-elementor-id=\"24682\" class=\"elementor elementor-24682 elementor-4625\" data-elementor-post-type=\"page\">\n\t\t\t\t\t\t<section class=\"elementor-section elementor-top-section elementor-element elementor-element-73fbf360 elementor-section-boxed elementor-section-height-default elementor-section-height-default\" data-id=\"73fbf360\" data-element_type=\"section\" data-e-type=\"section\">\n\t\t\t\t\t\t<div class=\"elementor-container elementor-column-gap-default\">\n\t\t\t\t\t<div class=\"elementor-column elementor-col-100 elementor-top-column elementor-element elementor-element-21564ff8\" data-id=\"21564ff8\" data-element_type=\"column\" data-e-type=\"column\">\n\t\t\t<div class=\"elementor-widget-wrap elementor-element-populated\">\n\t\t\t\t\t\t<div class=\"elementor-element elementor-element-7b783070 elementor-widget elementor-widget-heading\" data-id=\"7b783070\" data-element_type=\"widget\" data-e-type=\"widget\" data-widget_type=\"heading.default\">\n\t\t\t\t<div class=\"elementor-widget-container\">\n\t\t\t\t\t<h1 class=\"elementor-heading-title elementor-size-default\">Politica de envios<\/h1>\t\t\t\t<\/div>\n\t\t\t\t<\/div>\n\t\t\t\t<div class=\"elementor-element elementor-element-60fd5175 elementor-widget elementor-widget-text-editor\" data-id=\"60fd5175\" data-element_type=\"widget\" data-e-type=\"widget\" data-widget_type=\"text-editor.default\">\n\t\t\t\t<div class=\"elementor-widget-container\">\n\t\t\t\t\t\t\t\t\t<p>Nuestra pol\u00edtica de env\u00edo fue actualizada por \u00faltima vez el 20 de mayo de 2022<\/p>\n<p>Todos los pedidos se procesan dentro de 3 a 5 d\u00edas h\u00e1biles. Los pedidos no se env\u00edan durante los fines de semana ni los d\u00edas festivos.<\/p>\n<p>Cualquier pedido recibido despu\u00e9s de las 2 p.m. de lunes a jueves se considerar\u00e1 como realizado al d\u00eda siguiente. Cualquier pedido recibido despu\u00e9s de las 2 p.m. del viernes se considerar\u00e1 como realizado el siguiente lunes.<\/p>\n<p>Si estamos experimentando un alto volumen de pedidos, los env\u00edos pueden retrasarse unos d\u00edas. Por favor, permita d\u00edas adicionales en tr\u00e1nsito para la entrega. Si hay un retraso significativo en el env\u00edo de su pedido, nos pondremos en contacto con usted por correo electr\u00f3nico o tel\u00e9fono.<\/p>\n<h2>Tarifas de env\u00edo<\/h2>\n<p>Todos los pedidos dentro de Espa\u00f1a (peninsular) se entregar\u00e1n sin cargo.<\/p>\n<p>Todas las dem\u00e1s tarifas de env\u00edo se pueden encontrar en la p\u00e1gina de pago de nuestro sitio web una vez que se haya seleccionado un art\u00edculo y despu\u00e9s de haber ingresado la direcci\u00f3n de entrega.<\/p>\n<p>Recibir\u00e1 un correo electr\u00f3nico de confirmaci\u00f3n de env\u00edo una vez que su pedido haya sido enviado, con su(s) n\u00famero(s) de seguimiento. El n\u00famero de seguimiento estar\u00e1 activo en 24 horas.<\/p>\n<h2>Aduanas, Derechos e Impuestos<\/h2>\n<p>Reusable-molds.com no se hace responsable de los impuestos de aduana e importaci\u00f3n aplicados a su pedido. Todas las tarifas impuestas durante o despu\u00e9s del env\u00edo son responsabilidad del cliente (aranceles, impuestos).<\/p>\n<p>El impuesto sobre las ventas (IVA) se cobra de acuerdo con la provincia o territorio al que se env\u00eda el art\u00edculo.<\/p>\n<h2>Da\u00f1os<\/h2>\n<p>En caso de recibir su pedido da\u00f1ado, por favor, guarde todos los materiales de embalaje y los productos da\u00f1ados y cont\u00e1ctenos de inmediato.<\/p>\n<h2>Contacta<\/h2>\n<p>Si tiene alguna pregunta sobre esta Pol\u00edtica de Env\u00edo, puede contactarnos:<\/p>\n<p>Al visitar esta p\u00e1gina en nuestro sitio web: www.reusable-molds.com<\/p>\n<p>Envi\u00e1ndonos un correo electr\u00f3nico a: info@reusable-molds.com<\/p>\n<h3>1. Informaci\u00f3n General<\/h3>\n<p>Todos los pedidos est\u00e1n sujetos a la disponibilidad del producto. Si un art\u00edculo no est\u00e1 en stock en el momento en que realiza su pedido, le notificaremos y acordaremos un nuevo plazo para enviar su pedido o le reembolsaremos el monto total de su pedido, utilizando el m\u00e9todo de pago original.&nbsp;<\/p>\n<h3>2. Tiempo de Entrega<\/h3>\n<p>La fecha de entrega puede variar debido a las pr\u00e1cticas de env\u00edo del transportista, la ubicaci\u00f3n de entrega, el m\u00e9todo de entrega y los art\u00edculos pedidos. Los productos tambi\u00e9n pueden ser entregados en env\u00edos separados.<\/p>\n<p>No podemos asumir la responsabilidad por retrasos causados por el mensajero.<\/p>\n<h3>3. Instrucciones de Entrega<\/h3>\n<p>Puede proporcionar instrucciones especiales de entrega en la p\u00e1gina de pago de nuestro sitio web.<\/p>\n<h3>4. Preguntas<\/h3>\n<p>Si tiene alguna pregunta sobre la entrega y el env\u00edo o su pedido, por favor cont\u00e1ctenos en:&nbsp;&nbsp;&nbsp;&nbsp;<\/p>\n<p>info@reusable-molds.com<\/p>\n<h3>6. DIRECCI\u00d3N INCORRECTA O INCOMPLETA:<\/h3>\n<p>Si su paquete nos es devuelto debido a una direcci\u00f3n incorrecta o incompleta, deber\u00e1 pagar todos los costos de env\u00edo para volver a entregar su pedido a una direcci\u00f3n corregida. No somos responsables de la p\u00e9rdida de su pedido si la direcci\u00f3n proporcionada en el proceso de pago es incompleta o incorrecta.<\/p>\t\t\t\t\t\t\t\t<\/div>\n\t\t\t\t<\/div>\n\t\t\t\t\t<\/div>\n\t\t<\/div>\n\t\t\t\t\t<\/div>\n\t\t<\/section>\n\t\t\t\t<\/div>\n\t\t","protected":false},"excerpt":{"rendered":"<p>Politica de envios Nuestra pol\u00edtica de env\u00edo fue actualizada por \u00faltima vez el 20 de mayo de 2022 Todos los pedidos se procesan dentro de 3 a 5 d\u00edas h\u00e1biles. Los pedidos no se env\u00edan durante los fines de semana ni los d\u00edas festivos. Cualquier pedido recibido despu\u00e9s de las 2 p.m. de lunes a [&hellip;]<\/p>\n","protected":false},"author":3,"featured_media":0,"parent":0,"menu_order":0,"comment_status":"closed","ping_status":"closed","template":"","meta":{"site-sidebar-layout":"no-sidebar","site-content-layout":"page-builder","ast-site-content-layout":"default","site-content-style":"default","site-sidebar-style":"default","ast-global-header-display":"","ast-banner-title-visibility":"","ast-main-header-display":"","ast-hfb-above-header-display":"","ast-hfb-below-header-display":"","ast-hfb-mobile-header-display":"","site-post-title":"disabled","ast-breadcrumbs-content":"","ast-featured-img":"disabled","footer-sml-layout":"","ast-disable-related-posts":"","theme-transparent-header-meta":"","adv-header-id-meta":"","stick-header-meta":"","header-above-stick-meta":"","header-main-stick-meta":"","header-below-stick-meta":"","astra-migrate-meta-layouts":"default","ast-page-background-enabled":"default","ast-page-background-meta":{"desktop":{"background-color":"var(--ast-global-color-4)","background-image":"","background-repeat":"repeat","background-position":"center center","background-size":"auto","background-attachment":"scroll","background-type":"","background-media":"","overlay-type":"","overlay-color":"","overlay-opacity":"","overlay-gradient":""},"tablet":{"background-color":"","background-image":"","background-repeat":"repeat","background-position":"center center","background-size":"auto","background-attachment":"scroll","background-type":"","background-media":"","overlay-type":"","overlay-color":"","overlay-opacity":"","overlay-gradient":""},"mobile":{"background-color":"","background-image":"","background-repeat":"repeat","background-position":"center center","background-size":"auto","background-attachment":"scroll","background-type":"","background-media":"","overlay-type":"","overlay-color":"","overlay-opacity":"","overlay-gradient":""}},"ast-content-background-meta":{"desktop":{"background-color":"var(--ast-global-color-5)","background-image":"","background-repeat":"repeat","background-position":"center center","background-size":"auto","background-attachment":"scroll","background-type":"","background-media":"","overlay-type":"","overlay-color":"","overlay-opacity":"","overlay-gradient":""},"tablet":{"background-color":"var(--ast-global-color-5)","background-image":"","background-repeat":"repeat","background-position":"center center","background-size":"auto","background-attachment":"scroll","background-type":"","background-media":"","overlay-type":"","overlay-color":"","overlay-opacity":"","overlay-gradient":""},"mobile":{"background-color":"var(--ast-global-color-5)","background-image":"","background-repeat":"repeat","background-position":"center center","background-size":"auto","background-attachment":"scroll","background-type":"","background-media":"","overlay-type":"","overlay-color":"","overlay-opacity":"","overlay-gradient":""}},"footnotes":""},"class_list":["post-24682","page","type-page","status-publish","hentry"],"yoast_head":"<!-- This site is optimized with the Yoast SEO Premium plugin v27.5 (Yoast SEO v27.5) - https:\/\/yoast.com\/product\/yoast-seo-premium-wordpress\/ -->\n<title>Politica de envios | Reusable-Molds<\/title>\n<meta name=\"robots\" content=\"index, follow, max-snippet:-1, max-image-preview:large, max-video-preview:-1\" \/>\n<link rel=\"canonical\" href=\"https:\/\/reusable-molds.com\/es\/shipping-policy\/\" \/>\n<meta property=\"og:locale\" content=\"es_ES\" \/>\n<meta property=\"og:type\" content=\"article\" \/>\n<meta property=\"og:title\" content=\"Politica de envios\" \/>\n<meta property=\"og:description\" content=\"Politica de envios Nuestra pol\u00edtica de env\u00edo fue actualizada por \u00faltima vez el 20 de mayo de 2022 Todos los pedidos se procesan dentro de 3 a 5 d\u00edas h\u00e1biles. Los pedidos no se env\u00edan durante los fines de semana ni los d\u00edas festivos. Cualquier pedido recibido despu\u00e9s de las 2 p.m. de lunes a [&hellip;]\" \/>\n<meta property=\"og:url\" content=\"https:\/\/reusable-molds.com\/es\/shipping-policy\/\" \/>\n<meta property=\"og:site_name\" content=\"Reusable-Molds\" \/>\n<meta property=\"article:publisher\" content=\"https:\/\/m.facebook.com\/River-tableses-100870435264214\/?ref=bookmarks\" \/>\n<meta property=\"article:modified_time\" content=\"2025-02-11T15:55:45+00:00\" \/>\n<meta name=\"twitter:card\" content=\"summary_large_image\" \/>\n<meta name=\"twitter:label1\" content=\"Tiempo de lectura\" \/>\n\t<meta name=\"twitter:data1\" content=\"3 minuto\" \/>\n<script type=\"application\/ld+json\" class=\"yoast-schema-graph\">{\"@context\":\"https:\\\/\\\/schema.org\",\"@graph\":[{\"@type\":\"WebPage\",\"@id\":\"https:\\\/\\\/reusable-molds.com\\\/es\\\/shipping-policy\\\/\",\"url\":\"https:\\\/\\\/reusable-molds.com\\\/es\\\/shipping-policy\\\/\",\"name\":\"Politica de envios | Reusable-Molds\",\"isPartOf\":{\"@id\":\"https:\\\/\\\/reusable-molds.com\\\/es\\\/#website\"},\"datePublished\":\"2022-05-25T06:46:16+00:00\",\"dateModified\":\"2025-02-11T15:55:45+00:00\",\"breadcrumb\":{\"@id\":\"https:\\\/\\\/reusable-molds.com\\\/es\\\/shipping-policy\\\/#breadcrumb\"},\"inLanguage\":\"es\",\"potentialAction\":[{\"@type\":\"ReadAction\",\"target\":[\"https:\\\/\\\/reusable-molds.com\\\/es\\\/shipping-policy\\\/\"]}]},{\"@type\":\"BreadcrumbList\",\"@id\":\"https:\\\/\\\/reusable-molds.com\\\/es\\\/shipping-policy\\\/#breadcrumb\",\"itemListElement\":[{\"@type\":\"ListItem\",\"position\":1,\"name\":\"Home\",\"item\":\"https:\\\/\\\/reusable-molds.com\\\/es\\\/\"},{\"@type\":\"ListItem\",\"position\":2,\"name\":\"Politica de envios\"}]},{\"@type\":\"WebSite\",\"@id\":\"https:\\\/\\\/reusable-molds.com\\\/es\\\/#website\",\"url\":\"https:\\\/\\\/reusable-molds.com\\\/es\\\/\",\"name\":\"Reusable-Molds.com\",\"description\":\"Reusable-Molds.com\",\"publisher\":{\"@id\":\"https:\\\/\\\/reusable-molds.com\\\/es\\\/#organization\"},\"potentialAction\":[{\"@type\":\"SearchAction\",\"target\":{\"@type\":\"EntryPoint\",\"urlTemplate\":\"https:\\\/\\\/reusable-molds.com\\\/es\\\/?s={search_term_string}\"},\"query-input\":{\"@type\":\"PropertyValueSpecification\",\"valueRequired\":true,\"valueName\":\"search_term_string\"}}],\"inLanguage\":\"es\"},{\"@type\":\"Organization\",\"@id\":\"https:\\\/\\\/reusable-molds.com\\\/es\\\/#organization\",\"name\":\"reusable-molds.com\",\"url\":\"https:\\\/\\\/reusable-molds.com\\\/es\\\/\",\"logo\":{\"@type\":\"ImageObject\",\"inLanguage\":\"es\",\"@id\":\"https:\\\/\\\/reusable-molds.com\\\/es\\\/#\\\/schema\\\/logo\\\/image\\\/\",\"url\":\"https:\\\/\\\/reusable-molds.com\\\/wp-content\\\/uploads\\\/2025\\\/03\\\/ReusableMolds-LOGO-NEW-1000-x-1000.jpg\",\"contentUrl\":\"https:\\\/\\\/reusable-molds.com\\\/wp-content\\\/uploads\\\/2025\\\/03\\\/ReusableMolds-LOGO-NEW-1000-x-1000.jpg\",\"width\":1000,\"height\":1000,\"caption\":\"reusable-molds.com\"},\"image\":{\"@id\":\"https:\\\/\\\/reusable-molds.com\\\/es\\\/#\\\/schema\\\/logo\\\/image\\\/\"},\"sameAs\":[\"https:\\\/\\\/m.facebook.com\\\/River-tableses-100870435264214\\\/?ref=bookmarks\",\"https:\\\/\\\/www.instagram.com\\\/reusable-molds.com\\\/\",\"https:\\\/\\\/www.youtube.com\\\/channel\\\/UCZ5_4JQkGQ0jsz-ROdC9v1g\"]}]}<\/script>\n<!-- \/ Yoast SEO Premium plugin. -->","yoast_head_json":{"title":"Politica de envios | Reusable-Molds","robots":{"index":"index","follow":"follow","max-snippet":"max-snippet:-1","max-image-preview":"max-image-preview:large","max-video-preview":"max-video-preview:-1"},"canonical":"https:\/\/reusable-molds.com\/es\/shipping-policy\/","og_locale":"es_ES","og_type":"article","og_title":"Politica de envios","og_description":"Politica de envios Nuestra pol\u00edtica de env\u00edo fue actualizada por \u00faltima vez el 20 de mayo de 2022 Todos los pedidos se procesan dentro de 3 a 5 d\u00edas h\u00e1biles. Los pedidos no se env\u00edan durante los fines de semana ni los d\u00edas festivos. Cualquier pedido recibido despu\u00e9s de las 2 p.m. de lunes a [&hellip;]","og_url":"https:\/\/reusable-molds.com\/es\/shipping-policy\/","og_site_name":"Reusable-Molds","article_publisher":"https:\/\/m.facebook.com\/River-tableses-100870435264214\/?ref=bookmarks","article_modified_time":"2025-02-11T15:55:45+00:00","twitter_card":"summary_large_image","twitter_misc":{"Tiempo de lectura":"3 minuto"},"schema":{"@context":"https:\/\/schema.org","@graph":[{"@type":"WebPage","@id":"https:\/\/reusable-molds.com\/es\/shipping-policy\/","url":"https:\/\/reusable-molds.com\/es\/shipping-policy\/","name":"Politica de envios | Reusable-Molds","isPartOf":{"@id":"https:\/\/reusable-molds.com\/es\/#website"},"datePublished":"2022-05-25T06:46:16+00:00","dateModified":"2025-02-11T15:55:45+00:00","breadcrumb":{"@id":"https:\/\/reusable-molds.com\/es\/shipping-policy\/#breadcrumb"},"inLanguage":"es","potentialAction":[{"@type":"ReadAction","target":["https:\/\/reusable-molds.com\/es\/shipping-policy\/"]}]},{"@type":"BreadcrumbList","@id":"https:\/\/reusable-molds.com\/es\/shipping-policy\/#breadcrumb","itemListElement":[{"@type":"ListItem","position":1,"name":"Home","item":"https:\/\/reusable-molds.com\/es\/"},{"@type":"ListItem","position":2,"name":"Politica de envios"}]},{"@type":"WebSite","@id":"https:\/\/reusable-molds.com\/es\/#website","url":"https:\/\/reusable-molds.com\/es\/","name":"Reusable-Molds.com","description":"Reusable-Molds.com","publisher":{"@id":"https:\/\/reusable-molds.com\/es\/#organization"},"potentialAction":[{"@type":"SearchAction","target":{"@type":"EntryPoint","urlTemplate":"https:\/\/reusable-molds.com\/es\/?s={search_term_string}"},"query-input":{"@type":"PropertyValueSpecification","valueRequired":true,"valueName":"search_term_string"}}],"inLanguage":"es"},{"@type":"Organization","@id":"https:\/\/reusable-molds.com\/es\/#organization","name":"reusable-molds.com","url":"https:\/\/reusable-molds.com\/es\/","logo":{"@type":"ImageObject","inLanguage":"es","@id":"https:\/\/reusable-molds.com\/es\/#\/schema\/logo\/image\/","url":"https:\/\/reusable-molds.com\/wp-content\/uploads\/2025\/03\/ReusableMolds-LOGO-NEW-1000-x-1000.jpg","contentUrl":"https:\/\/reusable-molds.com\/wp-content\/uploads\/2025\/03\/ReusableMolds-LOGO-NEW-1000-x-1000.jpg","width":1000,"height":1000,"caption":"reusable-molds.com"},"image":{"@id":"https:\/\/reusable-molds.com\/es\/#\/schema\/logo\/image\/"},"sameAs":["https:\/\/m.facebook.com\/River-tableses-100870435264214\/?ref=bookmarks","https:\/\/www.instagram.com\/reusable-molds.com\/","https:\/\/www.youtube.com\/channel\/UCZ5_4JQkGQ0jsz-ROdC9v1g"]}]}},"_links":{"self":[{"href":"https:\/\/reusable-molds.com\/es\/wp-json\/wp\/v2\/pages\/24682","targetHints":{"allow":["GET"]}}],"collection":[{"href":"https:\/\/reusable-molds.com\/es\/wp-json\/wp\/v2\/pages"}],"about":[{"href":"https:\/\/reusable-molds.com\/es\/wp-json\/wp\/v2\/types\/page"}],"author":[{"embeddable":true,"href":"https:\/\/reusable-molds.com\/es\/wp-json\/wp\/v2\/users\/3"}],"replies":[{"embeddable":true,"href":"https:\/\/reusable-molds.com\/es\/wp-json\/wp\/v2\/comments?post=24682"}],"version-history":[{"count":0,"href":"https:\/\/reusable-molds.com\/es\/wp-json\/wp\/v2\/pages\/24682\/revisions"}],"wp:attachment":[{"href":"https:\/\/reusable-molds.com\/es\/wp-json\/wp\/v2\/media?parent=24682"}],"curies":[{"name":"wp","href":"https:\/\/api.w.org\/{rel}","templated":true}]}}