{"id":24706,"date":"2022-05-19T13:31:27","date_gmt":"2022-05-19T11:31:27","guid":{"rendered":"https:\/\/reusable-molds.com\/terms-and-conditions\/"},"modified":"2026-03-15T06:30:53","modified_gmt":"2026-03-15T04:30:53","slug":"terms-and-conditions","status":"publish","type":"page","link":"https:\/\/reusable-molds.com\/es\/terms-and-conditions\/","title":{"rendered":"Condiciones generales"},"content":{"rendered":"\t\t<div data-elementor-type=\"wp-page\" data-elementor-id=\"24706\" class=\"elementor elementor-24706 elementor-4333\" data-elementor-post-type=\"page\">\n\t\t\t\t\t\t<section class=\"elementor-section elementor-top-section elementor-element elementor-element-5c2c10c elementor-section-boxed elementor-section-height-default elementor-section-height-default\" data-id=\"5c2c10c\" data-element_type=\"section\" data-e-type=\"section\">\n\t\t\t\t\t\t<div class=\"elementor-container elementor-column-gap-default\">\n\t\t\t\t\t<div class=\"elementor-column elementor-col-100 elementor-top-column elementor-element elementor-element-32cda1bb\" data-id=\"32cda1bb\" data-element_type=\"column\" data-e-type=\"column\">\n\t\t\t<div class=\"elementor-widget-wrap elementor-element-populated\">\n\t\t\t\t\t\t<div class=\"elementor-element elementor-element-352b96cf elementor-widget elementor-widget-heading\" data-id=\"352b96cf\" data-element_type=\"widget\" data-e-type=\"widget\" data-widget_type=\"heading.default\">\n\t\t\t\t<div class=\"elementor-widget-container\">\n\t\t\t\t\t<h1 class=\"elementor-heading-title elementor-size-default\"><h1 data-elementor-setting-key=\"title\" data-pen-placeholder=\"Type Here...\" style=\"font-size: 3.46667rem;font-style: normal\">Condiciones generales<\/h1><\/h1>\t\t\t\t<\/div>\n\t\t\t\t<\/div>\n\t\t\t\t<div class=\"elementor-element elementor-element-740216a9 elementor-widget elementor-widget-text-editor\" data-id=\"740216a9\" data-element_type=\"widget\" data-e-type=\"widget\" data-widget_type=\"text-editor.default\">\n\t\t\t\t<div class=\"elementor-widget-container\">\n\t\t\t\t\t\t\t\t\t<p>Los t\u00e9rminos y condiciones establecidos en esta p\u00e1gina se aplican al uso de este sitio web. Al acceder a este sitio web y\/o realizar un pedido, aceptas quedar vinculado por estos t\u00e9rminos y condiciones. Si no est\u00e1s de acuerdo con estos t\u00e9rminos y condiciones, no puedes utilizar ni acceder a este sitio web.  <\/p>\n<p>Nuestros datos de contacto:<\/p>\n<p>28 Risborough Road, Stoke Mandeville, Bucks. HP22 5UT <\/p>\n<p>Tel\u00e9fono: +44 7377 187 266<\/p>\n<p>Correo electr\u00f3nico: <a href=\"mailto:tatiana@rivertables.es\" style=\"font-size: 1rem; background-color: rgb(255, 255, 255); color: rgb(139, 195, 74); outline: 0px;\">tatiana@rivertables.es<\/a><\/p>\n<p>Datos de registro de la empresa:<\/p>\n<p>Moldes reutilizables.com<\/p>\n<p>28 Risborough Road, Stoke Mandeville, Bucks. HP22 5UT <\/p>\n<p>De compras<\/p>\n<p>Comprar no podr\u00eda ser m\u00e1s f\u00e1cil. S\u00f3lo tienes que navegar por nuestra tienda y a\u00f1adir a tu cesta de la compra todos los art\u00edculos que quieras comprar. Cuando hayas hecho tu selecci\u00f3n, haz clic en \u00abPasar por caja\u00bb. Se te pedir\u00e1n algunos datos que necesitamos para finalizar el pedido.   <\/p>\n<p>Aceptamos pagos con tarjeta de cr\u00e9dito y d\u00e9bito, as\u00ed como PayPal. Se aplican restricciones a algunos env\u00edos internacionales. <\/p>\n<p>Cuando recibes una confirmaci\u00f3n de pedido, significa que hemos recibido tu pedido. No significa que exista un contrato entre nosotros. Indicaremos la aceptaci\u00f3n de tu pedido, y por tanto la existencia de un contrato entre nosotros, cuando te enviemos una factura. Hemos incluido esta cl\u00e1usula para protegernos en caso de que hayamos cometido un error en la fijaci\u00f3n de precios, hayamos bajado inadvertidamente el precio o no podamos suministrar un producto concreto por cualquier motivo. En caso de cambio de precio, siempre nos pondremos en contacto contigo primero para asegurarnos de que el precio es aceptable.    <\/p>\n<p>Entrega<\/p>\n<p>Hemos enumerado aqu\u00ed nuestras condiciones de entrega por separado.<\/p>\n<p>Impuestos y tasas<\/p>\n<p>No nos hacemos responsables de los derechos de importaci\u00f3n que se apliquen a pa\u00edses no pertenecientes a la UE.<\/p>\n<p>Seguridad de las tarjetas de cr\u00e9dito<\/p>\n<p>Cuando realizas un pedido en nuestro sitio web, debes pagar con tarjeta de cr\u00e9dito o d\u00e9bito y Paypal. Esta transacci\u00f3n es segura y cumple todas las normativas exigidas. Trabajamos con proveedores externos para garantizar la mejor seguridad posible tanto para los pedidos en l\u00ednea como por tel\u00e9fono. En ning\u00fan momento almacenaremos los datos de tu tarjeta.   <\/p>\n<p>Garant\u00eda<\/p>\n<p>Garantizamos tu satisfacci\u00f3n. Todos nuestros productos tienen una garant\u00eda de 30 d\u00edas sin objeciones. <\/p>\n<p>Contacta con nosotros<\/p>\n<p>Si necesitas ponerte en contacto con nosotros, ponte en contacto con nosotros utilizando uno de los m\u00e9todos siguientes:<\/p>\n<p>Correo electr\u00f3nico: <a href=\"mailto:tatiana@rivertables.es\" style=\"font-size: 1rem; background-color: rgb(255, 255, 255); color: rgb(139, 195, 74); outline: 0px;\">tatiana@rivertables.es<\/a><\/p>\n<p>Tel: +44 7377 187 266<\/p>\n<p>Pol\u00edtica de privacidad<\/p>\n<p>Hemos enumerado nuestra pol\u00edtica de privacidad por separado aqu\u00ed.<\/p>\n<p>Pol\u00edtica de devoluciones<\/p>\n<p>Hemos enumerado nuestra pol\u00edtica de devoluciones por separado aqu\u00ed.<\/p>\t\t\t\t\t\t\t\t<\/div>\n\t\t\t\t<\/div>\n\t\t\t\t\t<\/div>\n\t\t<\/div>\n\t\t\t\t\t<\/div>\n\t\t<\/section>\n\t\t\t\t<section class=\"elementor-section elementor-top-section elementor-element elementor-element-2194964 elementor-section-boxed elementor-section-height-default elementor-section-height-default\" data-id=\"2194964\" data-element_type=\"section\" data-e-type=\"section\">\n\t\t\t\t\t\t<div class=\"elementor-container elementor-column-gap-default\">\n\t\t\t\t\t<div class=\"elementor-column elementor-col-100 elementor-top-column elementor-element elementor-element-d9c3b6b\" data-id=\"d9c3b6b\" data-element_type=\"column\" data-e-type=\"column\">\n\t\t\t<div class=\"elementor-widget-wrap elementor-element-populated\">\n\t\t\t\t\t\t\t<\/div>\n\t\t<\/div>\n\t\t\t\t\t<\/div>\n\t\t<\/section>\n\t\t\t\t<\/div>\n\t\t","protected":false},"excerpt":{"rendered":"<p>Condiciones generales Los t\u00e9rminos y condiciones establecidos en esta p\u00e1gina se aplican al uso de este sitio web. Al acceder a este sitio web y\/o realizar un pedido, aceptas quedar vinculado por estos t\u00e9rminos y condiciones. Si no est\u00e1s de acuerdo con estos t\u00e9rminos y condiciones, no puedes utilizar ni acceder a este sitio web. [&hellip;]<\/p>\n","protected":false},"author":3,"featured_media":0,"parent":0,"menu_order":0,"comment_status":"closed","ping_status":"closed","template":"","meta":{"site-sidebar-layout":"no-sidebar","site-content-layout":"page-builder","ast-site-content-layout":"default","site-content-style":"default","site-sidebar-style":"default","ast-global-header-display":"","ast-banner-title-visibility":"","ast-main-header-display":"","ast-hfb-above-header-display":"","ast-hfb-below-header-display":"","ast-hfb-mobile-header-display":"","site-post-title":"disabled","ast-breadcrumbs-content":"","ast-featured-img":"disabled","footer-sml-layout":"","ast-disable-related-posts":"","theme-transparent-header-meta":"default","adv-header-id-meta":"","stick-header-meta":"default","header-above-stick-meta":"","header-main-stick-meta":"","header-below-stick-meta":"","astra-migrate-meta-layouts":"default","ast-page-background-enabled":"default","ast-page-background-meta":{"desktop":{"background-color":"var(--ast-global-color-4)","background-image":"","background-repeat":"repeat","background-position":"center center","background-size":"auto","background-attachment":"scroll","background-type":"","background-media":"","overlay-type":"","overlay-color":"","overlay-opacity":"","overlay-gradient":""},"tablet":{"background-color":"","background-image":"","background-repeat":"repeat","background-position":"center center","background-size":"auto","background-attachment":"scroll","background-type":"","background-media":"","overlay-type":"","overlay-color":"","overlay-opacity":"","overlay-gradient":""},"mobile":{"background-color":"","background-image":"","background-repeat":"repeat","background-position":"center center","background-size":"auto","background-attachment":"scroll","background-type":"","background-media":"","overlay-type":"","overlay-color":"","overlay-opacity":"","overlay-gradient":""}},"ast-content-background-meta":{"desktop":{"background-color":"var(--ast-global-color-5)","background-image":"","background-repeat":"repeat","background-position":"center center","background-size":"auto","background-attachment":"scroll","background-type":"","background-media":"","overlay-type":"","overlay-color":"","overlay-opacity":"","overlay-gradient":""},"tablet":{"background-color":"var(--ast-global-color-5)","background-image":"","background-repeat":"repeat","background-position":"center center","background-size":"auto","background-attachment":"scroll","background-type":"","background-media":"","overlay-type":"","overlay-color":"","overlay-opacity":"","overlay-gradient":""},"mobile":{"background-color":"var(--ast-global-color-5)","background-image":"","background-repeat":"repeat","background-position":"center center","background-size":"auto","background-attachment":"scroll","background-type":"","background-media":"","overlay-type":"","overlay-color":"","overlay-opacity":"","overlay-gradient":""}},"footnotes":""},"class_list":["post-24706","page","type-page","status-publish","hentry"],"yoast_head":"<!-- This site is optimized with the Yoast SEO Premium plugin v27.5 (Yoast SEO v27.5) - https:\/\/yoast.com\/product\/yoast-seo-premium-wordpress\/ -->\n<title>Condiciones generales | Reusable-Molds<\/title>\n<meta name=\"robots\" content=\"noindex, follow\" \/>\n<meta property=\"og:locale\" content=\"es_ES\" \/>\n<meta property=\"og:type\" content=\"article\" \/>\n<meta property=\"og:title\" content=\"Condiciones generales\" \/>\n<meta property=\"og:description\" content=\"Condiciones generales Los t\u00e9rminos y condiciones establecidos en esta p\u00e1gina se aplican al uso de este sitio web. Al acceder a este sitio web y\/o realizar un pedido, aceptas quedar vinculado por estos t\u00e9rminos y condiciones. Si no est\u00e1s de acuerdo con estos t\u00e9rminos y condiciones, no puedes utilizar ni acceder a este sitio web. [&hellip;]\" \/>\n<meta property=\"og:url\" content=\"https:\/\/reusable-molds.com\/es\/terms-and-conditions\/\" \/>\n<meta property=\"og:site_name\" content=\"Reusable-Molds\" \/>\n<meta property=\"article:publisher\" content=\"https:\/\/m.facebook.com\/River-tableses-100870435264214\/?ref=bookmarks\" \/>\n<meta property=\"article:modified_time\" content=\"2026-03-15T04:30:53+00:00\" \/>\n<meta name=\"twitter:card\" content=\"summary_large_image\" \/>\n<meta name=\"twitter:label1\" content=\"Tiempo de lectura\" \/>\n\t<meta name=\"twitter:data1\" content=\"2 minuto\" \/>\n<script type=\"application\/ld+json\" class=\"yoast-schema-graph\">{\"@context\":\"https:\\\/\\\/schema.org\",\"@graph\":[{\"@type\":\"WebPage\",\"@id\":\"https:\\\/\\\/reusable-molds.com\\\/es\\\/terms-and-conditions\\\/\",\"url\":\"https:\\\/\\\/reusable-molds.com\\\/es\\\/terms-and-conditions\\\/\",\"name\":\"Condiciones generales | Reusable-Molds\",\"isPartOf\":{\"@id\":\"https:\\\/\\\/reusable-molds.com\\\/es\\\/#website\"},\"datePublished\":\"2022-05-19T11:31:27+00:00\",\"dateModified\":\"2026-03-15T04:30:53+00:00\",\"breadcrumb\":{\"@id\":\"https:\\\/\\\/reusable-molds.com\\\/es\\\/terms-and-conditions\\\/#breadcrumb\"},\"inLanguage\":\"es\",\"potentialAction\":[{\"@type\":\"ReadAction\",\"target\":[\"https:\\\/\\\/reusable-molds.com\\\/es\\\/terms-and-conditions\\\/\"]}]},{\"@type\":\"BreadcrumbList\",\"@id\":\"https:\\\/\\\/reusable-molds.com\\\/es\\\/terms-and-conditions\\\/#breadcrumb\",\"itemListElement\":[{\"@type\":\"ListItem\",\"position\":1,\"name\":\"Home\",\"item\":\"https:\\\/\\\/reusable-molds.com\\\/es\\\/\"},{\"@type\":\"ListItem\",\"position\":2,\"name\":\"Condiciones generales\"}]},{\"@type\":\"WebSite\",\"@id\":\"https:\\\/\\\/reusable-molds.com\\\/es\\\/#website\",\"url\":\"https:\\\/\\\/reusable-molds.com\\\/es\\\/\",\"name\":\"Reusable-Molds.com\",\"description\":\"Reusable-Molds.com\",\"publisher\":{\"@id\":\"https:\\\/\\\/reusable-molds.com\\\/es\\\/#organization\"},\"potentialAction\":[{\"@type\":\"SearchAction\",\"target\":{\"@type\":\"EntryPoint\",\"urlTemplate\":\"https:\\\/\\\/reusable-molds.com\\\/es\\\/?s={search_term_string}\"},\"query-input\":{\"@type\":\"PropertyValueSpecification\",\"valueRequired\":true,\"valueName\":\"search_term_string\"}}],\"inLanguage\":\"es\"},{\"@type\":\"Organization\",\"@id\":\"https:\\\/\\\/reusable-molds.com\\\/es\\\/#organization\",\"name\":\"reusable-molds.com\",\"url\":\"https:\\\/\\\/reusable-molds.com\\\/es\\\/\",\"logo\":{\"@type\":\"ImageObject\",\"inLanguage\":\"es\",\"@id\":\"https:\\\/\\\/reusable-molds.com\\\/es\\\/#\\\/schema\\\/logo\\\/image\\\/\",\"url\":\"https:\\\/\\\/reusable-molds.com\\\/wp-content\\\/uploads\\\/2025\\\/03\\\/ReusableMolds-LOGO-NEW-1000-x-1000.jpg\",\"contentUrl\":\"https:\\\/\\\/reusable-molds.com\\\/wp-content\\\/uploads\\\/2025\\\/03\\\/ReusableMolds-LOGO-NEW-1000-x-1000.jpg\",\"width\":1000,\"height\":1000,\"caption\":\"reusable-molds.com\"},\"image\":{\"@id\":\"https:\\\/\\\/reusable-molds.com\\\/es\\\/#\\\/schema\\\/logo\\\/image\\\/\"},\"sameAs\":[\"https:\\\/\\\/m.facebook.com\\\/River-tableses-100870435264214\\\/?ref=bookmarks\",\"https:\\\/\\\/www.instagram.com\\\/reusable-molds.com\\\/\",\"https:\\\/\\\/www.youtube.com\\\/channel\\\/UCZ5_4JQkGQ0jsz-ROdC9v1g\"]}]}<\/script>\n<!-- \/ Yoast SEO Premium plugin. -->","yoast_head_json":{"title":"Condiciones generales | Reusable-Molds","robots":{"index":"noindex","follow":"follow"},"og_locale":"es_ES","og_type":"article","og_title":"Condiciones generales","og_description":"Condiciones generales Los t\u00e9rminos y condiciones establecidos en esta p\u00e1gina se aplican al uso de este sitio web. Al acceder a este sitio web y\/o realizar un pedido, aceptas quedar vinculado por estos t\u00e9rminos y condiciones. Si no est\u00e1s de acuerdo con estos t\u00e9rminos y condiciones, no puedes utilizar ni acceder a este sitio web. [&hellip;]","og_url":"https:\/\/reusable-molds.com\/es\/terms-and-conditions\/","og_site_name":"Reusable-Molds","article_publisher":"https:\/\/m.facebook.com\/River-tableses-100870435264214\/?ref=bookmarks","article_modified_time":"2026-03-15T04:30:53+00:00","twitter_card":"summary_large_image","twitter_misc":{"Tiempo de lectura":"2 minuto"},"schema":{"@context":"https:\/\/schema.org","@graph":[{"@type":"WebPage","@id":"https:\/\/reusable-molds.com\/es\/terms-and-conditions\/","url":"https:\/\/reusable-molds.com\/es\/terms-and-conditions\/","name":"Condiciones generales | Reusable-Molds","isPartOf":{"@id":"https:\/\/reusable-molds.com\/es\/#website"},"datePublished":"2022-05-19T11:31:27+00:00","dateModified":"2026-03-15T04:30:53+00:00","breadcrumb":{"@id":"https:\/\/reusable-molds.com\/es\/terms-and-conditions\/#breadcrumb"},"inLanguage":"es","potentialAction":[{"@type":"ReadAction","target":["https:\/\/reusable-molds.com\/es\/terms-and-conditions\/"]}]},{"@type":"BreadcrumbList","@id":"https:\/\/reusable-molds.com\/es\/terms-and-conditions\/#breadcrumb","itemListElement":[{"@type":"ListItem","position":1,"name":"Home","item":"https:\/\/reusable-molds.com\/es\/"},{"@type":"ListItem","position":2,"name":"Condiciones generales"}]},{"@type":"WebSite","@id":"https:\/\/reusable-molds.com\/es\/#website","url":"https:\/\/reusable-molds.com\/es\/","name":"Reusable-Molds.com","description":"Reusable-Molds.com","publisher":{"@id":"https:\/\/reusable-molds.com\/es\/#organization"},"potentialAction":[{"@type":"SearchAction","target":{"@type":"EntryPoint","urlTemplate":"https:\/\/reusable-molds.com\/es\/?s={search_term_string}"},"query-input":{"@type":"PropertyValueSpecification","valueRequired":true,"valueName":"search_term_string"}}],"inLanguage":"es"},{"@type":"Organization","@id":"https:\/\/reusable-molds.com\/es\/#organization","name":"reusable-molds.com","url":"https:\/\/reusable-molds.com\/es\/","logo":{"@type":"ImageObject","inLanguage":"es","@id":"https:\/\/reusable-molds.com\/es\/#\/schema\/logo\/image\/","url":"https:\/\/reusable-molds.com\/wp-content\/uploads\/2025\/03\/ReusableMolds-LOGO-NEW-1000-x-1000.jpg","contentUrl":"https:\/\/reusable-molds.com\/wp-content\/uploads\/2025\/03\/ReusableMolds-LOGO-NEW-1000-x-1000.jpg","width":1000,"height":1000,"caption":"reusable-molds.com"},"image":{"@id":"https:\/\/reusable-molds.com\/es\/#\/schema\/logo\/image\/"},"sameAs":["https:\/\/m.facebook.com\/River-tableses-100870435264214\/?ref=bookmarks","https:\/\/www.instagram.com\/reusable-molds.com\/","https:\/\/www.youtube.com\/channel\/UCZ5_4JQkGQ0jsz-ROdC9v1g"]}]}},"_links":{"self":[{"href":"https:\/\/reusable-molds.com\/es\/wp-json\/wp\/v2\/pages\/24706","targetHints":{"allow":["GET"]}}],"collection":[{"href":"https:\/\/reusable-molds.com\/es\/wp-json\/wp\/v2\/pages"}],"about":[{"href":"https:\/\/reusable-molds.com\/es\/wp-json\/wp\/v2\/types\/page"}],"author":[{"embeddable":true,"href":"https:\/\/reusable-molds.com\/es\/wp-json\/wp\/v2\/users\/3"}],"replies":[{"embeddable":true,"href":"https:\/\/reusable-molds.com\/es\/wp-json\/wp\/v2\/comments?post=24706"}],"version-history":[{"count":2,"href":"https:\/\/reusable-molds.com\/es\/wp-json\/wp\/v2\/pages\/24706\/revisions"}],"predecessor-version":[{"id":31054,"href":"https:\/\/reusable-molds.com\/es\/wp-json\/wp\/v2\/pages\/24706\/revisions\/31054"}],"wp:attachment":[{"href":"https:\/\/reusable-molds.com\/es\/wp-json\/wp\/v2\/media?parent=24706"}],"curies":[{"name":"wp","href":"https:\/\/api.w.org\/{rel}","templated":true}]}}