{"id":24600,"date":"2022-05-19T11:29:43","date_gmt":"2022-05-19T09:29:43","guid":{"rendered":"https:\/\/reusable-molds.com\/legal-warning\/"},"modified":"2026-03-27T09:58:02","modified_gmt":"2026-03-27T07:58:02","slug":"avertissement-legal","status":"publish","type":"page","link":"https:\/\/reusable-molds.com\/fr\/avertissement-legal\/","title":{"rendered":"avertissement-legal"},"content":{"rendered":"\t\t<div data-elementor-type=\"wp-page\" data-elementor-id=\"24600\" class=\"elementor elementor-24600 elementor-4303\" data-elementor-post-type=\"page\">\n\t\t\t\t\t\t<section class=\"elementor-section elementor-top-section elementor-element elementor-element-77a741e5 elementor-section-boxed elementor-section-height-default elementor-section-height-default\" data-id=\"77a741e5\" data-element_type=\"section\" data-e-type=\"section\">\n\t\t\t\t\t\t<div class=\"elementor-container elementor-column-gap-default\">\n\t\t\t\t\t<div class=\"elementor-column elementor-col-100 elementor-top-column elementor-element elementor-element-73ecbf0b\" data-id=\"73ecbf0b\" data-element_type=\"column\" data-e-type=\"column\">\n\t\t\t<div class=\"elementor-widget-wrap elementor-element-populated\">\n\t\t\t\t\t\t<div class=\"elementor-element elementor-element-7951c62 elementor-widget elementor-widget-heading\" data-id=\"7951c62\" data-element_type=\"widget\" data-e-type=\"widget\" data-widget_type=\"heading.default\">\n\t\t\t\t<div class=\"elementor-widget-container\">\n\t\t\t\t\t<h1 class=\"elementor-heading-title elementor-size-default\">Avertissement l\u00e9gal<\/h1>\t\t\t\t<\/div>\n\t\t\t\t<\/div>\n\t\t\t\t<div class=\"elementor-element elementor-element-183fcaaa elementor-widget elementor-widget-text-editor\" data-id=\"183fcaaa\" data-element_type=\"widget\" data-e-type=\"widget\" data-widget_type=\"text-editor.default\">\n\t\t\t\t<div class=\"elementor-widget-container\">\n\t\t\t\t\t\t\t\t\t<p>Dans certaines circonstances, vous disposez de droits en vertu des lois sur la protection des donn\u00e9es concernant vos donn\u00e9es personnelles. Vous avez le droit de\u00a0:<\/p><p>Demander l\u2019acc\u00e8s \u00e0 vos donn\u00e9es personnelles (commun\u00e9ment appel\u00e9 \u00ab\u00a0droit d\u2019acc\u00e8s\u00a0\u00bb). Cela vous permet de recevoir une copie des donn\u00e9es personnelles que nous d\u00e9tenons vous concernant et de v\u00e9rifier que leur traitement est licite.<\/p><p>Demander la rectification des donn\u00e9es personnelles que nous d\u00e9tenons vous concernant. Cela vous permet de faire corriger toute donn\u00e9e incompl\u00e8te ou inexacte vous concernant, m\u00eame si nous pouvons \u00eatre amen\u00e9s \u00e0 v\u00e9rifier l\u2019exactitude des nouvelles donn\u00e9es que vous nous fournissez.<\/p><p>Demander l\u2019effacement de vos donn\u00e9es personnelles. Cela vous permet de nous demander de supprimer vos donn\u00e9es personnelles lorsqu\u2019il n\u2019existe aucune raison valable de continuer \u00e0 les traiter. Vous avez \u00e9galement le droit de nous demander de supprimer vos donn\u00e9es personnelles lorsque vous avez exerc\u00e9 avec succ\u00e8s votre droit d\u2019opposition au traitement (voir ci-dessous), lorsque nous avons trait\u00e9 vos informations de mani\u00e8re illicite ou lorsque nous sommes tenus d\u2019effacer vos donn\u00e9es personnelles pour nous conformer \u00e0 la l\u00e9gislation locale. Veuillez noter toutefois que nous ne pourrons pas toujours donner suite \u00e0 votre demande d&rsquo;effacement pour des raisons juridiques sp\u00e9cifiques qui vous seront communiqu\u00e9es, le cas \u00e9ch\u00e9ant, au moment de votre demande.<\/p><p>Vous pouvez vous opposer au traitement de vos donn\u00e9es personnelles lorsque nous nous fondons sur un int\u00e9r\u00eat l\u00e9gitime (le n\u00f4tre ou celui d&rsquo;un tiers) et que votre situation particuli\u00e8re vous am\u00e8ne \u00e0 vous y opposer, car vous estimez que ce traitement porte atteinte \u00e0 vos droits et libert\u00e9s fondamentaux. Vous avez \u00e9galement le droit de vous opposer au traitement de vos donn\u00e9es personnelles \u00e0 des fins de prospection commerciale. Dans certains cas, nous pourrons d\u00e9montrer que nous avons des motifs l\u00e9gitimes et imp\u00e9rieux de traiter vos donn\u00e9es, qui pr\u00e9valent sur vos droits et libert\u00e9s.<\/p><p>Vous pouvez demander la limitation du traitement de vos donn\u00e9es personnelles. Cela vous permet de nous demander de suspendre le traitement de vos donn\u00e9es personnelles dans les cas suivants\u00a0: (a) si vous souhaitez que nous v\u00e9rifiions l&rsquo;exactitude des donn\u00e9es\u00a0; (b) si notre utilisation des donn\u00e9es est ill\u00e9gale, mais que vous ne souhaitez pas leur effacement\u00a0; (c) si vous avez besoin que nous conservions les donn\u00e9es, m\u00eame si nous n&rsquo;en avons plus besoin, car elles vous sont n\u00e9cessaires pour la constatation, l&rsquo;exercice ou la d\u00e9fense de droits en justice. ou (d) vous vous \u00eates oppos\u00e9(e) \u00e0 l&rsquo;utilisation de vos donn\u00e9es, mais nous devons v\u00e9rifier si nous avons des motifs l\u00e9gitimes et imp\u00e9rieux de les utiliser.<\/p><p>Demandez le transfert de vos donn\u00e9es personnelles \u00e0 vous-m\u00eame ou \u00e0 un tiers. Nous vous fournirons, ou au tiers que vous aurez choisi, vos donn\u00e9es personnelles dans un format structur\u00e9, couramment utilis\u00e9 et lisible par machine. Veuillez noter que ce droit s&rsquo;applique uniquement aux informations automatis\u00e9es pour lesquelles vous avez initialement consenti \u00e0 ce que nous les utilisions ou lorsque nous avons utilis\u00e9 ces informations pour ex\u00e9cuter un contrat avec vous.<\/p><p>Vous pouvez retirer votre consentement \u00e0 tout moment lorsque nous nous appuyons sur celui-ci pour traiter vos donn\u00e9es personnelles. Toutefois, cela n&rsquo;affectera pas la lic\u00e9it\u00e9 des traitements effectu\u00e9s avant le retrait de votre consentement. Si vous retirez votre consentement, il se peut que nous ne soyons plus en mesure de vous fournir certains produits ou services. Nous vous en informerons le cas \u00e9ch\u00e9ant au moment du retrait de votre consentement. Si vous souhaitez exercer l&rsquo;un des droits mentionn\u00e9s ci-dessus, veuillez contacter notre D\u00e9l\u00e9gu\u00e9 \u00e0 la protection des donn\u00e9es (DPO) en utilisant les coordonn\u00e9es indiqu\u00e9es au paragraphe 4 ci-dessus. G\u00e9n\u00e9ralement, aucun frais n&rsquo;est requis.<\/p><p>L&rsquo;acc\u00e8s \u00e0 vos donn\u00e9es personnelles (ou l&rsquo;exercice de vos autres droits) est gratuit.<\/p><p>Toutefois, des frais raisonnables pourront vous \u00eatre factur\u00e9s si votre demande est manifestement infond\u00e9e, r\u00e9p\u00e9titive ou excessive. Dans ce cas, nous pouvons \u00e9galement refuser d&rsquo;y donner suite.<\/p><p>Informations n\u00e9cessaires<\/p><p>Afin de confirmer votre identit\u00e9 et de garantir votre droit d&rsquo;acc\u00e8s \u00e0 vos donn\u00e9es personnelles (ou l&rsquo;exercice de vos autres droits), nous pourrions vous demander des informations sp\u00e9cifiques. Cette mesure de s\u00e9curit\u00e9 vise \u00e0 emp\u00eacher la divulgation de donn\u00e9es personnelles \u00e0 des personnes non autoris\u00e9es. Nous pourrions \u00e9galement vous contacter pour obtenir des informations compl\u00e9mentaires concernant votre demande afin d&rsquo;acc\u00e9l\u00e9rer notre r\u00e9ponse.<\/p><p>D\u00e9lai de r\u00e9ponse<\/p><p>Nous nous effor\u00e7ons de r\u00e9pondre \u00e0 toutes les demandes l\u00e9gitimes dans un d\u00e9lai d&rsquo;un mois. Ce d\u00e9lai peut exceptionnellement \u00eatre plus long si votre demande est particuli\u00e8rement complexe ou si vous avez formul\u00e9 plusieurs demandes. Dans ce cas, nous vous en informerons et vous tiendrons au courant.<\/p><p>Glossaire<\/p><p>BASE JURIDIQUE<\/p><p>Int\u00e9r\u00eat l\u00e9gitime\u00a0: il s\u2019agit de l\u2019int\u00e9r\u00eat de notre entreprise \u00e0 mener et g\u00e9rer ses activit\u00e9s afin de vous offrir le meilleur service\/produit et l\u2019exp\u00e9rience la plus optimale et s\u00e9curis\u00e9e. Nous veillons \u00e0 prendre en compte et \u00e0 \u00e9quilibrer tout impact potentiel sur vous (positif et n\u00e9gatif) et sur vos droits avant de traiter vos donn\u00e9es personnelles pour nos int\u00e9r\u00eats l\u00e9gitimes. Nous n\u2019utilisons pas vos donn\u00e9es personnelles pour des activit\u00e9s o\u00f9 nos int\u00e9r\u00eats sont supplant\u00e9s par l\u2019impact sur vous (sauf si nous avons votre consentement ou si la loi nous y oblige ou nous y autorise). Vous pouvez obtenir de plus amples informations sur la mani\u00e8re dont nous \u00e9valuons nos int\u00e9r\u00eats l\u00e9gitimes au regard de tout impact potentiel sur vous concernant des activit\u00e9s sp\u00e9cifiques en nous contactant.<\/p>\t\t\t\t\t\t\t\t<\/div>\n\t\t\t\t<\/div>\n\t\t\t\t\t<\/div>\n\t\t<\/div>\n\t\t\t\t\t<\/div>\n\t\t<\/section>\n\t\t\t\t<\/div>\n\t\t","protected":false},"excerpt":{"rendered":"<p>Avertissement l\u00e9gal Dans certaines circonstances, vous disposez de droits en vertu des lois sur la protection des donn\u00e9es concernant vos donn\u00e9es personnelles. Vous avez le droit de\u00a0: Demander l\u2019acc\u00e8s \u00e0 vos donn\u00e9es personnelles (commun\u00e9ment appel\u00e9 \u00ab\u00a0droit d\u2019acc\u00e8s\u00a0\u00bb). Cela vous permet de recevoir une copie des donn\u00e9es personnelles que nous d\u00e9tenons vous concernant et de v\u00e9rifier [&hellip;]<\/p>\n","protected":false},"author":3,"featured_media":0,"parent":0,"menu_order":0,"comment_status":"closed","ping_status":"closed","template":"","meta":{"site-sidebar-layout":"no-sidebar","site-content-layout":"page-builder","ast-site-content-layout":"default","site-content-style":"default","site-sidebar-style":"default","ast-global-header-display":"","ast-banner-title-visibility":"","ast-main-header-display":"","ast-hfb-above-header-display":"","ast-hfb-below-header-display":"","ast-hfb-mobile-header-display":"","site-post-title":"disabled","ast-breadcrumbs-content":"","ast-featured-img":"disabled","footer-sml-layout":"","ast-disable-related-posts":"","theme-transparent-header-meta":"default","adv-header-id-meta":"","stick-header-meta":"default","header-above-stick-meta":"","header-main-stick-meta":"","header-below-stick-meta":"","astra-migrate-meta-layouts":"set","ast-page-background-enabled":"default","ast-page-background-meta":{"desktop":{"background-color":"var(--ast-global-color-4)","background-image":"","background-repeat":"repeat","background-position":"center center","background-size":"auto","background-attachment":"scroll","background-type":"","background-media":"","overlay-type":"","overlay-color":"","overlay-opacity":"","overlay-gradient":""},"tablet":{"background-color":"","background-image":"","background-repeat":"repeat","background-position":"center center","background-size":"auto","background-attachment":"scroll","background-type":"","background-media":"","overlay-type":"","overlay-color":"","overlay-opacity":"","overlay-gradient":""},"mobile":{"background-color":"","background-image":"","background-repeat":"repeat","background-position":"center center","background-size":"auto","background-attachment":"scroll","background-type":"","background-media":"","overlay-type":"","overlay-color":"","overlay-opacity":"","overlay-gradient":""}},"ast-content-background-meta":{"desktop":{"background-color":"var(--ast-global-color-5)","background-image":"","background-repeat":"repeat","background-position":"center center","background-size":"auto","background-attachment":"scroll","background-type":"","background-media":"","overlay-type":"","overlay-color":"","overlay-opacity":"","overlay-gradient":""},"tablet":{"background-color":"var(--ast-global-color-5)","background-image":"","background-repeat":"repeat","background-position":"center center","background-size":"auto","background-attachment":"scroll","background-type":"","background-media":"","overlay-type":"","overlay-color":"","overlay-opacity":"","overlay-gradient":""},"mobile":{"background-color":"var(--ast-global-color-5)","background-image":"","background-repeat":"repeat","background-position":"center center","background-size":"auto","background-attachment":"scroll","background-type":"","background-media":"","overlay-type":"","overlay-color":"","overlay-opacity":"","overlay-gradient":""}},"footnotes":""},"class_list":["post-24600","page","type-page","status-publish","hentry"],"yoast_head":"<!-- This site is optimized with the Yoast SEO Premium plugin v27.5 (Yoast SEO v27.5) - https:\/\/yoast.com\/product\/yoast-seo-premium-wordpress\/ -->\n<title>avertissement-legal | Reusable-Molds<\/title>\n<meta name=\"description\" content=\"Consultez notre avertissement l\u00e9gal et les conditions d&#039;utilisation du site Reusable-Molds.com.\" \/>\n<meta name=\"robots\" content=\"index, follow, max-snippet:-1, max-image-preview:large, max-video-preview:-1\" \/>\n<link rel=\"canonical\" href=\"https:\/\/reusable-molds.com\/fr\/avertissement-legal\/\" \/>\n<meta property=\"og:locale\" content=\"fr_FR\" \/>\n<meta property=\"og:type\" content=\"article\" \/>\n<meta property=\"og:title\" content=\"avertissement-legal\" \/>\n<meta property=\"og:description\" content=\"Consultez notre avertissement l\u00e9gal et les conditions d&#039;utilisation du site Reusable-Molds.com.\" \/>\n<meta property=\"og:url\" content=\"https:\/\/reusable-molds.com\/fr\/avertissement-legal\/\" \/>\n<meta property=\"og:site_name\" content=\"Reusable-Molds\" \/>\n<meta property=\"article:publisher\" content=\"https:\/\/m.facebook.com\/River-tableses-100870435264214\/?ref=bookmarks\" \/>\n<meta property=\"article:modified_time\" content=\"2026-03-27T07:58:02+00:00\" \/>\n<meta name=\"twitter:card\" content=\"summary_large_image\" \/>\n<meta name=\"twitter:label1\" content=\"Dur\u00e9e de lecture estim\u00e9e\" \/>\n\t<meta name=\"twitter:data1\" content=\"4 minutes\" \/>\n<script type=\"application\/ld+json\" class=\"yoast-schema-graph\">{\"@context\":\"https:\\\/\\\/schema.org\",\"@graph\":[{\"@type\":\"WebPage\",\"@id\":\"https:\\\/\\\/reusable-molds.com\\\/fr\\\/avertissement-legal\\\/\",\"url\":\"https:\\\/\\\/reusable-molds.com\\\/fr\\\/avertissement-legal\\\/\",\"name\":\"avertissement-legal | Reusable-Molds\",\"isPartOf\":{\"@id\":\"https:\\\/\\\/reusable-molds.com\\\/fr\\\/#website\"},\"datePublished\":\"2022-05-19T09:29:43+00:00\",\"dateModified\":\"2026-03-27T07:58:02+00:00\",\"description\":\"Consultez notre avertissement l\u00e9gal et les conditions d'utilisation du site Reusable-Molds.com.\",\"breadcrumb\":{\"@id\":\"https:\\\/\\\/reusable-molds.com\\\/fr\\\/avertissement-legal\\\/#breadcrumb\"},\"inLanguage\":\"fr-FR\",\"potentialAction\":[{\"@type\":\"ReadAction\",\"target\":[\"https:\\\/\\\/reusable-molds.com\\\/fr\\\/avertissement-legal\\\/\"]}]},{\"@type\":\"BreadcrumbList\",\"@id\":\"https:\\\/\\\/reusable-molds.com\\\/fr\\\/avertissement-legal\\\/#breadcrumb\",\"itemListElement\":[{\"@type\":\"ListItem\",\"position\":1,\"name\":\"Home\",\"item\":\"https:\\\/\\\/reusable-molds.com\\\/fr\\\/\"},{\"@type\":\"ListItem\",\"position\":2,\"name\":\"avertissement-legal\"}]},{\"@type\":\"WebSite\",\"@id\":\"https:\\\/\\\/reusable-molds.com\\\/fr\\\/#website\",\"url\":\"https:\\\/\\\/reusable-molds.com\\\/fr\\\/\",\"name\":\"Reusable-Molds.com\",\"description\":\"Reusable-Molds.com\",\"publisher\":{\"@id\":\"https:\\\/\\\/reusable-molds.com\\\/fr\\\/#organization\"},\"potentialAction\":[{\"@type\":\"SearchAction\",\"target\":{\"@type\":\"EntryPoint\",\"urlTemplate\":\"https:\\\/\\\/reusable-molds.com\\\/fr\\\/?s={search_term_string}\"},\"query-input\":{\"@type\":\"PropertyValueSpecification\",\"valueRequired\":true,\"valueName\":\"search_term_string\"}}],\"inLanguage\":\"fr-FR\"},{\"@type\":\"Organization\",\"@id\":\"https:\\\/\\\/reusable-molds.com\\\/fr\\\/#organization\",\"name\":\"reusable-molds.com\",\"url\":\"https:\\\/\\\/reusable-molds.com\\\/fr\\\/\",\"logo\":{\"@type\":\"ImageObject\",\"inLanguage\":\"fr-FR\",\"@id\":\"https:\\\/\\\/reusable-molds.com\\\/fr\\\/#\\\/schema\\\/logo\\\/image\\\/\",\"url\":\"https:\\\/\\\/reusable-molds.com\\\/wp-content\\\/uploads\\\/2025\\\/03\\\/ReusableMolds-LOGO-NEW-1000-x-1000.jpg\",\"contentUrl\":\"https:\\\/\\\/reusable-molds.com\\\/wp-content\\\/uploads\\\/2025\\\/03\\\/ReusableMolds-LOGO-NEW-1000-x-1000.jpg\",\"width\":1000,\"height\":1000,\"caption\":\"reusable-molds.com\"},\"image\":{\"@id\":\"https:\\\/\\\/reusable-molds.com\\\/fr\\\/#\\\/schema\\\/logo\\\/image\\\/\"},\"sameAs\":[\"https:\\\/\\\/m.facebook.com\\\/River-tableses-100870435264214\\\/?ref=bookmarks\",\"https:\\\/\\\/www.instagram.com\\\/reusable-molds.com\\\/\",\"https:\\\/\\\/www.youtube.com\\\/channel\\\/UCZ5_4JQkGQ0jsz-ROdC9v1g\"]}]}<\/script>\n<!-- \/ Yoast SEO Premium plugin. -->","yoast_head_json":{"title":"avertissement-legal | Reusable-Molds","description":"Consultez notre avertissement l\u00e9gal et les conditions d'utilisation du site Reusable-Molds.com.","robots":{"index":"index","follow":"follow","max-snippet":"max-snippet:-1","max-image-preview":"max-image-preview:large","max-video-preview":"max-video-preview:-1"},"canonical":"https:\/\/reusable-molds.com\/fr\/avertissement-legal\/","og_locale":"fr_FR","og_type":"article","og_title":"avertissement-legal","og_description":"Consultez notre avertissement l\u00e9gal et les conditions d'utilisation du site Reusable-Molds.com.","og_url":"https:\/\/reusable-molds.com\/fr\/avertissement-legal\/","og_site_name":"Reusable-Molds","article_publisher":"https:\/\/m.facebook.com\/River-tableses-100870435264214\/?ref=bookmarks","article_modified_time":"2026-03-27T07:58:02+00:00","twitter_card":"summary_large_image","twitter_misc":{"Dur\u00e9e de lecture estim\u00e9e":"4 minutes"},"schema":{"@context":"https:\/\/schema.org","@graph":[{"@type":"WebPage","@id":"https:\/\/reusable-molds.com\/fr\/avertissement-legal\/","url":"https:\/\/reusable-molds.com\/fr\/avertissement-legal\/","name":"avertissement-legal | Reusable-Molds","isPartOf":{"@id":"https:\/\/reusable-molds.com\/fr\/#website"},"datePublished":"2022-05-19T09:29:43+00:00","dateModified":"2026-03-27T07:58:02+00:00","description":"Consultez notre avertissement l\u00e9gal et les conditions d'utilisation du site Reusable-Molds.com.","breadcrumb":{"@id":"https:\/\/reusable-molds.com\/fr\/avertissement-legal\/#breadcrumb"},"inLanguage":"fr-FR","potentialAction":[{"@type":"ReadAction","target":["https:\/\/reusable-molds.com\/fr\/avertissement-legal\/"]}]},{"@type":"BreadcrumbList","@id":"https:\/\/reusable-molds.com\/fr\/avertissement-legal\/#breadcrumb","itemListElement":[{"@type":"ListItem","position":1,"name":"Home","item":"https:\/\/reusable-molds.com\/fr\/"},{"@type":"ListItem","position":2,"name":"avertissement-legal"}]},{"@type":"WebSite","@id":"https:\/\/reusable-molds.com\/fr\/#website","url":"https:\/\/reusable-molds.com\/fr\/","name":"Reusable-Molds.com","description":"Reusable-Molds.com","publisher":{"@id":"https:\/\/reusable-molds.com\/fr\/#organization"},"potentialAction":[{"@type":"SearchAction","target":{"@type":"EntryPoint","urlTemplate":"https:\/\/reusable-molds.com\/fr\/?s={search_term_string}"},"query-input":{"@type":"PropertyValueSpecification","valueRequired":true,"valueName":"search_term_string"}}],"inLanguage":"fr-FR"},{"@type":"Organization","@id":"https:\/\/reusable-molds.com\/fr\/#organization","name":"reusable-molds.com","url":"https:\/\/reusable-molds.com\/fr\/","logo":{"@type":"ImageObject","inLanguage":"fr-FR","@id":"https:\/\/reusable-molds.com\/fr\/#\/schema\/logo\/image\/","url":"https:\/\/reusable-molds.com\/wp-content\/uploads\/2025\/03\/ReusableMolds-LOGO-NEW-1000-x-1000.jpg","contentUrl":"https:\/\/reusable-molds.com\/wp-content\/uploads\/2025\/03\/ReusableMolds-LOGO-NEW-1000-x-1000.jpg","width":1000,"height":1000,"caption":"reusable-molds.com"},"image":{"@id":"https:\/\/reusable-molds.com\/fr\/#\/schema\/logo\/image\/"},"sameAs":["https:\/\/m.facebook.com\/River-tableses-100870435264214\/?ref=bookmarks","https:\/\/www.instagram.com\/reusable-molds.com\/","https:\/\/www.youtube.com\/channel\/UCZ5_4JQkGQ0jsz-ROdC9v1g"]}]}},"_links":{"self":[{"href":"https:\/\/reusable-molds.com\/fr\/wp-json\/wp\/v2\/pages\/24600","targetHints":{"allow":["GET"]}}],"collection":[{"href":"https:\/\/reusable-molds.com\/fr\/wp-json\/wp\/v2\/pages"}],"about":[{"href":"https:\/\/reusable-molds.com\/fr\/wp-json\/wp\/v2\/types\/page"}],"author":[{"embeddable":true,"href":"https:\/\/reusable-molds.com\/fr\/wp-json\/wp\/v2\/users\/3"}],"replies":[{"embeddable":true,"href":"https:\/\/reusable-molds.com\/fr\/wp-json\/wp\/v2\/comments?post=24600"}],"version-history":[{"count":4,"href":"https:\/\/reusable-molds.com\/fr\/wp-json\/wp\/v2\/pages\/24600\/revisions"}],"predecessor-version":[{"id":31148,"href":"https:\/\/reusable-molds.com\/fr\/wp-json\/wp\/v2\/pages\/24600\/revisions\/31148"}],"wp:attachment":[{"href":"https:\/\/reusable-molds.com\/fr\/wp-json\/wp\/v2\/media?parent=24600"}],"curies":[{"name":"wp","href":"https:\/\/api.w.org\/{rel}","templated":true}]}}