{"id":24646,"date":"2022-05-19T13:29:25","date_gmt":"2022-05-19T11:29:25","guid":{"rendered":"https:\/\/reusable-molds.com\/returns-policy\/"},"modified":"2026-04-24T13:59:45","modified_gmt":"2026-04-24T11:59:45","slug":"returns-policy","status":"publish","type":"page","link":"https:\/\/reusable-molds.com\/fr\/returns-policy\/","title":{"rendered":"Politique de retour"},"content":{"rendered":"\t\t<div data-elementor-type=\"wp-page\" data-elementor-id=\"24646\" class=\"elementor elementor-24646 elementor-4329\" data-elementor-post-type=\"page\">\n\t\t\t\t\t\t<section class=\"elementor-section elementor-top-section elementor-element elementor-element-15cb8b3 elementor-section-boxed elementor-section-height-default elementor-section-height-default\" data-id=\"15cb8b3\" data-element_type=\"section\" data-e-type=\"section\">\n\t\t\t\t\t\t<div class=\"elementor-container elementor-column-gap-default\">\n\t\t\t\t\t<div class=\"elementor-column elementor-col-100 elementor-top-column elementor-element elementor-element-49f6dffe\" data-id=\"49f6dffe\" data-element_type=\"column\" data-e-type=\"column\">\n\t\t\t<div class=\"elementor-widget-wrap elementor-element-populated\">\n\t\t\t\t\t\t<div class=\"elementor-element elementor-element-12f6f02a elementor-widget elementor-widget-heading\" data-id=\"12f6f02a\" data-element_type=\"widget\" data-e-type=\"widget\" data-widget_type=\"heading.default\">\n\t\t\t\t<div class=\"elementor-widget-container\">\n\t\t\t\t\t<h1 class=\"elementor-heading-title elementor-size-default\">Politique de retour<\/h1>\t\t\t\t<\/div>\n\t\t\t\t<\/div>\n\t\t\t\t<div class=\"elementor-element elementor-element-2635247a elementor-widget elementor-widget-text-editor\" data-id=\"2635247a\" data-element_type=\"widget\" data-e-type=\"widget\" data-widget_type=\"text-editor.default\">\n\t\t\t\t<div class=\"elementor-widget-container\">\n\t\t\t\t\t\t\t\t\t<p><strong>Politique de retour<\/strong><\/p><p>Chez Reusable-Molds.com, nous nous engageons \u00e0 fournir la meilleure exp\u00e9rience client possible. Si vous devez retourner une commande, nous sommes l\u00e0 pour rendre le processus aussi simple que possible. Si vous avez des questions, veuillez contacter notre \u00e9quipe \u00e0 <a href=\"mailto:info@reusable-molds.com\">info@reusable-molds.com<\/a> avant d&rsquo;effectuer un retour.  <\/p><p><strong>Produits sur mesure<\/strong><\/p><p>Les produits qui ont \u00e9t\u00e9 fabriqu\u00e9s sur mesure pour r\u00e9pondre \u00e0 vos besoins sp\u00e9cifiques ne peuvent \u00eatre ni repris ni \u00e9chang\u00e9s. Ces produits \u00e9tant fabriqu\u00e9s sur commande, ils ne peuvent \u00eatre r\u00e9utilis\u00e9s ou revendus. <\/p><p><strong>Produits standard (non personnalis\u00e9s)<\/strong><\/p><p>Tous les produits standard peuvent \u00eatre retourn\u00e9s dans les <strong>30 jours suivant l&rsquo;achat<\/strong> pour un remboursement complet ou un \u00e9change, \u00e0 condition qu&rsquo;ils soient dans leur \u00e9tat et leur emballage d&rsquo;origine.<\/p><p>Les frais de retour sont <strong>gratuits<\/strong>. Une fois que vous nous aurez contact\u00e9s, nous vous enverrons une \u00e9tiquette de retour pr\u00e9pay\u00e9e par courrier \u00e9lectronique. <\/p><p><strong>Comment initier un retour<\/strong><\/p><ol><li>Envoyez un courriel \u00e0 <a href=\"mailto:info@reusable-molds.com\">info@reusable-molds.com<\/a> en indiquant votre num\u00e9ro de commande et la raison du retour.<\/li><li>Nous vous r\u00e9pondrons dans les deux jours ouvrables avec votre \u00e9tiquette de retour pr\u00e9pay\u00e9e et l&rsquo;adresse de retour.<\/li><li>Emballez les marchandises en toute s\u00e9curit\u00e9 dans l&#8217;emballage d&rsquo;origine<\/li><li>Joignez l&rsquo;\u00e9tiquette pr\u00e9pay\u00e9e et d\u00e9posez-la dans le centre de distribution agr\u00e9\u00e9 le plus proche de chez vous.<\/li><\/ol><p><strong>Adresse de retour :<\/strong> Veuillez nous contacter pour obtenir l&rsquo;adresse de retour, qui sera d\u00e9termin\u00e9e par votre lieu d&rsquo;exp\u00e9dition. Nous vous indiquerons l&rsquo;adresse de retour la plus pratique pour votre r\u00e9gion lorsque nous vous enverrons votre \u00e9tiquette de retour pr\u00e9pay\u00e9e. <\/p><p><strong>Remboursements<\/strong><\/p><p>Une fois votre retour re\u00e7u et inspect\u00e9, les remboursements seront effectu\u00e9s dans les <strong>5 jours ouvrables<\/strong> sur votre mode de paiement d&rsquo;origine.<\/p><p><strong>Vos droits l\u00e9gaux<\/strong><\/p><p>Vos droits sont prot\u00e9g\u00e9s par la directive europ\u00e9enne sur la vente \u00e0 distance. Pour plus d&rsquo;informations, consultez le site <a href=\"https:\/\/e-justice.europa.eu\/604\/EN\/text_of_the_directive?SPAIN&amp;member=1\">https:\/\/e-justice.europa.eu\/604\/EN\/text_of_the_directive?SPAIN&amp;member=1<\/a> <\/p>\t\t\t\t\t\t\t\t<\/div>\n\t\t\t\t<\/div>\n\t\t\t\t\t<\/div>\n\t\t<\/div>\n\t\t\t\t\t<\/div>\n\t\t<\/section>\n\t\t\t\t<\/div>\n\t\t","protected":false},"excerpt":{"rendered":"<p>Politique de retour Politique de retour Chez Reusable-Molds.com, nous nous engageons \u00e0 fournir la meilleure exp\u00e9rience client possible. Si vous devez retourner une commande, nous sommes l\u00e0 pour rendre le processus aussi simple que possible. Si vous avez des questions, veuillez contacter notre \u00e9quipe \u00e0 info@reusable-molds.com avant d&rsquo;effectuer un retour. Produits sur mesure Les produits [&hellip;]<\/p>\n","protected":false},"author":3,"featured_media":0,"parent":0,"menu_order":0,"comment_status":"closed","ping_status":"closed","template":"","meta":{"site-sidebar-layout":"no-sidebar","site-content-layout":"page-builder","ast-site-content-layout":"default","site-content-style":"default","site-sidebar-style":"default","ast-global-header-display":"","ast-banner-title-visibility":"","ast-main-header-display":"","ast-hfb-above-header-display":"","ast-hfb-below-header-display":"","ast-hfb-mobile-header-display":"","site-post-title":"disabled","ast-breadcrumbs-content":"","ast-featured-img":"disabled","footer-sml-layout":"","ast-disable-related-posts":"","theme-transparent-header-meta":"","adv-header-id-meta":"","stick-header-meta":"","header-above-stick-meta":"","header-main-stick-meta":"","header-below-stick-meta":"","astra-migrate-meta-layouts":"default","ast-page-background-enabled":"default","ast-page-background-meta":{"desktop":{"background-color":"var(--ast-global-color-4)","background-image":"","background-repeat":"repeat","background-position":"center center","background-size":"auto","background-attachment":"scroll","background-type":"","background-media":"","overlay-type":"","overlay-color":"","overlay-opacity":"","overlay-gradient":""},"tablet":{"background-color":"","background-image":"","background-repeat":"repeat","background-position":"center center","background-size":"auto","background-attachment":"scroll","background-type":"","background-media":"","overlay-type":"","overlay-color":"","overlay-opacity":"","overlay-gradient":""},"mobile":{"background-color":"","background-image":"","background-repeat":"repeat","background-position":"center center","background-size":"auto","background-attachment":"scroll","background-type":"","background-media":"","overlay-type":"","overlay-color":"","overlay-opacity":"","overlay-gradient":""}},"ast-content-background-meta":{"desktop":{"background-color":"var(--ast-global-color-5)","background-image":"","background-repeat":"repeat","background-position":"center center","background-size":"auto","background-attachment":"scroll","background-type":"","background-media":"","overlay-type":"","overlay-color":"","overlay-opacity":"","overlay-gradient":""},"tablet":{"background-color":"var(--ast-global-color-5)","background-image":"","background-repeat":"repeat","background-position":"center center","background-size":"auto","background-attachment":"scroll","background-type":"","background-media":"","overlay-type":"","overlay-color":"","overlay-opacity":"","overlay-gradient":""},"mobile":{"background-color":"var(--ast-global-color-5)","background-image":"","background-repeat":"repeat","background-position":"center center","background-size":"auto","background-attachment":"scroll","background-type":"","background-media":"","overlay-type":"","overlay-color":"","overlay-opacity":"","overlay-gradient":""}},"footnotes":""},"class_list":["post-24646","page","type-page","status-publish","hentry"],"yoast_head":"<!-- This site is optimized with the Yoast SEO Premium plugin v27.5 (Yoast SEO v27.5) - https:\/\/yoast.com\/product\/yoast-seo-premium-wordpress\/ -->\n<title>Politique de retour | Reusable-Molds<\/title>\n<meta name=\"robots\" content=\"noindex, follow\" \/>\n<meta property=\"og:locale\" content=\"fr_FR\" \/>\n<meta property=\"og:type\" content=\"article\" \/>\n<meta property=\"og:title\" content=\"Politique de retour\" \/>\n<meta property=\"og:description\" content=\"Politique de retour Politique de retour Chez Reusable-Molds.com, nous nous engageons \u00e0 fournir la meilleure exp\u00e9rience client possible. Si vous devez retourner une commande, nous sommes l\u00e0 pour rendre le processus aussi simple que possible. Si vous avez des questions, veuillez contacter notre \u00e9quipe \u00e0 info@reusable-molds.com avant d&rsquo;effectuer un retour. Produits sur mesure Les produits [&hellip;]\" \/>\n<meta property=\"og:url\" content=\"https:\/\/reusable-molds.com\/fr\/returns-policy\/\" \/>\n<meta property=\"og:site_name\" content=\"Reusable-Molds\" \/>\n<meta property=\"article:publisher\" content=\"https:\/\/m.facebook.com\/River-tableses-100870435264214\/?ref=bookmarks\" \/>\n<meta property=\"article:modified_time\" content=\"2026-04-24T11:59:45+00:00\" \/>\n<meta name=\"twitter:card\" content=\"summary_large_image\" \/>\n<meta name=\"twitter:label1\" content=\"Dur\u00e9e de lecture estim\u00e9e\" \/>\n\t<meta name=\"twitter:data1\" content=\"2 minutes\" \/>\n<script type=\"application\/ld+json\" class=\"yoast-schema-graph\">{\"@context\":\"https:\\\/\\\/schema.org\",\"@graph\":[{\"@type\":\"WebPage\",\"@id\":\"https:\\\/\\\/reusable-molds.com\\\/fr\\\/returns-policy\\\/\",\"url\":\"https:\\\/\\\/reusable-molds.com\\\/fr\\\/returns-policy\\\/\",\"name\":\"Politique de retour | Reusable-Molds\",\"isPartOf\":{\"@id\":\"https:\\\/\\\/reusable-molds.com\\\/fr\\\/#website\"},\"datePublished\":\"2022-05-19T11:29:25+00:00\",\"dateModified\":\"2026-04-24T11:59:45+00:00\",\"breadcrumb\":{\"@id\":\"https:\\\/\\\/reusable-molds.com\\\/fr\\\/returns-policy\\\/#breadcrumb\"},\"inLanguage\":\"fr-FR\",\"potentialAction\":[{\"@type\":\"ReadAction\",\"target\":[\"https:\\\/\\\/reusable-molds.com\\\/fr\\\/returns-policy\\\/\"]}]},{\"@type\":\"BreadcrumbList\",\"@id\":\"https:\\\/\\\/reusable-molds.com\\\/fr\\\/returns-policy\\\/#breadcrumb\",\"itemListElement\":[{\"@type\":\"ListItem\",\"position\":1,\"name\":\"Home\",\"item\":\"https:\\\/\\\/reusable-molds.com\\\/fr\\\/\"},{\"@type\":\"ListItem\",\"position\":2,\"name\":\"Politique de retour\"}]},{\"@type\":\"WebSite\",\"@id\":\"https:\\\/\\\/reusable-molds.com\\\/fr\\\/#website\",\"url\":\"https:\\\/\\\/reusable-molds.com\\\/fr\\\/\",\"name\":\"Reusable-Molds.com\",\"description\":\"Reusable-Molds.com\",\"publisher\":{\"@id\":\"https:\\\/\\\/reusable-molds.com\\\/fr\\\/#organization\"},\"potentialAction\":[{\"@type\":\"SearchAction\",\"target\":{\"@type\":\"EntryPoint\",\"urlTemplate\":\"https:\\\/\\\/reusable-molds.com\\\/fr\\\/?s={search_term_string}\"},\"query-input\":{\"@type\":\"PropertyValueSpecification\",\"valueRequired\":true,\"valueName\":\"search_term_string\"}}],\"inLanguage\":\"fr-FR\"},{\"@type\":\"Organization\",\"@id\":\"https:\\\/\\\/reusable-molds.com\\\/fr\\\/#organization\",\"name\":\"reusable-molds.com\",\"url\":\"https:\\\/\\\/reusable-molds.com\\\/fr\\\/\",\"logo\":{\"@type\":\"ImageObject\",\"inLanguage\":\"fr-FR\",\"@id\":\"https:\\\/\\\/reusable-molds.com\\\/fr\\\/#\\\/schema\\\/logo\\\/image\\\/\",\"url\":\"https:\\\/\\\/reusable-molds.com\\\/wp-content\\\/uploads\\\/2025\\\/03\\\/ReusableMolds-LOGO-NEW-1000-x-1000.jpg\",\"contentUrl\":\"https:\\\/\\\/reusable-molds.com\\\/wp-content\\\/uploads\\\/2025\\\/03\\\/ReusableMolds-LOGO-NEW-1000-x-1000.jpg\",\"width\":1000,\"height\":1000,\"caption\":\"reusable-molds.com\"},\"image\":{\"@id\":\"https:\\\/\\\/reusable-molds.com\\\/fr\\\/#\\\/schema\\\/logo\\\/image\\\/\"},\"sameAs\":[\"https:\\\/\\\/m.facebook.com\\\/River-tableses-100870435264214\\\/?ref=bookmarks\",\"https:\\\/\\\/www.instagram.com\\\/reusable-molds.com\\\/\",\"https:\\\/\\\/www.youtube.com\\\/channel\\\/UCZ5_4JQkGQ0jsz-ROdC9v1g\"]}]}<\/script>\n<!-- \/ Yoast SEO Premium plugin. -->","yoast_head_json":{"title":"Politique de retour | Reusable-Molds","robots":{"index":"noindex","follow":"follow"},"og_locale":"fr_FR","og_type":"article","og_title":"Politique de retour","og_description":"Politique de retour Politique de retour Chez Reusable-Molds.com, nous nous engageons \u00e0 fournir la meilleure exp\u00e9rience client possible. Si vous devez retourner une commande, nous sommes l\u00e0 pour rendre le processus aussi simple que possible. Si vous avez des questions, veuillez contacter notre \u00e9quipe \u00e0 info@reusable-molds.com avant d&rsquo;effectuer un retour. Produits sur mesure Les produits [&hellip;]","og_url":"https:\/\/reusable-molds.com\/fr\/returns-policy\/","og_site_name":"Reusable-Molds","article_publisher":"https:\/\/m.facebook.com\/River-tableses-100870435264214\/?ref=bookmarks","article_modified_time":"2026-04-24T11:59:45+00:00","twitter_card":"summary_large_image","twitter_misc":{"Dur\u00e9e de lecture estim\u00e9e":"2 minutes"},"schema":{"@context":"https:\/\/schema.org","@graph":[{"@type":"WebPage","@id":"https:\/\/reusable-molds.com\/fr\/returns-policy\/","url":"https:\/\/reusable-molds.com\/fr\/returns-policy\/","name":"Politique de retour | Reusable-Molds","isPartOf":{"@id":"https:\/\/reusable-molds.com\/fr\/#website"},"datePublished":"2022-05-19T11:29:25+00:00","dateModified":"2026-04-24T11:59:45+00:00","breadcrumb":{"@id":"https:\/\/reusable-molds.com\/fr\/returns-policy\/#breadcrumb"},"inLanguage":"fr-FR","potentialAction":[{"@type":"ReadAction","target":["https:\/\/reusable-molds.com\/fr\/returns-policy\/"]}]},{"@type":"BreadcrumbList","@id":"https:\/\/reusable-molds.com\/fr\/returns-policy\/#breadcrumb","itemListElement":[{"@type":"ListItem","position":1,"name":"Home","item":"https:\/\/reusable-molds.com\/fr\/"},{"@type":"ListItem","position":2,"name":"Politique de retour"}]},{"@type":"WebSite","@id":"https:\/\/reusable-molds.com\/fr\/#website","url":"https:\/\/reusable-molds.com\/fr\/","name":"Reusable-Molds.com","description":"Reusable-Molds.com","publisher":{"@id":"https:\/\/reusable-molds.com\/fr\/#organization"},"potentialAction":[{"@type":"SearchAction","target":{"@type":"EntryPoint","urlTemplate":"https:\/\/reusable-molds.com\/fr\/?s={search_term_string}"},"query-input":{"@type":"PropertyValueSpecification","valueRequired":true,"valueName":"search_term_string"}}],"inLanguage":"fr-FR"},{"@type":"Organization","@id":"https:\/\/reusable-molds.com\/fr\/#organization","name":"reusable-molds.com","url":"https:\/\/reusable-molds.com\/fr\/","logo":{"@type":"ImageObject","inLanguage":"fr-FR","@id":"https:\/\/reusable-molds.com\/fr\/#\/schema\/logo\/image\/","url":"https:\/\/reusable-molds.com\/wp-content\/uploads\/2025\/03\/ReusableMolds-LOGO-NEW-1000-x-1000.jpg","contentUrl":"https:\/\/reusable-molds.com\/wp-content\/uploads\/2025\/03\/ReusableMolds-LOGO-NEW-1000-x-1000.jpg","width":1000,"height":1000,"caption":"reusable-molds.com"},"image":{"@id":"https:\/\/reusable-molds.com\/fr\/#\/schema\/logo\/image\/"},"sameAs":["https:\/\/m.facebook.com\/River-tableses-100870435264214\/?ref=bookmarks","https:\/\/www.instagram.com\/reusable-molds.com\/","https:\/\/www.youtube.com\/channel\/UCZ5_4JQkGQ0jsz-ROdC9v1g"]}]}},"_links":{"self":[{"href":"https:\/\/reusable-molds.com\/fr\/wp-json\/wp\/v2\/pages\/24646","targetHints":{"allow":["GET"]}}],"collection":[{"href":"https:\/\/reusable-molds.com\/fr\/wp-json\/wp\/v2\/pages"}],"about":[{"href":"https:\/\/reusable-molds.com\/fr\/wp-json\/wp\/v2\/types\/page"}],"author":[{"embeddable":true,"href":"https:\/\/reusable-molds.com\/fr\/wp-json\/wp\/v2\/users\/3"}],"replies":[{"embeddable":true,"href":"https:\/\/reusable-molds.com\/fr\/wp-json\/wp\/v2\/comments?post=24646"}],"version-history":[{"count":3,"href":"https:\/\/reusable-molds.com\/fr\/wp-json\/wp\/v2\/pages\/24646\/revisions"}],"predecessor-version":[{"id":32826,"href":"https:\/\/reusable-molds.com\/fr\/wp-json\/wp\/v2\/pages\/24646\/revisions\/32826"}],"wp:attachment":[{"href":"https:\/\/reusable-molds.com\/fr\/wp-json\/wp\/v2\/media?parent=24646"}],"curies":[{"name":"wp","href":"https:\/\/api.w.org\/{rel}","templated":true}]}}