{"id":24678,"date":"2022-05-25T08:46:16","date_gmt":"2022-05-25T06:46:16","guid":{"rendered":"https:\/\/reusable-molds.com\/shipping-policy\/"},"modified":"2025-02-11T17:49:05","modified_gmt":"2025-02-11T15:49:05","slug":"shipping-policy","status":"publish","type":"page","link":"https:\/\/reusable-molds.com\/fr\/shipping-policy\/","title":{"rendered":"Politique d&rsquo;exp\u00e9dition"},"content":{"rendered":"\t\t<div data-elementor-type=\"wp-page\" data-elementor-id=\"24678\" class=\"elementor elementor-24678 elementor-4625\" data-elementor-post-type=\"page\">\n\t\t\t\t\t\t<section class=\"elementor-section elementor-top-section elementor-element elementor-element-73fbf360 elementor-section-boxed elementor-section-height-default elementor-section-height-default\" data-id=\"73fbf360\" data-element_type=\"section\" data-e-type=\"section\">\n\t\t\t\t\t\t<div class=\"elementor-container elementor-column-gap-default\">\n\t\t\t\t\t<div class=\"elementor-column elementor-col-100 elementor-top-column elementor-element elementor-element-21564ff8\" data-id=\"21564ff8\" data-element_type=\"column\" data-e-type=\"column\">\n\t\t\t<div class=\"elementor-widget-wrap elementor-element-populated\">\n\t\t\t\t\t\t<div class=\"elementor-element elementor-element-7b783070 elementor-widget elementor-widget-heading\" data-id=\"7b783070\" data-element_type=\"widget\" data-e-type=\"widget\" data-widget_type=\"heading.default\">\n\t\t\t\t<div class=\"elementor-widget-container\">\n\t\t\t\t\t<h1 class=\"elementor-heading-title elementor-size-default\">Politique d'exp\u00e9dition<\/h1>\t\t\t\t<\/div>\n\t\t\t\t<\/div>\n\t\t\t\t<div class=\"elementor-element elementor-element-60fd5175 elementor-widget elementor-widget-text-editor\" data-id=\"60fd5175\" data-element_type=\"widget\" data-e-type=\"widget\" data-widget_type=\"text-editor.default\">\n\t\t\t\t<div class=\"elementor-widget-container\">\n\t\t\t\t\t\t\t\t\t<p>Notre politique d&rsquo;exp\u00e9dition a \u00e9t\u00e9 mise \u00e0 jour pour la derni\u00e8re fois le 20 mai 2022.<\/p>\n<p>Toutes les commandes sont trait\u00e9es dans un d\u00e9lai de 3 \u00e0 5 jours ouvrables. Les commandes ne sont pas exp\u00e9di\u00e9es pendant les week-ends ou les jours f\u00e9ri\u00e9s.<\/p>\n<p>Toute commande re\u00e7ue apr\u00e8s 14h00 du lundi au jeudi sera consid\u00e9r\u00e9e comme pass\u00e9e le jour suivant. Toute commande re\u00e7ue apr\u00e8s 14h00 le vendredi sera consid\u00e9r\u00e9e comme pass\u00e9e le lundi suivant.<\/p>\n<p>Si nous connaissons un volume \u00e9lev\u00e9 de commandes, les exp\u00e9ditions peuvent \u00eatre retard\u00e9es de quelques jours. Veuillez pr\u00e9voir des jours suppl\u00e9mentaires en transit pour la livraison. S&rsquo;il y a un retard significatif dans l&rsquo;exp\u00e9dition de votre commande, nous vous contacterons par e-mail ou par t\u00e9l\u00e9phone.<\/p>\n<h2>Tarifs d&rsquo;exp\u00e9dition<\/h2>\n<p>Toutes les commandes en Espagne (p\u00e9ninsulaire) seront livr\u00e9es gratuitement.<\/p>\n<p>Toutes les autres frais de livraison peuvent \u00eatre trouv\u00e9s sur la page de paiement de notre site web une fois qu&rsquo;un article a \u00e9t\u00e9 s\u00e9lectionn\u00e9 et apr\u00e8s avoir saisi l&rsquo;adresse de livraison.<\/p>\n<p>Vous recevrez un e-mail de confirmation d&rsquo;exp\u00e9dition une fois que votre commande aura \u00e9t\u00e9 exp\u00e9di\u00e9e, contenant votre(s) num\u00e9ro(s) de suivi. Le num\u00e9ro de suivi sera actif dans les 24 heures.<\/p>\n<h2>Douanes, Droits et Taxes<\/h2>\n<p>Reusable-molds.com n&rsquo;est pas responsable des droits de douane et des taxes d&rsquo;importation appliqu\u00e9s \u00e0 votre commande. Tous les frais impos\u00e9s pendant ou apr\u00e8s l&rsquo;exp\u00e9dition sont \u00e0 la charge du client (droits de douane, taxes).<\/p>\n<p>La taxe de vente (TVA) est factur\u00e9e en fonction de la province ou du territoire vers lequel l&rsquo;article est exp\u00e9di\u00e9.<\/p>\n<h2>Dommages<\/h2>\n<p>Dans le cas o\u00f9 vous recevez votre commande endommag\u00e9e, veuillez conserver tous les mat\u00e9riaux d&#8217;emballage et les produits endommag\u00e9s et nous contacter imm\u00e9diatement<\/p>\n<h2>Contactez nous<\/h2>\n<p>Si vous avez des questions concernant cette Politique d&rsquo;exp\u00e9dition, vous pouvez nous contacter :<\/p>\n<p>En visitant cette page sur notre site web : www.reusable-molds.com<\/p>\n<p>En nous envoyant un e-mail \u00e0 : info@reusable-molds.com<\/p>\n<h3>1. Informations G\u00e9n\u00e9rales<\/h3>\n<p>Toutes les commandes sont soumises \u00e0 la disponibilit\u00e9 des produits. Si un article n&rsquo;est pas en stock au moment o\u00f9 vous passez votre commande, nous vous informerons et conviendrons d&rsquo;un nouveau d\u00e9lai pour exp\u00e9dier votre commande ou nous vous rembourserons le montant total de votre commande, en utilisant le mode de paiement d&rsquo;origine.&nbsp;<\/p>\n<h3>2. D\u00e9lai de Livraison<\/h3>\n<p>La date de livraison peut varier en fonction des pratiques d&rsquo;exp\u00e9dition du transporteur, du lieu de livraison, du mode de livraison et des articles command\u00e9s. Les produits peuvent \u00e9galement \u00eatre livr\u00e9s dans des envois s\u00e9par\u00e9s.<\/p>\n<p>Nous ne pouvons pas \u00eatre tenus responsables des retards caus\u00e9s par le transporteur.<\/p>\n<h3>3. Instructions de Livraison<\/h3>\n<p>Vous pouvez fournir des instructions sp\u00e9ciales de livraison sur la page de paiement de notre site web.<\/p>\n<h3>4. Questions<\/h3>\n<p>Si vous avez des questions concernant la livraison et l&rsquo;exp\u00e9dition ou votre commande, veuillez nous contacter \u00e0 :&nbsp;&nbsp;&nbsp;&nbsp;<\/p>\n<p>info@reusable-molds.com<\/p>\n<h3>6. ADRESSE INCORRECTE OU INCOMPLETE<\/h3>\n<p>Si votre colis nous est retourn\u00e9 en raison d&rsquo;une adresse incorrecte ou incompl\u00e8te, vous devrez payer tous les frais de livraison pour renvoyer votre commande \u00e0 une adresse corrig\u00e9e. Nous ne sommes pas responsables de la perte de votre commande si l&rsquo;adresse fournie lors du paiement est incompl\u00e8te ou incorrecte.<\/p>\t\t\t\t\t\t\t\t<\/div>\n\t\t\t\t<\/div>\n\t\t\t\t\t<\/div>\n\t\t<\/div>\n\t\t\t\t\t<\/div>\n\t\t<\/section>\n\t\t\t\t<\/div>\n\t\t","protected":false},"excerpt":{"rendered":"<p>Politique d&rsquo;exp\u00e9dition Notre politique d&rsquo;exp\u00e9dition a \u00e9t\u00e9 mise \u00e0 jour pour la derni\u00e8re fois le 20 mai 2022. Toutes les commandes sont trait\u00e9es dans un d\u00e9lai de 3 \u00e0 5 jours ouvrables. Les commandes ne sont pas exp\u00e9di\u00e9es pendant les week-ends ou les jours f\u00e9ri\u00e9s. Toute commande re\u00e7ue apr\u00e8s 14h00 du lundi au jeudi sera [&hellip;]<\/p>\n","protected":false},"author":3,"featured_media":0,"parent":0,"menu_order":0,"comment_status":"closed","ping_status":"closed","template":"","meta":{"site-sidebar-layout":"no-sidebar","site-content-layout":"page-builder","ast-site-content-layout":"default","site-content-style":"default","site-sidebar-style":"default","ast-global-header-display":"","ast-banner-title-visibility":"","ast-main-header-display":"","ast-hfb-above-header-display":"","ast-hfb-below-header-display":"","ast-hfb-mobile-header-display":"","site-post-title":"disabled","ast-breadcrumbs-content":"","ast-featured-img":"disabled","footer-sml-layout":"","ast-disable-related-posts":"","theme-transparent-header-meta":"","adv-header-id-meta":"","stick-header-meta":"","header-above-stick-meta":"","header-main-stick-meta":"","header-below-stick-meta":"","astra-migrate-meta-layouts":"default","ast-page-background-enabled":"default","ast-page-background-meta":{"desktop":{"background-color":"var(--ast-global-color-4)","background-image":"","background-repeat":"repeat","background-position":"center center","background-size":"auto","background-attachment":"scroll","background-type":"","background-media":"","overlay-type":"","overlay-color":"","overlay-opacity":"","overlay-gradient":""},"tablet":{"background-color":"","background-image":"","background-repeat":"repeat","background-position":"center center","background-size":"auto","background-attachment":"scroll","background-type":"","background-media":"","overlay-type":"","overlay-color":"","overlay-opacity":"","overlay-gradient":""},"mobile":{"background-color":"","background-image":"","background-repeat":"repeat","background-position":"center center","background-size":"auto","background-attachment":"scroll","background-type":"","background-media":"","overlay-type":"","overlay-color":"","overlay-opacity":"","overlay-gradient":""}},"ast-content-background-meta":{"desktop":{"background-color":"var(--ast-global-color-5)","background-image":"","background-repeat":"repeat","background-position":"center center","background-size":"auto","background-attachment":"scroll","background-type":"","background-media":"","overlay-type":"","overlay-color":"","overlay-opacity":"","overlay-gradient":""},"tablet":{"background-color":"var(--ast-global-color-5)","background-image":"","background-repeat":"repeat","background-position":"center center","background-size":"auto","background-attachment":"scroll","background-type":"","background-media":"","overlay-type":"","overlay-color":"","overlay-opacity":"","overlay-gradient":""},"mobile":{"background-color":"var(--ast-global-color-5)","background-image":"","background-repeat":"repeat","background-position":"center center","background-size":"auto","background-attachment":"scroll","background-type":"","background-media":"","overlay-type":"","overlay-color":"","overlay-opacity":"","overlay-gradient":""}},"footnotes":""},"class_list":["post-24678","page","type-page","status-publish","hentry"],"yoast_head":"<!-- This site is optimized with the Yoast SEO Premium plugin v27.5 (Yoast SEO v27.5) - https:\/\/yoast.com\/product\/yoast-seo-premium-wordpress\/ -->\n<title>Politique d&#039;exp\u00e9dition | Reusable-Molds<\/title>\n<meta name=\"robots\" content=\"index, follow, max-snippet:-1, max-image-preview:large, max-video-preview:-1\" \/>\n<link rel=\"canonical\" href=\"https:\/\/reusable-molds.com\/fr\/shipping-policy\/\" \/>\n<meta property=\"og:locale\" content=\"fr_FR\" \/>\n<meta property=\"og:type\" content=\"article\" \/>\n<meta property=\"og:title\" content=\"Politique d&#039;exp\u00e9dition\" \/>\n<meta property=\"og:description\" content=\"Politique d&rsquo;exp\u00e9dition Notre politique d&rsquo;exp\u00e9dition a \u00e9t\u00e9 mise \u00e0 jour pour la derni\u00e8re fois le 20 mai 2022. Toutes les commandes sont trait\u00e9es dans un d\u00e9lai de 3 \u00e0 5 jours ouvrables. Les commandes ne sont pas exp\u00e9di\u00e9es pendant les week-ends ou les jours f\u00e9ri\u00e9s. Toute commande re\u00e7ue apr\u00e8s 14h00 du lundi au jeudi sera [&hellip;]\" \/>\n<meta property=\"og:url\" content=\"https:\/\/reusable-molds.com\/fr\/shipping-policy\/\" \/>\n<meta property=\"og:site_name\" content=\"Reusable-Molds\" \/>\n<meta property=\"article:publisher\" content=\"https:\/\/m.facebook.com\/River-tableses-100870435264214\/?ref=bookmarks\" \/>\n<meta property=\"article:modified_time\" content=\"2025-02-11T15:49:05+00:00\" \/>\n<meta name=\"twitter:card\" content=\"summary_large_image\" \/>\n<meta name=\"twitter:label1\" content=\"Dur\u00e9e de lecture estim\u00e9e\" \/>\n\t<meta name=\"twitter:data1\" content=\"3 minutes\" \/>\n<script type=\"application\/ld+json\" class=\"yoast-schema-graph\">{\"@context\":\"https:\\\/\\\/schema.org\",\"@graph\":[{\"@type\":\"WebPage\",\"@id\":\"https:\\\/\\\/reusable-molds.com\\\/fr\\\/shipping-policy\\\/\",\"url\":\"https:\\\/\\\/reusable-molds.com\\\/fr\\\/shipping-policy\\\/\",\"name\":\"Politique d'exp\u00e9dition | Reusable-Molds\",\"isPartOf\":{\"@id\":\"https:\\\/\\\/reusable-molds.com\\\/fr\\\/#website\"},\"datePublished\":\"2022-05-25T06:46:16+00:00\",\"dateModified\":\"2025-02-11T15:49:05+00:00\",\"breadcrumb\":{\"@id\":\"https:\\\/\\\/reusable-molds.com\\\/fr\\\/shipping-policy\\\/#breadcrumb\"},\"inLanguage\":\"fr-FR\",\"potentialAction\":[{\"@type\":\"ReadAction\",\"target\":[\"https:\\\/\\\/reusable-molds.com\\\/fr\\\/shipping-policy\\\/\"]}]},{\"@type\":\"BreadcrumbList\",\"@id\":\"https:\\\/\\\/reusable-molds.com\\\/fr\\\/shipping-policy\\\/#breadcrumb\",\"itemListElement\":[{\"@type\":\"ListItem\",\"position\":1,\"name\":\"Home\",\"item\":\"https:\\\/\\\/reusable-molds.com\\\/fr\\\/\"},{\"@type\":\"ListItem\",\"position\":2,\"name\":\"Politique d&#8217;exp\u00e9dition\"}]},{\"@type\":\"WebSite\",\"@id\":\"https:\\\/\\\/reusable-molds.com\\\/fr\\\/#website\",\"url\":\"https:\\\/\\\/reusable-molds.com\\\/fr\\\/\",\"name\":\"Reusable-Molds.com\",\"description\":\"Reusable-Molds.com\",\"publisher\":{\"@id\":\"https:\\\/\\\/reusable-molds.com\\\/fr\\\/#organization\"},\"potentialAction\":[{\"@type\":\"SearchAction\",\"target\":{\"@type\":\"EntryPoint\",\"urlTemplate\":\"https:\\\/\\\/reusable-molds.com\\\/fr\\\/?s={search_term_string}\"},\"query-input\":{\"@type\":\"PropertyValueSpecification\",\"valueRequired\":true,\"valueName\":\"search_term_string\"}}],\"inLanguage\":\"fr-FR\"},{\"@type\":\"Organization\",\"@id\":\"https:\\\/\\\/reusable-molds.com\\\/fr\\\/#organization\",\"name\":\"reusable-molds.com\",\"url\":\"https:\\\/\\\/reusable-molds.com\\\/fr\\\/\",\"logo\":{\"@type\":\"ImageObject\",\"inLanguage\":\"fr-FR\",\"@id\":\"https:\\\/\\\/reusable-molds.com\\\/fr\\\/#\\\/schema\\\/logo\\\/image\\\/\",\"url\":\"https:\\\/\\\/reusable-molds.com\\\/wp-content\\\/uploads\\\/2025\\\/03\\\/ReusableMolds-LOGO-NEW-1000-x-1000.jpg\",\"contentUrl\":\"https:\\\/\\\/reusable-molds.com\\\/wp-content\\\/uploads\\\/2025\\\/03\\\/ReusableMolds-LOGO-NEW-1000-x-1000.jpg\",\"width\":1000,\"height\":1000,\"caption\":\"reusable-molds.com\"},\"image\":{\"@id\":\"https:\\\/\\\/reusable-molds.com\\\/fr\\\/#\\\/schema\\\/logo\\\/image\\\/\"},\"sameAs\":[\"https:\\\/\\\/m.facebook.com\\\/River-tableses-100870435264214\\\/?ref=bookmarks\",\"https:\\\/\\\/www.instagram.com\\\/reusable-molds.com\\\/\",\"https:\\\/\\\/www.youtube.com\\\/channel\\\/UCZ5_4JQkGQ0jsz-ROdC9v1g\"]}]}<\/script>\n<!-- \/ Yoast SEO Premium plugin. -->","yoast_head_json":{"title":"Politique d'exp\u00e9dition | Reusable-Molds","robots":{"index":"index","follow":"follow","max-snippet":"max-snippet:-1","max-image-preview":"max-image-preview:large","max-video-preview":"max-video-preview:-1"},"canonical":"https:\/\/reusable-molds.com\/fr\/shipping-policy\/","og_locale":"fr_FR","og_type":"article","og_title":"Politique d'exp\u00e9dition","og_description":"Politique d&rsquo;exp\u00e9dition Notre politique d&rsquo;exp\u00e9dition a \u00e9t\u00e9 mise \u00e0 jour pour la derni\u00e8re fois le 20 mai 2022. Toutes les commandes sont trait\u00e9es dans un d\u00e9lai de 3 \u00e0 5 jours ouvrables. Les commandes ne sont pas exp\u00e9di\u00e9es pendant les week-ends ou les jours f\u00e9ri\u00e9s. Toute commande re\u00e7ue apr\u00e8s 14h00 du lundi au jeudi sera [&hellip;]","og_url":"https:\/\/reusable-molds.com\/fr\/shipping-policy\/","og_site_name":"Reusable-Molds","article_publisher":"https:\/\/m.facebook.com\/River-tableses-100870435264214\/?ref=bookmarks","article_modified_time":"2025-02-11T15:49:05+00:00","twitter_card":"summary_large_image","twitter_misc":{"Dur\u00e9e de lecture estim\u00e9e":"3 minutes"},"schema":{"@context":"https:\/\/schema.org","@graph":[{"@type":"WebPage","@id":"https:\/\/reusable-molds.com\/fr\/shipping-policy\/","url":"https:\/\/reusable-molds.com\/fr\/shipping-policy\/","name":"Politique d'exp\u00e9dition | Reusable-Molds","isPartOf":{"@id":"https:\/\/reusable-molds.com\/fr\/#website"},"datePublished":"2022-05-25T06:46:16+00:00","dateModified":"2025-02-11T15:49:05+00:00","breadcrumb":{"@id":"https:\/\/reusable-molds.com\/fr\/shipping-policy\/#breadcrumb"},"inLanguage":"fr-FR","potentialAction":[{"@type":"ReadAction","target":["https:\/\/reusable-molds.com\/fr\/shipping-policy\/"]}]},{"@type":"BreadcrumbList","@id":"https:\/\/reusable-molds.com\/fr\/shipping-policy\/#breadcrumb","itemListElement":[{"@type":"ListItem","position":1,"name":"Home","item":"https:\/\/reusable-molds.com\/fr\/"},{"@type":"ListItem","position":2,"name":"Politique d&#8217;exp\u00e9dition"}]},{"@type":"WebSite","@id":"https:\/\/reusable-molds.com\/fr\/#website","url":"https:\/\/reusable-molds.com\/fr\/","name":"Reusable-Molds.com","description":"Reusable-Molds.com","publisher":{"@id":"https:\/\/reusable-molds.com\/fr\/#organization"},"potentialAction":[{"@type":"SearchAction","target":{"@type":"EntryPoint","urlTemplate":"https:\/\/reusable-molds.com\/fr\/?s={search_term_string}"},"query-input":{"@type":"PropertyValueSpecification","valueRequired":true,"valueName":"search_term_string"}}],"inLanguage":"fr-FR"},{"@type":"Organization","@id":"https:\/\/reusable-molds.com\/fr\/#organization","name":"reusable-molds.com","url":"https:\/\/reusable-molds.com\/fr\/","logo":{"@type":"ImageObject","inLanguage":"fr-FR","@id":"https:\/\/reusable-molds.com\/fr\/#\/schema\/logo\/image\/","url":"https:\/\/reusable-molds.com\/wp-content\/uploads\/2025\/03\/ReusableMolds-LOGO-NEW-1000-x-1000.jpg","contentUrl":"https:\/\/reusable-molds.com\/wp-content\/uploads\/2025\/03\/ReusableMolds-LOGO-NEW-1000-x-1000.jpg","width":1000,"height":1000,"caption":"reusable-molds.com"},"image":{"@id":"https:\/\/reusable-molds.com\/fr\/#\/schema\/logo\/image\/"},"sameAs":["https:\/\/m.facebook.com\/River-tableses-100870435264214\/?ref=bookmarks","https:\/\/www.instagram.com\/reusable-molds.com\/","https:\/\/www.youtube.com\/channel\/UCZ5_4JQkGQ0jsz-ROdC9v1g"]}]}},"_links":{"self":[{"href":"https:\/\/reusable-molds.com\/fr\/wp-json\/wp\/v2\/pages\/24678","targetHints":{"allow":["GET"]}}],"collection":[{"href":"https:\/\/reusable-molds.com\/fr\/wp-json\/wp\/v2\/pages"}],"about":[{"href":"https:\/\/reusable-molds.com\/fr\/wp-json\/wp\/v2\/types\/page"}],"author":[{"embeddable":true,"href":"https:\/\/reusable-molds.com\/fr\/wp-json\/wp\/v2\/users\/3"}],"replies":[{"embeddable":true,"href":"https:\/\/reusable-molds.com\/fr\/wp-json\/wp\/v2\/comments?post=24678"}],"version-history":[{"count":0,"href":"https:\/\/reusable-molds.com\/fr\/wp-json\/wp\/v2\/pages\/24678\/revisions"}],"wp:attachment":[{"href":"https:\/\/reusable-molds.com\/fr\/wp-json\/wp\/v2\/media?parent=24678"}],"curies":[{"name":"wp","href":"https:\/\/api.w.org\/{rel}","templated":true}]}}