{"id":28744,"date":"2026-02-05T11:14:41","date_gmt":"2026-02-05T09:14:41","guid":{"rendered":"https:\/\/reusable-molds.com\/?page_id=28744"},"modified":"2026-02-17T09:46:13","modified_gmt":"2026-02-17T07:46:13","slug":"moules-resine-beton","status":"publish","type":"page","link":"https:\/\/reusable-molds.com\/fr\/moules-resine-beton\/","title":{"rendered":"Moules pour r\u00e9sine et b\u00e9ton"},"content":{"rendered":"\t\t<div data-elementor-type=\"wp-page\" data-elementor-id=\"28744\" class=\"elementor elementor-28744\" data-elementor-post-type=\"page\">\n\t\t\t\t\t\t<section class=\"elementor-section elementor-top-section elementor-element elementor-element-c3a0305 elementor-section-boxed elementor-section-height-default elementor-section-height-default\" data-id=\"c3a0305\" data-element_type=\"section\" data-e-type=\"section\">\n\t\t\t\t\t\t<div class=\"elementor-container elementor-column-gap-default\">\n\t\t\t\t\t<div class=\"elementor-column elementor-col-100 elementor-top-column elementor-element elementor-element-444f29b4\" data-id=\"444f29b4\" data-element_type=\"column\" data-e-type=\"column\">\n\t\t\t<div class=\"elementor-widget-wrap elementor-element-populated\">\n\t\t\t\t\t\t<div class=\"elementor-element elementor-element-6d6f02a elementor-widget elementor-widget-text-editor\" data-id=\"6d6f02a\" data-element_type=\"widget\" data-e-type=\"widget\" data-widget_type=\"text-editor.default\">\n\t\t\t\t<div class=\"elementor-widget-container\">\n\t\t\t\t\t\t\t\t\t<h1>Moules pour les applications en r\u00e9sine et en b\u00e9ton<\/h1><p>Nos moules sont utilis\u00e9s dans des applications industrielles et techniques impliquant la r\u00e9sine et le b\u00e9ton. Ils conviennent aux processus de moulage reproductibles, au d\u00e9veloppement de mat\u00e9riaux, \u00e0 la production d&rsquo;\u00e9chantillons et aux environnements d&rsquo;essai contr\u00f4l\u00e9s. Con\u00e7us pour durer et \u00eatre utilis\u00e9s \u00e0 plusieurs reprises, ils permettent d&rsquo;obtenir des r\u00e9sultats pr\u00e9cis et coh\u00e9rents dans des environnements professionnels exigeants.  <\/p>\t\t\t\t\t\t\t\t<\/div>\n\t\t\t\t<\/div>\n\t\t\t\t\t<\/div>\n\t\t<\/div>\n\t\t\t\t\t<\/div>\n\t\t<\/section>\n\t\t\t\t<section class=\"elementor-section elementor-top-section elementor-element elementor-element-77931477 elementor-section-boxed elementor-section-height-default elementor-section-height-default\" data-id=\"77931477\" data-element_type=\"section\" data-e-type=\"section\">\n\t\t\t\t\t\t<div class=\"elementor-container elementor-column-gap-default\">\n\t\t\t\t\t<div class=\"elementor-column elementor-col-100 elementor-top-column elementor-element elementor-element-5707857e\" data-id=\"5707857e\" data-element_type=\"column\" data-e-type=\"column\">\n\t\t\t<div class=\"elementor-widget-wrap elementor-element-populated\">\n\t\t\t\t\t\t<div class=\"elementor-element elementor-element-37e5c696 elementor-widget elementor-widget-text-editor\" data-id=\"37e5c696\" data-element_type=\"widget\" data-e-type=\"widget\" data-widget_type=\"text-editor.default\">\n\t\t\t\t<div class=\"elementor-widget-container\">\n\t\t\t\t\t\t\t\t\t<h1>Applications<\/h1><p>Nos moules sont utilis\u00e9s pour la coul\u00e9e de r\u00e9sine, la pr\u00e9paration d&rsquo;\u00e9chantillons de b\u00e9ton, les projets de d\u00e9veloppement de mat\u00e9riaux, le prototypage de produits et les essais industriels contr\u00f4l\u00e9s. Ils soutiennent des processus de production coh\u00e9rents et conviennent \u00e0 la fois aux petites s\u00e9ries et aux utilisations r\u00e9p\u00e9t\u00e9es. <\/p>\t\t\t\t\t\t\t\t<\/div>\n\t\t\t\t<\/div>\n\t\t\t\t\t<\/div>\n\t\t<\/div>\n\t\t\t\t\t<\/div>\n\t\t<\/section>\n\t\t\t\t<section class=\"elementor-section elementor-top-section elementor-element elementor-element-650c1c9f elementor-section-boxed elementor-section-height-default elementor-section-height-default\" data-id=\"650c1c9f\" data-element_type=\"section\" data-e-type=\"section\">\n\t\t\t\t\t\t<div class=\"elementor-container elementor-column-gap-default\">\n\t\t\t\t\t<div class=\"elementor-column elementor-col-100 elementor-top-column elementor-element elementor-element-5270ba8e\" data-id=\"5270ba8e\" data-element_type=\"column\" data-e-type=\"column\">\n\t\t\t<div class=\"elementor-widget-wrap elementor-element-populated\">\n\t\t\t\t\t\t<div class=\"elementor-element elementor-element-2d8cfd6 elementor-widget elementor-widget-text-editor\" data-id=\"2d8cfd6\" data-element_type=\"widget\" data-e-type=\"widget\" data-widget_type=\"text-editor.default\">\n\t\t\t\t<div class=\"elementor-widget-container\">\n\t\t\t\t\t\t\t\t\t<h2>Pour qui ?<\/h2><p>Nos moules sont utilis\u00e9s par les fabricants industriels, les laboratoires de recherche, les universit\u00e9s, les installations d&rsquo;essai des mat\u00e9riaux, les concepteurs de produits et les producteurs sp\u00e9cialis\u00e9s de r\u00e9sine et de b\u00e9ton. Ils conviennent aux environnements professionnels o\u00f9 la r\u00e9p\u00e9tabilit\u00e9, la stabilit\u00e9 dimensionnelle et la durabilit\u00e9 sont essentielles. <\/p>\t\t\t\t\t\t\t\t<\/div>\n\t\t\t\t<\/div>\n\t\t\t\t\t<\/div>\n\t\t<\/div>\n\t\t\t\t\t<\/div>\n\t\t<\/section>\n\t\t\t\t<section class=\"elementor-section elementor-top-section elementor-element elementor-element-33a8511a elementor-section-boxed elementor-section-height-default elementor-section-height-default\" data-id=\"33a8511a\" data-element_type=\"section\" data-e-type=\"section\">\n\t\t\t\t\t\t<div class=\"elementor-container elementor-column-gap-default\">\n\t\t\t\t\t<div class=\"elementor-column elementor-col-100 elementor-top-column elementor-element elementor-element-7391c1cc\" data-id=\"7391c1cc\" data-element_type=\"column\" data-e-type=\"column\">\n\t\t\t<div class=\"elementor-widget-wrap elementor-element-populated\">\n\t\t\t\t\t\t<div class=\"elementor-element elementor-element-21ad3082 elementor-widget elementor-widget-text-editor\" data-id=\"21ad3082\" data-element_type=\"widget\" data-e-type=\"widget\" data-widget_type=\"text-editor.default\">\n\t\t\t\t<div class=\"elementor-widget-container\">\n\t\t\t\t\t\t\t\t\t<h2>Pourquoi choisir nos moules ?<\/h2><p>Con\u00e7us pour un usage industriel r\u00e9p\u00e9t\u00e9, nos moules assurent un d\u00e9moulage propre, une pr\u00e9cision dimensionnelle et une longue dur\u00e9e de vie. Ils r\u00e9duisent le temps de pr\u00e9paration, minimisent le gaspillage de mat\u00e9riaux et permettent d&rsquo;obtenir des r\u00e9sultats pr\u00e9cis et reproductibles. Leur construction robuste les rend adapt\u00e9s aux environnements de production et de laboratoire exigeants.  <\/p>\t\t\t\t\t\t\t\t<\/div>\n\t\t\t\t<\/div>\n\t\t\t\t\t<\/div>\n\t\t<\/div>\n\t\t\t\t\t<\/div>\n\t\t<\/section>\n\t\t\t\t<section class=\"elementor-section elementor-top-section elementor-element elementor-element-27619c02 elementor-section-boxed elementor-section-height-default elementor-section-height-default\" data-id=\"27619c02\" data-element_type=\"section\" data-e-type=\"section\">\n\t\t\t\t\t\t<div class=\"elementor-container elementor-column-gap-default\">\n\t\t\t\t\t<div class=\"elementor-column elementor-col-100 elementor-top-column elementor-element elementor-element-43e5343\" data-id=\"43e5343\" data-element_type=\"column\" data-e-type=\"column\">\n\t\t\t<div class=\"elementor-widget-wrap elementor-element-populated\">\n\t\t\t\t\t\t<div class=\"elementor-element elementor-element-719f717 elementor-widget elementor-widget-text-editor\" data-id=\"719f717\" data-element_type=\"widget\" data-e-type=\"widget\" data-widget_type=\"text-editor.default\">\n\t\t\t\t<div class=\"elementor-widget-container\">\n\t\t\t\t\t\t\t\t\t<h2>Livraison dans toute l&rsquo;Europe<\/h2><p>Nous fabriquons et fournissons des moules \u00e0 des clients dans toute l&rsquo;Europe, notamment en Allemagne, en France, en Italie, en Espagne, aux Pays-Bas, au Danemark et au Portugal. Les commandes sont trait\u00e9es efficacement et livr\u00e9es de mani\u00e8re fiable, ce qui permet de soutenir \u00e0 la fois la production industrielle et les applications de recherche technique. <\/p>\t\t\t\t\t\t\t\t<\/div>\n\t\t\t\t<\/div>\n\t\t\t\t\t<\/div>\n\t\t<\/div>\n\t\t\t\t\t<\/div>\n\t\t<\/section>\n\t\t\t\t<section class=\"elementor-section elementor-top-section elementor-element elementor-element-278c1ba0 elementor-section-boxed elementor-section-height-default elementor-section-height-default\" data-id=\"278c1ba0\" data-element_type=\"section\" data-e-type=\"section\">\n\t\t\t\t\t\t<div class=\"elementor-container elementor-column-gap-default\">\n\t\t\t\t\t<div class=\"elementor-column elementor-col-100 elementor-top-column elementor-element elementor-element-22b7410c\" data-id=\"22b7410c\" data-element_type=\"column\" data-e-type=\"column\">\n\t\t\t<div class=\"elementor-widget-wrap elementor-element-populated\">\n\t\t\t\t\t\t<div class=\"elementor-element elementor-element-1b203706 elementor-widget elementor-widget-text-editor\" data-id=\"1b203706\" data-element_type=\"widget\" data-e-type=\"widget\" data-widget_type=\"text-editor.default\">\n\t\t\t\t<div class=\"elementor-widget-container\">\n\t\t\t\t\t\t\t\t\t<h2>Pages connexes<\/h2><p>Vous pouvez \u00e9galement \u00eatre int\u00e9ress\u00e9 par :<\/p><p><a href=\"https:\/\/reusable-molds.com\/fr\/specifications-techniques\/\">Sp\u00e9cification technique<\/a><\/p><p><a href=\"https:\/\/reusable-molds.com\/fr\/moules-industriels\/\">Applications industrielles des moules<\/a><\/p>\t\t\t\t\t\t\t\t<\/div>\n\t\t\t\t<\/div>\n\t\t\t\t\t<\/div>\n\t\t<\/div>\n\t\t\t\t\t<\/div>\n\t\t<\/section>\n\t\t\t\t<section class=\"elementor-section elementor-top-section elementor-element elementor-element-6bfe4d5f elementor-section-boxed elementor-section-height-default elementor-section-height-default\" data-id=\"6bfe4d5f\" data-element_type=\"section\" data-e-type=\"section\">\n\t\t\t\t\t\t<div class=\"elementor-container elementor-column-gap-default\">\n\t\t\t\t\t<div class=\"elementor-column elementor-col-100 elementor-top-column elementor-element elementor-element-fb3bcf8\" data-id=\"fb3bcf8\" data-element_type=\"column\" data-e-type=\"column\">\n\t\t\t<div class=\"elementor-widget-wrap elementor-element-populated\">\n\t\t\t\t\t\t<div class=\"elementor-element elementor-element-4c8bce52 elementor-widget elementor-widget-text-editor\" data-id=\"4c8bce52\" data-element_type=\"widget\" data-e-type=\"widget\" data-widget_type=\"text-editor.default\">\n\t\t\t\t<div class=\"elementor-widget-container\">\n\t\t\t\t\t\t\t\t\t<h2 data-start=\"328\" data-end=\"346\"><strong data-start=\"328\" data-end=\"346\">Appel \u00e0 l&rsquo;action<\/strong><\/h2><p>Vous avez besoin d&rsquo;une taille sp\u00e9cifique ou d&rsquo;une configuration personnalis\u00e9e ?<br data-start=\"1312\" data-end=\"1315\">Contactez-nous pour discuter des exigences de votre projet ou pour d\u00e9couvrir notre gamme compl\u00e8te de moules r\u00e9utilisables.<\/p><h2 data-start=\"348\" data-end=\"389\"> <\/h2>\t\t\t\t\t\t\t\t<\/div>\n\t\t\t\t<\/div>\n\t\t\t\t\t<\/div>\n\t\t<\/div>\n\t\t\t\t\t<\/div>\n\t\t<\/section>\n\t\t\t\t<\/div>\n\t\t","protected":false},"excerpt":{"rendered":"<p>Moules pour les applications en r\u00e9sine et en b\u00e9ton Nos moules sont utilis\u00e9s dans des applications industrielles et techniques impliquant la r\u00e9sine et le b\u00e9ton. Ils conviennent aux processus de moulage reproductibles, au d\u00e9veloppement de mat\u00e9riaux, \u00e0 la production d&rsquo;\u00e9chantillons et aux environnements d&rsquo;essai contr\u00f4l\u00e9s. Con\u00e7us pour durer et \u00eatre utilis\u00e9s \u00e0 plusieurs reprises, ils [&hellip;]<\/p>\n","protected":false},"author":3,"featured_media":0,"parent":0,"menu_order":0,"comment_status":"closed","ping_status":"closed","template":"","meta":{"site-sidebar-layout":"no-sidebar","site-content-layout":"page-builder","ast-site-content-layout":"full-width-container","site-content-style":"default","site-sidebar-style":"default","ast-global-header-display":"","ast-banner-title-visibility":"","ast-main-header-display":"","ast-hfb-above-header-display":"","ast-hfb-below-header-display":"","ast-hfb-mobile-header-display":"","site-post-title":"","ast-breadcrumbs-content":"","ast-featured-img":"disabled","footer-sml-layout":"","ast-disable-related-posts":"","theme-transparent-header-meta":"","adv-header-id-meta":"","stick-header-meta":"","header-above-stick-meta":"","header-main-stick-meta":"","header-below-stick-meta":"","astra-migrate-meta-layouts":"set","ast-page-background-enabled":"default","ast-page-background-meta":{"desktop":{"background-color":"var(--ast-global-color-4)","background-image":"","background-repeat":"repeat","background-position":"center center","background-size":"auto","background-attachment":"scroll","background-type":"","background-media":"","overlay-type":"","overlay-color":"","overlay-opacity":"","overlay-gradient":""},"tablet":{"background-color":"","background-image":"","background-repeat":"repeat","background-position":"center center","background-size":"auto","background-attachment":"scroll","background-type":"","background-media":"","overlay-type":"","overlay-color":"","overlay-opacity":"","overlay-gradient":""},"mobile":{"background-color":"","background-image":"","background-repeat":"repeat","background-position":"center center","background-size":"auto","background-attachment":"scroll","background-type":"","background-media":"","overlay-type":"","overlay-color":"","overlay-opacity":"","overlay-gradient":""}},"ast-content-background-meta":{"desktop":{"background-color":"var(--ast-global-color-5)","background-image":"","background-repeat":"repeat","background-position":"center center","background-size":"auto","background-attachment":"scroll","background-type":"","background-media":"","overlay-type":"","overlay-color":"","overlay-opacity":"","overlay-gradient":""},"tablet":{"background-color":"var(--ast-global-color-5)","background-image":"","background-repeat":"repeat","background-position":"center center","background-size":"auto","background-attachment":"scroll","background-type":"","background-media":"","overlay-type":"","overlay-color":"","overlay-opacity":"","overlay-gradient":""},"mobile":{"background-color":"var(--ast-global-color-5)","background-image":"","background-repeat":"repeat","background-position":"center center","background-size":"auto","background-attachment":"scroll","background-type":"","background-media":"","overlay-type":"","overlay-color":"","overlay-opacity":"","overlay-gradient":""}},"footnotes":""},"class_list":["post-28744","page","type-page","status-publish","hentry"],"yoast_head":"<!-- This site is optimized with the Yoast SEO Premium plugin v27.5 (Yoast SEO v27.5) - https:\/\/yoast.com\/product\/yoast-seo-premium-wordpress\/ -->\n<title>Moules pour R\u00e9sine et B\u00e9ton | Reusable Molds<\/title>\n<meta name=\"description\" content=\"Moules pour r\u00e9sine et b\u00e9ton pour essais mat\u00e9riaux. Fabrication sur mesure, livraison en France et en Europe.\" \/>\n<meta name=\"robots\" content=\"index, follow, max-snippet:-1, max-image-preview:large, max-video-preview:-1\" \/>\n<link rel=\"canonical\" href=\"https:\/\/reusable-molds.com\/fr\/moules-resine-beton\/\" \/>\n<meta property=\"og:locale\" content=\"fr_FR\" \/>\n<meta property=\"og:type\" content=\"article\" \/>\n<meta property=\"og:title\" content=\"Moules pour r\u00e9sine et b\u00e9ton\" \/>\n<meta property=\"og:description\" content=\"Moules pour r\u00e9sine et b\u00e9ton pour essais mat\u00e9riaux. Fabrication sur mesure, livraison en France et en Europe.\" \/>\n<meta property=\"og:url\" content=\"https:\/\/reusable-molds.com\/fr\/moules-resine-beton\/\" \/>\n<meta property=\"og:site_name\" content=\"Reusable-Molds\" \/>\n<meta property=\"article:publisher\" content=\"https:\/\/m.facebook.com\/River-tableses-100870435264214\/?ref=bookmarks\" \/>\n<meta property=\"article:modified_time\" content=\"2026-02-17T07:46:13+00:00\" \/>\n<meta name=\"twitter:card\" content=\"summary_large_image\" \/>\n<meta name=\"twitter:label1\" content=\"Dur\u00e9e de lecture estim\u00e9e\" \/>\n\t<meta name=\"twitter:data1\" content=\"2 minutes\" \/>\n<script type=\"application\/ld+json\" class=\"yoast-schema-graph\">{\"@context\":\"https:\\\/\\\/schema.org\",\"@graph\":[{\"@type\":\"WebPage\",\"@id\":\"https:\\\/\\\/reusable-molds.com\\\/fr\\\/moules-resine-beton\\\/\",\"url\":\"https:\\\/\\\/reusable-molds.com\\\/fr\\\/moules-resine-beton\\\/\",\"name\":\"Moules pour R\u00e9sine et B\u00e9ton | Reusable Molds\",\"isPartOf\":{\"@id\":\"https:\\\/\\\/reusable-molds.com\\\/fr\\\/#website\"},\"datePublished\":\"2026-02-05T09:14:41+00:00\",\"dateModified\":\"2026-02-17T07:46:13+00:00\",\"description\":\"Moules pour r\u00e9sine et b\u00e9ton pour essais mat\u00e9riaux. Fabrication sur mesure, livraison en France et en Europe.\",\"breadcrumb\":{\"@id\":\"https:\\\/\\\/reusable-molds.com\\\/fr\\\/moules-resine-beton\\\/#breadcrumb\"},\"inLanguage\":\"fr-FR\",\"potentialAction\":[{\"@type\":\"ReadAction\",\"target\":[\"https:\\\/\\\/reusable-molds.com\\\/fr\\\/moules-resine-beton\\\/\"]}]},{\"@type\":\"BreadcrumbList\",\"@id\":\"https:\\\/\\\/reusable-molds.com\\\/fr\\\/moules-resine-beton\\\/#breadcrumb\",\"itemListElement\":[{\"@type\":\"ListItem\",\"position\":1,\"name\":\"Home\",\"item\":\"https:\\\/\\\/reusable-molds.com\\\/fr\\\/\"},{\"@type\":\"ListItem\",\"position\":2,\"name\":\"Moules pour r\u00e9sine et b\u00e9ton\"}]},{\"@type\":\"WebSite\",\"@id\":\"https:\\\/\\\/reusable-molds.com\\\/fr\\\/#website\",\"url\":\"https:\\\/\\\/reusable-molds.com\\\/fr\\\/\",\"name\":\"Reusable-Molds.com\",\"description\":\"Reusable-Molds.com\",\"publisher\":{\"@id\":\"https:\\\/\\\/reusable-molds.com\\\/fr\\\/#organization\"},\"potentialAction\":[{\"@type\":\"SearchAction\",\"target\":{\"@type\":\"EntryPoint\",\"urlTemplate\":\"https:\\\/\\\/reusable-molds.com\\\/fr\\\/?s={search_term_string}\"},\"query-input\":{\"@type\":\"PropertyValueSpecification\",\"valueRequired\":true,\"valueName\":\"search_term_string\"}}],\"inLanguage\":\"fr-FR\"},{\"@type\":\"Organization\",\"@id\":\"https:\\\/\\\/reusable-molds.com\\\/fr\\\/#organization\",\"name\":\"reusable-molds.com\",\"url\":\"https:\\\/\\\/reusable-molds.com\\\/fr\\\/\",\"logo\":{\"@type\":\"ImageObject\",\"inLanguage\":\"fr-FR\",\"@id\":\"https:\\\/\\\/reusable-molds.com\\\/fr\\\/#\\\/schema\\\/logo\\\/image\\\/\",\"url\":\"https:\\\/\\\/reusable-molds.com\\\/wp-content\\\/uploads\\\/2025\\\/03\\\/ReusableMolds-LOGO-NEW-1000-x-1000.jpg\",\"contentUrl\":\"https:\\\/\\\/reusable-molds.com\\\/wp-content\\\/uploads\\\/2025\\\/03\\\/ReusableMolds-LOGO-NEW-1000-x-1000.jpg\",\"width\":1000,\"height\":1000,\"caption\":\"reusable-molds.com\"},\"image\":{\"@id\":\"https:\\\/\\\/reusable-molds.com\\\/fr\\\/#\\\/schema\\\/logo\\\/image\\\/\"},\"sameAs\":[\"https:\\\/\\\/m.facebook.com\\\/River-tableses-100870435264214\\\/?ref=bookmarks\",\"https:\\\/\\\/www.instagram.com\\\/reusable-molds.com\\\/\",\"https:\\\/\\\/www.youtube.com\\\/channel\\\/UCZ5_4JQkGQ0jsz-ROdC9v1g\"]}]}<\/script>\n<!-- \/ Yoast SEO Premium plugin. -->","yoast_head_json":{"title":"Moules pour R\u00e9sine et B\u00e9ton | Reusable Molds","description":"Moules pour r\u00e9sine et b\u00e9ton pour essais mat\u00e9riaux. Fabrication sur mesure, livraison en France et en Europe.","robots":{"index":"index","follow":"follow","max-snippet":"max-snippet:-1","max-image-preview":"max-image-preview:large","max-video-preview":"max-video-preview:-1"},"canonical":"https:\/\/reusable-molds.com\/fr\/moules-resine-beton\/","og_locale":"fr_FR","og_type":"article","og_title":"Moules pour r\u00e9sine et b\u00e9ton","og_description":"Moules pour r\u00e9sine et b\u00e9ton pour essais mat\u00e9riaux. Fabrication sur mesure, livraison en France et en Europe.","og_url":"https:\/\/reusable-molds.com\/fr\/moules-resine-beton\/","og_site_name":"Reusable-Molds","article_publisher":"https:\/\/m.facebook.com\/River-tableses-100870435264214\/?ref=bookmarks","article_modified_time":"2026-02-17T07:46:13+00:00","twitter_card":"summary_large_image","twitter_misc":{"Dur\u00e9e de lecture estim\u00e9e":"2 minutes"},"schema":{"@context":"https:\/\/schema.org","@graph":[{"@type":"WebPage","@id":"https:\/\/reusable-molds.com\/fr\/moules-resine-beton\/","url":"https:\/\/reusable-molds.com\/fr\/moules-resine-beton\/","name":"Moules pour R\u00e9sine et B\u00e9ton | Reusable Molds","isPartOf":{"@id":"https:\/\/reusable-molds.com\/fr\/#website"},"datePublished":"2026-02-05T09:14:41+00:00","dateModified":"2026-02-17T07:46:13+00:00","description":"Moules pour r\u00e9sine et b\u00e9ton pour essais mat\u00e9riaux. Fabrication sur mesure, livraison en France et en Europe.","breadcrumb":{"@id":"https:\/\/reusable-molds.com\/fr\/moules-resine-beton\/#breadcrumb"},"inLanguage":"fr-FR","potentialAction":[{"@type":"ReadAction","target":["https:\/\/reusable-molds.com\/fr\/moules-resine-beton\/"]}]},{"@type":"BreadcrumbList","@id":"https:\/\/reusable-molds.com\/fr\/moules-resine-beton\/#breadcrumb","itemListElement":[{"@type":"ListItem","position":1,"name":"Home","item":"https:\/\/reusable-molds.com\/fr\/"},{"@type":"ListItem","position":2,"name":"Moules pour r\u00e9sine et b\u00e9ton"}]},{"@type":"WebSite","@id":"https:\/\/reusable-molds.com\/fr\/#website","url":"https:\/\/reusable-molds.com\/fr\/","name":"Reusable-Molds.com","description":"Reusable-Molds.com","publisher":{"@id":"https:\/\/reusable-molds.com\/fr\/#organization"},"potentialAction":[{"@type":"SearchAction","target":{"@type":"EntryPoint","urlTemplate":"https:\/\/reusable-molds.com\/fr\/?s={search_term_string}"},"query-input":{"@type":"PropertyValueSpecification","valueRequired":true,"valueName":"search_term_string"}}],"inLanguage":"fr-FR"},{"@type":"Organization","@id":"https:\/\/reusable-molds.com\/fr\/#organization","name":"reusable-molds.com","url":"https:\/\/reusable-molds.com\/fr\/","logo":{"@type":"ImageObject","inLanguage":"fr-FR","@id":"https:\/\/reusable-molds.com\/fr\/#\/schema\/logo\/image\/","url":"https:\/\/reusable-molds.com\/wp-content\/uploads\/2025\/03\/ReusableMolds-LOGO-NEW-1000-x-1000.jpg","contentUrl":"https:\/\/reusable-molds.com\/wp-content\/uploads\/2025\/03\/ReusableMolds-LOGO-NEW-1000-x-1000.jpg","width":1000,"height":1000,"caption":"reusable-molds.com"},"image":{"@id":"https:\/\/reusable-molds.com\/fr\/#\/schema\/logo\/image\/"},"sameAs":["https:\/\/m.facebook.com\/River-tableses-100870435264214\/?ref=bookmarks","https:\/\/www.instagram.com\/reusable-molds.com\/","https:\/\/www.youtube.com\/channel\/UCZ5_4JQkGQ0jsz-ROdC9v1g"]}]}},"_links":{"self":[{"href":"https:\/\/reusable-molds.com\/fr\/wp-json\/wp\/v2\/pages\/28744","targetHints":{"allow":["GET"]}}],"collection":[{"href":"https:\/\/reusable-molds.com\/fr\/wp-json\/wp\/v2\/pages"}],"about":[{"href":"https:\/\/reusable-molds.com\/fr\/wp-json\/wp\/v2\/types\/page"}],"author":[{"embeddable":true,"href":"https:\/\/reusable-molds.com\/fr\/wp-json\/wp\/v2\/users\/3"}],"replies":[{"embeddable":true,"href":"https:\/\/reusable-molds.com\/fr\/wp-json\/wp\/v2\/comments?post=28744"}],"version-history":[{"count":30,"href":"https:\/\/reusable-molds.com\/fr\/wp-json\/wp\/v2\/pages\/28744\/revisions"}],"predecessor-version":[{"id":29147,"href":"https:\/\/reusable-molds.com\/fr\/wp-json\/wp\/v2\/pages\/28744\/revisions\/29147"}],"wp:attachment":[{"href":"https:\/\/reusable-molds.com\/fr\/wp-json\/wp\/v2\/media?parent=28744"}],"curies":[{"name":"wp","href":"https:\/\/api.w.org\/{rel}","templated":true}]}}