{"id":24680,"date":"2022-05-25T08:46:16","date_gmt":"2022-05-25T06:46:16","guid":{"rendered":"https:\/\/reusable-molds.com\/shipping-policy\/"},"modified":"2026-03-24T08:13:02","modified_gmt":"2026-03-24T06:13:02","slug":"politica-sulla-privacy","status":"publish","type":"page","link":"https:\/\/reusable-molds.com\/it\/politica-sulla-privacy\/","title":{"rendered":"Politica di spedizione"},"content":{"rendered":"\t\t<div data-elementor-type=\"wp-page\" data-elementor-id=\"24680\" class=\"elementor elementor-24680 elementor-4625\" data-elementor-post-type=\"page\">\n\t\t\t\t\t\t<section class=\"elementor-section elementor-top-section elementor-element elementor-element-73fbf360 elementor-section-boxed elementor-section-height-default elementor-section-height-default\" data-id=\"73fbf360\" data-element_type=\"section\" data-e-type=\"section\">\n\t\t\t\t\t\t<div class=\"elementor-container elementor-column-gap-default\">\n\t\t\t\t\t<div class=\"elementor-column elementor-col-100 elementor-top-column elementor-element elementor-element-21564ff8\" data-id=\"21564ff8\" data-element_type=\"column\" data-e-type=\"column\">\n\t\t\t<div class=\"elementor-widget-wrap elementor-element-populated\">\n\t\t\t\t\t\t<div class=\"elementor-element elementor-element-7b783070 elementor-widget elementor-widget-heading\" data-id=\"7b783070\" data-element_type=\"widget\" data-e-type=\"widget\" data-widget_type=\"heading.default\">\n\t\t\t\t<div class=\"elementor-widget-container\">\n\t\t\t\t\t<h1 class=\"elementor-heading-title elementor-size-default\">Politica di spedizione<\/h1>\t\t\t\t<\/div>\n\t\t\t\t<\/div>\n\t\t\t\t<div class=\"elementor-element elementor-element-60fd5175 elementor-widget elementor-widget-text-editor\" data-id=\"60fd5175\" data-element_type=\"widget\" data-e-type=\"widget\" data-widget_type=\"text-editor.default\">\n\t\t\t\t<div class=\"elementor-widget-container\">\n\t\t\t\t\t\t\t\t\t<p>La nostra politica di spedizione \u00e8 stata aggiornata l&#8217;ultima volta il 20 maggio 2022.<\/p>\n<p>Gli ordini non vengono spediti nei fine settimana o nei giorni festivi. Qualsiasi ordine ricevuto dopo le 14:00 da luned\u00ec a gioved\u00ec sar\u00e0 considerato effettuato il giorno successivo.<\/p>\n<p>Qualsiasi ordine ricevuto dopo le 14:00 del venerd\u00ec sar\u00e0 considerato effettuato il luned\u00ec successivo. Se stiamo vivendo un elevato volume di ordini, le spedizioni potrebbero subire un ritardo di alcuni giorni.<\/p>\n<p>Si prega di prevedere giorni aggiuntivi in transito per la consegna. Se ci sar\u00e0 un ritardo significativo nella spedizione del tuo ordine, ti contatteremo via e-mail o telefono. Se ci sar\u00e0 un ritardo significativo nella spedizione del tuo ordine, ti contatteremo via e-mail o telefono.<\/p>\n<h2>Tariffe di spedizione<\/h2>\n<p>Tutti gli ordini all&#8217;interno della Spagna (continentale) saranno consegnati gratuitamente.<\/p>\n<p>Tutte le altre tariffe di spedizione possono essere trovate sulla pagina di pagamento del nostro sito web una volta selezionato un articolo e dopo aver inserito l&#8217;indirizzo di consegna.<\/p>\n<p>Riceverai una email di conferma della spedizione una volta che il tuo ordine sar\u00e0 stato spedito, contenente il(i) numero(i) di tracciamento. Il numero di tracciamento sar\u00e0 attivo entro 24 ore.<\/p>\n<h2>Dogane, Dazi e Tasse<\/h2>\n<p>Reusable-molds.com non \u00e8 responsabile per eventuali dazi doganali e tasse di importazione applicati al tuo ordine. Tutte le spese imposte durante o dopo la spedizione sono a carico del cliente (dazi, tasse).<\/p>\n<p>L&#8217;imposta sulle vendite (IVA) viene addebitata in base alla provincia o al territorio in cui l&#8217;articolo viene spedito.<\/p>\n<h2>Danni<\/h2>\n<p>Nel caso in cui riceviate il vostro ordine danneggiato, vi preghiamo di conservare tutto il materiale di imballaggio e i beni danneggiati e di contattarci immediatamente.<\/p>\n<h2>Contattaci<\/h2>\n<p>Se hai domande su questa Politica di Spedizione, puoi contattarci:<\/p>\n<p>Visitando questa pagina sul nostro sito web: www.reusable-molds.com<\/p>\n<p>Inviandoci un&#8217;email a: info@reusable-molds.com<\/p>\n<h3>1. Informazioni Generali<\/h3>\n<p>Tutti gli ordini sono soggetti alla disponibilit\u00e0 del prodotto. Se un articolo non \u00e8 disponibile al momento dell&#8217;ordine, ti informeremo e concorderemo un nuovo termine per la spedizione del tuo ordine oppure ti rimborseremo l&#8217;importo totale del tuo ordine, utilizzando il metodo di pagamento originale.&nbsp;<\/p>\n<h3>2. Tempi di Consegna<\/h3>\n<p>La data di consegna pu\u00f2 variare a causa delle pratiche di spedizione del corriere, della posizione di consegna, del metodo di consegna e degli articoli ordinati. I prodotti possono essere consegnati anche in spedizioni separate.<\/p>\n<p>Non possiamo assumerci la responsabilit\u00e0 per i ritardi causati dal corriere.<\/p>\n<h3>3. Istruzioni di Consegna<\/h3>\n<p>Puoi fornire istruzioni speciali per la consegna nella pagina di pagamento del nostro sito web.<\/p>\n<h3>4. Domande<\/h3>\n<p>Se hai domande sulla consegna e spedizione o sul tuo ordine, contattaci a:&nbsp;&nbsp;&nbsp;&nbsp;<\/p>\n<p>info@reusable-molds.com<\/p>\n<h3>6. INDIRIZZO ERRATO O INCOMPLETO:<\/h3>\n<p>Se il tuo pacco ci viene restituito a causa di un indirizzo errato o incompleto, dovrai pagare tutti i costi di consegna per ri-spedire il tuo ordine all&#8217;indirizzo corretto. Non siamo responsabili per la perdita del tuo ordine se l&#8217;indirizzo fornito al momento del pagamento \u00e8 incompleto o errato.<\/p>\t\t\t\t\t\t\t\t<\/div>\n\t\t\t\t<\/div>\n\t\t\t\t\t<\/div>\n\t\t<\/div>\n\t\t\t\t\t<\/div>\n\t\t<\/section>\n\t\t\t\t<\/div>\n\t\t","protected":false},"excerpt":{"rendered":"<p>Politica di spedizione La nostra politica di spedizione \u00e8 stata aggiornata l&#8217;ultima volta il 20 maggio 2022. Gli ordini non vengono spediti nei fine settimana o nei giorni festivi. Qualsiasi ordine ricevuto dopo le 14:00 da luned\u00ec a gioved\u00ec sar\u00e0 considerato effettuato il giorno successivo. Qualsiasi ordine ricevuto dopo le 14:00 del venerd\u00ec sar\u00e0 considerato [&hellip;]<\/p>\n","protected":false},"author":3,"featured_media":0,"parent":0,"menu_order":0,"comment_status":"closed","ping_status":"closed","template":"","meta":{"site-sidebar-layout":"no-sidebar","site-content-layout":"page-builder","ast-site-content-layout":"default","site-content-style":"default","site-sidebar-style":"default","ast-global-header-display":"","ast-banner-title-visibility":"","ast-main-header-display":"","ast-hfb-above-header-display":"","ast-hfb-below-header-display":"","ast-hfb-mobile-header-display":"","site-post-title":"disabled","ast-breadcrumbs-content":"","ast-featured-img":"disabled","footer-sml-layout":"","ast-disable-related-posts":"","theme-transparent-header-meta":"","adv-header-id-meta":"","stick-header-meta":"","header-above-stick-meta":"","header-main-stick-meta":"","header-below-stick-meta":"","astra-migrate-meta-layouts":"set","ast-page-background-enabled":"default","ast-page-background-meta":{"desktop":{"background-color":"var(--ast-global-color-4)","background-image":"","background-repeat":"repeat","background-position":"center center","background-size":"auto","background-attachment":"scroll","background-type":"","background-media":"","overlay-type":"","overlay-color":"","overlay-opacity":"","overlay-gradient":""},"tablet":{"background-color":"","background-image":"","background-repeat":"repeat","background-position":"center center","background-size":"auto","background-attachment":"scroll","background-type":"","background-media":"","overlay-type":"","overlay-color":"","overlay-opacity":"","overlay-gradient":""},"mobile":{"background-color":"","background-image":"","background-repeat":"repeat","background-position":"center center","background-size":"auto","background-attachment":"scroll","background-type":"","background-media":"","overlay-type":"","overlay-color":"","overlay-opacity":"","overlay-gradient":""}},"ast-content-background-meta":{"desktop":{"background-color":"var(--ast-global-color-5)","background-image":"","background-repeat":"repeat","background-position":"center center","background-size":"auto","background-attachment":"scroll","background-type":"","background-media":"","overlay-type":"","overlay-color":"","overlay-opacity":"","overlay-gradient":""},"tablet":{"background-color":"var(--ast-global-color-5)","background-image":"","background-repeat":"repeat","background-position":"center center","background-size":"auto","background-attachment":"scroll","background-type":"","background-media":"","overlay-type":"","overlay-color":"","overlay-opacity":"","overlay-gradient":""},"mobile":{"background-color":"var(--ast-global-color-5)","background-image":"","background-repeat":"repeat","background-position":"center center","background-size":"auto","background-attachment":"scroll","background-type":"","background-media":"","overlay-type":"","overlay-color":"","overlay-opacity":"","overlay-gradient":""}},"footnotes":""},"class_list":["post-24680","page","type-page","status-publish","hentry"],"yoast_head":"<!-- This site is optimized with the Yoast SEO Premium plugin v27.5 (Yoast SEO v27.5) - https:\/\/yoast.com\/product\/yoast-seo-premium-wordpress\/ -->\n<title>Politica di spedizione | Reusable-Molds<\/title>\n<meta name=\"robots\" content=\"index, follow, max-snippet:-1, max-image-preview:large, max-video-preview:-1\" \/>\n<link rel=\"canonical\" href=\"https:\/\/reusable-molds.com\/it\/politica-sulla-privacy\/\" \/>\n<meta property=\"og:locale\" content=\"it_IT\" \/>\n<meta property=\"og:type\" content=\"article\" \/>\n<meta property=\"og:title\" content=\"Politica di spedizione\" \/>\n<meta property=\"og:description\" content=\"Politica di spedizione La nostra politica di spedizione \u00e8 stata aggiornata l&#8217;ultima volta il 20 maggio 2022. Gli ordini non vengono spediti nei fine settimana o nei giorni festivi. Qualsiasi ordine ricevuto dopo le 14:00 da luned\u00ec a gioved\u00ec sar\u00e0 considerato effettuato il giorno successivo. Qualsiasi ordine ricevuto dopo le 14:00 del venerd\u00ec sar\u00e0 considerato [&hellip;]\" \/>\n<meta property=\"og:url\" content=\"https:\/\/reusable-molds.com\/it\/politica-sulla-privacy\/\" \/>\n<meta property=\"og:site_name\" content=\"Reusable-Molds\" \/>\n<meta property=\"article:publisher\" content=\"https:\/\/m.facebook.com\/River-tableses-100870435264214\/?ref=bookmarks\" \/>\n<meta property=\"article:modified_time\" content=\"2026-03-24T06:13:02+00:00\" \/>\n<meta name=\"twitter:card\" content=\"summary_large_image\" \/>\n<meta name=\"twitter:label1\" content=\"Tempo di lettura stimato\" \/>\n\t<meta name=\"twitter:data1\" content=\"3 minuto\" \/>\n<script type=\"application\/ld+json\" class=\"yoast-schema-graph\">{\"@context\":\"https:\\\/\\\/schema.org\",\"@graph\":[{\"@type\":\"WebPage\",\"@id\":\"https:\\\/\\\/reusable-molds.com\\\/it\\\/politica-sulla-privacy\\\/\",\"url\":\"https:\\\/\\\/reusable-molds.com\\\/it\\\/politica-sulla-privacy\\\/\",\"name\":\"Politica di spedizione | Reusable-Molds\",\"isPartOf\":{\"@id\":\"https:\\\/\\\/reusable-molds.com\\\/it\\\/#website\"},\"datePublished\":\"2022-05-25T06:46:16+00:00\",\"dateModified\":\"2026-03-24T06:13:02+00:00\",\"breadcrumb\":{\"@id\":\"https:\\\/\\\/reusable-molds.com\\\/it\\\/politica-sulla-privacy\\\/#breadcrumb\"},\"inLanguage\":\"it-IT\",\"potentialAction\":[{\"@type\":\"ReadAction\",\"target\":[\"https:\\\/\\\/reusable-molds.com\\\/it\\\/politica-sulla-privacy\\\/\"]}]},{\"@type\":\"BreadcrumbList\",\"@id\":\"https:\\\/\\\/reusable-molds.com\\\/it\\\/politica-sulla-privacy\\\/#breadcrumb\",\"itemListElement\":[{\"@type\":\"ListItem\",\"position\":1,\"name\":\"Home\",\"item\":\"https:\\\/\\\/reusable-molds.com\\\/it\\\/\"},{\"@type\":\"ListItem\",\"position\":2,\"name\":\"Politica di spedizione\"}]},{\"@type\":\"WebSite\",\"@id\":\"https:\\\/\\\/reusable-molds.com\\\/it\\\/#website\",\"url\":\"https:\\\/\\\/reusable-molds.com\\\/it\\\/\",\"name\":\"Reusable-Molds.com\",\"description\":\"Reusable-Molds.com\",\"publisher\":{\"@id\":\"https:\\\/\\\/reusable-molds.com\\\/it\\\/#organization\"},\"potentialAction\":[{\"@type\":\"SearchAction\",\"target\":{\"@type\":\"EntryPoint\",\"urlTemplate\":\"https:\\\/\\\/reusable-molds.com\\\/it\\\/?s={search_term_string}\"},\"query-input\":{\"@type\":\"PropertyValueSpecification\",\"valueRequired\":true,\"valueName\":\"search_term_string\"}}],\"inLanguage\":\"it-IT\"},{\"@type\":\"Organization\",\"@id\":\"https:\\\/\\\/reusable-molds.com\\\/it\\\/#organization\",\"name\":\"reusable-molds.com\",\"url\":\"https:\\\/\\\/reusable-molds.com\\\/it\\\/\",\"logo\":{\"@type\":\"ImageObject\",\"inLanguage\":\"it-IT\",\"@id\":\"https:\\\/\\\/reusable-molds.com\\\/it\\\/#\\\/schema\\\/logo\\\/image\\\/\",\"url\":\"https:\\\/\\\/reusable-molds.com\\\/wp-content\\\/uploads\\\/2025\\\/03\\\/ReusableMolds-LOGO-NEW-1000-x-1000.jpg\",\"contentUrl\":\"https:\\\/\\\/reusable-molds.com\\\/wp-content\\\/uploads\\\/2025\\\/03\\\/ReusableMolds-LOGO-NEW-1000-x-1000.jpg\",\"width\":1000,\"height\":1000,\"caption\":\"reusable-molds.com\"},\"image\":{\"@id\":\"https:\\\/\\\/reusable-molds.com\\\/it\\\/#\\\/schema\\\/logo\\\/image\\\/\"},\"sameAs\":[\"https:\\\/\\\/m.facebook.com\\\/River-tableses-100870435264214\\\/?ref=bookmarks\",\"https:\\\/\\\/www.instagram.com\\\/reusable-molds.com\\\/\",\"https:\\\/\\\/www.youtube.com\\\/channel\\\/UCZ5_4JQkGQ0jsz-ROdC9v1g\"]}]}<\/script>\n<!-- \/ Yoast SEO Premium plugin. -->","yoast_head_json":{"title":"Politica di spedizione | Reusable-Molds","robots":{"index":"index","follow":"follow","max-snippet":"max-snippet:-1","max-image-preview":"max-image-preview:large","max-video-preview":"max-video-preview:-1"},"canonical":"https:\/\/reusable-molds.com\/it\/politica-sulla-privacy\/","og_locale":"it_IT","og_type":"article","og_title":"Politica di spedizione","og_description":"Politica di spedizione La nostra politica di spedizione \u00e8 stata aggiornata l&#8217;ultima volta il 20 maggio 2022. Gli ordini non vengono spediti nei fine settimana o nei giorni festivi. Qualsiasi ordine ricevuto dopo le 14:00 da luned\u00ec a gioved\u00ec sar\u00e0 considerato effettuato il giorno successivo. Qualsiasi ordine ricevuto dopo le 14:00 del venerd\u00ec sar\u00e0 considerato [&hellip;]","og_url":"https:\/\/reusable-molds.com\/it\/politica-sulla-privacy\/","og_site_name":"Reusable-Molds","article_publisher":"https:\/\/m.facebook.com\/River-tableses-100870435264214\/?ref=bookmarks","article_modified_time":"2026-03-24T06:13:02+00:00","twitter_card":"summary_large_image","twitter_misc":{"Tempo di lettura stimato":"3 minuto"},"schema":{"@context":"https:\/\/schema.org","@graph":[{"@type":"WebPage","@id":"https:\/\/reusable-molds.com\/it\/politica-sulla-privacy\/","url":"https:\/\/reusable-molds.com\/it\/politica-sulla-privacy\/","name":"Politica di spedizione | Reusable-Molds","isPartOf":{"@id":"https:\/\/reusable-molds.com\/it\/#website"},"datePublished":"2022-05-25T06:46:16+00:00","dateModified":"2026-03-24T06:13:02+00:00","breadcrumb":{"@id":"https:\/\/reusable-molds.com\/it\/politica-sulla-privacy\/#breadcrumb"},"inLanguage":"it-IT","potentialAction":[{"@type":"ReadAction","target":["https:\/\/reusable-molds.com\/it\/politica-sulla-privacy\/"]}]},{"@type":"BreadcrumbList","@id":"https:\/\/reusable-molds.com\/it\/politica-sulla-privacy\/#breadcrumb","itemListElement":[{"@type":"ListItem","position":1,"name":"Home","item":"https:\/\/reusable-molds.com\/it\/"},{"@type":"ListItem","position":2,"name":"Politica di spedizione"}]},{"@type":"WebSite","@id":"https:\/\/reusable-molds.com\/it\/#website","url":"https:\/\/reusable-molds.com\/it\/","name":"Reusable-Molds.com","description":"Reusable-Molds.com","publisher":{"@id":"https:\/\/reusable-molds.com\/it\/#organization"},"potentialAction":[{"@type":"SearchAction","target":{"@type":"EntryPoint","urlTemplate":"https:\/\/reusable-molds.com\/it\/?s={search_term_string}"},"query-input":{"@type":"PropertyValueSpecification","valueRequired":true,"valueName":"search_term_string"}}],"inLanguage":"it-IT"},{"@type":"Organization","@id":"https:\/\/reusable-molds.com\/it\/#organization","name":"reusable-molds.com","url":"https:\/\/reusable-molds.com\/it\/","logo":{"@type":"ImageObject","inLanguage":"it-IT","@id":"https:\/\/reusable-molds.com\/it\/#\/schema\/logo\/image\/","url":"https:\/\/reusable-molds.com\/wp-content\/uploads\/2025\/03\/ReusableMolds-LOGO-NEW-1000-x-1000.jpg","contentUrl":"https:\/\/reusable-molds.com\/wp-content\/uploads\/2025\/03\/ReusableMolds-LOGO-NEW-1000-x-1000.jpg","width":1000,"height":1000,"caption":"reusable-molds.com"},"image":{"@id":"https:\/\/reusable-molds.com\/it\/#\/schema\/logo\/image\/"},"sameAs":["https:\/\/m.facebook.com\/River-tableses-100870435264214\/?ref=bookmarks","https:\/\/www.instagram.com\/reusable-molds.com\/","https:\/\/www.youtube.com\/channel\/UCZ5_4JQkGQ0jsz-ROdC9v1g"]}]}},"_links":{"self":[{"href":"https:\/\/reusable-molds.com\/it\/wp-json\/wp\/v2\/pages\/24680","targetHints":{"allow":["GET"]}}],"collection":[{"href":"https:\/\/reusable-molds.com\/it\/wp-json\/wp\/v2\/pages"}],"about":[{"href":"https:\/\/reusable-molds.com\/it\/wp-json\/wp\/v2\/types\/page"}],"author":[{"embeddable":true,"href":"https:\/\/reusable-molds.com\/it\/wp-json\/wp\/v2\/users\/3"}],"replies":[{"embeddable":true,"href":"https:\/\/reusable-molds.com\/it\/wp-json\/wp\/v2\/comments?post=24680"}],"version-history":[{"count":1,"href":"https:\/\/reusable-molds.com\/it\/wp-json\/wp\/v2\/pages\/24680\/revisions"}],"predecessor-version":[{"id":31136,"href":"https:\/\/reusable-molds.com\/it\/wp-json\/wp\/v2\/pages\/24680\/revisions\/31136"}],"wp:attachment":[{"href":"https:\/\/reusable-molds.com\/it\/wp-json\/wp\/v2\/media?parent=24680"}],"curies":[{"name":"wp","href":"https:\/\/api.w.org\/{rel}","templated":true}]}}