{"id":28107,"date":"2021-11-19T12:53:08","date_gmt":"2021-11-19T10:53:08","guid":{"rendered":"https:\/\/reusable-molds.com\/product\/stampo-multiuso-in-hdpe-per-progetti-in-resina-epossidica-100-cm-x-60-cm-39-x-23\/"},"modified":"2026-04-14T11:03:29","modified_gmt":"2026-04-14T09:03:29","slug":"stampo-resina-epossidica-100x60cm","status":"publish","type":"product","link":"https:\/\/reusable-molds.com\/it\/prodotto\/stampo-resina-epossidica-100x60cm\/","title":{"rendered":"Stampo multiuso per progetti in resina epossidica <br> 100cm x 60cm x 6cm <br>(39&#8243; x 23&#8243;)"},"content":{"rendered":"<h1>Stampo multiuso in resina epossidica 100cm \u00d7 60cm x 6cm - Kit completo (39\u2033 \u00d7 23\u2033)<\/h1>\n<p>Tutto ci\u00f2 di cui hai bisogno per iniziare subito a versare tavoli da fiume. Questo kit completo comprende l&#8217;intero sistema di stampi 100 \u00d7 60 - base, lati, ferramenta - cos\u00ec non dovrai procurarti i componenti separatamente. \u00c8 il modo pi\u00f9 veloce per avere un sistema di stampi professionali riutilizzabili nel tuo laboratorio.  <\/p>\n<h2>Come far funzionare rapidamente un sistema professionale per la muffa<\/h2>\n<p>La maggior parte dei creatori che passano a un sistema di stampi riutilizzabili lo fanno dopo un numero eccessivo di costruzioni fai-da-te fallite. Una base in melamina che non era perfettamente in piano. Lati che si sono flessi durante la polimerizzazione. Nastro che non teneva. Una resina che perdeva durante la notte. Non si tratta di errori da principianti: capitano anche ai costruttori esperti, perch\u00e9 gli stampi temporanei sono intrinsecamente inaffidabili.     <\/p>\n<p>Questo kit elimina tutto questo. Riceverai un sistema completo, pretagliato e preforato. Il montaggio \u00e8 semplice: avvita i lati, sigilla i bordi con il silicone, livella la superficie e versa. Tutto qui. Niente tagli, niente misure, niente dubbi sulla tenuta delle giunzioni.    <\/p>\n<p>Per i laboratori che stanno aumentando la produzione o per i creatori che vogliono semplicemente smettere di perdere tempo nella preparazione degli stampi, questo kit \u00e8 il punto di partenza giusto.<\/p>\n<h2>Perch\u00e9 scegliere questa taglia<\/h2>\n<ul>\n<li>Kit completo - non \u00e8 necessario reperire componenti separati<\/li>\n<li>Vengono forniti degli inserti per realizzare stampi di diverse dimensioni<\/li>\n<li>100 \u00d7 60 copre la maggior parte delle dimensioni standard dei tavoli da fiume.<\/li>\n<li>Il sistema imbullonato si assembla in pochi minuti senza bisogno di attrezzi speciali<\/li>\n<li>Progettato per l&#8217;uso immediato - sigilla, livella, versa<\/li>\n<li>Riutilizzabile all&#8217;infinito - un solo acquisto, valore di produzione continuo<\/li>\n<\/ul>\n<h2>Qualit\u00e0 costruttiva<\/h2>\n<p>Ogni stampo \u00e8 lavorato con precisione e assemblato con inserti filettati e bulloni. I lati dritti - non affusolati come le alternative saldate - mantengono la loro forma sotto il calore e la pressione di grandi colate di resina. I bordi vengono sigillati con un normale silicone, posizionati su una superficie piana e lo stampo si occuper\u00e0 di tutto il resto. Non \u00e8 necessario alcuno spray distaccante. Si smonta in pochi minuti per la colata successiva.    <\/p>\n<h2>Specifiche<\/h2>\n<p>100cm \u00d7 60cm (39\u2033 \u00d7 23\u2033) | Tolleranza: \u00b12mm | Kit completo che include base, lati e hardware<\/p>\n<p>Tutte le misure sono \u00b12mm se non diversamente specificato.<\/p>\n<p><strong>Hai bisogno di una taglia diversa?  <\/strong>Realizziamo dimensioni personalizzate per soddisfare le esigenze del tuo progetto specifico. Contattaci e facci sapere di cosa hai bisogno. <\/p>\n<h2>Guide correlate<\/h2>\n<ul style=\"padding-left: 20px; margin: 0;\">\n<li><a href=\"https:\/\/reusable-molds.com\/it\/come-costruire-uno-stampo-per-tavoli-da-fiume-e-perche-la-maggior-parte-degli-stampi-fai-da-te-fallisce\/\">Come costruire uno stampo per tavolo river<\/a><\/li>\n<li><a href=\"https:\/\/reusable-molds.com\/it\/stampi-in-resina-riutilizzabili-o-monouso-cosa-usano-i-professionisti\/\">Stampi riutilizzabili vs monouso<\/a><\/li>\n<li><a href=\"https:\/\/reusable-molds.com\/it\/miglior-materiale-per-stampi-da-tavolo-in-resina-epossidica-confronto-completo\/\">Miglior materiale per stampi in resina<\/a><\/li>\n<li><a href=\"https:\/\/reusable-molds.com\/it\/guida-alla-manutenzione-e-alla-cura-a-lungo-termine-della-muffa-in-resina-epossidica\/\">Guida alla manutenzione degli stampi<\/a><\/li>\n<li><a href=\"https:\/\/reusable-molds.com\/it\/epossidica-bloccata-nello-stampo-i-problemi-di-demolding-spiegati\/\">Problemi di sformatura<\/a><\/li>\n<li><a href=\"https:\/\/reusable-molds.com\/it\/scalare-unattivita-di-tavoli-in-resina-con-stampi-riutilizzabili\/\">Scalare un business di tavoli in resina<\/a><\/li>\n<\/ul>\n","protected":false},"excerpt":{"rendered":"<p>Stampo multiuso in resina epossidica 100cm \u00d7 60cm x 6cm - Kit completo (39\u2033 \u00d7 23\u2033) Tutto ci\u00f2 di cui hai bisogno per iniziare subito a versare tavoli da fiume. Questo kit completo comprende l&#8217;intero sistema di stampi 100 \u00d7 60 - base, lati, ferramenta - cos\u00ec non dovrai procurarti i componenti separatamente. \u00c8 il [&hellip;]<\/p>\n","protected":false},"featured_media":23900,"template":"","meta":{"site-sidebar-layout":"default","site-content-layout":"default","ast-site-content-layout":"default","site-content-style":"default","site-sidebar-style":"default","ast-global-header-display":"","ast-banner-title-visibility":"","ast-main-header-display":"","ast-hfb-above-header-display":"","ast-hfb-below-header-display":"","ast-hfb-mobile-header-display":"","site-post-title":"","ast-breadcrumbs-content":"","ast-featured-img":"","footer-sml-layout":"","ast-disable-related-posts":"","theme-transparent-header-meta":"default","adv-header-id-meta":"","stick-header-meta":"default","header-above-stick-meta":"","header-main-stick-meta":"","header-below-stick-meta":"","astra-migrate-meta-layouts":"set","ast-page-background-enabled":"default","ast-page-background-meta":{"desktop":{"background-color":"var(--ast-global-color-4)","background-image":"","background-repeat":"repeat","background-position":"center center","background-size":"auto","background-attachment":"scroll","background-type":"","background-media":"","overlay-type":"","overlay-color":"","overlay-opacity":"","overlay-gradient":""},"tablet":{"background-color":"","background-image":"","background-repeat":"repeat","background-position":"center center","background-size":"auto","background-attachment":"scroll","background-type":"","background-media":"","overlay-type":"","overlay-color":"","overlay-opacity":"","overlay-gradient":""},"mobile":{"background-color":"","background-image":"","background-repeat":"repeat","background-position":"center center","background-size":"auto","background-attachment":"scroll","background-type":"","background-media":"","overlay-type":"","overlay-color":"","overlay-opacity":"","overlay-gradient":""}},"ast-content-background-meta":{"desktop":{"background-color":"var(--ast-global-color-5)","background-image":"","background-repeat":"repeat","background-position":"center center","background-size":"auto","background-attachment":"scroll","background-type":"","background-media":"","overlay-type":"","overlay-color":"","overlay-opacity":"","overlay-gradient":""},"tablet":{"background-color":"var(--ast-global-color-5)","background-image":"","background-repeat":"repeat","background-position":"center center","background-size":"auto","background-attachment":"scroll","background-type":"","background-media":"","overlay-type":"","overlay-color":"","overlay-opacity":"","overlay-gradient":""},"mobile":{"background-color":"var(--ast-global-color-5)","background-image":"","background-repeat":"repeat","background-position":"center center","background-size":"auto","background-attachment":"scroll","background-type":"","background-media":"","overlay-type":"","overlay-color":"","overlay-opacity":"","overlay-gradient":""}}},"product_brand":[],"product_cat":[438],"product_tag":[],"class_list":{"0":"post-28107","1":"product","2":"type-product","3":"status-publish","4":"has-post-thumbnail","6":"product_cat-stampi","7":"product_shipping_class-100-x-60-it","8":"desktop-align-left","9":"tablet-align-left","10":"mobile-align-left","11":"ast-product-gallery-layout-horizontal-slider","12":"ast-product-gallery-with-no-image","13":"ast-product-tabs-layout-horizontal","15":"first","16":"instock","17":"purchasable","18":"product-type-simple"},"yoast_head":"<!-- This site is optimized with the Yoast SEO Premium plugin v27.5 (Yoast SEO v27.5) - https:\/\/yoast.com\/product\/yoast-seo-premium-wordpress\/ -->\n<title>Stampo resina epossidica 100x60 cm | Multiuso<\/title>\n<meta name=\"description\" content=\"Stampo multiuso in resina epossidica 100x60 cm. Ideale per progetti grandi e utilizzo professionale. Montaggio rapido, sformatura netta, riutilizzabile.\" \/>\n<meta name=\"robots\" content=\"index, follow, max-snippet:-1, max-image-preview:large, max-video-preview:-1\" \/>\n<link rel=\"canonical\" href=\"https:\/\/reusable-molds.com\/it\/prodotto\/stampo-resina-epossidica-100x60cm\/\" \/>\n<meta property=\"og:locale\" content=\"it_IT\" \/>\n<meta property=\"og:type\" content=\"article\" \/>\n<meta property=\"og:title\" content=\"Stampo multiuso per progetti in resina epossidica  100cm x 60cm x 6cm (39&quot; x 23&quot;)\" \/>\n<meta property=\"og:description\" content=\"Stampo multiuso in resina epossidica 100x60 cm. Ideale per progetti grandi e utilizzo professionale. Montaggio rapido, sformatura netta, riutilizzabile.\" \/>\n<meta property=\"og:url\" content=\"https:\/\/reusable-molds.com\/it\/prodotto\/stampo-resina-epossidica-100x60cm\/\" \/>\n<meta property=\"og:site_name\" content=\"Reusable-Molds\" \/>\n<meta property=\"article:publisher\" content=\"https:\/\/m.facebook.com\/River-tableses-100870435264214\/?ref=bookmarks\" \/>\n<meta property=\"article:modified_time\" content=\"2026-04-14T09:03:29+00:00\" \/>\n<meta property=\"og:image\" content=\"https:\/\/reusable-molds.com\/wp-content\/uploads\/2021\/11\/Multipurpose-Epoxy-Resin-Mold-Epoxidharz-Form-Molde-de-resina-epoxica-Moule-en-resine-epoxy-Stampo-in-resina-epossidica-Epoxyhars-mal-Molde-de-resina-epoxi.jpg\" \/>\n\t<meta property=\"og:image:width\" content=\"1000\" \/>\n\t<meta property=\"og:image:height\" content=\"1000\" \/>\n\t<meta property=\"og:image:type\" content=\"image\/jpeg\" \/>\n<meta name=\"twitter:card\" content=\"summary_large_image\" \/>\n<meta name=\"twitter:label1\" content=\"Prezzo\" \/>\n\t<meta name=\"twitter:data1\" content=\"&euro;253.80\" \/>\n\t<meta name=\"twitter:label2\" content=\"Disponibilit\u00e0\" \/>\n\t<meta name=\"twitter:data2\" content=\"In stock\" \/>\n<script type=\"application\/ld+json\" class=\"yoast-schema-graph\">{\"@context\":\"https:\\\/\\\/schema.org\",\"@graph\":[{\"@type\":\"WebPage\",\"@id\":\"https:\\\/\\\/reusable-molds.com\\\/it\\\/prodotto\\\/stampo-resina-epossidica-100x60cm\\\/\",\"url\":\"https:\\\/\\\/reusable-molds.com\\\/it\\\/prodotto\\\/stampo-resina-epossidica-100x60cm\\\/\",\"name\":\"Stampo resina epossidica 100x60 cm | Multiuso\",\"isPartOf\":{\"@id\":\"https:\\\/\\\/reusable-molds.com\\\/it\\\/#website\"},\"primaryImageOfPage\":{\"@id\":\"https:\\\/\\\/reusable-molds.com\\\/it\\\/prodotto\\\/stampo-resina-epossidica-100x60cm\\\/#primaryimage\"},\"image\":{\"@id\":\"https:\\\/\\\/reusable-molds.com\\\/it\\\/prodotto\\\/stampo-resina-epossidica-100x60cm\\\/#primaryimage\"},\"thumbnailUrl\":\"https:\\\/\\\/reusable-molds.com\\\/wp-content\\\/uploads\\\/2021\\\/11\\\/Multipurpose-Epoxy-Resin-Mold-Epoxidharz-Form-Molde-de-resina-epoxica-Moule-en-resine-epoxy-Stampo-in-resina-epossidica-Epoxyhars-mal-Molde-de-resina-epoxi.jpg\",\"datePublished\":\"2021-11-19T10:53:08+00:00\",\"dateModified\":\"2026-04-14T09:03:29+00:00\",\"description\":\"Stampo multiuso in resina epossidica 100x60 cm. Ideale per progetti grandi e utilizzo professionale. Montaggio rapido, sformatura netta, riutilizzabile.\",\"breadcrumb\":{\"@id\":\"https:\\\/\\\/reusable-molds.com\\\/it\\\/prodotto\\\/stampo-resina-epossidica-100x60cm\\\/#breadcrumb\"},\"inLanguage\":\"it-IT\",\"potentialAction\":[{\"@type\":\"ReadAction\",\"target\":[\"https:\\\/\\\/reusable-molds.com\\\/it\\\/prodotto\\\/stampo-resina-epossidica-100x60cm\\\/\"]}]},{\"@type\":\"ImageObject\",\"inLanguage\":\"it-IT\",\"@id\":\"https:\\\/\\\/reusable-molds.com\\\/it\\\/prodotto\\\/stampo-resina-epossidica-100x60cm\\\/#primaryimage\",\"url\":\"https:\\\/\\\/reusable-molds.com\\\/wp-content\\\/uploads\\\/2021\\\/11\\\/Multipurpose-Epoxy-Resin-Mold-Epoxidharz-Form-Molde-de-resina-epoxica-Moule-en-resine-epoxy-Stampo-in-resina-epossidica-Epoxyhars-mal-Molde-de-resina-epoxi.jpg\",\"contentUrl\":\"https:\\\/\\\/reusable-molds.com\\\/wp-content\\\/uploads\\\/2021\\\/11\\\/Multipurpose-Epoxy-Resin-Mold-Epoxidharz-Form-Molde-de-resina-epoxica-Moule-en-resine-epoxy-Stampo-in-resina-epossidica-Epoxyhars-mal-Molde-de-resina-epoxi.jpg\",\"width\":1000,\"height\":1000,\"caption\":\"Stampo multiuso in resina epossidica\"},{\"@type\":\"BreadcrumbList\",\"@id\":\"https:\\\/\\\/reusable-molds.com\\\/it\\\/prodotto\\\/stampo-resina-epossidica-100x60cm\\\/#breadcrumb\",\"itemListElement\":[{\"@type\":\"ListItem\",\"position\":1,\"name\":\"Home\",\"item\":\"https:\\\/\\\/reusable-molds.com\\\/it\\\/\"},{\"@type\":\"ListItem\",\"position\":2,\"name\":\"Prodotti\",\"item\":\"https:\\\/\\\/reusable-molds.com\\\/it\\\/shop\\\/\"},{\"@type\":\"ListItem\",\"position\":3,\"name\":\"Stampo multiuso per progetti in resina epossidica 100cm x 60cm x 6cm (39&#8243; x 23&#8243;)\"}]},{\"@type\":\"WebSite\",\"@id\":\"https:\\\/\\\/reusable-molds.com\\\/it\\\/#website\",\"url\":\"https:\\\/\\\/reusable-molds.com\\\/it\\\/\",\"name\":\"Reusable-Molds.com\",\"description\":\"Reusable-Molds.com\",\"publisher\":{\"@id\":\"https:\\\/\\\/reusable-molds.com\\\/it\\\/#organization\"},\"potentialAction\":[{\"@type\":\"SearchAction\",\"target\":{\"@type\":\"EntryPoint\",\"urlTemplate\":\"https:\\\/\\\/reusable-molds.com\\\/it\\\/?s={search_term_string}\"},\"query-input\":{\"@type\":\"PropertyValueSpecification\",\"valueRequired\":true,\"valueName\":\"search_term_string\"}}],\"inLanguage\":\"it-IT\"},{\"@type\":\"Organization\",\"@id\":\"https:\\\/\\\/reusable-molds.com\\\/it\\\/#organization\",\"name\":\"reusable-molds.com\",\"url\":\"https:\\\/\\\/reusable-molds.com\\\/it\\\/\",\"logo\":{\"@type\":\"ImageObject\",\"inLanguage\":\"it-IT\",\"@id\":\"https:\\\/\\\/reusable-molds.com\\\/it\\\/#\\\/schema\\\/logo\\\/image\\\/\",\"url\":\"https:\\\/\\\/reusable-molds.com\\\/wp-content\\\/uploads\\\/2025\\\/03\\\/ReusableMolds-LOGO-NEW-1000-x-1000.jpg\",\"contentUrl\":\"https:\\\/\\\/reusable-molds.com\\\/wp-content\\\/uploads\\\/2025\\\/03\\\/ReusableMolds-LOGO-NEW-1000-x-1000.jpg\",\"width\":1000,\"height\":1000,\"caption\":\"reusable-molds.com\"},\"image\":{\"@id\":\"https:\\\/\\\/reusable-molds.com\\\/it\\\/#\\\/schema\\\/logo\\\/image\\\/\"},\"sameAs\":[\"https:\\\/\\\/m.facebook.com\\\/River-tableses-100870435264214\\\/?ref=bookmarks\",\"https:\\\/\\\/www.instagram.com\\\/reusable-molds.com\\\/\",\"https:\\\/\\\/www.youtube.com\\\/channel\\\/UCZ5_4JQkGQ0jsz-ROdC9v1g\"]}]}<\/script>\n<meta property=\"product:price:amount\" content=\"253.80\" \/>\n<meta property=\"product:price:currency\" content=\"EUR\" \/>\n<meta property=\"og:availability\" content=\"instock\" \/>\n<meta property=\"product:availability\" content=\"instock\" \/>\n<meta property=\"product:retailer_item_id\" content=\"RM-100X60\" \/>\n<meta property=\"product:condition\" content=\"new\" \/>\n<!-- \/ Yoast SEO Premium plugin. -->","yoast_head_json":{"title":"Stampo resina epossidica 100x60 cm | Multiuso","description":"Stampo multiuso in resina epossidica 100x60 cm. Ideale per progetti grandi e utilizzo professionale. Montaggio rapido, sformatura netta, riutilizzabile.","robots":{"index":"index","follow":"follow","max-snippet":"max-snippet:-1","max-image-preview":"max-image-preview:large","max-video-preview":"max-video-preview:-1"},"canonical":"https:\/\/reusable-molds.com\/it\/prodotto\/stampo-resina-epossidica-100x60cm\/","og_locale":"it_IT","og_type":"article","og_title":"Stampo multiuso per progetti in resina epossidica  100cm x 60cm x 6cm (39\" x 23\")","og_description":"Stampo multiuso in resina epossidica 100x60 cm. Ideale per progetti grandi e utilizzo professionale. Montaggio rapido, sformatura netta, riutilizzabile.","og_url":"https:\/\/reusable-molds.com\/it\/prodotto\/stampo-resina-epossidica-100x60cm\/","og_site_name":"Reusable-Molds","article_publisher":"https:\/\/m.facebook.com\/River-tableses-100870435264214\/?ref=bookmarks","article_modified_time":"2026-04-14T09:03:29+00:00","og_image":[{"width":1000,"height":1000,"url":"https:\/\/reusable-molds.com\/wp-content\/uploads\/2021\/11\/Multipurpose-Epoxy-Resin-Mold-Epoxidharz-Form-Molde-de-resina-epoxica-Moule-en-resine-epoxy-Stampo-in-resina-epossidica-Epoxyhars-mal-Molde-de-resina-epoxi.jpg","type":"image\/jpeg"}],"twitter_card":"summary_large_image","twitter_misc":{"Prezzo":"&euro;253.80","Disponibilit\u00e0":"In stock"},"schema":{"@context":"https:\/\/schema.org","@graph":[{"@type":"WebPage","@id":"https:\/\/reusable-molds.com\/it\/prodotto\/stampo-resina-epossidica-100x60cm\/","url":"https:\/\/reusable-molds.com\/it\/prodotto\/stampo-resina-epossidica-100x60cm\/","name":"Stampo resina epossidica 100x60 cm | Multiuso","isPartOf":{"@id":"https:\/\/reusable-molds.com\/it\/#website"},"primaryImageOfPage":{"@id":"https:\/\/reusable-molds.com\/it\/prodotto\/stampo-resina-epossidica-100x60cm\/#primaryimage"},"image":{"@id":"https:\/\/reusable-molds.com\/it\/prodotto\/stampo-resina-epossidica-100x60cm\/#primaryimage"},"thumbnailUrl":"https:\/\/reusable-molds.com\/wp-content\/uploads\/2021\/11\/Multipurpose-Epoxy-Resin-Mold-Epoxidharz-Form-Molde-de-resina-epoxica-Moule-en-resine-epoxy-Stampo-in-resina-epossidica-Epoxyhars-mal-Molde-de-resina-epoxi.jpg","datePublished":"2021-11-19T10:53:08+00:00","dateModified":"2026-04-14T09:03:29+00:00","description":"Stampo multiuso in resina epossidica 100x60 cm. Ideale per progetti grandi e utilizzo professionale. Montaggio rapido, sformatura netta, riutilizzabile.","breadcrumb":{"@id":"https:\/\/reusable-molds.com\/it\/prodotto\/stampo-resina-epossidica-100x60cm\/#breadcrumb"},"inLanguage":"it-IT","potentialAction":[{"@type":"ReadAction","target":["https:\/\/reusable-molds.com\/it\/prodotto\/stampo-resina-epossidica-100x60cm\/"]}]},{"@type":"ImageObject","inLanguage":"it-IT","@id":"https:\/\/reusable-molds.com\/it\/prodotto\/stampo-resina-epossidica-100x60cm\/#primaryimage","url":"https:\/\/reusable-molds.com\/wp-content\/uploads\/2021\/11\/Multipurpose-Epoxy-Resin-Mold-Epoxidharz-Form-Molde-de-resina-epoxica-Moule-en-resine-epoxy-Stampo-in-resina-epossidica-Epoxyhars-mal-Molde-de-resina-epoxi.jpg","contentUrl":"https:\/\/reusable-molds.com\/wp-content\/uploads\/2021\/11\/Multipurpose-Epoxy-Resin-Mold-Epoxidharz-Form-Molde-de-resina-epoxica-Moule-en-resine-epoxy-Stampo-in-resina-epossidica-Epoxyhars-mal-Molde-de-resina-epoxi.jpg","width":1000,"height":1000,"caption":"Stampo multiuso in resina epossidica"},{"@type":"BreadcrumbList","@id":"https:\/\/reusable-molds.com\/it\/prodotto\/stampo-resina-epossidica-100x60cm\/#breadcrumb","itemListElement":[{"@type":"ListItem","position":1,"name":"Home","item":"https:\/\/reusable-molds.com\/it\/"},{"@type":"ListItem","position":2,"name":"Prodotti","item":"https:\/\/reusable-molds.com\/it\/shop\/"},{"@type":"ListItem","position":3,"name":"Stampo multiuso per progetti in resina epossidica 100cm x 60cm x 6cm (39&#8243; x 23&#8243;)"}]},{"@type":"WebSite","@id":"https:\/\/reusable-molds.com\/it\/#website","url":"https:\/\/reusable-molds.com\/it\/","name":"Reusable-Molds.com","description":"Reusable-Molds.com","publisher":{"@id":"https:\/\/reusable-molds.com\/it\/#organization"},"potentialAction":[{"@type":"SearchAction","target":{"@type":"EntryPoint","urlTemplate":"https:\/\/reusable-molds.com\/it\/?s={search_term_string}"},"query-input":{"@type":"PropertyValueSpecification","valueRequired":true,"valueName":"search_term_string"}}],"inLanguage":"it-IT"},{"@type":"Organization","@id":"https:\/\/reusable-molds.com\/it\/#organization","name":"reusable-molds.com","url":"https:\/\/reusable-molds.com\/it\/","logo":{"@type":"ImageObject","inLanguage":"it-IT","@id":"https:\/\/reusable-molds.com\/it\/#\/schema\/logo\/image\/","url":"https:\/\/reusable-molds.com\/wp-content\/uploads\/2025\/03\/ReusableMolds-LOGO-NEW-1000-x-1000.jpg","contentUrl":"https:\/\/reusable-molds.com\/wp-content\/uploads\/2025\/03\/ReusableMolds-LOGO-NEW-1000-x-1000.jpg","width":1000,"height":1000,"caption":"reusable-molds.com"},"image":{"@id":"https:\/\/reusable-molds.com\/it\/#\/schema\/logo\/image\/"},"sameAs":["https:\/\/m.facebook.com\/River-tableses-100870435264214\/?ref=bookmarks","https:\/\/www.instagram.com\/reusable-molds.com\/","https:\/\/www.youtube.com\/channel\/UCZ5_4JQkGQ0jsz-ROdC9v1g"]}]},"product_price_amount":"253.80","product_price_currency":"EUR","og_availability":"instock","product_availability":"instock","product_retailer_item_id":"RM-100X60","product_condition":"new"},"_links":{"self":[{"href":"https:\/\/reusable-molds.com\/it\/wp-json\/wp\/v2\/product\/28107","targetHints":{"allow":["GET"]}}],"collection":[{"href":"https:\/\/reusable-molds.com\/it\/wp-json\/wp\/v2\/product"}],"about":[{"href":"https:\/\/reusable-molds.com\/it\/wp-json\/wp\/v2\/types\/product"}],"version-history":[{"count":3,"href":"https:\/\/reusable-molds.com\/it\/wp-json\/wp\/v2\/product\/28107\/revisions"}],"predecessor-version":[{"id":31321,"href":"https:\/\/reusable-molds.com\/it\/wp-json\/wp\/v2\/product\/28107\/revisions\/31321"}],"wp:featuredmedia":[{"embeddable":true,"href":"https:\/\/reusable-molds.com\/it\/wp-json\/wp\/v2\/media\/23900"}],"wp:attachment":[{"href":"https:\/\/reusable-molds.com\/it\/wp-json\/wp\/v2\/media?parent=28107"}],"wp:term":[{"taxonomy":"product_brand","embeddable":true,"href":"https:\/\/reusable-molds.com\/it\/wp-json\/wp\/v2\/product_brand?post=28107"},{"taxonomy":"product_cat","embeddable":true,"href":"https:\/\/reusable-molds.com\/it\/wp-json\/wp\/v2\/product_cat?post=28107"},{"taxonomy":"product_tag","embeddable":true,"href":"https:\/\/reusable-molds.com\/it\/wp-json\/wp\/v2\/product_tag?post=28107"}],"curies":[{"name":"wp","href":"https:\/\/api.w.org\/{rel}","templated":true}]}}