{"id":30235,"date":"2026-03-10T15:31:04","date_gmt":"2026-03-10T13:31:04","guid":{"rendered":"https:\/\/reusable-molds.com\/?page_id=30235"},"modified":"2026-04-21T18:52:17","modified_gmt":"2026-04-21T16:52:17","slug":"epoxy-resin-molds","status":"publish","type":"page","link":"https:\/\/reusable-molds.com\/pl\/epoxy-resin-molds\/","title":{"rendered":"epoxy-resin-molds"},"content":{"rendered":"\t\t<div data-elementor-type=\"wp-page\" data-elementor-id=\"30235\" class=\"elementor elementor-30235\" data-elementor-post-type=\"page\">\n\t\t\t\t\t\t<section class=\"elementor-section elementor-top-section elementor-element elementor-element-54124c9 elementor-section-boxed elementor-section-height-default elementor-section-height-default\" data-id=\"54124c9\" data-element_type=\"section\" data-e-type=\"section\">\n\t\t\t\t\t\t<div class=\"elementor-container elementor-column-gap-default\">\n\t\t\t\t\t<div class=\"elementor-column elementor-col-100 elementor-top-column elementor-element elementor-element-319ff9d\" data-id=\"319ff9d\" data-element_type=\"column\" data-e-type=\"column\">\n\t\t\t<div class=\"elementor-widget-wrap elementor-element-populated\">\n\t\t\t\t\t\t<div class=\"elementor-element elementor-element-c67e948 elementor-widget elementor-widget-heading\" data-id=\"c67e948\" data-element_type=\"widget\" data-e-type=\"widget\" data-widget_type=\"heading.default\">\n\t\t\t\t<div class=\"elementor-widget-container\">\n\t\t\t\t\t<h1 class=\"elementor-heading-title elementor-size-default\">Epoxy Resin Molds<\/h1>\t\t\t\t<\/div>\n\t\t\t\t<\/div>\n\t\t\t\t\t<\/div>\n\t\t<\/div>\n\t\t\t\t\t<\/div>\n\t\t<\/section>\n\t\t\t\t<section class=\"elementor-section elementor-top-section elementor-element elementor-element-ff8efbb elementor-section-boxed elementor-section-height-default elementor-section-height-default\" data-id=\"ff8efbb\" data-element_type=\"section\" data-e-type=\"section\">\n\t\t\t\t\t\t<div class=\"elementor-container elementor-column-gap-default\">\n\t\t\t\t\t<div class=\"elementor-column elementor-col-100 elementor-top-column elementor-element elementor-element-69fc135\" data-id=\"69fc135\" data-element_type=\"column\" data-e-type=\"column\">\n\t\t\t<div class=\"elementor-widget-wrap elementor-element-populated\">\n\t\t\t\t\t\t<div class=\"elementor-element elementor-element-19bd375 elementor-widget elementor-widget-text-editor\" data-id=\"19bd375\" data-element_type=\"widget\" data-e-type=\"widget\" data-widget_type=\"text-editor.default\">\n\t\t\t\t<div class=\"elementor-widget-container\">\n\t\t\t\t\t\t\t\t\t<p>Epoxy resin molds are essential for producing high-quality river tables, resin slabs, and professional castings. Choosing the right mold system affects pour accuracy, surface finish, and long-term workshop efficiency.<\/p><p>This guide explains the key aspects of epoxy resin mold systems, including reusable mold materials, demolding techniques, mold maintenance, and how to construct large river table molds. It also explains the differences between disposable and reusable molds and how professional workshops scale resin table production.<\/p>\t\t\t\t\t\t\t\t<\/div>\n\t\t\t\t<\/div>\n\t\t\t\t\t<\/div>\n\t\t<\/div>\n\t\t\t\t\t<\/div>\n\t\t<\/section>\n\t\t\t\t<section class=\"elementor-section elementor-top-section elementor-element elementor-element-cba10d6 elementor-section-boxed elementor-section-height-default elementor-section-height-default\" data-id=\"cba10d6\" data-element_type=\"section\" data-e-type=\"section\">\n\t\t\t\t\t\t<div class=\"elementor-container elementor-column-gap-default\">\n\t\t\t\t\t<div class=\"elementor-column elementor-col-100 elementor-top-column elementor-element elementor-element-82490ca\" data-id=\"82490ca\" data-element_type=\"column\" data-e-type=\"column\">\n\t\t\t<div class=\"elementor-widget-wrap elementor-element-populated\">\n\t\t\t\t\t\t<div class=\"elementor-element elementor-element-10116b0 elementor-widget elementor-widget-text-editor\" data-id=\"10116b0\" data-element_type=\"widget\" data-e-type=\"widget\" data-widget_type=\"text-editor.default\">\n\t\t\t\t<div class=\"elementor-widget-container\">\n\t\t\t\t\t\t\t\t\t<h2>Epoxy Resin Mold Guides<\/h2><p><a href=\"https:\/\/reusable-molds.com\/epoxy-resin-mold-maintenance-guide\/\"><strong>Epoxy Resin Mold Maintenance Guide<\/strong><\/a><\/p><p><a href=\"https:\/\/reusable-molds.com\/scaling-a-resin-table-business\/\"><strong>Scaling a Resin Table Business<\/strong><\/a><\/p><p><a href=\"https:\/\/reusable-molds.com\/how-to-build-a-river-table-mold\/\"><strong>How to Build a River Table Mold<\/strong><\/a><\/p><p><a href=\"https:\/\/reusable-molds.com\/best-material-for-epoxy-resin-molds\/\"><strong>Best Material for Epoxy Resin Molds<\/strong><\/a><\/p><p><a href=\"https:\/\/reusable-molds.com\/epoxy-resin-demolding-problems\/\"><strong>Epoxy Resin Demolding Problems<\/strong><\/a><\/p><p><a href=\"https:\/\/reusable-molds.com\/reusable-vs-disposable-resin-molds\/\"><strong>Reusable vs Disposable Resin Molds<\/strong><\/a><\/p>\t\t\t\t\t\t\t\t<\/div>\n\t\t\t\t<\/div>\n\t\t\t\t\t<\/div>\n\t\t<\/div>\n\t\t\t\t\t<\/div>\n\t\t<\/section>\n\t\t\t\t<section class=\"elementor-section elementor-top-section elementor-element elementor-element-f06140e elementor-section-boxed elementor-section-height-default elementor-section-height-default\" data-id=\"f06140e\" data-element_type=\"section\" data-e-type=\"section\">\n\t\t\t\t\t\t<div class=\"elementor-container elementor-column-gap-default\">\n\t\t\t\t\t<div class=\"elementor-column elementor-col-100 elementor-top-column elementor-element elementor-element-d0f5e62\" data-id=\"d0f5e62\" data-element_type=\"column\" data-e-type=\"column\">\n\t\t\t<div class=\"elementor-widget-wrap elementor-element-populated\">\n\t\t\t\t\t\t<div class=\"elementor-element elementor-element-dfd43db elementor-widget elementor-widget-text-editor\" data-id=\"dfd43db\" data-element_type=\"widget\" data-e-type=\"widget\" data-widget_type=\"text-editor.default\">\n\t\t\t\t<div class=\"elementor-widget-container\">\n\t\t\t\t\t\t\t\t\t<h2>Professional Epoxy Resin Table Molds<\/h2><p>If you are looking for durable systems designed for repeated pours, explore our professional <a href=\"https:\/\/reusable-molds.com\/epoxy-resin-table-molds\/\"><strong>epoxy resin table molds<\/strong><\/a>. These reusable HDPE mold systems are built for river tables, resin slabs, and high-volume workshop production.<\/p>\t\t\t\t\t\t\t\t<\/div>\n\t\t\t\t<\/div>\n\t\t\t\t\t<\/div>\n\t\t<\/div>\n\t\t\t\t\t<\/div>\n\t\t<\/section>\n\t\t\t\t<\/div>\n\t\t","protected":false},"excerpt":{"rendered":"<p>Epoxy Resin Molds Epoxy resin molds are essential for producing high-quality river tables, resin slabs, and professional castings. Choosing the right mold system affects pour accuracy, surface finish, and long-term workshop efficiency. This guide explains the key aspects of epoxy resin mold systems, including reusable mold materials, demolding techniques, mold maintenance, and how to construct [&hellip;]<\/p>\n","protected":false},"author":3,"featured_media":20172,"parent":0,"menu_order":0,"comment_status":"closed","ping_status":"closed","template":"elementor_header_footer","meta":{"site-sidebar-layout":"no-sidebar","site-content-layout":"page-builder","ast-site-content-layout":"full-width-container","site-content-style":"default","site-sidebar-style":"default","ast-global-header-display":"","ast-banner-title-visibility":"","ast-main-header-display":"","ast-hfb-above-header-display":"","ast-hfb-below-header-display":"","ast-hfb-mobile-header-display":"","site-post-title":"","ast-breadcrumbs-content":"","ast-featured-img":"disabled","footer-sml-layout":"","ast-disable-related-posts":"","theme-transparent-header-meta":"","adv-header-id-meta":"","stick-header-meta":"","header-above-stick-meta":"","header-main-stick-meta":"","header-below-stick-meta":"","astra-migrate-meta-layouts":"set","ast-page-background-enabled":"default","ast-page-background-meta":{"desktop":{"background-color":"var(--ast-global-color-4)","background-image":"","background-repeat":"repeat","background-position":"center center","background-size":"auto","background-attachment":"scroll","background-type":"","background-media":"","overlay-type":"","overlay-color":"","overlay-opacity":"","overlay-gradient":""},"tablet":{"background-color":"","background-image":"","background-repeat":"repeat","background-position":"center center","background-size":"auto","background-attachment":"scroll","background-type":"","background-media":"","overlay-type":"","overlay-color":"","overlay-opacity":"","overlay-gradient":""},"mobile":{"background-color":"","background-image":"","background-repeat":"repeat","background-position":"center center","background-size":"auto","background-attachment":"scroll","background-type":"","background-media":"","overlay-type":"","overlay-color":"","overlay-opacity":"","overlay-gradient":""}},"ast-content-background-meta":{"desktop":{"background-color":"var(--ast-global-color-5)","background-image":"","background-repeat":"repeat","background-position":"center center","background-size":"auto","background-attachment":"scroll","background-type":"","background-media":"","overlay-type":"","overlay-color":"","overlay-opacity":"","overlay-gradient":""},"tablet":{"background-color":"var(--ast-global-color-5)","background-image":"","background-repeat":"repeat","background-position":"center center","background-size":"auto","background-attachment":"scroll","background-type":"","background-media":"","overlay-type":"","overlay-color":"","overlay-opacity":"","overlay-gradient":""},"mobile":{"background-color":"var(--ast-global-color-5)","background-image":"","background-repeat":"repeat","background-position":"center center","background-size":"auto","background-attachment":"scroll","background-type":"","background-media":"","overlay-type":"","overlay-color":"","overlay-opacity":"","overlay-gradient":""}},"footnotes":""},"class_list":["post-30235","page","type-page","status-publish","has-post-thumbnail","hentry"],"yoast_head":"<!-- This site is optimized with the Yoast SEO Premium plugin v27.5 (Yoast SEO v27.5) - https:\/\/yoast.com\/product\/yoast-seo-premium-wordpress\/ -->\n<title>Epoxy Resin Molds Guide for River Tables | Reusable Systems<\/title>\n<meta name=\"description\" content=\"Learn how epoxy resin molds work for river tables and resin casting. Compare reusable mold systems, materials, demolding methods, and professional mold design.\" \/>\n<meta name=\"robots\" content=\"index, follow, max-snippet:-1, max-image-preview:large, max-video-preview:-1\" \/>\n<link rel=\"canonical\" href=\"https:\/\/reusable-molds.com\/pl\/epoxy-resin-molds\/\" \/>\n<meta property=\"og:locale\" content=\"pl_PL\" \/>\n<meta property=\"og:type\" content=\"article\" \/>\n<meta property=\"og:title\" content=\"epoxy-resin-molds\" \/>\n<meta property=\"og:description\" content=\"Learn how epoxy resin molds work for river tables and resin casting. Compare reusable mold systems, materials, demolding methods, and professional mold design.\" \/>\n<meta property=\"og:url\" content=\"https:\/\/reusable-molds.com\/pl\/epoxy-resin-molds\/\" \/>\n<meta property=\"og:site_name\" content=\"Reusable-Molds\" \/>\n<meta property=\"article:publisher\" content=\"https:\/\/m.facebook.com\/River-tableses-100870435264214\/?ref=bookmarks\" \/>\n<meta property=\"article:modified_time\" content=\"2026-04-21T16:52:17+00:00\" \/>\n<meta property=\"og:image\" content=\"https:\/\/reusable-molds.com\/wp-content\/uploads\/2021\/11\/Complete-L1-Epoxy-Resin-Mold-Epoxidharz-Form-Molde-de-resina-epoxica-Moule-en-resine-epoxy-Stampo-in-resina-epossidica-Epoxyhars-mal-Molde-de-resina-epoxi-scaled.jpg\" \/>\n\t<meta property=\"og:image:width\" content=\"2560\" \/>\n\t<meta property=\"og:image:height\" content=\"2560\" \/>\n\t<meta property=\"og:image:type\" content=\"image\/jpeg\" \/>\n<meta name=\"twitter:card\" content=\"summary_large_image\" \/>\n<meta name=\"twitter:label1\" content=\"Szacowany czas czytania\" \/>\n\t<meta name=\"twitter:data1\" content=\"1 minuta\" \/>\n<script type=\"application\/ld+json\" class=\"yoast-schema-graph\">{\"@context\":\"https:\\\/\\\/schema.org\",\"@graph\":[{\"@type\":\"WebPage\",\"@id\":\"https:\\\/\\\/reusable-molds.com\\\/pl\\\/epoxy-resin-molds\\\/\",\"url\":\"https:\\\/\\\/reusable-molds.com\\\/pl\\\/epoxy-resin-molds\\\/\",\"name\":\"Epoxy Resin Molds Guide for River Tables | Reusable Systems\",\"isPartOf\":{\"@id\":\"https:\\\/\\\/reusable-molds.com\\\/pl\\\/#website\"},\"primaryImageOfPage\":{\"@id\":\"https:\\\/\\\/reusable-molds.com\\\/pl\\\/epoxy-resin-molds\\\/#primaryimage\"},\"image\":{\"@id\":\"https:\\\/\\\/reusable-molds.com\\\/pl\\\/epoxy-resin-molds\\\/#primaryimage\"},\"thumbnailUrl\":\"https:\\\/\\\/reusable-molds.com\\\/wp-content\\\/uploads\\\/2021\\\/11\\\/Complete-L1-Epoxy-Resin-Mold-Epoxidharz-Form-Molde-de-resina-epoxica-Moule-en-resine-epoxy-Stampo-in-resina-epossidica-Epoxyhars-mal-Molde-de-resina-epoxi-scaled.jpg\",\"datePublished\":\"2026-03-10T13:31:04+00:00\",\"dateModified\":\"2026-04-21T16:52:17+00:00\",\"description\":\"Learn how epoxy resin molds work for river tables and resin casting. Compare reusable mold systems, materials, demolding methods, and professional mold design.\",\"breadcrumb\":{\"@id\":\"https:\\\/\\\/reusable-molds.com\\\/pl\\\/epoxy-resin-molds\\\/#breadcrumb\"},\"inLanguage\":\"pl-PL\",\"potentialAction\":[{\"@type\":\"ReadAction\",\"target\":[\"https:\\\/\\\/reusable-molds.com\\\/pl\\\/epoxy-resin-molds\\\/\"]}]},{\"@type\":\"ImageObject\",\"inLanguage\":\"pl-PL\",\"@id\":\"https:\\\/\\\/reusable-molds.com\\\/pl\\\/epoxy-resin-molds\\\/#primaryimage\",\"url\":\"https:\\\/\\\/reusable-molds.com\\\/wp-content\\\/uploads\\\/2021\\\/11\\\/Complete-L1-Epoxy-Resin-Mold-Epoxidharz-Form-Molde-de-resina-epoxica-Moule-en-resine-epoxy-Stampo-in-resina-epossidica-Epoxyhars-mal-Molde-de-resina-epoxi-scaled.jpg\",\"contentUrl\":\"https:\\\/\\\/reusable-molds.com\\\/wp-content\\\/uploads\\\/2021\\\/11\\\/Complete-L1-Epoxy-Resin-Mold-Epoxidharz-Form-Molde-de-resina-epoxica-Moule-en-resine-epoxy-Stampo-in-resina-epossidica-Epoxyhars-mal-Molde-de-resina-epoxi-scaled.jpg\",\"width\":2560,\"height\":2560,\"caption\":\"Kompletny system form do odlewania sto\u0142\u00f3w rzecznych i du\u017cych projekt\u00f3w \u017cywicznych\"},{\"@type\":\"BreadcrumbList\",\"@id\":\"https:\\\/\\\/reusable-molds.com\\\/pl\\\/epoxy-resin-molds\\\/#breadcrumb\",\"itemListElement\":[{\"@type\":\"ListItem\",\"position\":1,\"name\":\"Home\",\"item\":\"https:\\\/\\\/reusable-molds.com\\\/pl\\\/\"},{\"@type\":\"ListItem\",\"position\":2,\"name\":\"epoxy-resin-molds\"}]},{\"@type\":\"WebSite\",\"@id\":\"https:\\\/\\\/reusable-molds.com\\\/pl\\\/#website\",\"url\":\"https:\\\/\\\/reusable-molds.com\\\/pl\\\/\",\"name\":\"Reusable-Molds.com\",\"description\":\"Reusable-Molds.com\",\"publisher\":{\"@id\":\"https:\\\/\\\/reusable-molds.com\\\/pl\\\/#organization\"},\"potentialAction\":[{\"@type\":\"SearchAction\",\"target\":{\"@type\":\"EntryPoint\",\"urlTemplate\":\"https:\\\/\\\/reusable-molds.com\\\/pl\\\/?s={search_term_string}\"},\"query-input\":{\"@type\":\"PropertyValueSpecification\",\"valueRequired\":true,\"valueName\":\"search_term_string\"}}],\"inLanguage\":\"pl-PL\"},{\"@type\":\"Organization\",\"@id\":\"https:\\\/\\\/reusable-molds.com\\\/pl\\\/#organization\",\"name\":\"reusable-molds.com\",\"url\":\"https:\\\/\\\/reusable-molds.com\\\/pl\\\/\",\"logo\":{\"@type\":\"ImageObject\",\"inLanguage\":\"pl-PL\",\"@id\":\"https:\\\/\\\/reusable-molds.com\\\/pl\\\/#\\\/schema\\\/logo\\\/image\\\/\",\"url\":\"https:\\\/\\\/reusable-molds.com\\\/wp-content\\\/uploads\\\/2025\\\/03\\\/ReusableMolds-LOGO-NEW-1000-x-1000.jpg\",\"contentUrl\":\"https:\\\/\\\/reusable-molds.com\\\/wp-content\\\/uploads\\\/2025\\\/03\\\/ReusableMolds-LOGO-NEW-1000-x-1000.jpg\",\"width\":1000,\"height\":1000,\"caption\":\"reusable-molds.com\"},\"image\":{\"@id\":\"https:\\\/\\\/reusable-molds.com\\\/pl\\\/#\\\/schema\\\/logo\\\/image\\\/\"},\"sameAs\":[\"https:\\\/\\\/m.facebook.com\\\/River-tableses-100870435264214\\\/?ref=bookmarks\",\"https:\\\/\\\/www.instagram.com\\\/reusable-molds.com\\\/\",\"https:\\\/\\\/www.youtube.com\\\/channel\\\/UCZ5_4JQkGQ0jsz-ROdC9v1g\"]}]}<\/script>\n<!-- \/ Yoast SEO Premium plugin. -->","yoast_head_json":{"title":"Epoxy Resin Molds Guide for River Tables | Reusable Systems","description":"Learn how epoxy resin molds work for river tables and resin casting. Compare reusable mold systems, materials, demolding methods, and professional mold design.","robots":{"index":"index","follow":"follow","max-snippet":"max-snippet:-1","max-image-preview":"max-image-preview:large","max-video-preview":"max-video-preview:-1"},"canonical":"https:\/\/reusable-molds.com\/pl\/epoxy-resin-molds\/","og_locale":"pl_PL","og_type":"article","og_title":"epoxy-resin-molds","og_description":"Learn how epoxy resin molds work for river tables and resin casting. Compare reusable mold systems, materials, demolding methods, and professional mold design.","og_url":"https:\/\/reusable-molds.com\/pl\/epoxy-resin-molds\/","og_site_name":"Reusable-Molds","article_publisher":"https:\/\/m.facebook.com\/River-tableses-100870435264214\/?ref=bookmarks","article_modified_time":"2026-04-21T16:52:17+00:00","og_image":[{"width":2560,"height":2560,"url":"https:\/\/reusable-molds.com\/wp-content\/uploads\/2021\/11\/Complete-L1-Epoxy-Resin-Mold-Epoxidharz-Form-Molde-de-resina-epoxica-Moule-en-resine-epoxy-Stampo-in-resina-epossidica-Epoxyhars-mal-Molde-de-resina-epoxi-scaled.jpg","type":"image\/jpeg"}],"twitter_card":"summary_large_image","twitter_misc":{"Szacowany czas czytania":"1 minuta"},"schema":{"@context":"https:\/\/schema.org","@graph":[{"@type":"WebPage","@id":"https:\/\/reusable-molds.com\/pl\/epoxy-resin-molds\/","url":"https:\/\/reusable-molds.com\/pl\/epoxy-resin-molds\/","name":"Epoxy Resin Molds Guide for River Tables | Reusable Systems","isPartOf":{"@id":"https:\/\/reusable-molds.com\/pl\/#website"},"primaryImageOfPage":{"@id":"https:\/\/reusable-molds.com\/pl\/epoxy-resin-molds\/#primaryimage"},"image":{"@id":"https:\/\/reusable-molds.com\/pl\/epoxy-resin-molds\/#primaryimage"},"thumbnailUrl":"https:\/\/reusable-molds.com\/wp-content\/uploads\/2021\/11\/Complete-L1-Epoxy-Resin-Mold-Epoxidharz-Form-Molde-de-resina-epoxica-Moule-en-resine-epoxy-Stampo-in-resina-epossidica-Epoxyhars-mal-Molde-de-resina-epoxi-scaled.jpg","datePublished":"2026-03-10T13:31:04+00:00","dateModified":"2026-04-21T16:52:17+00:00","description":"Learn how epoxy resin molds work for river tables and resin casting. Compare reusable mold systems, materials, demolding methods, and professional mold design.","breadcrumb":{"@id":"https:\/\/reusable-molds.com\/pl\/epoxy-resin-molds\/#breadcrumb"},"inLanguage":"pl-PL","potentialAction":[{"@type":"ReadAction","target":["https:\/\/reusable-molds.com\/pl\/epoxy-resin-molds\/"]}]},{"@type":"ImageObject","inLanguage":"pl-PL","@id":"https:\/\/reusable-molds.com\/pl\/epoxy-resin-molds\/#primaryimage","url":"https:\/\/reusable-molds.com\/wp-content\/uploads\/2021\/11\/Complete-L1-Epoxy-Resin-Mold-Epoxidharz-Form-Molde-de-resina-epoxica-Moule-en-resine-epoxy-Stampo-in-resina-epossidica-Epoxyhars-mal-Molde-de-resina-epoxi-scaled.jpg","contentUrl":"https:\/\/reusable-molds.com\/wp-content\/uploads\/2021\/11\/Complete-L1-Epoxy-Resin-Mold-Epoxidharz-Form-Molde-de-resina-epoxica-Moule-en-resine-epoxy-Stampo-in-resina-epossidica-Epoxyhars-mal-Molde-de-resina-epoxi-scaled.jpg","width":2560,"height":2560,"caption":"Kompletny system form do odlewania sto\u0142\u00f3w rzecznych i du\u017cych projekt\u00f3w \u017cywicznych"},{"@type":"BreadcrumbList","@id":"https:\/\/reusable-molds.com\/pl\/epoxy-resin-molds\/#breadcrumb","itemListElement":[{"@type":"ListItem","position":1,"name":"Home","item":"https:\/\/reusable-molds.com\/pl\/"},{"@type":"ListItem","position":2,"name":"epoxy-resin-molds"}]},{"@type":"WebSite","@id":"https:\/\/reusable-molds.com\/pl\/#website","url":"https:\/\/reusable-molds.com\/pl\/","name":"Reusable-Molds.com","description":"Reusable-Molds.com","publisher":{"@id":"https:\/\/reusable-molds.com\/pl\/#organization"},"potentialAction":[{"@type":"SearchAction","target":{"@type":"EntryPoint","urlTemplate":"https:\/\/reusable-molds.com\/pl\/?s={search_term_string}"},"query-input":{"@type":"PropertyValueSpecification","valueRequired":true,"valueName":"search_term_string"}}],"inLanguage":"pl-PL"},{"@type":"Organization","@id":"https:\/\/reusable-molds.com\/pl\/#organization","name":"reusable-molds.com","url":"https:\/\/reusable-molds.com\/pl\/","logo":{"@type":"ImageObject","inLanguage":"pl-PL","@id":"https:\/\/reusable-molds.com\/pl\/#\/schema\/logo\/image\/","url":"https:\/\/reusable-molds.com\/wp-content\/uploads\/2025\/03\/ReusableMolds-LOGO-NEW-1000-x-1000.jpg","contentUrl":"https:\/\/reusable-molds.com\/wp-content\/uploads\/2025\/03\/ReusableMolds-LOGO-NEW-1000-x-1000.jpg","width":1000,"height":1000,"caption":"reusable-molds.com"},"image":{"@id":"https:\/\/reusable-molds.com\/pl\/#\/schema\/logo\/image\/"},"sameAs":["https:\/\/m.facebook.com\/River-tableses-100870435264214\/?ref=bookmarks","https:\/\/www.instagram.com\/reusable-molds.com\/","https:\/\/www.youtube.com\/channel\/UCZ5_4JQkGQ0jsz-ROdC9v1g"]}]}},"_links":{"self":[{"href":"https:\/\/reusable-molds.com\/pl\/wp-json\/wp\/v2\/pages\/30235","targetHints":{"allow":["GET"]}}],"collection":[{"href":"https:\/\/reusable-molds.com\/pl\/wp-json\/wp\/v2\/pages"}],"about":[{"href":"https:\/\/reusable-molds.com\/pl\/wp-json\/wp\/v2\/types\/page"}],"author":[{"embeddable":true,"href":"https:\/\/reusable-molds.com\/pl\/wp-json\/wp\/v2\/users\/3"}],"replies":[{"embeddable":true,"href":"https:\/\/reusable-molds.com\/pl\/wp-json\/wp\/v2\/comments?post=30235"}],"version-history":[{"count":10,"href":"https:\/\/reusable-molds.com\/pl\/wp-json\/wp\/v2\/pages\/30235\/revisions"}],"predecessor-version":[{"id":32296,"href":"https:\/\/reusable-molds.com\/pl\/wp-json\/wp\/v2\/pages\/30235\/revisions\/32296"}],"wp:featuredmedia":[{"embeddable":true,"href":"https:\/\/reusable-molds.com\/pl\/wp-json\/wp\/v2\/media\/20172"}],"wp:attachment":[{"href":"https:\/\/reusable-molds.com\/pl\/wp-json\/wp\/v2\/media?parent=30235"}],"curies":[{"name":"wp","href":"https:\/\/api.w.org\/{rel}","templated":true}]}}