{"id":33752,"date":"2026-04-28T09:16:21","date_gmt":"2026-04-28T07:16:21","guid":{"rendered":"https:\/\/reusable-molds.com\/kontakt\/"},"modified":"2026-04-28T09:19:18","modified_gmt":"2026-04-28T07:19:18","slug":"kontakt","status":"publish","type":"page","link":"https:\/\/reusable-molds.com\/pl\/kontakt\/","title":{"rendered":"Kontakt"},"content":{"rendered":"\t\t<div data-elementor-type=\"wp-page\" data-elementor-id=\"33752\" class=\"elementor elementor-33752 elementor-226\" data-elementor-post-type=\"page\">\n\t\t\t\t\t\t<section class=\"elementor-section elementor-top-section elementor-element elementor-element-a697efc elementor-section-full_width elementor-section-height-default elementor-section-height-default\" data-id=\"a697efc\" data-element_type=\"section\" data-e-type=\"section\">\n\t\t\t\t\t\t\t<div class=\"elementor-background-overlay\"><\/div>\n\t\t\t\t\t\t\t<div class=\"elementor-container elementor-column-gap-default\">\n\t\t\t\t\t<div class=\"elementor-column elementor-col-100 elementor-top-column elementor-element elementor-element-68b65f9\" data-id=\"68b65f9\" data-element_type=\"column\" data-e-type=\"column\">\n\t\t\t<div class=\"elementor-widget-wrap elementor-element-populated\">\n\t\t\t\t\t\t<div class=\"elementor-element elementor-element-96e1f3f elementor-widget elementor-widget-heading\" data-id=\"96e1f3f\" data-element_type=\"widget\" data-e-type=\"widget\" data-widget_type=\"heading.default\">\n\t\t\t\t<div class=\"elementor-widget-container\">\n\t\t\t\t\t<h1 class=\"elementor-heading-title elementor-size-default\">Kontakt<\/h1>\t\t\t\t<\/div>\n\t\t\t\t<\/div>\n\t\t\t\t<div class=\"elementor-element elementor-element-1fc6dd71 elementor-widget-divider--view-line elementor-widget elementor-widget-divider\" data-id=\"1fc6dd71\" data-element_type=\"widget\" data-e-type=\"widget\" data-widget_type=\"divider.default\">\n\t\t\t\t<div class=\"elementor-widget-container\">\n\t\t\t\t\t\t\t<div class=\"elementor-divider\">\n\t\t\t<span class=\"elementor-divider-separator\">\n\t\t\t\t\t\t<\/span>\n\t\t<\/div>\n\t\t\t\t\t\t<\/div>\n\t\t\t\t<\/div>\n\t\t\t\t<div class=\"elementor-element elementor-element-e9fa68f elementor-button-align-stretch elementor-widget elementor-widget-form\" data-id=\"e9fa68f\" data-element_type=\"widget\" data-e-type=\"widget\" data-settings=\"{&quot;step_next_label&quot;:&quot;Nast\\u0119pny&quot;,&quot;step_previous_label&quot;:&quot;Poprzedni&quot;,&quot;button_width&quot;:&quot;100&quot;,&quot;step_type&quot;:&quot;number_text&quot;,&quot;step_icon_shape&quot;:&quot;circle&quot;}\" data-widget_type=\"form.default\">\n\t\t\t\t<div class=\"elementor-widget-container\">\n\t\t\t\t\t\t\t<form class=\"elementor-form\" method=\"post\" name=\"Nowy formularz\" aria-label=\"Nowy formularz\">\n\t\t\t<input type=\"hidden\" name=\"post_id\" value=\"33752\"\/>\n\t\t\t<input type=\"hidden\" name=\"form_id\" value=\"e9fa68f\"\/>\n\t\t\t<input type=\"hidden\" name=\"referer_title\" value=\"Reusable-Molds\" \/>\n\n\t\t\t\n\t\t\t<div class=\"elementor-form-fields-wrapper elementor-labels-above\">\n\t\t\t\t\t\t\t\t<div class=\"elementor-field-type-text elementor-field-group elementor-column elementor-field-group-name elementor-col-100 elementor-field-required elementor-mark-required\">\n\t\t\t\t\t\t\t\t\t\t\t\t<label for=\"form-field-name\" class=\"elementor-field-label\">\n\t\t\t\t\t\t\t\tNazwa\t\t\t\t\t\t\t<\/label>\n\t\t\t\t\t\t\t\t\t\t\t\t\t\t<input size=\"1\" type=\"text\" name=\"form_fields[name]\" id=\"form-field-name\" class=\"elementor-field elementor-size-md  elementor-field-textual\" placeholder=\"Nazwa\" required=\"required\">\n\t\t\t\t\t\t\t\t\t\t\t<\/div>\n\t\t\t\t\t\t\t\t<div class=\"elementor-field-type-email elementor-field-group elementor-column elementor-field-group-email elementor-col-100 elementor-field-required elementor-mark-required\">\n\t\t\t\t\t\t\t\t\t\t\t\t<label for=\"form-field-email\" class=\"elementor-field-label\">\n\t\t\t\t\t\t\t\tE-mail\t\t\t\t\t\t\t<\/label>\n\t\t\t\t\t\t\t\t\t\t\t\t\t\t<input size=\"1\" type=\"email\" name=\"form_fields[email]\" id=\"form-field-email\" class=\"elementor-field elementor-size-md  elementor-field-textual\" placeholder=\"E-mail\" required=\"required\">\n\t\t\t\t\t\t\t\t\t\t\t<\/div>\n\t\t\t\t\t\t\t\t<div class=\"elementor-field-type-textarea elementor-field-group elementor-column elementor-field-group-message elementor-col-100 elementor-field-required elementor-mark-required\">\n\t\t\t\t\t\t\t\t\t\t\t\t<label for=\"form-field-message\" class=\"elementor-field-label\">\n\t\t\t\t\t\t\t\tWiadomo\u015b\u0107\t\t\t\t\t\t\t<\/label>\n\t\t\t\t\t\t<textarea class=\"elementor-field-textual elementor-field  elementor-size-md\" name=\"form_fields[message]\" id=\"form-field-message\" rows=\"4\" placeholder=\"Wiadomo\u015b\u0107\" required=\"required\"><\/textarea>\t\t\t\t<\/div>\n\t\t\t\t\t\t\t\t<div class=\"elementor-field-type-recaptcha_v3 elementor-field-group elementor-column elementor-field-group-field_cd0be0b elementor-col-100 recaptcha_v3-bottomright\">\n\t\t\t\t\t<div class=\"elementor-field\" id=\"form-field-field_cd0be0b\"><div class=\"elementor-g-recaptcha\" data-sitekey=\"6LfssMEnAAAAAHu1eFsL1MIM0PRHg9Lk_Xd1z2oV\" data-type=\"v3\" data-action=\"Form\" data-badge=\"bottomright\" data-size=\"invisible\"><\/div><\/div>\t\t\t\t<\/div>\n\t\t\t\t\t\t\t\t<div class=\"elementor-field-group elementor-column elementor-field-type-submit elementor-col-100 e-form__buttons\">\n\t\t\t\t\t<button class=\"elementor-button elementor-size-sm\" type=\"submit\">\n\t\t\t\t\t\t<span class=\"elementor-button-content-wrapper\">\n\t\t\t\t\t\t\t\t\t\t\t\t\t\t\t\t\t\t\t\t\t\t<span class=\"elementor-button-text\">Wy\u015blij<\/span>\n\t\t\t\t\t\t\t\t\t\t\t\t\t<\/span>\n\t\t\t\t\t<\/button>\n\t\t\t\t<\/div>\n\t\t\t<\/div>\n\t\t<\/form>\n\t\t\t\t\t\t<\/div>\n\t\t\t\t<\/div>\n\t\t\t\t\t<\/div>\n\t\t<\/div>\n\t\t\t\t\t<\/div>\n\t\t<\/section>\n\t\t\t\t<section class=\"elementor-section elementor-top-section elementor-element elementor-element-af5c0fb elementor-section-boxed elementor-section-height-default elementor-section-height-default\" data-id=\"af5c0fb\" data-element_type=\"section\" data-e-type=\"section\">\n\t\t\t\t\t\t<div class=\"elementor-container elementor-column-gap-default\">\n\t\t\t\t\t<div class=\"elementor-column elementor-col-100 elementor-top-column elementor-element elementor-element-794b224\" data-id=\"794b224\" data-element_type=\"column\" data-e-type=\"column\">\n\t\t\t<div class=\"elementor-widget-wrap elementor-element-populated\">\n\t\t\t\t\t\t<div class=\"elementor-element elementor-element-b126347 elementor-widget__width-initial elementor-widget elementor-widget-text-editor\" data-id=\"b126347\" data-element_type=\"widget\" data-e-type=\"widget\" data-widget_type=\"text-editor.default\">\n\t\t\t\t<div class=\"elementor-widget-container\">\n\t\t\t\t\t\t\t\t\t<div style=\"text-align:center;font-size:15px;margin-top:15px;line-height:1.9;\">\n\n  <div style=\"margin-bottom:6px;\">\n    <a href=\"mailto:info@reusable-molds.com\" style=\"text-decoration:none;color:#2b2b2b;\">\n  \u2709\ufe0f info@reusable-molds.com\n    <\/a>\n  <\/div>\n\n  <div>\n    <a href=\"https:\/\/wa.me\/447377187266\" target=\"_blank\" style=\"text-decoration:none;color:#2b2b2b;display:inline-flex;align-items:center;margin-right:20px;\">\n      <img decoding=\"async\" src=\"https:\/\/upload.wikimedia.org\/wikipedia\/commons\/6\/6b\/WhatsApp.svg\" style=\"width:16px;height:16px;margin-right:6px;\">\n  UK +44 7377 187 266\n    <\/a>\n  <\/div>\n\n  <div>\n    <a href=\"https:\/\/wa.me\/34631824726\" target=\"_blank\" style=\"text-decoration:none;color:#2b2b2b;display:inline-flex;align-items:center;\">\n      <img decoding=\"async\" src=\"https:\/\/upload.wikimedia.org\/wikipedia\/commons\/6\/6b\/WhatsApp.svg\" style=\"width:16px;height:16px;margin-right:6px;\">\n  Hiszpania +34 631 824 726\n    <\/a>\n  <\/div>\n\n<\/div>\n\t\t\t\t\t\t\t\t<\/div>\n\t\t\t\t<\/div>\n\t\t\t\t\t<\/div>\n\t\t<\/div>\n\t\t\t\t\t<\/div>\n\t\t<\/section>\n\t\t\t\t<\/div>\n\t\t","protected":false},"excerpt":{"rendered":"<p>Kontakt \u2709\ufe0f info@reusable-molds.com UK +44 7377 187 266 Hiszpania +34 631 824 726<\/p>\n","protected":false},"author":3,"featured_media":0,"parent":0,"menu_order":0,"comment_status":"closed","ping_status":"closed","template":"","meta":{"site-sidebar-layout":"no-sidebar","site-content-layout":"page-builder","ast-site-content-layout":"default","site-content-style":"default","site-sidebar-style":"default","ast-global-header-display":"","ast-banner-title-visibility":"","ast-main-header-display":"","ast-hfb-above-header-display":"","ast-hfb-below-header-display":"","ast-hfb-mobile-header-display":"","site-post-title":"disabled","ast-breadcrumbs-content":"","ast-featured-img":"disabled","footer-sml-layout":"","ast-disable-related-posts":"","theme-transparent-header-meta":"default","adv-header-id-meta":"","stick-header-meta":"default","header-above-stick-meta":"","header-main-stick-meta":"","header-below-stick-meta":"","astra-migrate-meta-layouts":"default","ast-page-background-enabled":"default","ast-page-background-meta":{"desktop":{"background-color":"var(--ast-global-color-4)","background-image":"","background-repeat":"repeat","background-position":"center center","background-size":"auto","background-attachment":"scroll","background-type":"","background-media":"","overlay-type":"","overlay-color":"","overlay-opacity":"","overlay-gradient":""},"tablet":{"background-color":"","background-image":"","background-repeat":"repeat","background-position":"center center","background-size":"auto","background-attachment":"scroll","background-type":"","background-media":"","overlay-type":"","overlay-color":"","overlay-opacity":"","overlay-gradient":""},"mobile":{"background-color":"","background-image":"","background-repeat":"repeat","background-position":"center center","background-size":"auto","background-attachment":"scroll","background-type":"","background-media":"","overlay-type":"","overlay-color":"","overlay-opacity":"","overlay-gradient":""}},"ast-content-background-meta":{"desktop":{"background-color":"var(--ast-global-color-5)","background-image":"","background-repeat":"repeat","background-position":"center center","background-size":"auto","background-attachment":"scroll","background-type":"","background-media":"","overlay-type":"","overlay-color":"","overlay-opacity":"","overlay-gradient":""},"tablet":{"background-color":"var(--ast-global-color-5)","background-image":"","background-repeat":"repeat","background-position":"center center","background-size":"auto","background-attachment":"scroll","background-type":"","background-media":"","overlay-type":"","overlay-color":"","overlay-opacity":"","overlay-gradient":""},"mobile":{"background-color":"var(--ast-global-color-5)","background-image":"","background-repeat":"repeat","background-position":"center center","background-size":"auto","background-attachment":"scroll","background-type":"","background-media":"","overlay-type":"","overlay-color":"","overlay-opacity":"","overlay-gradient":""}},"footnotes":""},"class_list":["post-33752","page","type-page","status-publish","hentry"],"yoast_head":"<!-- This site is optimized with the Yoast SEO Premium plugin v27.5 (Yoast SEO v27.5) - https:\/\/yoast.com\/product\/yoast-seo-premium-wordpress\/ -->\n<title>Kontakt | Formy wielokrotnego u\u017cytku<\/title>\n<meta name=\"description\" content=\"Skontaktuj si\u0119 z Reusable-Molds, g\u0142\u00f3wnym \u017ar\u00f3d\u0142em form z \u017cywicy epoksydowej, narz\u0119dzi i materia\u0142\u00f3w rzemie\u015blniczych. Skontaktuj si\u0119 z nami w sprawie obs\u0142ugi klienta, zapyta\u0144 lub opinii, a nasz zesp\u00f3\u0142 niezw\u0142ocznie Ci pomo\u017ce. Tw\u00f3j sukces rzemie\u015blniczy to tylko wiadomo\u015b\u0107!\" \/>\n<meta name=\"robots\" content=\"index, follow, max-snippet:-1, max-image-preview:large, max-video-preview:-1\" \/>\n<link rel=\"canonical\" href=\"https:\/\/reusable-molds.com\/pl\/kontakt\/\" \/>\n<meta property=\"og:locale\" content=\"pl_PL\" \/>\n<meta property=\"og:type\" content=\"article\" \/>\n<meta property=\"og:title\" content=\"Kontakt\" \/>\n<meta property=\"og:description\" content=\"Skontaktuj si\u0119 z Reusable-Molds, g\u0142\u00f3wnym \u017ar\u00f3d\u0142em form z \u017cywicy epoksydowej, narz\u0119dzi i materia\u0142\u00f3w rzemie\u015blniczych. Skontaktuj si\u0119 z nami w sprawie obs\u0142ugi klienta, zapyta\u0144 lub opinii, a nasz zesp\u00f3\u0142 niezw\u0142ocznie Ci pomo\u017ce. Tw\u00f3j sukces rzemie\u015blniczy to tylko wiadomo\u015b\u0107!\" \/>\n<meta property=\"og:url\" content=\"https:\/\/reusable-molds.com\/pl\/kontakt\/\" \/>\n<meta property=\"og:site_name\" content=\"Reusable-Molds\" \/>\n<meta property=\"article:publisher\" content=\"https:\/\/m.facebook.com\/River-tableses-100870435264214\/?ref=bookmarks\" \/>\n<meta property=\"article:modified_time\" content=\"2026-04-28T07:19:18+00:00\" \/>\n<meta property=\"og:image\" content=\"https:\/\/upload.wikimedia.org\/wikipedia\/commons\/6\/6b\/WhatsApp.svg\" \/>\n<meta name=\"twitter:card\" content=\"summary_large_image\" \/>\n<script type=\"application\/ld+json\" class=\"yoast-schema-graph\">{\"@context\":\"https:\\\/\\\/schema.org\",\"@graph\":[{\"@type\":\"WebPage\",\"@id\":\"https:\\\/\\\/reusable-molds.com\\\/pl\\\/kontakt\\\/\",\"url\":\"https:\\\/\\\/reusable-molds.com\\\/pl\\\/kontakt\\\/\",\"name\":\"Kontakt | Formy wielokrotnego u\u017cytku\",\"isPartOf\":{\"@id\":\"https:\\\/\\\/reusable-molds.com\\\/pl\\\/#website\"},\"primaryImageOfPage\":{\"@id\":\"https:\\\/\\\/reusable-molds.com\\\/pl\\\/kontakt\\\/#primaryimage\"},\"image\":{\"@id\":\"https:\\\/\\\/reusable-molds.com\\\/pl\\\/kontakt\\\/#primaryimage\"},\"thumbnailUrl\":\"https:\\\/\\\/upload.wikimedia.org\\\/wikipedia\\\/commons\\\/6\\\/6b\\\/WhatsApp.svg\",\"datePublished\":\"2026-04-28T07:16:21+00:00\",\"dateModified\":\"2026-04-28T07:19:18+00:00\",\"description\":\"Skontaktuj si\u0119 z Reusable-Molds, g\u0142\u00f3wnym \u017ar\u00f3d\u0142em form z \u017cywicy epoksydowej, narz\u0119dzi i materia\u0142\u00f3w rzemie\u015blniczych. Skontaktuj si\u0119 z nami w sprawie obs\u0142ugi klienta, zapyta\u0144 lub opinii, a nasz zesp\u00f3\u0142 niezw\u0142ocznie Ci pomo\u017ce. Tw\u00f3j sukces rzemie\u015blniczy to tylko wiadomo\u015b\u0107!\",\"breadcrumb\":{\"@id\":\"https:\\\/\\\/reusable-molds.com\\\/pl\\\/kontakt\\\/#breadcrumb\"},\"inLanguage\":\"pl-PL\",\"potentialAction\":[{\"@type\":\"ReadAction\",\"target\":[\"https:\\\/\\\/reusable-molds.com\\\/pl\\\/kontakt\\\/\"]}]},{\"@type\":\"ImageObject\",\"inLanguage\":\"pl-PL\",\"@id\":\"https:\\\/\\\/reusable-molds.com\\\/pl\\\/kontakt\\\/#primaryimage\",\"url\":\"https:\\\/\\\/upload.wikimedia.org\\\/wikipedia\\\/commons\\\/6\\\/6b\\\/WhatsApp.svg\",\"contentUrl\":\"https:\\\/\\\/upload.wikimedia.org\\\/wikipedia\\\/commons\\\/6\\\/6b\\\/WhatsApp.svg\"},{\"@type\":\"BreadcrumbList\",\"@id\":\"https:\\\/\\\/reusable-molds.com\\\/pl\\\/kontakt\\\/#breadcrumb\",\"itemListElement\":[{\"@type\":\"ListItem\",\"position\":1,\"name\":\"Home\",\"item\":\"https:\\\/\\\/reusable-molds.com\\\/pl\\\/\"},{\"@type\":\"ListItem\",\"position\":2,\"name\":\"Kontakt\"}]},{\"@type\":\"WebSite\",\"@id\":\"https:\\\/\\\/reusable-molds.com\\\/pl\\\/#website\",\"url\":\"https:\\\/\\\/reusable-molds.com\\\/pl\\\/\",\"name\":\"Reusable-Molds.com\",\"description\":\"Reusable-Molds.com\",\"publisher\":{\"@id\":\"https:\\\/\\\/reusable-molds.com\\\/pl\\\/#organization\"},\"potentialAction\":[{\"@type\":\"SearchAction\",\"target\":{\"@type\":\"EntryPoint\",\"urlTemplate\":\"https:\\\/\\\/reusable-molds.com\\\/pl\\\/?s={search_term_string}\"},\"query-input\":{\"@type\":\"PropertyValueSpecification\",\"valueRequired\":true,\"valueName\":\"search_term_string\"}}],\"inLanguage\":\"pl-PL\"},{\"@type\":\"Organization\",\"@id\":\"https:\\\/\\\/reusable-molds.com\\\/pl\\\/#organization\",\"name\":\"reusable-molds.com\",\"url\":\"https:\\\/\\\/reusable-molds.com\\\/pl\\\/\",\"logo\":{\"@type\":\"ImageObject\",\"inLanguage\":\"pl-PL\",\"@id\":\"https:\\\/\\\/reusable-molds.com\\\/pl\\\/#\\\/schema\\\/logo\\\/image\\\/\",\"url\":\"https:\\\/\\\/reusable-molds.com\\\/wp-content\\\/uploads\\\/2025\\\/03\\\/ReusableMolds-LOGO-NEW-1000-x-1000.jpg\",\"contentUrl\":\"https:\\\/\\\/reusable-molds.com\\\/wp-content\\\/uploads\\\/2025\\\/03\\\/ReusableMolds-LOGO-NEW-1000-x-1000.jpg\",\"width\":1000,\"height\":1000,\"caption\":\"reusable-molds.com\"},\"image\":{\"@id\":\"https:\\\/\\\/reusable-molds.com\\\/pl\\\/#\\\/schema\\\/logo\\\/image\\\/\"},\"sameAs\":[\"https:\\\/\\\/m.facebook.com\\\/River-tableses-100870435264214\\\/?ref=bookmarks\",\"https:\\\/\\\/www.instagram.com\\\/reusable-molds.com\\\/\",\"https:\\\/\\\/www.youtube.com\\\/channel\\\/UCZ5_4JQkGQ0jsz-ROdC9v1g\"]}]}<\/script>\n<!-- \/ Yoast SEO Premium plugin. -->","yoast_head_json":{"title":"Kontakt | Formy wielokrotnego u\u017cytku","description":"Skontaktuj si\u0119 z Reusable-Molds, g\u0142\u00f3wnym \u017ar\u00f3d\u0142em form z \u017cywicy epoksydowej, narz\u0119dzi i materia\u0142\u00f3w rzemie\u015blniczych. Skontaktuj si\u0119 z nami w sprawie obs\u0142ugi klienta, zapyta\u0144 lub opinii, a nasz zesp\u00f3\u0142 niezw\u0142ocznie Ci pomo\u017ce. Tw\u00f3j sukces rzemie\u015blniczy to tylko wiadomo\u015b\u0107!","robots":{"index":"index","follow":"follow","max-snippet":"max-snippet:-1","max-image-preview":"max-image-preview:large","max-video-preview":"max-video-preview:-1"},"canonical":"https:\/\/reusable-molds.com\/pl\/kontakt\/","og_locale":"pl_PL","og_type":"article","og_title":"Kontakt","og_description":"Skontaktuj si\u0119 z Reusable-Molds, g\u0142\u00f3wnym \u017ar\u00f3d\u0142em form z \u017cywicy epoksydowej, narz\u0119dzi i materia\u0142\u00f3w rzemie\u015blniczych. Skontaktuj si\u0119 z nami w sprawie obs\u0142ugi klienta, zapyta\u0144 lub opinii, a nasz zesp\u00f3\u0142 niezw\u0142ocznie Ci pomo\u017ce. Tw\u00f3j sukces rzemie\u015blniczy to tylko wiadomo\u015b\u0107!","og_url":"https:\/\/reusable-molds.com\/pl\/kontakt\/","og_site_name":"Reusable-Molds","article_publisher":"https:\/\/m.facebook.com\/River-tableses-100870435264214\/?ref=bookmarks","article_modified_time":"2026-04-28T07:19:18+00:00","og_image":[{"url":"https:\/\/upload.wikimedia.org\/wikipedia\/commons\/6\/6b\/WhatsApp.svg","type":"","width":"","height":""}],"twitter_card":"summary_large_image","schema":{"@context":"https:\/\/schema.org","@graph":[{"@type":"WebPage","@id":"https:\/\/reusable-molds.com\/pl\/kontakt\/","url":"https:\/\/reusable-molds.com\/pl\/kontakt\/","name":"Kontakt | Formy wielokrotnego u\u017cytku","isPartOf":{"@id":"https:\/\/reusable-molds.com\/pl\/#website"},"primaryImageOfPage":{"@id":"https:\/\/reusable-molds.com\/pl\/kontakt\/#primaryimage"},"image":{"@id":"https:\/\/reusable-molds.com\/pl\/kontakt\/#primaryimage"},"thumbnailUrl":"https:\/\/upload.wikimedia.org\/wikipedia\/commons\/6\/6b\/WhatsApp.svg","datePublished":"2026-04-28T07:16:21+00:00","dateModified":"2026-04-28T07:19:18+00:00","description":"Skontaktuj si\u0119 z Reusable-Molds, g\u0142\u00f3wnym \u017ar\u00f3d\u0142em form z \u017cywicy epoksydowej, narz\u0119dzi i materia\u0142\u00f3w rzemie\u015blniczych. Skontaktuj si\u0119 z nami w sprawie obs\u0142ugi klienta, zapyta\u0144 lub opinii, a nasz zesp\u00f3\u0142 niezw\u0142ocznie Ci pomo\u017ce. Tw\u00f3j sukces rzemie\u015blniczy to tylko wiadomo\u015b\u0107!","breadcrumb":{"@id":"https:\/\/reusable-molds.com\/pl\/kontakt\/#breadcrumb"},"inLanguage":"pl-PL","potentialAction":[{"@type":"ReadAction","target":["https:\/\/reusable-molds.com\/pl\/kontakt\/"]}]},{"@type":"ImageObject","inLanguage":"pl-PL","@id":"https:\/\/reusable-molds.com\/pl\/kontakt\/#primaryimage","url":"https:\/\/upload.wikimedia.org\/wikipedia\/commons\/6\/6b\/WhatsApp.svg","contentUrl":"https:\/\/upload.wikimedia.org\/wikipedia\/commons\/6\/6b\/WhatsApp.svg"},{"@type":"BreadcrumbList","@id":"https:\/\/reusable-molds.com\/pl\/kontakt\/#breadcrumb","itemListElement":[{"@type":"ListItem","position":1,"name":"Home","item":"https:\/\/reusable-molds.com\/pl\/"},{"@type":"ListItem","position":2,"name":"Kontakt"}]},{"@type":"WebSite","@id":"https:\/\/reusable-molds.com\/pl\/#website","url":"https:\/\/reusable-molds.com\/pl\/","name":"Reusable-Molds.com","description":"Reusable-Molds.com","publisher":{"@id":"https:\/\/reusable-molds.com\/pl\/#organization"},"potentialAction":[{"@type":"SearchAction","target":{"@type":"EntryPoint","urlTemplate":"https:\/\/reusable-molds.com\/pl\/?s={search_term_string}"},"query-input":{"@type":"PropertyValueSpecification","valueRequired":true,"valueName":"search_term_string"}}],"inLanguage":"pl-PL"},{"@type":"Organization","@id":"https:\/\/reusable-molds.com\/pl\/#organization","name":"reusable-molds.com","url":"https:\/\/reusable-molds.com\/pl\/","logo":{"@type":"ImageObject","inLanguage":"pl-PL","@id":"https:\/\/reusable-molds.com\/pl\/#\/schema\/logo\/image\/","url":"https:\/\/reusable-molds.com\/wp-content\/uploads\/2025\/03\/ReusableMolds-LOGO-NEW-1000-x-1000.jpg","contentUrl":"https:\/\/reusable-molds.com\/wp-content\/uploads\/2025\/03\/ReusableMolds-LOGO-NEW-1000-x-1000.jpg","width":1000,"height":1000,"caption":"reusable-molds.com"},"image":{"@id":"https:\/\/reusable-molds.com\/pl\/#\/schema\/logo\/image\/"},"sameAs":["https:\/\/m.facebook.com\/River-tableses-100870435264214\/?ref=bookmarks","https:\/\/www.instagram.com\/reusable-molds.com\/","https:\/\/www.youtube.com\/channel\/UCZ5_4JQkGQ0jsz-ROdC9v1g"]}]}},"_links":{"self":[{"href":"https:\/\/reusable-molds.com\/pl\/wp-json\/wp\/v2\/pages\/33752","targetHints":{"allow":["GET"]}}],"collection":[{"href":"https:\/\/reusable-molds.com\/pl\/wp-json\/wp\/v2\/pages"}],"about":[{"href":"https:\/\/reusable-molds.com\/pl\/wp-json\/wp\/v2\/types\/page"}],"author":[{"embeddable":true,"href":"https:\/\/reusable-molds.com\/pl\/wp-json\/wp\/v2\/users\/3"}],"replies":[{"embeddable":true,"href":"https:\/\/reusable-molds.com\/pl\/wp-json\/wp\/v2\/comments?post=33752"}],"version-history":[{"count":32,"href":"https:\/\/reusable-molds.com\/pl\/wp-json\/wp\/v2\/pages\/33752\/revisions"}],"predecessor-version":[{"id":33813,"href":"https:\/\/reusable-molds.com\/pl\/wp-json\/wp\/v2\/pages\/33752\/revisions\/33813"}],"wp:attachment":[{"href":"https:\/\/reusable-molds.com\/pl\/wp-json\/wp\/v2\/media?parent=33752"}],"curies":[{"name":"wp","href":"https:\/\/api.w.org\/{rel}","templated":true}]}}