{"id":33150,"date":"2022-03-05T11:01:05","date_gmt":"2022-03-05T09:01:05","guid":{"rendered":"https:\/\/reusable-molds.com\/product\/zestaw-form-do-zywicy-epoksydowej-wielokrotnego-uzytku-bez-sprayu-antyadhezyjnego\/"},"modified":"2026-04-26T15:43:50","modified_gmt":"2026-04-26T13:43:50","slug":"forma-do-zywicy-epoksydowej-laczona","status":"publish","type":"product","link":"https:\/\/reusable-molds.com\/pl\/produkt\/forma-do-zywicy-epoksydowej-laczona\/","title":{"rendered":"Zestaw form do \u017cywicy epoksydowej wielokrotnego u\u017cytku &#8211; bez sprayu antyadhezyjnego"},"content":{"rendered":"\t\t<div data-elementor-type=\"product-post\" data-elementor-id=\"33150\" class=\"elementor elementor-33150 elementor-3941\" data-elementor-post-type=\"product\">\n\t\t\t\t\t\t<section class=\"elementor-section elementor-top-section elementor-element elementor-element-6440f523 elementor-section-boxed elementor-section-height-default elementor-section-height-default\" data-id=\"6440f523\" data-element_type=\"section\" data-e-type=\"section\">\n\t\t\t\t\t\t<div class=\"elementor-container elementor-column-gap-default\">\n\t\t\t\t\t<div class=\"elementor-column elementor-col-100 elementor-top-column elementor-element elementor-element-1f8aca98\" data-id=\"1f8aca98\" data-element_type=\"column\" data-e-type=\"column\">\n\t\t\t<div class=\"elementor-widget-wrap elementor-element-populated\">\n\t\t\t\t\t\t<div class=\"elementor-element elementor-element-3620e8b3 elementor-widget elementor-widget-text-editor\" data-id=\"3620e8b3\" data-element_type=\"widget\" data-e-type=\"widget\" data-widget_type=\"text-editor.default\">\n\t\t\t\t<div class=\"elementor-widget-container\">\n\t\t\t\t\t\t\t\t\t<h1>Utw\u00f3rz dwie formy w jedn\u0105 du\u017c\u0105 form\u0119<\/h1><p>Potrzebujesz wi\u0119kszej formy ni\u017c nasze standardowe rozmiary? Ta konfiguracja \u0142\u0105czy ze sob\u0105 dwie formy, aby stworzy\u0107 pojedyncz\u0105 du\u017c\u0105 form\u0119 &#8211; rozszerzaj\u0105c pojemno\u015b\u0107 wylewu poza to, co mo\u017ce pomie\u015bci\u0107 ka\u017cda pojedyncza forma. Zosta\u0142a ona zaprojektowana z my\u015bl\u0105 o ponadwymiarowych sto\u0142ach rzecznych, meblach na zam\u00f3wienie i wyrazistych elementach, w kt\u00f3rych skala jest cz\u0119\u015bci\u0105 briefu.  <\/p><h2>Ponadwymiarowe nalewanie i prace na zam\u00f3wienie<\/h2><p>Niekt\u00f3re zlecenia po prostu nie pasuj\u0105 do standardowych rozmiar\u00f3w form. Du\u017cy st\u00f3\u0142 do sali konferencyjnej, ponadwymiarowa p\u0142yta jadalna do restauracji, architektoniczny panel \u017cywiczny do wn\u0119trza komercyjnego &#8211; te projekty wymagaj\u0105 formy, kt\u00f3rej nie mog\u0105 zapewni\u0107 standardowe formy produkcyjne. Opcj\u0105 jest zwykle zbudowanie niestandardowej jednorazowej formy dla ka\u017cdego projektu lub znalezienie systemu, kt\u00f3ry mo\u017cna skalowa\u0107.  <\/p><p>Ta konfiguracja dw\u00f3ch form zapewnia tak\u0105 skal\u0119. \u0141\u0105cz\u0105c dwie standardowe formy ze sob\u0105 za pomoc\u0105 uszczelnionego z\u0142\u0105cza, tworzysz pojedyncz\u0105 du\u017c\u0105 form\u0119, kt\u00f3ra zachowuje te same w\u0142a\u015bciwo\u015bci strukturalne, co pojedyncze formy &#8211; proste boki, sztywn\u0105 konstrukcj\u0119, nieprzywieraj\u0105c\u0105 pow\u0142ok\u0119 antyadhezyjn\u0105. Po\u0142\u0105czona konfiguracja obs\u0142uguje dodatkow\u0105 obj\u0119to\u015b\u0107 \u017cywicy bez zginania lub przeciekania w punkcie po\u0142\u0105czenia.  <\/p><p>Dla producent\u00f3w, kt\u00f3rzy od czasu do czasu podejmuj\u0105 si\u0119 zlece\u0144 na zam\u00f3wienie opr\u00f3cz standardowej produkcji, takie podej\u015bcie oznacza, \u017ce nie potrzebujesz oddzielnego systemu form ponadgabarytowych, kt\u00f3ry stoi nieu\u017cywany mi\u0119dzy du\u017cymi projektami. Standardowe formy wykonuj\u0105 codzienn\u0105 prac\u0119; po\u0142\u0105czone razem, radz\u0105 sobie z tymi wyj\u0105tkowymi. <\/p><h2>Dlaczego warto wybra\u0107 ten rozmiar<\/h2><ul><li>Rozszerza mo\u017cliwo\u015bci zalewania poza pojedynczy standardowy rozmiar formy<\/li><li>Uszczelnione z\u0142\u0105cze utrzymuje integralno\u015b\u0107 strukturaln\u0105 na ca\u0142ej po\u0142\u0105czonej d\u0142ugo\u015bci<\/li><li>Unikni\u0119cie koszt\u00f3w dedykowanego, ponadwymiarowego systemu form do sporadycznych, du\u017cych zlece\u0144.<\/li><li>Proste boki i sztywna konstrukcja utrzymane w ca\u0142ej po\u0142\u0105czonej formie<\/li><li>Nieprzywieraj\u0105cy \u015brodek antyadhezyjny dzia\u0142a na ca\u0142ej ponadwymiarowej powierzchni<\/li><\/ul><h2>Jako\u015b\u0107 wykonania<\/h2><p>Po\u0142\u0105czona konfiguracja wykorzystuje te same precyzyjnie obrobione panele i gwintowane wk\u0142adki, co nasze pojedyncze formy. Punkt po\u0142\u0105czenia mi\u0119dzy dwiema formami zosta\u0142 zaprojektowany tak, aby mo\u017cna go by\u0142o uszczelni\u0107 standardowym silikonem &#8211; t\u0105 sam\u0105 metod\u0105, kt\u00f3ra jest stosowana na wszystkich wewn\u0119trznych kraw\u0119dziach. Sztywna, skr\u0119cana konstrukcja utrzymuje proste boki na ca\u0142ej po\u0142\u0105czonej d\u0142ugo\u015bci, zapobiegaj\u0105c wygi\u0119ciu w miejscu po\u0142\u0105czenia, kt\u00f3re mog\u0142oby wp\u0142yn\u0105\u0107 na dystrybucj\u0119 \u017cywicy.  <\/p><h2>Specyfikacje<\/h2><p>Po\u0142\u0105czone wymiary r\u00f3\u017cni\u0105 si\u0119 w zale\u017cno\u015bci od konfiguracji | Tolerancja: \u00b12 mm | Skontaktuj si\u0119 z nami, aby uzyska\u0107 wskaz\u00f3wki dotycz\u0105ce konfiguracji<\/p><p>O ile nie okre\u015blono inaczej, wszystkie pomiary wynosz\u0105 \u00b12 mm.<\/p><p><strong>Potrzebujesz innego rozmiaru?  <\/strong>Produkujemy niestandardowe wymiary dostosowane do konkretnych wymaga\u0144 projektu. Skontaktuj si\u0119 z nami i daj nam zna\u0107, czego potrzebujesz. <\/p><h2>Powi\u0105zane przewodniki<\/h2><ul><li><a href=\"https:\/\/reusable-molds.com\/how-to-build-a-river-table-mold\/\">Jak zbudowa\u0107 form\u0119 do sto\u0142u rzecznego<\/a><\/li><li><a href=\"https:\/\/reusable-molds.com\/reusable-vs-disposable-resin-molds\/\">Formy wielokrotnego u\u017cytku a jednorazowe formy \u017cywiczne<\/a><\/li><li><a href=\"https:\/\/reusable-molds.com\/best-material-for-epoxy-resin-molds\/\">Najlepszy materia\u0142 do form z \u017cywicy epoksydowej<\/a><\/li><li><a href=\"https:\/\/reusable-molds.com\/epoxy-resin-mold-maintenance-guide\/\">Przewodnik konserwacji form z \u017cywicy epoksydowej<\/a><\/li><li><a href=\"https:\/\/reusable-molds.com\/epoxy-resin-demolding-problems\/\">Rozwi\u0105zywanie problem\u00f3w z rozformowywaniem \u017cywicy<\/a><\/li><li><a href=\"https:\/\/reusable-molds.com\/scaling-a-resin-table-business\/\">Skalowanie biznesu sto\u0142u \u017cywicznego<\/a><\/li><\/ul>\t\t\t\t\t\t\t\t<\/div>\n\t\t\t\t<\/div>\n\t\t\t\t\t<\/div>\n\t\t<\/div>\n\t\t\t\t\t<\/div>\n\t\t<\/section>\n\t\t\t\t<\/div>\n\t\t","protected":false},"excerpt":{"rendered":"<p>Utw\u00f3rz dwie formy w jedn\u0105 du\u017c\u0105 form\u0119 Potrzebujesz wi\u0119kszej formy ni\u017c nasze standardowe rozmiary? Ta konfiguracja \u0142\u0105czy ze sob\u0105 dwie formy, aby stworzy\u0107 pojedyncz\u0105 du\u017c\u0105 form\u0119 &#8211; rozszerzaj\u0105c pojemno\u015b\u0107 wylewu poza to, co mo\u017ce pomie\u015bci\u0107 ka\u017cda pojedyncza forma. Zosta\u0142a ona zaprojektowana z my\u015bl\u0105 o ponadwymiarowych sto\u0142ach rzecznych, meblach na zam\u00f3wienie i wyrazistych elementach, w kt\u00f3rych [&hellip;]<\/p>\n","protected":false},"featured_media":33163,"template":"","meta":{"site-sidebar-layout":"default","site-content-layout":"default","ast-site-content-layout":"default","site-content-style":"default","site-sidebar-style":"default","ast-global-header-display":"","ast-banner-title-visibility":"","ast-main-header-display":"","ast-hfb-above-header-display":"","ast-hfb-below-header-display":"","ast-hfb-mobile-header-display":"","site-post-title":"","ast-breadcrumbs-content":"","ast-featured-img":"","footer-sml-layout":"","ast-disable-related-posts":"","theme-transparent-header-meta":"default","adv-header-id-meta":"","stick-header-meta":"default","header-above-stick-meta":"","header-main-stick-meta":"","header-below-stick-meta":"","astra-migrate-meta-layouts":"set","ast-page-background-enabled":"default","ast-page-background-meta":{"desktop":{"background-color":"var(--ast-global-color-4)","background-image":"","background-repeat":"repeat","background-position":"center center","background-size":"auto","background-attachment":"scroll","background-type":"","background-media":"","overlay-type":"","overlay-color":"","overlay-opacity":"","overlay-gradient":""},"tablet":{"background-color":"","background-image":"","background-repeat":"repeat","background-position":"center center","background-size":"auto","background-attachment":"scroll","background-type":"","background-media":"","overlay-type":"","overlay-color":"","overlay-opacity":"","overlay-gradient":""},"mobile":{"background-color":"","background-image":"","background-repeat":"repeat","background-position":"center center","background-size":"auto","background-attachment":"scroll","background-type":"","background-media":"","overlay-type":"","overlay-color":"","overlay-opacity":"","overlay-gradient":""}},"ast-content-background-meta":{"desktop":{"background-color":"var(--ast-global-color-5)","background-image":"","background-repeat":"repeat","background-position":"center center","background-size":"auto","background-attachment":"scroll","background-type":"","background-media":"","overlay-type":"","overlay-color":"","overlay-opacity":"","overlay-gradient":""},"tablet":{"background-color":"var(--ast-global-color-5)","background-image":"","background-repeat":"repeat","background-position":"center center","background-size":"auto","background-attachment":"scroll","background-type":"","background-media":"","overlay-type":"","overlay-color":"","overlay-opacity":"","overlay-gradient":""},"mobile":{"background-color":"var(--ast-global-color-5)","background-image":"","background-repeat":"repeat","background-position":"center center","background-size":"auto","background-attachment":"scroll","background-type":"","background-media":"","overlay-type":"","overlay-color":"","overlay-opacity":"","overlay-gradient":""}}},"product_brand":[],"product_cat":[629],"product_tag":[635,634],"class_list":{"0":"post-33150","1":"product","2":"type-product","3":"status-publish","4":"has-post-thumbnail","6":"product_cat-formy","7":"product_tag-formy-z-zywicy-epoksydowej","8":"product_tag-stoly-rivertables","9":"product_shipping_class-60-x-10","10":"desktop-align-left","11":"tablet-align-left","12":"mobile-align-left","13":"ast-product-gallery-layout-horizontal-slider","14":"ast-product-single-variable","15":"ast-product-tabs-layout-horizontal","17":"first","18":"instock","19":"purchasable","20":"product-type-variable"},"yoast_head":"<!-- This site is optimized with the Yoast SEO Premium plugin v27.5 (Yoast SEO v27.5) - https:\/\/yoast.com\/product\/yoast-seo-premium-wordpress\/ -->\n<title>Forma do \u017bywicy \u0141\u0105czona | reusable-molds.com<\/title>\n<meta name=\"description\" content=\"Po\u0142\u0105cz dwie formy i utw\u00f3rz blat w dowolnym rozmiarze. Wielorazowe formy do \u017cywicy epoksydowej bez sprayu antyadhezyjnego. Wysy\u0142ka z UE\" \/>\n<meta name=\"robots\" content=\"index, follow, max-snippet:-1, max-image-preview:large, max-video-preview:-1\" \/>\n<link rel=\"canonical\" href=\"https:\/\/reusable-molds.com\/pl\/produkt\/forma-do-zywicy-epoksydowej-laczona\/\" \/>\n<meta property=\"og:locale\" content=\"pl_PL\" \/>\n<meta property=\"og:type\" content=\"article\" \/>\n<meta property=\"og:title\" content=\"Zestaw form do \u017cywicy epoksydowej wielokrotnego u\u017cytku - bez sprayu antyadhezyjnego\" \/>\n<meta property=\"og:description\" content=\"Po\u0142\u0105cz dwie formy i utw\u00f3rz blat w dowolnym rozmiarze. Wielorazowe formy do \u017cywicy epoksydowej bez sprayu antyadhezyjnego. Wysy\u0142ka z UE\" \/>\n<meta property=\"og:url\" content=\"https:\/\/reusable-molds.com\/pl\/produkt\/forma-do-zywicy-epoksydowej-laczona\/\" \/>\n<meta property=\"og:site_name\" content=\"Reusable-Molds\" \/>\n<meta property=\"article:publisher\" content=\"https:\/\/m.facebook.com\/River-tableses-100870435264214\/?ref=bookmarks\" \/>\n<meta property=\"article:modified_time\" content=\"2026-04-26T13:43:50+00:00\" \/>\n<meta property=\"og:image\" content=\"https:\/\/reusable-molds.com\/wp-content\/uploads\/2025\/03\/hdpe-joined-double-mold-epoxy-resin-river-tables-1-e1743338943930.jpg\" \/>\n\t<meta property=\"og:image:width\" content=\"600\" \/>\n\t<meta property=\"og:image:height\" content=\"600\" \/>\n\t<meta property=\"og:image:type\" content=\"image\/jpeg\" \/>\n<meta name=\"twitter:card\" content=\"summary_large_image\" \/>\n<meta name=\"twitter:label1\" content=\"Dost\u0119pno\u015b\u0107\" \/>\n\t<meta name=\"twitter:data1\" content=\"Dost\u0119pny\" \/>\n<script type=\"application\/ld+json\" class=\"yoast-schema-graph\">{\"@context\":\"https:\\\/\\\/schema.org\",\"@graph\":[{\"@type\":\"WebPage\",\"@id\":\"https:\\\/\\\/reusable-molds.com\\\/pl\\\/produkt\\\/forma-do-zywicy-epoksydowej-laczona\\\/\",\"url\":\"https:\\\/\\\/reusable-molds.com\\\/pl\\\/produkt\\\/forma-do-zywicy-epoksydowej-laczona\\\/\",\"name\":\"Forma do \u017bywicy \u0141\u0105czona | reusable-molds.com\",\"isPartOf\":{\"@id\":\"https:\\\/\\\/reusable-molds.com\\\/pl\\\/#website\"},\"primaryImageOfPage\":{\"@id\":\"https:\\\/\\\/reusable-molds.com\\\/pl\\\/produkt\\\/forma-do-zywicy-epoksydowej-laczona\\\/#primaryimage\"},\"image\":{\"@id\":\"https:\\\/\\\/reusable-molds.com\\\/pl\\\/produkt\\\/forma-do-zywicy-epoksydowej-laczona\\\/#primaryimage\"},\"thumbnailUrl\":\"https:\\\/\\\/reusable-molds.com\\\/wp-content\\\/uploads\\\/2025\\\/03\\\/hdpe-joined-double-mold-epoxy-resin-river-tables-1-e1743338943930.jpg\",\"datePublished\":\"2022-03-05T09:01:05+00:00\",\"dateModified\":\"2026-04-26T13:43:50+00:00\",\"description\":\"Po\u0142\u0105cz dwie formy i utw\u00f3rz blat w dowolnym rozmiarze. Wielorazowe formy do \u017cywicy epoksydowej bez sprayu antyadhezyjnego. Wysy\u0142ka z UE\",\"breadcrumb\":{\"@id\":\"https:\\\/\\\/reusable-molds.com\\\/pl\\\/produkt\\\/forma-do-zywicy-epoksydowej-laczona\\\/#breadcrumb\"},\"inLanguage\":\"pl-PL\",\"potentialAction\":[{\"@type\":\"ReadAction\",\"target\":[\"https:\\\/\\\/reusable-molds.com\\\/pl\\\/produkt\\\/forma-do-zywicy-epoksydowej-laczona\\\/\"]}]},{\"@type\":\"ImageObject\",\"inLanguage\":\"pl-PL\",\"@id\":\"https:\\\/\\\/reusable-molds.com\\\/pl\\\/produkt\\\/forma-do-zywicy-epoksydowej-laczona\\\/#primaryimage\",\"url\":\"https:\\\/\\\/reusable-molds.com\\\/wp-content\\\/uploads\\\/2025\\\/03\\\/hdpe-joined-double-mold-epoxy-resin-river-tables-1-e1743338943930.jpg\",\"contentUrl\":\"https:\\\/\\\/reusable-molds.com\\\/wp-content\\\/uploads\\\/2025\\\/03\\\/hdpe-joined-double-mold-epoxy-resin-river-tables-1-e1743338943930.jpg\",\"width\":600,\"height\":600,\"caption\":\"Dwie formy po\u0142\u0105czone ze sob\u0105 w celu utworzenia wi\u0119kszego obszaru odlewania\"},{\"@type\":\"BreadcrumbList\",\"@id\":\"https:\\\/\\\/reusable-molds.com\\\/pl\\\/produkt\\\/forma-do-zywicy-epoksydowej-laczona\\\/#breadcrumb\",\"itemListElement\":[{\"@type\":\"ListItem\",\"position\":1,\"name\":\"Home\",\"item\":\"https:\\\/\\\/reusable-molds.com\\\/pl\\\/\"},{\"@type\":\"ListItem\",\"position\":2,\"name\":\"Produkty\",\"item\":\"https:\\\/\\\/reusable-molds.com\\\/pl\\\/shop\\\/\"},{\"@type\":\"ListItem\",\"position\":3,\"name\":\"Zestaw form do \u017cywicy epoksydowej wielokrotnego u\u017cytku &#8211; bez sprayu antyadhezyjnego\"}]},{\"@type\":\"WebSite\",\"@id\":\"https:\\\/\\\/reusable-molds.com\\\/pl\\\/#website\",\"url\":\"https:\\\/\\\/reusable-molds.com\\\/pl\\\/\",\"name\":\"Reusable-Molds.com\",\"description\":\"Reusable-Molds.com\",\"publisher\":{\"@id\":\"https:\\\/\\\/reusable-molds.com\\\/pl\\\/#organization\"},\"potentialAction\":[{\"@type\":\"SearchAction\",\"target\":{\"@type\":\"EntryPoint\",\"urlTemplate\":\"https:\\\/\\\/reusable-molds.com\\\/pl\\\/?s={search_term_string}\"},\"query-input\":{\"@type\":\"PropertyValueSpecification\",\"valueRequired\":true,\"valueName\":\"search_term_string\"}}],\"inLanguage\":\"pl-PL\"},{\"@type\":\"Organization\",\"@id\":\"https:\\\/\\\/reusable-molds.com\\\/pl\\\/#organization\",\"name\":\"reusable-molds.com\",\"url\":\"https:\\\/\\\/reusable-molds.com\\\/pl\\\/\",\"logo\":{\"@type\":\"ImageObject\",\"inLanguage\":\"pl-PL\",\"@id\":\"https:\\\/\\\/reusable-molds.com\\\/pl\\\/#\\\/schema\\\/logo\\\/image\\\/\",\"url\":\"https:\\\/\\\/reusable-molds.com\\\/wp-content\\\/uploads\\\/2025\\\/03\\\/ReusableMolds-LOGO-NEW-1000-x-1000.jpg\",\"contentUrl\":\"https:\\\/\\\/reusable-molds.com\\\/wp-content\\\/uploads\\\/2025\\\/03\\\/ReusableMolds-LOGO-NEW-1000-x-1000.jpg\",\"width\":1000,\"height\":1000,\"caption\":\"reusable-molds.com\"},\"image\":{\"@id\":\"https:\\\/\\\/reusable-molds.com\\\/pl\\\/#\\\/schema\\\/logo\\\/image\\\/\"},\"sameAs\":[\"https:\\\/\\\/m.facebook.com\\\/River-tableses-100870435264214\\\/?ref=bookmarks\",\"https:\\\/\\\/www.instagram.com\\\/reusable-molds.com\\\/\",\"https:\\\/\\\/www.youtube.com\\\/channel\\\/UCZ5_4JQkGQ0jsz-ROdC9v1g\"]}]}<\/script>\n<meta property=\"og:availability\" content=\"instock\" \/>\n<meta property=\"product:availability\" content=\"instock\" \/>\n<meta property=\"product:retailer_item_id\" content=\"RM-KIT-BASE\" \/>\n<meta property=\"product:condition\" content=\"new\" \/>\n<!-- \/ Yoast SEO Premium plugin. -->","yoast_head_json":{"title":"Forma do \u017bywicy \u0141\u0105czona | reusable-molds.com","description":"Po\u0142\u0105cz dwie formy i utw\u00f3rz blat w dowolnym rozmiarze. Wielorazowe formy do \u017cywicy epoksydowej bez sprayu antyadhezyjnego. Wysy\u0142ka z UE","robots":{"index":"index","follow":"follow","max-snippet":"max-snippet:-1","max-image-preview":"max-image-preview:large","max-video-preview":"max-video-preview:-1"},"canonical":"https:\/\/reusable-molds.com\/pl\/produkt\/forma-do-zywicy-epoksydowej-laczona\/","og_locale":"pl_PL","og_type":"article","og_title":"Zestaw form do \u017cywicy epoksydowej wielokrotnego u\u017cytku - bez sprayu antyadhezyjnego","og_description":"Po\u0142\u0105cz dwie formy i utw\u00f3rz blat w dowolnym rozmiarze. Wielorazowe formy do \u017cywicy epoksydowej bez sprayu antyadhezyjnego. Wysy\u0142ka z UE","og_url":"https:\/\/reusable-molds.com\/pl\/produkt\/forma-do-zywicy-epoksydowej-laczona\/","og_site_name":"Reusable-Molds","article_publisher":"https:\/\/m.facebook.com\/River-tableses-100870435264214\/?ref=bookmarks","article_modified_time":"2026-04-26T13:43:50+00:00","og_image":[{"width":600,"height":600,"url":"https:\/\/reusable-molds.com\/wp-content\/uploads\/2025\/03\/hdpe-joined-double-mold-epoxy-resin-river-tables-1-e1743338943930.jpg","type":"image\/jpeg"}],"twitter_card":"summary_large_image","twitter_misc":{"Dost\u0119pno\u015b\u0107":"Dost\u0119pny"},"schema":{"@context":"https:\/\/schema.org","@graph":[{"@type":"WebPage","@id":"https:\/\/reusable-molds.com\/pl\/produkt\/forma-do-zywicy-epoksydowej-laczona\/","url":"https:\/\/reusable-molds.com\/pl\/produkt\/forma-do-zywicy-epoksydowej-laczona\/","name":"Forma do \u017bywicy \u0141\u0105czona | reusable-molds.com","isPartOf":{"@id":"https:\/\/reusable-molds.com\/pl\/#website"},"primaryImageOfPage":{"@id":"https:\/\/reusable-molds.com\/pl\/produkt\/forma-do-zywicy-epoksydowej-laczona\/#primaryimage"},"image":{"@id":"https:\/\/reusable-molds.com\/pl\/produkt\/forma-do-zywicy-epoksydowej-laczona\/#primaryimage"},"thumbnailUrl":"https:\/\/reusable-molds.com\/wp-content\/uploads\/2025\/03\/hdpe-joined-double-mold-epoxy-resin-river-tables-1-e1743338943930.jpg","datePublished":"2022-03-05T09:01:05+00:00","dateModified":"2026-04-26T13:43:50+00:00","description":"Po\u0142\u0105cz dwie formy i utw\u00f3rz blat w dowolnym rozmiarze. Wielorazowe formy do \u017cywicy epoksydowej bez sprayu antyadhezyjnego. Wysy\u0142ka z UE","breadcrumb":{"@id":"https:\/\/reusable-molds.com\/pl\/produkt\/forma-do-zywicy-epoksydowej-laczona\/#breadcrumb"},"inLanguage":"pl-PL","potentialAction":[{"@type":"ReadAction","target":["https:\/\/reusable-molds.com\/pl\/produkt\/forma-do-zywicy-epoksydowej-laczona\/"]}]},{"@type":"ImageObject","inLanguage":"pl-PL","@id":"https:\/\/reusable-molds.com\/pl\/produkt\/forma-do-zywicy-epoksydowej-laczona\/#primaryimage","url":"https:\/\/reusable-molds.com\/wp-content\/uploads\/2025\/03\/hdpe-joined-double-mold-epoxy-resin-river-tables-1-e1743338943930.jpg","contentUrl":"https:\/\/reusable-molds.com\/wp-content\/uploads\/2025\/03\/hdpe-joined-double-mold-epoxy-resin-river-tables-1-e1743338943930.jpg","width":600,"height":600,"caption":"Dwie formy po\u0142\u0105czone ze sob\u0105 w celu utworzenia wi\u0119kszego obszaru odlewania"},{"@type":"BreadcrumbList","@id":"https:\/\/reusable-molds.com\/pl\/produkt\/forma-do-zywicy-epoksydowej-laczona\/#breadcrumb","itemListElement":[{"@type":"ListItem","position":1,"name":"Home","item":"https:\/\/reusable-molds.com\/pl\/"},{"@type":"ListItem","position":2,"name":"Produkty","item":"https:\/\/reusable-molds.com\/pl\/shop\/"},{"@type":"ListItem","position":3,"name":"Zestaw form do \u017cywicy epoksydowej wielokrotnego u\u017cytku &#8211; bez sprayu antyadhezyjnego"}]},{"@type":"WebSite","@id":"https:\/\/reusable-molds.com\/pl\/#website","url":"https:\/\/reusable-molds.com\/pl\/","name":"Reusable-Molds.com","description":"Reusable-Molds.com","publisher":{"@id":"https:\/\/reusable-molds.com\/pl\/#organization"},"potentialAction":[{"@type":"SearchAction","target":{"@type":"EntryPoint","urlTemplate":"https:\/\/reusable-molds.com\/pl\/?s={search_term_string}"},"query-input":{"@type":"PropertyValueSpecification","valueRequired":true,"valueName":"search_term_string"}}],"inLanguage":"pl-PL"},{"@type":"Organization","@id":"https:\/\/reusable-molds.com\/pl\/#organization","name":"reusable-molds.com","url":"https:\/\/reusable-molds.com\/pl\/","logo":{"@type":"ImageObject","inLanguage":"pl-PL","@id":"https:\/\/reusable-molds.com\/pl\/#\/schema\/logo\/image\/","url":"https:\/\/reusable-molds.com\/wp-content\/uploads\/2025\/03\/ReusableMolds-LOGO-NEW-1000-x-1000.jpg","contentUrl":"https:\/\/reusable-molds.com\/wp-content\/uploads\/2025\/03\/ReusableMolds-LOGO-NEW-1000-x-1000.jpg","width":1000,"height":1000,"caption":"reusable-molds.com"},"image":{"@id":"https:\/\/reusable-molds.com\/pl\/#\/schema\/logo\/image\/"},"sameAs":["https:\/\/m.facebook.com\/River-tableses-100870435264214\/?ref=bookmarks","https:\/\/www.instagram.com\/reusable-molds.com\/","https:\/\/www.youtube.com\/channel\/UCZ5_4JQkGQ0jsz-ROdC9v1g"]}]},"og_availability":"instock","product_availability":"instock","product_retailer_item_id":"RM-KIT-BASE","product_condition":"new"},"_links":{"self":[{"href":"https:\/\/reusable-molds.com\/pl\/wp-json\/wp\/v2\/product\/33150","targetHints":{"allow":["GET"]}}],"collection":[{"href":"https:\/\/reusable-molds.com\/pl\/wp-json\/wp\/v2\/product"}],"about":[{"href":"https:\/\/reusable-molds.com\/pl\/wp-json\/wp\/v2\/types\/product"}],"version-history":[{"count":4,"href":"https:\/\/reusable-molds.com\/pl\/wp-json\/wp\/v2\/product\/33150\/revisions"}],"predecessor-version":[{"id":33279,"href":"https:\/\/reusable-molds.com\/pl\/wp-json\/wp\/v2\/product\/33150\/revisions\/33279"}],"wp:featuredmedia":[{"embeddable":true,"href":"https:\/\/reusable-molds.com\/pl\/wp-json\/wp\/v2\/media\/33163"}],"wp:attachment":[{"href":"https:\/\/reusable-molds.com\/pl\/wp-json\/wp\/v2\/media?parent=33150"}],"wp:term":[{"taxonomy":"product_brand","embeddable":true,"href":"https:\/\/reusable-molds.com\/pl\/wp-json\/wp\/v2\/product_brand?post=33150"},{"taxonomy":"product_cat","embeddable":true,"href":"https:\/\/reusable-molds.com\/pl\/wp-json\/wp\/v2\/product_cat?post=33150"},{"taxonomy":"product_tag","embeddable":true,"href":"https:\/\/reusable-molds.com\/pl\/wp-json\/wp\/v2\/product_tag?post=33150"}],"curies":[{"name":"wp","href":"https:\/\/api.w.org\/{rel}","templated":true}]}}