{"id":24649,"date":"2022-05-19T13:29:25","date_gmt":"2022-05-19T11:29:25","guid":{"rendered":"https:\/\/reusable-molds.com\/returns-policy\/"},"modified":"2026-04-24T13:59:48","modified_gmt":"2026-04-24T11:59:48","slug":"returns-policy","status":"publish","type":"page","link":"https:\/\/reusable-molds.com\/pt-pt\/returns-policy\/","title":{"rendered":"Pol\u00edtica de Devolu\u00e7\u00f5es"},"content":{"rendered":"\t\t<div data-elementor-type=\"wp-page\" data-elementor-id=\"24649\" class=\"elementor elementor-24649 elementor-4329\" data-elementor-post-type=\"page\">\n\t\t\t\t\t\t<section class=\"elementor-section elementor-top-section elementor-element elementor-element-15cb8b3 elementor-section-boxed elementor-section-height-default elementor-section-height-default\" data-id=\"15cb8b3\" data-element_type=\"section\" data-e-type=\"section\">\n\t\t\t\t\t\t<div class=\"elementor-container elementor-column-gap-default\">\n\t\t\t\t\t<div class=\"elementor-column elementor-col-100 elementor-top-column elementor-element elementor-element-49f6dffe\" data-id=\"49f6dffe\" data-element_type=\"column\" data-e-type=\"column\">\n\t\t\t<div class=\"elementor-widget-wrap elementor-element-populated\">\n\t\t\t\t\t\t<div class=\"elementor-element elementor-element-12f6f02a elementor-widget elementor-widget-heading\" data-id=\"12f6f02a\" data-element_type=\"widget\" data-e-type=\"widget\" data-widget_type=\"heading.default\">\n\t\t\t\t<div class=\"elementor-widget-container\">\n\t\t\t\t\t<h1 class=\"elementor-heading-title elementor-size-default\">Pol\u00edtica de Devolu\u00e7\u00f5es<\/h1>\t\t\t\t<\/div>\n\t\t\t\t<\/div>\n\t\t\t\t<div class=\"elementor-element elementor-element-2635247a elementor-widget elementor-widget-text-editor\" data-id=\"2635247a\" data-element_type=\"widget\" data-e-type=\"widget\" data-widget_type=\"text-editor.default\">\n\t\t\t\t<div class=\"elementor-widget-container\">\n\t\t\t\t\t\t\t\t\t<p><strong>Pol\u00edtica de Devolu\u00e7\u00f5es<\/strong><\/p><p>Na Reusable-Molds.com estamos empenhados em proporcionar-te a melhor experi\u00eancia poss\u00edvel. Se precisares de devolver uma encomenda, estamos aqui para tornar esse processo o mais simples poss\u00edvel. Se tiveres alguma d\u00favida, contacta a nossa equipa em <a href=\"mailto:info@reusable-molds.com\">info@reusable-molds.com<\/a> antes de fazeres qualquer devolu\u00e7\u00e3o.  <\/p><p><strong>Produtos \u00e0 medida<\/strong><\/p><p>Os produtos que foram fabricados \u00e0 medida das tuas necessidades espec\u00edficas n\u00e3o s\u00e3o eleg\u00edveis para devolu\u00e7\u00e3o ou troca. Uma vez que estes produtos s\u00e3o feitos por encomenda, n\u00e3o podem ser reutilizados ou revendidos. <\/p><p><strong>Produtos standard (n\u00e3o personalizados)<\/strong><\/p><p>Todos os produtos padr\u00e3o podem ser devolvidos no prazo de <strong>30 dias ap\u00f3s a compra<\/strong> para um reembolso total ou troca, desde que estejam na sua condi\u00e7\u00e3o e embalagem originais.<\/p><p>O envio da devolu\u00e7\u00e3o \u00e9 <strong>gratuito<\/strong>. Depois de nos contactares, emitiremos uma etiqueta de devolu\u00e7\u00e3o pr\u00e9-paga por e-mail. <\/p><p><strong>Como iniciar uma devolu\u00e7\u00e3o<\/strong><\/p><ol><li>Envia um e-mail para <a href=\"mailto:info@reusable-molds.com\">info@reusable-molds.com<\/a> com o n\u00famero da tua encomenda e o motivo da devolu\u00e7\u00e3o<\/li><li>Responderemos no prazo de 2 dias \u00fateis com a tua etiqueta de devolu\u00e7\u00e3o pr\u00e9-paga e o teu endere\u00e7o de devolu\u00e7\u00e3o<\/li><li>Embala bem os produtos na embalagem original<\/li><li>Coloca a etiqueta pr\u00e9-paga e entrega-a no local da transportadora aprovada mais pr\u00f3ximo de ti<\/li><\/ol><p><strong>Endere\u00e7o de devolu\u00e7\u00e3o:<\/strong> Contacta-nos para obteres o endere\u00e7o de devolu\u00e7\u00e3o, que ser\u00e1 determinado pelo teu local de expedi\u00e7\u00e3o. Forneceremos o endere\u00e7o de devolu\u00e7\u00e3o mais conveniente para a tua regi\u00e3o quando emitirmos a tua etiqueta de devolu\u00e7\u00e3o pr\u00e9-paga. <\/p><p><strong>Reembolsos<\/strong><\/p><p>Assim que a tua devolu\u00e7\u00e3o for recebida e inspeccionada, o reembolso ser\u00e1 processado no prazo de <strong>5 dias \u00fateis<\/strong> para o teu m\u00e9todo de pagamento original.<\/p><p><strong>Os teus direitos legais<\/strong><\/p><p>Os teus direitos est\u00e3o protegidos pela diretiva da UE relativa \u00e0s vendas \u00e0 dist\u00e2ncia. Para mais informa\u00e7\u00f5es, visita <a href=\"https:\/\/e-justice.europa.eu\/604\/EN\/text_of_the_directive?SPAIN&amp;member=1\">https:\/\/e-justice.europa.eu\/604\/EN\/text_of_the_directive?SPAIN&amp;member=1<\/a> <\/p>\t\t\t\t\t\t\t\t<\/div>\n\t\t\t\t<\/div>\n\t\t\t\t\t<\/div>\n\t\t<\/div>\n\t\t\t\t\t<\/div>\n\t\t<\/section>\n\t\t\t\t<\/div>\n\t\t","protected":false},"excerpt":{"rendered":"<p>Pol\u00edtica de Devolu\u00e7\u00f5es Pol\u00edtica de Devolu\u00e7\u00f5es Na Reusable-Molds.com estamos empenhados em proporcionar-te a melhor experi\u00eancia poss\u00edvel. Se precisares de devolver uma encomenda, estamos aqui para tornar esse processo o mais simples poss\u00edvel. Se tiveres alguma d\u00favida, contacta a nossa equipa em info@reusable-molds.com antes de fazeres qualquer devolu\u00e7\u00e3o. Produtos \u00e0 medida Os produtos que foram fabricados [&hellip;]<\/p>\n","protected":false},"author":3,"featured_media":0,"parent":0,"menu_order":0,"comment_status":"closed","ping_status":"closed","template":"","meta":{"site-sidebar-layout":"no-sidebar","site-content-layout":"page-builder","ast-site-content-layout":"default","site-content-style":"default","site-sidebar-style":"default","ast-global-header-display":"","ast-banner-title-visibility":"","ast-main-header-display":"","ast-hfb-above-header-display":"","ast-hfb-below-header-display":"","ast-hfb-mobile-header-display":"","site-post-title":"disabled","ast-breadcrumbs-content":"","ast-featured-img":"disabled","footer-sml-layout":"","ast-disable-related-posts":"","theme-transparent-header-meta":"","adv-header-id-meta":"","stick-header-meta":"","header-above-stick-meta":"","header-main-stick-meta":"","header-below-stick-meta":"","astra-migrate-meta-layouts":"default","ast-page-background-enabled":"default","ast-page-background-meta":{"desktop":{"background-color":"var(--ast-global-color-4)","background-image":"","background-repeat":"repeat","background-position":"center center","background-size":"auto","background-attachment":"scroll","background-type":"","background-media":"","overlay-type":"","overlay-color":"","overlay-opacity":"","overlay-gradient":""},"tablet":{"background-color":"","background-image":"","background-repeat":"repeat","background-position":"center center","background-size":"auto","background-attachment":"scroll","background-type":"","background-media":"","overlay-type":"","overlay-color":"","overlay-opacity":"","overlay-gradient":""},"mobile":{"background-color":"","background-image":"","background-repeat":"repeat","background-position":"center center","background-size":"auto","background-attachment":"scroll","background-type":"","background-media":"","overlay-type":"","overlay-color":"","overlay-opacity":"","overlay-gradient":""}},"ast-content-background-meta":{"desktop":{"background-color":"var(--ast-global-color-5)","background-image":"","background-repeat":"repeat","background-position":"center center","background-size":"auto","background-attachment":"scroll","background-type":"","background-media":"","overlay-type":"","overlay-color":"","overlay-opacity":"","overlay-gradient":""},"tablet":{"background-color":"var(--ast-global-color-5)","background-image":"","background-repeat":"repeat","background-position":"center center","background-size":"auto","background-attachment":"scroll","background-type":"","background-media":"","overlay-type":"","overlay-color":"","overlay-opacity":"","overlay-gradient":""},"mobile":{"background-color":"var(--ast-global-color-5)","background-image":"","background-repeat":"repeat","background-position":"center center","background-size":"auto","background-attachment":"scroll","background-type":"","background-media":"","overlay-type":"","overlay-color":"","overlay-opacity":"","overlay-gradient":""}},"footnotes":""},"class_list":["post-24649","page","type-page","status-publish","hentry"],"yoast_head":"<!-- This site is optimized with the Yoast SEO Premium plugin v27.5 (Yoast SEO v27.5) - https:\/\/yoast.com\/product\/yoast-seo-premium-wordpress\/ -->\n<title>Pol\u00edtica de Devolu\u00e7\u00f5es | Reusable-Molds<\/title>\n<meta name=\"robots\" content=\"noindex, follow\" \/>\n<meta property=\"og:locale\" content=\"pt_PT\" \/>\n<meta property=\"og:type\" content=\"article\" \/>\n<meta property=\"og:title\" content=\"Pol\u00edtica de Devolu\u00e7\u00f5es\" \/>\n<meta property=\"og:description\" content=\"Pol\u00edtica de Devolu\u00e7\u00f5es Pol\u00edtica de Devolu\u00e7\u00f5es Na Reusable-Molds.com estamos empenhados em proporcionar-te a melhor experi\u00eancia poss\u00edvel. Se precisares de devolver uma encomenda, estamos aqui para tornar esse processo o mais simples poss\u00edvel. Se tiveres alguma d\u00favida, contacta a nossa equipa em info@reusable-molds.com antes de fazeres qualquer devolu\u00e7\u00e3o. Produtos \u00e0 medida Os produtos que foram fabricados [&hellip;]\" \/>\n<meta property=\"og:url\" content=\"https:\/\/reusable-molds.com\/pt-pt\/returns-policy\/\" \/>\n<meta property=\"og:site_name\" content=\"Reusable-Molds\" \/>\n<meta property=\"article:publisher\" content=\"https:\/\/m.facebook.com\/River-tableses-100870435264214\/?ref=bookmarks\" \/>\n<meta property=\"article:modified_time\" content=\"2026-04-24T11:59:48+00:00\" \/>\n<meta name=\"twitter:card\" content=\"summary_large_image\" \/>\n<meta name=\"twitter:label1\" content=\"Tempo estimado de leitura\" \/>\n\t<meta name=\"twitter:data1\" content=\"2 minutos\" \/>\n<script type=\"application\/ld+json\" class=\"yoast-schema-graph\">{\"@context\":\"https:\\\/\\\/schema.org\",\"@graph\":[{\"@type\":\"WebPage\",\"@id\":\"https:\\\/\\\/reusable-molds.com\\\/pt-pt\\\/returns-policy\\\/\",\"url\":\"https:\\\/\\\/reusable-molds.com\\\/pt-pt\\\/returns-policy\\\/\",\"name\":\"Pol\u00edtica de Devolu\u00e7\u00f5es | Reusable-Molds\",\"isPartOf\":{\"@id\":\"https:\\\/\\\/reusable-molds.com\\\/pt-pt\\\/#website\"},\"datePublished\":\"2022-05-19T11:29:25+00:00\",\"dateModified\":\"2026-04-24T11:59:48+00:00\",\"breadcrumb\":{\"@id\":\"https:\\\/\\\/reusable-molds.com\\\/pt-pt\\\/returns-policy\\\/#breadcrumb\"},\"inLanguage\":\"pt-PT\",\"potentialAction\":[{\"@type\":\"ReadAction\",\"target\":[\"https:\\\/\\\/reusable-molds.com\\\/pt-pt\\\/returns-policy\\\/\"]}]},{\"@type\":\"BreadcrumbList\",\"@id\":\"https:\\\/\\\/reusable-molds.com\\\/pt-pt\\\/returns-policy\\\/#breadcrumb\",\"itemListElement\":[{\"@type\":\"ListItem\",\"position\":1,\"name\":\"Home\",\"item\":\"https:\\\/\\\/reusable-molds.com\\\/pt-pt\\\/\"},{\"@type\":\"ListItem\",\"position\":2,\"name\":\"Pol\u00edtica de Devolu\u00e7\u00f5es\"}]},{\"@type\":\"WebSite\",\"@id\":\"https:\\\/\\\/reusable-molds.com\\\/pt-pt\\\/#website\",\"url\":\"https:\\\/\\\/reusable-molds.com\\\/pt-pt\\\/\",\"name\":\"Reusable-Molds.com\",\"description\":\"Reusable-Molds.com\",\"publisher\":{\"@id\":\"https:\\\/\\\/reusable-molds.com\\\/pt-pt\\\/#organization\"},\"potentialAction\":[{\"@type\":\"SearchAction\",\"target\":{\"@type\":\"EntryPoint\",\"urlTemplate\":\"https:\\\/\\\/reusable-molds.com\\\/pt-pt\\\/?s={search_term_string}\"},\"query-input\":{\"@type\":\"PropertyValueSpecification\",\"valueRequired\":true,\"valueName\":\"search_term_string\"}}],\"inLanguage\":\"pt-PT\"},{\"@type\":\"Organization\",\"@id\":\"https:\\\/\\\/reusable-molds.com\\\/pt-pt\\\/#organization\",\"name\":\"reusable-molds.com\",\"url\":\"https:\\\/\\\/reusable-molds.com\\\/pt-pt\\\/\",\"logo\":{\"@type\":\"ImageObject\",\"inLanguage\":\"pt-PT\",\"@id\":\"https:\\\/\\\/reusable-molds.com\\\/pt-pt\\\/#\\\/schema\\\/logo\\\/image\\\/\",\"url\":\"https:\\\/\\\/reusable-molds.com\\\/wp-content\\\/uploads\\\/2025\\\/03\\\/ReusableMolds-LOGO-NEW-1000-x-1000.jpg\",\"contentUrl\":\"https:\\\/\\\/reusable-molds.com\\\/wp-content\\\/uploads\\\/2025\\\/03\\\/ReusableMolds-LOGO-NEW-1000-x-1000.jpg\",\"width\":1000,\"height\":1000,\"caption\":\"reusable-molds.com\"},\"image\":{\"@id\":\"https:\\\/\\\/reusable-molds.com\\\/pt-pt\\\/#\\\/schema\\\/logo\\\/image\\\/\"},\"sameAs\":[\"https:\\\/\\\/m.facebook.com\\\/River-tableses-100870435264214\\\/?ref=bookmarks\",\"https:\\\/\\\/www.instagram.com\\\/reusable-molds.com\\\/\",\"https:\\\/\\\/www.youtube.com\\\/channel\\\/UCZ5_4JQkGQ0jsz-ROdC9v1g\"]}]}<\/script>\n<!-- \/ Yoast SEO Premium plugin. -->","yoast_head_json":{"title":"Pol\u00edtica de Devolu\u00e7\u00f5es | Reusable-Molds","robots":{"index":"noindex","follow":"follow"},"og_locale":"pt_PT","og_type":"article","og_title":"Pol\u00edtica de Devolu\u00e7\u00f5es","og_description":"Pol\u00edtica de Devolu\u00e7\u00f5es Pol\u00edtica de Devolu\u00e7\u00f5es Na Reusable-Molds.com estamos empenhados em proporcionar-te a melhor experi\u00eancia poss\u00edvel. Se precisares de devolver uma encomenda, estamos aqui para tornar esse processo o mais simples poss\u00edvel. Se tiveres alguma d\u00favida, contacta a nossa equipa em info@reusable-molds.com antes de fazeres qualquer devolu\u00e7\u00e3o. Produtos \u00e0 medida Os produtos que foram fabricados [&hellip;]","og_url":"https:\/\/reusable-molds.com\/pt-pt\/returns-policy\/","og_site_name":"Reusable-Molds","article_publisher":"https:\/\/m.facebook.com\/River-tableses-100870435264214\/?ref=bookmarks","article_modified_time":"2026-04-24T11:59:48+00:00","twitter_card":"summary_large_image","twitter_misc":{"Tempo estimado de leitura":"2 minutos"},"schema":{"@context":"https:\/\/schema.org","@graph":[{"@type":"WebPage","@id":"https:\/\/reusable-molds.com\/pt-pt\/returns-policy\/","url":"https:\/\/reusable-molds.com\/pt-pt\/returns-policy\/","name":"Pol\u00edtica de Devolu\u00e7\u00f5es | Reusable-Molds","isPartOf":{"@id":"https:\/\/reusable-molds.com\/pt-pt\/#website"},"datePublished":"2022-05-19T11:29:25+00:00","dateModified":"2026-04-24T11:59:48+00:00","breadcrumb":{"@id":"https:\/\/reusable-molds.com\/pt-pt\/returns-policy\/#breadcrumb"},"inLanguage":"pt-PT","potentialAction":[{"@type":"ReadAction","target":["https:\/\/reusable-molds.com\/pt-pt\/returns-policy\/"]}]},{"@type":"BreadcrumbList","@id":"https:\/\/reusable-molds.com\/pt-pt\/returns-policy\/#breadcrumb","itemListElement":[{"@type":"ListItem","position":1,"name":"Home","item":"https:\/\/reusable-molds.com\/pt-pt\/"},{"@type":"ListItem","position":2,"name":"Pol\u00edtica de Devolu\u00e7\u00f5es"}]},{"@type":"WebSite","@id":"https:\/\/reusable-molds.com\/pt-pt\/#website","url":"https:\/\/reusable-molds.com\/pt-pt\/","name":"Reusable-Molds.com","description":"Reusable-Molds.com","publisher":{"@id":"https:\/\/reusable-molds.com\/pt-pt\/#organization"},"potentialAction":[{"@type":"SearchAction","target":{"@type":"EntryPoint","urlTemplate":"https:\/\/reusable-molds.com\/pt-pt\/?s={search_term_string}"},"query-input":{"@type":"PropertyValueSpecification","valueRequired":true,"valueName":"search_term_string"}}],"inLanguage":"pt-PT"},{"@type":"Organization","@id":"https:\/\/reusable-molds.com\/pt-pt\/#organization","name":"reusable-molds.com","url":"https:\/\/reusable-molds.com\/pt-pt\/","logo":{"@type":"ImageObject","inLanguage":"pt-PT","@id":"https:\/\/reusable-molds.com\/pt-pt\/#\/schema\/logo\/image\/","url":"https:\/\/reusable-molds.com\/wp-content\/uploads\/2025\/03\/ReusableMolds-LOGO-NEW-1000-x-1000.jpg","contentUrl":"https:\/\/reusable-molds.com\/wp-content\/uploads\/2025\/03\/ReusableMolds-LOGO-NEW-1000-x-1000.jpg","width":1000,"height":1000,"caption":"reusable-molds.com"},"image":{"@id":"https:\/\/reusable-molds.com\/pt-pt\/#\/schema\/logo\/image\/"},"sameAs":["https:\/\/m.facebook.com\/River-tableses-100870435264214\/?ref=bookmarks","https:\/\/www.instagram.com\/reusable-molds.com\/","https:\/\/www.youtube.com\/channel\/UCZ5_4JQkGQ0jsz-ROdC9v1g"]}]}},"_links":{"self":[{"href":"https:\/\/reusable-molds.com\/pt-pt\/wp-json\/wp\/v2\/pages\/24649","targetHints":{"allow":["GET"]}}],"collection":[{"href":"https:\/\/reusable-molds.com\/pt-pt\/wp-json\/wp\/v2\/pages"}],"about":[{"href":"https:\/\/reusable-molds.com\/pt-pt\/wp-json\/wp\/v2\/types\/page"}],"author":[{"embeddable":true,"href":"https:\/\/reusable-molds.com\/pt-pt\/wp-json\/wp\/v2\/users\/3"}],"replies":[{"embeddable":true,"href":"https:\/\/reusable-molds.com\/pt-pt\/wp-json\/wp\/v2\/comments?post=24649"}],"version-history":[{"count":3,"href":"https:\/\/reusable-molds.com\/pt-pt\/wp-json\/wp\/v2\/pages\/24649\/revisions"}],"predecessor-version":[{"id":32829,"href":"https:\/\/reusable-molds.com\/pt-pt\/wp-json\/wp\/v2\/pages\/24649\/revisions\/32829"}],"wp:attachment":[{"href":"https:\/\/reusable-molds.com\/pt-pt\/wp-json\/wp\/v2\/media?parent=24649"}],"curies":[{"name":"wp","href":"https:\/\/api.w.org\/{rel}","templated":true}]}}