{"id":24681,"date":"2022-05-25T08:46:16","date_gmt":"2022-05-25T06:46:16","guid":{"rendered":"https:\/\/reusable-molds.com\/shipping-policy\/"},"modified":"2025-02-11T17:55:45","modified_gmt":"2025-02-11T15:55:45","slug":"shipping-policy","status":"publish","type":"page","link":"https:\/\/reusable-molds.com\/pt-pt\/shipping-policy\/","title":{"rendered":"Pol\u00edtica de Envio"},"content":{"rendered":"\t\t<div data-elementor-type=\"wp-page\" data-elementor-id=\"24681\" class=\"elementor elementor-24681 elementor-4625\" data-elementor-post-type=\"page\">\n\t\t\t\t\t\t<section class=\"elementor-section elementor-top-section elementor-element elementor-element-73fbf360 elementor-section-boxed elementor-section-height-default elementor-section-height-default\" data-id=\"73fbf360\" data-element_type=\"section\" data-e-type=\"section\">\n\t\t\t\t\t\t<div class=\"elementor-container elementor-column-gap-default\">\n\t\t\t\t\t<div class=\"elementor-column elementor-col-100 elementor-top-column elementor-element elementor-element-21564ff8\" data-id=\"21564ff8\" data-element_type=\"column\" data-e-type=\"column\">\n\t\t\t<div class=\"elementor-widget-wrap elementor-element-populated\">\n\t\t\t\t\t\t<div class=\"elementor-element elementor-element-7b783070 elementor-widget elementor-widget-heading\" data-id=\"7b783070\" data-element_type=\"widget\" data-e-type=\"widget\" data-widget_type=\"heading.default\">\n\t\t\t\t<div class=\"elementor-widget-container\">\n\t\t\t\t\t<h1 class=\"elementor-heading-title elementor-size-default\">Pol\u00edtica de Envio<\/h1>\t\t\t\t<\/div>\n\t\t\t\t<\/div>\n\t\t\t\t<div class=\"elementor-element elementor-element-60fd5175 elementor-widget elementor-widget-text-editor\" data-id=\"60fd5175\" data-element_type=\"widget\" data-e-type=\"widget\" data-widget_type=\"text-editor.default\">\n\t\t\t\t<div class=\"elementor-widget-container\">\n\t\t\t\t\t\t\t\t\t<p>Nossa pol\u00edtica de envio foi atualizada pela \u00faltima vez em 20 de maio de 2022.<\/p>\n<p>Todos os pedidos s\u00e3o processados dentro de 3 a 5 dias \u00fateis. Os pedidos n\u00e3o s\u00e3o enviados nos fins de semana ou feriados.<\/p>\n<p>Qualquer pedido recebido ap\u00f3s as 14:00 de segunda a quinta-feira ser\u00e1 considerado como feito no dia seguinte. Qualquer pedido recebido ap\u00f3s as 14:00 na sexta-feira ser\u00e1 considerado como feito na segunda-feira seguinte.<\/p>\n<p>Se estivermos enfrentando um alto volume de pedidos, os envios podem ser atrasados por alguns dias. Por favor, permita dias adicionais em tr\u00e2nsito para a entrega. Se houver um atraso significativo no envio do seu pedido, entraremos em contato com voc\u00ea por e-mail ou telefone.<\/p>\n<h2>Taxas de envio<\/h2>\n<p>Todos os pedidos dentro da Espanha (continental) ser\u00e3o entregues gratuitamente.<\/p>\n<p>Todas as outras taxas de envio podem ser encontradas na p\u00e1gina de checkout do nosso site, uma vez que um item tenha sido selecionado e ap\u00f3s o endere\u00e7o de entrega ser inserido.<\/p>\n<p>Voc\u00ea receber\u00e1 um e-mail de confirma\u00e7\u00e3o de envio assim que seu pedido for despachado, contendo o(s) n\u00famero(s) de rastreamento. O n\u00famero de rastreamento estar\u00e1 ativo em 24 horas.<\/p>\n<h2>Alf\u00e2ndega, Direitos e Impostos<\/h2>\n<p>Reusable-molds.com n\u00e3o se responsabiliza por quaisquer impostos de importa\u00e7\u00e3o e alf\u00e2ndega aplicados ao seu pedido. Todas as taxas impostas durante ou ap\u00f3s o envio s\u00e3o de responsabilidade do cliente (tarifas, impostos).<\/p>\n<p>O imposto sobre vendas (IVA) \u00e9 cobrado de acordo com a prov\u00edncia ou territ\u00f3rio para o qual o item \u00e9 enviado.<\/p>\n<h2>Danos<\/h2>\n<p>No caso de receber seu pedido danificado, por favor, guarde todos os materiais de embalagem e os produtos danificados e entre em contato conosco imediatamente.<\/p>\n<h2>Contacta-nos<\/h2>\n<p>Se voc\u00ea tiver alguma d\u00favida sobre esta Pol\u00edtica de Envio, pode entrar em contato conosco:<\/p>\n<p>Visitando esta p\u00e1gina em nosso site: www.reusable-molds.com<\/p>\n<p>Enviando-nos um e-mail para: info@reusable-molds.com<\/p>\n<h3>1. Informa\u00e7\u00f5es Gerais<\/h3>\n<p>Todos os pedidos est\u00e3o sujeitos \u00e0 disponibilidade do produto. Se um item n\u00e3o estiver em estoque no momento em que voc\u00ea fizer seu pedido, iremos notific\u00e1-lo e concordar com um novo prazo para enviar seu pedido ou reembols\u00e1-lo o valor total do seu pedido, utilizando o m\u00e9todo de pagamento original.&nbsp;<\/p>\n<h3>2. Tempo de Entrega<\/h3>\n<p>A data de entrega pode variar devido \u00e0s pr\u00e1ticas de envio do transportador, \u00e0 localiza\u00e7\u00e3o da entrega, ao m\u00e9todo de entrega e aos itens pedidos. Os produtos tamb\u00e9m podem ser entregues em remessas separadas.<\/p>\n<p>N\u00e3o podemos nos responsabilizar por atrasos causados pelo correio.<\/p>\n<h3>3. Instru\u00e7\u00f5es de Entrega<\/h3>\n<p>Voc\u00ea pode fornecer instru\u00e7\u00f5es especiais de entrega na p\u00e1gina de checkout do nosso site.<\/p>\n<h3>4. Perguntas<\/h3>\n<p>Se tiver alguma d\u00favida sobre a entrega e o envio ou o seu pedido, entre em contato conosco em:&nbsp;&nbsp;&nbsp;&nbsp;<\/p>\n<p>info@reusable-molds.com<\/p>\n<h3>6. ENDERE\u00c7O INCORRETO OU INCOMPLETO:<\/h3>\n<p>Se o seu pacote for devolvido a n\u00f3s devido a um endere\u00e7o incorreto ou incompleto, voc\u00ea dever\u00e1 pagar todos os custos de entrega para reenviar o seu pedido para o endere\u00e7o corrigido. N\u00e3o somos respons\u00e1veis pela perda do seu pedido se o endere\u00e7o fornecido no checkout estiver incompleto ou incorreto.<\/p>\t\t\t\t\t\t\t\t<\/div>\n\t\t\t\t<\/div>\n\t\t\t\t\t<\/div>\n\t\t<\/div>\n\t\t\t\t\t<\/div>\n\t\t<\/section>\n\t\t\t\t<\/div>\n\t\t","protected":false},"excerpt":{"rendered":"<p>Pol\u00edtica de Envio Nossa pol\u00edtica de envio foi atualizada pela \u00faltima vez em 20 de maio de 2022. Todos os pedidos s\u00e3o processados dentro de 3 a 5 dias \u00fateis. Os pedidos n\u00e3o s\u00e3o enviados nos fins de semana ou feriados. Qualquer pedido recebido ap\u00f3s as 14:00 de segunda a quinta-feira ser\u00e1 considerado como feito [&hellip;]<\/p>\n","protected":false},"author":3,"featured_media":0,"parent":0,"menu_order":0,"comment_status":"closed","ping_status":"closed","template":"","meta":{"site-sidebar-layout":"no-sidebar","site-content-layout":"page-builder","ast-site-content-layout":"default","site-content-style":"default","site-sidebar-style":"default","ast-global-header-display":"","ast-banner-title-visibility":"","ast-main-header-display":"","ast-hfb-above-header-display":"","ast-hfb-below-header-display":"","ast-hfb-mobile-header-display":"","site-post-title":"disabled","ast-breadcrumbs-content":"","ast-featured-img":"disabled","footer-sml-layout":"","ast-disable-related-posts":"","theme-transparent-header-meta":"","adv-header-id-meta":"","stick-header-meta":"","header-above-stick-meta":"","header-main-stick-meta":"","header-below-stick-meta":"","astra-migrate-meta-layouts":"default","ast-page-background-enabled":"default","ast-page-background-meta":{"desktop":{"background-color":"var(--ast-global-color-4)","background-image":"","background-repeat":"repeat","background-position":"center center","background-size":"auto","background-attachment":"scroll","background-type":"","background-media":"","overlay-type":"","overlay-color":"","overlay-opacity":"","overlay-gradient":""},"tablet":{"background-color":"","background-image":"","background-repeat":"repeat","background-position":"center center","background-size":"auto","background-attachment":"scroll","background-type":"","background-media":"","overlay-type":"","overlay-color":"","overlay-opacity":"","overlay-gradient":""},"mobile":{"background-color":"","background-image":"","background-repeat":"repeat","background-position":"center center","background-size":"auto","background-attachment":"scroll","background-type":"","background-media":"","overlay-type":"","overlay-color":"","overlay-opacity":"","overlay-gradient":""}},"ast-content-background-meta":{"desktop":{"background-color":"var(--ast-global-color-5)","background-image":"","background-repeat":"repeat","background-position":"center center","background-size":"auto","background-attachment":"scroll","background-type":"","background-media":"","overlay-type":"","overlay-color":"","overlay-opacity":"","overlay-gradient":""},"tablet":{"background-color":"var(--ast-global-color-5)","background-image":"","background-repeat":"repeat","background-position":"center center","background-size":"auto","background-attachment":"scroll","background-type":"","background-media":"","overlay-type":"","overlay-color":"","overlay-opacity":"","overlay-gradient":""},"mobile":{"background-color":"var(--ast-global-color-5)","background-image":"","background-repeat":"repeat","background-position":"center center","background-size":"auto","background-attachment":"scroll","background-type":"","background-media":"","overlay-type":"","overlay-color":"","overlay-opacity":"","overlay-gradient":""}},"footnotes":""},"class_list":["post-24681","page","type-page","status-publish","hentry"],"yoast_head":"<!-- This site is optimized with the Yoast SEO Premium plugin v27.5 (Yoast SEO v27.5) - https:\/\/yoast.com\/product\/yoast-seo-premium-wordpress\/ -->\n<title>Pol\u00edtica de Envio | Reusable-Molds<\/title>\n<meta name=\"robots\" content=\"index, follow, max-snippet:-1, max-image-preview:large, max-video-preview:-1\" \/>\n<link rel=\"canonical\" href=\"https:\/\/reusable-molds.com\/pt-pt\/shipping-policy\/\" \/>\n<meta property=\"og:locale\" content=\"pt_PT\" \/>\n<meta property=\"og:type\" content=\"article\" \/>\n<meta property=\"og:title\" content=\"Pol\u00edtica de Envio\" \/>\n<meta property=\"og:description\" content=\"Pol\u00edtica de Envio Nossa pol\u00edtica de envio foi atualizada pela \u00faltima vez em 20 de maio de 2022. Todos os pedidos s\u00e3o processados dentro de 3 a 5 dias \u00fateis. Os pedidos n\u00e3o s\u00e3o enviados nos fins de semana ou feriados. Qualquer pedido recebido ap\u00f3s as 14:00 de segunda a quinta-feira ser\u00e1 considerado como feito [&hellip;]\" \/>\n<meta property=\"og:url\" content=\"https:\/\/reusable-molds.com\/pt-pt\/shipping-policy\/\" \/>\n<meta property=\"og:site_name\" content=\"Reusable-Molds\" \/>\n<meta property=\"article:publisher\" content=\"https:\/\/m.facebook.com\/River-tableses-100870435264214\/?ref=bookmarks\" \/>\n<meta property=\"article:modified_time\" content=\"2025-02-11T15:55:45+00:00\" \/>\n<meta name=\"twitter:card\" content=\"summary_large_image\" \/>\n<meta name=\"twitter:label1\" content=\"Tempo estimado de leitura\" \/>\n\t<meta name=\"twitter:data1\" content=\"3 minutos\" \/>\n<script type=\"application\/ld+json\" class=\"yoast-schema-graph\">{\"@context\":\"https:\\\/\\\/schema.org\",\"@graph\":[{\"@type\":\"WebPage\",\"@id\":\"https:\\\/\\\/reusable-molds.com\\\/pt-pt\\\/shipping-policy\\\/\",\"url\":\"https:\\\/\\\/reusable-molds.com\\\/pt-pt\\\/shipping-policy\\\/\",\"name\":\"Pol\u00edtica de Envio | Reusable-Molds\",\"isPartOf\":{\"@id\":\"https:\\\/\\\/reusable-molds.com\\\/pt-pt\\\/#website\"},\"datePublished\":\"2022-05-25T06:46:16+00:00\",\"dateModified\":\"2025-02-11T15:55:45+00:00\",\"breadcrumb\":{\"@id\":\"https:\\\/\\\/reusable-molds.com\\\/pt-pt\\\/shipping-policy\\\/#breadcrumb\"},\"inLanguage\":\"pt-PT\",\"potentialAction\":[{\"@type\":\"ReadAction\",\"target\":[\"https:\\\/\\\/reusable-molds.com\\\/pt-pt\\\/shipping-policy\\\/\"]}]},{\"@type\":\"BreadcrumbList\",\"@id\":\"https:\\\/\\\/reusable-molds.com\\\/pt-pt\\\/shipping-policy\\\/#breadcrumb\",\"itemListElement\":[{\"@type\":\"ListItem\",\"position\":1,\"name\":\"Home\",\"item\":\"https:\\\/\\\/reusable-molds.com\\\/pt-pt\\\/\"},{\"@type\":\"ListItem\",\"position\":2,\"name\":\"Pol\u00edtica de Envio\"}]},{\"@type\":\"WebSite\",\"@id\":\"https:\\\/\\\/reusable-molds.com\\\/pt-pt\\\/#website\",\"url\":\"https:\\\/\\\/reusable-molds.com\\\/pt-pt\\\/\",\"name\":\"Reusable-Molds.com\",\"description\":\"Reusable-Molds.com\",\"publisher\":{\"@id\":\"https:\\\/\\\/reusable-molds.com\\\/pt-pt\\\/#organization\"},\"potentialAction\":[{\"@type\":\"SearchAction\",\"target\":{\"@type\":\"EntryPoint\",\"urlTemplate\":\"https:\\\/\\\/reusable-molds.com\\\/pt-pt\\\/?s={search_term_string}\"},\"query-input\":{\"@type\":\"PropertyValueSpecification\",\"valueRequired\":true,\"valueName\":\"search_term_string\"}}],\"inLanguage\":\"pt-PT\"},{\"@type\":\"Organization\",\"@id\":\"https:\\\/\\\/reusable-molds.com\\\/pt-pt\\\/#organization\",\"name\":\"reusable-molds.com\",\"url\":\"https:\\\/\\\/reusable-molds.com\\\/pt-pt\\\/\",\"logo\":{\"@type\":\"ImageObject\",\"inLanguage\":\"pt-PT\",\"@id\":\"https:\\\/\\\/reusable-molds.com\\\/pt-pt\\\/#\\\/schema\\\/logo\\\/image\\\/\",\"url\":\"https:\\\/\\\/reusable-molds.com\\\/wp-content\\\/uploads\\\/2025\\\/03\\\/ReusableMolds-LOGO-NEW-1000-x-1000.jpg\",\"contentUrl\":\"https:\\\/\\\/reusable-molds.com\\\/wp-content\\\/uploads\\\/2025\\\/03\\\/ReusableMolds-LOGO-NEW-1000-x-1000.jpg\",\"width\":1000,\"height\":1000,\"caption\":\"reusable-molds.com\"},\"image\":{\"@id\":\"https:\\\/\\\/reusable-molds.com\\\/pt-pt\\\/#\\\/schema\\\/logo\\\/image\\\/\"},\"sameAs\":[\"https:\\\/\\\/m.facebook.com\\\/River-tableses-100870435264214\\\/?ref=bookmarks\",\"https:\\\/\\\/www.instagram.com\\\/reusable-molds.com\\\/\",\"https:\\\/\\\/www.youtube.com\\\/channel\\\/UCZ5_4JQkGQ0jsz-ROdC9v1g\"]}]}<\/script>\n<!-- \/ Yoast SEO Premium plugin. -->","yoast_head_json":{"title":"Pol\u00edtica de Envio | Reusable-Molds","robots":{"index":"index","follow":"follow","max-snippet":"max-snippet:-1","max-image-preview":"max-image-preview:large","max-video-preview":"max-video-preview:-1"},"canonical":"https:\/\/reusable-molds.com\/pt-pt\/shipping-policy\/","og_locale":"pt_PT","og_type":"article","og_title":"Pol\u00edtica de Envio","og_description":"Pol\u00edtica de Envio Nossa pol\u00edtica de envio foi atualizada pela \u00faltima vez em 20 de maio de 2022. Todos os pedidos s\u00e3o processados dentro de 3 a 5 dias \u00fateis. Os pedidos n\u00e3o s\u00e3o enviados nos fins de semana ou feriados. Qualquer pedido recebido ap\u00f3s as 14:00 de segunda a quinta-feira ser\u00e1 considerado como feito [&hellip;]","og_url":"https:\/\/reusable-molds.com\/pt-pt\/shipping-policy\/","og_site_name":"Reusable-Molds","article_publisher":"https:\/\/m.facebook.com\/River-tableses-100870435264214\/?ref=bookmarks","article_modified_time":"2025-02-11T15:55:45+00:00","twitter_card":"summary_large_image","twitter_misc":{"Tempo estimado de leitura":"3 minutos"},"schema":{"@context":"https:\/\/schema.org","@graph":[{"@type":"WebPage","@id":"https:\/\/reusable-molds.com\/pt-pt\/shipping-policy\/","url":"https:\/\/reusable-molds.com\/pt-pt\/shipping-policy\/","name":"Pol\u00edtica de Envio | Reusable-Molds","isPartOf":{"@id":"https:\/\/reusable-molds.com\/pt-pt\/#website"},"datePublished":"2022-05-25T06:46:16+00:00","dateModified":"2025-02-11T15:55:45+00:00","breadcrumb":{"@id":"https:\/\/reusable-molds.com\/pt-pt\/shipping-policy\/#breadcrumb"},"inLanguage":"pt-PT","potentialAction":[{"@type":"ReadAction","target":["https:\/\/reusable-molds.com\/pt-pt\/shipping-policy\/"]}]},{"@type":"BreadcrumbList","@id":"https:\/\/reusable-molds.com\/pt-pt\/shipping-policy\/#breadcrumb","itemListElement":[{"@type":"ListItem","position":1,"name":"Home","item":"https:\/\/reusable-molds.com\/pt-pt\/"},{"@type":"ListItem","position":2,"name":"Pol\u00edtica de Envio"}]},{"@type":"WebSite","@id":"https:\/\/reusable-molds.com\/pt-pt\/#website","url":"https:\/\/reusable-molds.com\/pt-pt\/","name":"Reusable-Molds.com","description":"Reusable-Molds.com","publisher":{"@id":"https:\/\/reusable-molds.com\/pt-pt\/#organization"},"potentialAction":[{"@type":"SearchAction","target":{"@type":"EntryPoint","urlTemplate":"https:\/\/reusable-molds.com\/pt-pt\/?s={search_term_string}"},"query-input":{"@type":"PropertyValueSpecification","valueRequired":true,"valueName":"search_term_string"}}],"inLanguage":"pt-PT"},{"@type":"Organization","@id":"https:\/\/reusable-molds.com\/pt-pt\/#organization","name":"reusable-molds.com","url":"https:\/\/reusable-molds.com\/pt-pt\/","logo":{"@type":"ImageObject","inLanguage":"pt-PT","@id":"https:\/\/reusable-molds.com\/pt-pt\/#\/schema\/logo\/image\/","url":"https:\/\/reusable-molds.com\/wp-content\/uploads\/2025\/03\/ReusableMolds-LOGO-NEW-1000-x-1000.jpg","contentUrl":"https:\/\/reusable-molds.com\/wp-content\/uploads\/2025\/03\/ReusableMolds-LOGO-NEW-1000-x-1000.jpg","width":1000,"height":1000,"caption":"reusable-molds.com"},"image":{"@id":"https:\/\/reusable-molds.com\/pt-pt\/#\/schema\/logo\/image\/"},"sameAs":["https:\/\/m.facebook.com\/River-tableses-100870435264214\/?ref=bookmarks","https:\/\/www.instagram.com\/reusable-molds.com\/","https:\/\/www.youtube.com\/channel\/UCZ5_4JQkGQ0jsz-ROdC9v1g"]}]}},"_links":{"self":[{"href":"https:\/\/reusable-molds.com\/pt-pt\/wp-json\/wp\/v2\/pages\/24681","targetHints":{"allow":["GET"]}}],"collection":[{"href":"https:\/\/reusable-molds.com\/pt-pt\/wp-json\/wp\/v2\/pages"}],"about":[{"href":"https:\/\/reusable-molds.com\/pt-pt\/wp-json\/wp\/v2\/types\/page"}],"author":[{"embeddable":true,"href":"https:\/\/reusable-molds.com\/pt-pt\/wp-json\/wp\/v2\/users\/3"}],"replies":[{"embeddable":true,"href":"https:\/\/reusable-molds.com\/pt-pt\/wp-json\/wp\/v2\/comments?post=24681"}],"version-history":[{"count":0,"href":"https:\/\/reusable-molds.com\/pt-pt\/wp-json\/wp\/v2\/pages\/24681\/revisions"}],"wp:attachment":[{"href":"https:\/\/reusable-molds.com\/pt-pt\/wp-json\/wp\/v2\/media?parent=24681"}],"curies":[{"name":"wp","href":"https:\/\/api.w.org\/{rel}","templated":true}]}}